{"id":48612,"date":"2019-12-29T02:25:50","date_gmt":"2019-12-29T00:25:50","guid":{"rendered":"https:\/\/bodribor.hu\/?page_id=48612"},"modified":"2020-01-07T13:04:29","modified_gmt":"2020-01-07T11:04:29","slug":"homepage","status":"publish","type":"page","link":"https:\/\/bodribor.hu\/en\/homepage\/","title":{"rendered":"Homepage"},"content":{"rendered":"<div class=\"wpb-content-wrapper\"><p>[vc_row el_class=&#8221;hiradooszlop&#8221; css=&#8221;.vc_custom_1565618129642{padding-top: 70px !important;}&#8221;][vc_column][vc_column_text el_class=&#8221;bevezeto&#8221;]Dear Wine Enthusiast,<br \/>\nWelcome to the internet estate of the Bodri Winery! You can find our winery just within the southern confines of Szeksz\u00e1rd, in the picturesque valley of Faluhely-d\u0171l\u0151. The 100-hectare Bodri Estate, however, is far more than just a winery! We may call it a real wine tourism complex as it comprises a winery, an event centre, a restaurant, an open kitchen and some guesthouses. [\/vc_column_text][vc_column_text el_class=&#8221;bevezetoalatt&#8221;]We have had the wines of our winery competing in numerous national and international competitions. Let us mention only a few from the long list of our awards:<br \/>\n<strong>The Faluhely Cabernet Franc 2016 received a Gold Medal both at the National Wine Contest and the VinAgora International Wine Competition; while the MUN-DUS chose it to be the best red wine (champion).<br \/>\n<\/strong><strong>The Faluhely Cuv\u00e9e 2016 was awarded a Grand Gold Medal at the National Wine Contest in 2019.<br \/>\n<\/strong><strong>Gurovica K\u00e9kfrankos 2016<\/strong>\u00a0can also boast with several medals in 2019. It received a gold medal both at the Challenge International du Vin and the MUN-DUS international competition, as well as at the Hungarian National Wine Contest. Furthermore, Modre Frankinje voted this wine to be the best red wine (champion).[\/vc_column_text][\/vc_column][\/vc_row][vc_row full_width=&#8221;stretch_row_content&#8221;][vc_column][rev_slider_vc alias=&#8221;angol-fooldal2&#8243;][\/vc_column][\/vc_row][vc_row full_width=&#8221;stretch_row&#8221; equal_height=&#8221;yes&#8221; content_placement=&#8221;middle&#8221; css=&#8221;.vc_custom_1524476891764{margin-top: 30px !important;}&#8221;][vc_column width=&#8221;1\/2&#8243;][vc_column_text]<\/p>\n<h2 style=\"text-align: center;\">Our wines<\/h2>\n<p>[\/vc_column_text][vc_row_inner][vc_column_inner width=&#8221;1\/2&#8243;][vc_column_text]<\/p>\n<h3 style=\"text-align: center;\">Basic wines<\/h3>\n<p>[\/vc_column_text][vc_single_image image=&#8221;327&#8243; img_size=&#8221;full&#8221;][\/vc_column_inner][vc_column_inner width=&#8221;1\/2&#8243;][vc_column_text]<\/p>\n<h3 style=\"text-align: center;\">Premium wines<\/h3>\n<p>[\/vc_column_text][vc_single_image image=&#8221;330&#8243; img_size=&#8221;full&#8221;][\/vc_column_inner][\/vc_row_inner][\/vc_column][vc_column width=&#8221;1\/2&#8243; el_class=&#8221;jobbrakicsit&#8221;][vc_column_text el_class=&#8221;bevezeto maskepp&#8221;]THE MAIN CHARACTERISTICS OF SZEKSZ\u00c1RD WINES ARE FRUITINESS, SOFTNESS AND COMPLEXITY \u2013 WE STRIVE to attain these features in our wines.[\/vc_column_text][vc_column_text el_class=&#8221;alsokicsi&#8221;]We began building the estate in 1999, on lands characterised by wood and parkland, neglected vineyards, ramshackle press-houses and gardens. The first five-hectare vineyard was planted in 2001, and it had grown to eleven hectares within a few years. The old ageing cellar was built in 2002, and in 2003 it was followed by the processing plant and the building which today houses the restaurant. Our grand cellar, with its twelve cupolas, was built between 2008 and 2011, has become the largest newly-built cupola-structured cellar in Middle Europe. The year 2011 also saw the start of reshaping the guesthouses where 61 of our guests can relax at a time, after a night-long wine tasting. The next large-scale development was building the 1400-square metre Ros\u00e9 winery in 2014, which made it possible to produce excellent quality wines in large quantities.[\/vc_column_text][\/vc_column][\/vc_row][vc_row full_width=&#8221;stretch_row&#8221; bg_type=&#8221;image&#8221; parallax_style=&#8221;vcpb-vz-jquery&#8221; bg_image_new=&#8221;id^158|url^https:\/\/bodribor.hu\/wp-content\/uploads\/2018\/04\/borok-shop3.jpg|caption^null|alt^null|title^borok-shop3|description^null&#8221; bg_image_repeat=&#8221;no-repeat&#8221; bg_img_attach=&#8221;fixed&#8221; css=&#8221;.vc_custom_1538608157634{padding-top: 150px !important;padding-bottom: 150px !important;}&#8221; el_class=&#8221;borokshop&#8221;][vc_column width=&#8221;1\/2&#8243;][\/vc_column][vc_column width=&#8221;1\/2&#8243; el_class=&#8221;webaruhaz&#8221;][vc_column_text]THUS, THE BODRI WINERY WITH ITS LIVELY AND FRUITY WHITE AND RED WINES PRIMARILY WISHES TO PLEASE THOSE WHO PREFER LIGHTER WINES, WHILE WITH ITS HEAVIER, DEEPER AND MORE SUBTIL BATCHES THE WINERY WOULD LIKE TO EXPRESS THE COMPLEXITY OF THE POSSIBILITIES SO IMMANENT IN THE SZEKSZ\u00c1RD TERROIR.<\/p>\n<p>OUR WEBSHOP PROVIDES YOU WITH AN OPPORTUNITY TO PLEASE YOUR LOVED ONES, ACQUAINTANCES OR COLLEAGUES.<\/p>\n<div class=\"szurkegomb kicsi jobb\"><a href=\"\/borshop\">WEBSHOP<\/a><\/div>\n<p>[\/vc_column_text][\/vc_column][\/vc_row][vc_row][vc_column][vc_column_text css=&#8221;.vc_custom_1577578866346{padding-top: 30px !important;padding-bottom: 30px !important;}&#8221;]<\/p>\n<h3 style=\"text-align: center;\">Novelties<\/h3>\n<p>[\/vc_column_text]<div class=\"woocommerce columns-3 \"><\/div>[vc_column_text el_class=&#8221;borgomb&#8221;]<\/p>\n<p style=\"text-align: center;\"><a style=\"border: 2px solid black; padding: 10px 15px 10px 15px; font-weight: 500;\" href=\"#\">ALL WINES<\/a><\/p>\n<p>[\/vc_column_text][\/vc_column][\/vc_row][vc_row full_width=&#8221;stretch_row&#8221; gap=&#8221;20&#8243; bg_type=&#8221;image&#8221; parallax_style=&#8221;vcpb-vz-jquery&#8221; bg_image_new=&#8221;id^34|url^https:\/\/bodribor.hu\/wp-content\/uploads\/2018\/03\/rendezvenyek-hatter.jpg|caption^null|alt^null|title^rendezvenyek-hatter|description^null&#8221; bg_image_repeat=&#8221;no-repeat&#8221; css=&#8221;.vc_custom_1566376617310{padding-top: 30px !important;padding-bottom: 70px !important;}&#8221; el_id=&#8221;rendezvenyek&#8221;][vc_column][vc_column_text css=&#8221;.vc_custom_1577579141261{padding-bottom: 30px !important;}&#8221;]<\/p>\n<h2 style=\"text-align: center;\"><span style=\"color: #ffffff;\">The Bodri Estate \u2013 Experience Faluhely<\/span><\/h2>\n<p>[\/vc_column_text]<div id=\"ult-carousel-214037516769fccbc137d29\" class=\"ult-carousel-wrapper  vc_custom_1520940137671  ult_horizontal\" data-gutter=\"25\" data-rtl=\"false\" ><div class=\"ult-carousel-275437646869fccbc137c28 \" >[vc_row_inner css=&#8221;.vc_custom_1520891560714{padding-top: 20px !important;padding-right: 20px !important;padding-bottom: 20px !important;padding-left: 20px !important;background-color: #ffffff !important;}&#8221;][vc_column_inner][vc_single_image image=&#8221;35&#8243; img_size=&#8221;full&#8221; alignment=&#8221;center&#8221; onclick=&#8221;custom_link&#8221; link=&#8221;https:\/\/bodribor.hu\/en\/wine-tasting\/&#8221;][vc_column_text]<\/p>\n<h3 style=\"text-align: center;\"><a href=\"https:\/\/bodribor.hu\/en\/wine-tasting\/\">Wine tasting<\/a><\/h3>\n<p style=\"text-align: center;\">An opportunity to sample our basic and vineyard-specific batches of wines. By request, it can be accompanied with a cellar tour and a meal.<\/p>\n<p>[\/vc_column_text][\/vc_column_inner][\/vc_row_inner][vc_row_inner css=&#8221;.vc_custom_1520891560714{padding-top: 20px !important;padding-right: 20px !important;padding-bottom: 20px !important;padding-left: 20px !important;background-color: #ffffff !important;}&#8221;][vc_column_inner][vc_single_image image=&#8221;38&#8243; img_size=&#8221;full&#8221; alignment=&#8221;center&#8221; onclick=&#8221;custom_link&#8221; link=&#8221;https:\/\/bodribor.hu\/en\/wedding-menus\/&#8221;][vc_column_text]<\/p>\n<h3 style=\"text-align: center;\"><a href=\"https:\/\/bodribor.hu\/en\/wedding-menus\/\">Weddings<\/a><\/h3>\n<p style=\"text-align: center;\">Weddings are memories to last a lifetime. Therefore, we wish to draw your attention to the Bodri Winery as a truly exceptional wedding venue.<\/p>\n<p>[\/vc_column_text][\/vc_column_inner][\/vc_row_inner][vc_row_inner css=&#8221;.vc_custom_1520891560714{padding-top: 20px !important;padding-right: 20px !important;padding-bottom: 20px !important;padding-left: 20px !important;background-color: #ffffff !important;}&#8221;][vc_column_inner][vc_single_image image=&#8221;85&#8243; img_size=&#8221;full&#8221; alignment=&#8221;center&#8221; onclick=&#8221;custom_link&#8221; link=&#8221;https:\/\/bodribor.hu\/en\/4wd-wine-tour\/&#8221;][vc_column_text]<\/p>\n<h3 style=\"text-align: center;\"><a href=\"https:\/\/bodribor.hu\/en\/4wd-wine-tour\/\">4WD Wine tours<\/a><\/h3>\n<p style=\"text-align: center;\">We offer full-day and half-day tours during which you can get acquainted with the Szeksz\u00e1rd wine region, some local wineries and their wines.<\/p>\n<p>[\/vc_column_text][\/vc_column_inner][\/vc_row_inner][vc_row_inner css=&#8221;.vc_custom_1520891560714{padding-top: 20px !important;padding-right: 20px !important;padding-bottom: 20px !important;padding-left: 20px !important;background-color: #ffffff !important;}&#8221;][vc_column_inner][vc_single_image image=&#8221;665&#8243; img_size=&#8221;full&#8221; alignment=&#8221;center&#8221; onclick=&#8221;custom_link&#8221; link=&#8221;https:\/\/bodribor.hu\/en\/truffle-packages\/&#8221;][vc_column_text]<\/p>\n<h3 style=\"text-align: center;\"><a href=\"https:\/\/bodribor.hu\/en\/truffle-packages\/\">Truffle packages<\/a><\/h3>\n<p style=\"text-align: center;\">Full-day programmes including a tour led by a professional guide and spiced with a truffle dinner.<\/p>\n<p>[\/vc_column_text][\/vc_column_inner][\/vc_row_inner][vc_row_inner css=&#8221;.vc_custom_1520891560714{padding-top: 20px !important;padding-right: 20px !important;padding-bottom: 20px !important;padding-left: 20px !important;background-color: #ffffff !important;}&#8221;][vc_column_inner][vc_single_image image=&#8221;664&#8243; img_size=&#8221;full&#8221; alignment=&#8221;center&#8221; onclick=&#8221;custom_link&#8221; link=&#8221;https:\/\/bodribor.hu\/en\/conferences\/&#8221;][vc_column_text]<\/p>\n<h3 style=\"text-align: center;\"><a href=\"https:\/\/bodribor.hu\/en\/conferences\/\">Conferences and Corporate events<\/a><\/h3>\n<p style=\"text-align: center;\">Our winery\u2019s skilled and creative event management team is available to help you and your revered company at your convenience.<\/p>\n<p>[\/vc_column_text][\/vc_column_inner][\/vc_row_inner][vc_row_inner css=&#8221;.vc_custom_1520891560714{padding-top: 20px !important;padding-right: 20px !important;padding-bottom: 20px !important;padding-left: 20px !important;background-color: #ffffff !important;}&#8221;][vc_column_inner][vc_single_image image=&#8221;39&#8243; img_size=&#8221;full&#8221; alignment=&#8221;center&#8221; onclick=&#8221;custom_link&#8221; link=&#8221;https:\/\/bodribor.hu\/en\/programmes\/&#8221;][vc_column_text]<\/p>\n<h3 style=\"text-align: center;\"><a href=\"https:\/\/bodribor.hu\/en\/programmes\/\">Programmes<\/a><\/h3>\n<p style=\"text-align: center;\">Our programmes can be followed continuously as we also write blog posts about each of them.<\/p>\n<p>[\/vc_column_text][\/vc_column_inner][\/vc_row_inner]<\/div><\/div>\t\t\t<script type=\"text\/javascript\">\n\t\t\t\tjQuery(document).ready(function ($) {\n\t\t\t\t\tif( typeof jQuery('.ult-carousel-275437646869fccbc137c28').slick == \"function\"){\n\t\t\t\t\t\t$('.ult-carousel-275437646869fccbc137c28').slick({dots: true,autoplay: true,autoplaySpeed: \"5000\",speed: \"300\",infinite: true,arrows: true,nextArrow: '<button type=\"button\" role=\"button\" aria-label=\"Next\" style=\"color:#020202; font-size:40px;background:#ffffff;\" class=\"slick-next circle-bg\"><i class=\"ultsl-arrow-right2\"><\/i><\/button>',prevArrow: '<button type=\"button\" role=\"button\" aria-label=\"Previous\" style=\"color:#020202; font-size:40px;background:#ffffff;\" class=\"slick-prev circle-bg\"><i class=\"ultsl-arrow-left2\"><\/i><\/button>',slidesToScroll:1,slidesToShow:3,swipe: true,draggable: true,touchMove: true,pauseOnHover: true,pauseOnFocus: false,responsive: [\n\t\t\t\t\t\t\t{\n\t\t\t\t\t\t\t  breakpoint: 1026,\n\t\t\t\t\t\t\t  settings: {\n\t\t\t\t\t\t\t\tslidesToShow: 3,\n\t\t\t\t\t\t\t\tslidesToScroll: 1,  \n\t\t\t\t\t\t\t  }\n\t\t\t\t\t\t\t},\n\t\t\t\t\t\t\t{\n\t\t\t\t\t\t\t  breakpoint: 1025,\n\t\t\t\t\t\t\t  settings: {\n\t\t\t\t\t\t\t\tslidesToShow: 3,\n\t\t\t\t\t\t\t\tslidesToScroll: 1\n\t\t\t\t\t\t\t  }\n\t\t\t\t\t\t\t},\n\t\t\t\t\t\t\t{\n\t\t\t\t\t\t\t  breakpoint: 760,\n\t\t\t\t\t\t\t  settings: {\n\t\t\t\t\t\t\t\tslidesToShow: 1,\n\t\t\t\t\t\t\t\tslidesToScroll: 1\n\t\t\t\t\t\t\t  }\n\t\t\t\t\t\t\t}\n\t\t\t\t\t\t],pauseOnDotsHover: true,customPaging: function(slider, i) {\n                   return '<i type=\"button\" style= \"color:#333333;\" class=\"ultsl-record\" data-role=\"none\"><\/i>';\n                },});\n\t\t\t\t\t}\n\t\t\t\t});\n\t\t\t<\/script>\n\t\t\t[\/vc_column][\/vc_row]<\/p>\n<\/div>","protected":false},"excerpt":{"rendered":"<p>[vc_row el_class=&#8221;hiradooszlop&#8221; css=&#8221;.vc_custom_1565618129642{padding-top: 70px !important;}&#8221;][vc_column][vc_column_text el_class=&#8221;bevezeto&#8221;]Dear Wine Enthusiast, Welcome to the internet estate of the Bodri Winery! You can find our winery just within the southern confines of Szeksz\u00e1rd, in the picturesque valley of Faluhely-d\u0171l\u0151. The 100-hectare Bodri Estate, however, is far more than just a winery! We may call it a real wine tourism complex as it comprises a winery, an event centre, a restaurant, an open kitchen and some guesthouses. [\/vc_column_text][vc_column_text el_class=&#8221;bevezetoalatt&#8221;]We have had the wines of our winery competing in numerous national and international competitions. Let us mention only a few from the long list of our awards: The Faluhely Cabernet Franc 2016 received a Gold Medal both at the National Wine Contest and the VinAgora International Wine Competition; while the MUN-DUS chose it to be the best red wine (champion). The Faluhely Cuv\u00e9e 2016 was awarded a Grand Gold Medal at the National Wine Contest in 2019. Gurovica K\u00e9kfrankos 2016\u00a0can also boast with several medals in 2019. It received a gold medal both at the Challenge International du Vin and the MUN-DUS international competition, as well as at the Hungarian National Wine Contest. Furthermore, Modre Frankinje voted this wine to be the best red wine (champion).[\/vc_column_text][\/vc_column][\/vc_row][vc_row<span class=\"excerpt-hellip\"> [\u2026]<\/span><\/p>\n","protected":false},"author":2,"featured_media":0,"parent":0,"menu_order":0,"comment_status":"closed","ping_status":"closed","template":"","meta":{"_acf_changed":false,"footnotes":""},"class_list":["post-48612","page","type-page","status-publish","hentry"],"acf":[],"yoast_head":"<!-- This site is optimized with the Yoast SEO Premium plugin v26.7 (Yoast SEO v27.5) - https:\/\/yoast.com\/product\/yoast-seo-premium-wordpress\/ -->\n<title>Homepage - Bodri Pinc\u00e9szet, Szeksz\u00e1rd<\/title>\n<meta name=\"robots\" content=\"index, follow, max-snippet:-1, max-image-preview:large, max-video-preview:-1\" \/>\n<link rel=\"canonical\" href=\"https:\/\/bodribor.hu\/fooldal-2\/\" \/>\n<meta property=\"og:locale\" content=\"en_US\" \/>\n<meta property=\"og:type\" content=\"article\" \/>\n<meta property=\"og:title\" content=\"Homepage\" \/>\n<meta property=\"og:description\" content=\"[vc_row el_class=&#8221;hiradooszlop&#8221; css=&#8221;.vc_custom_1565618129642{padding-top: 70px !important;}&#8221;][vc_column][vc_column_text el_class=&#8221;bevezeto&#8221;]Dear Wine Enthusiast, Welcome to the internet estate of the Bodri Winery! You can find our winery just within the southern confines of Szeksz\u00e1rd, in the picturesque valley of Faluhely-d\u0171l\u0151. The 100-hectare Bodri Estate, however, is far more than just a winery! We may call it a real wine tourism complex as it comprises a winery, an event centre, a restaurant, an open kitchen and some guesthouses. [\/vc_column_text][vc_column_text el_class=&#8221;bevezetoalatt&#8221;]We have had the wines of our winery competing in numerous national and international competitions. Let us mention only a few from the long list of our awards: The Faluhely Cabernet Franc 2016 received a Gold Medal both at the National Wine Contest and the VinAgora International Wine Competition; while the MUN-DUS chose it to be the best red wine (champion). The Faluhely Cuv\u00e9e 2016 was awarded a Grand Gold Medal at the National Wine Contest in 2019. Gurovica K\u00e9kfrankos 2016\u00a0can also boast with several medals in 2019. It received a gold medal both at the Challenge International du Vin and the MUN-DUS international competition, as well as at the Hungarian National Wine Contest. Furthermore, Modre Frankinje voted this wine to be the best red wine (champion).[\/vc_column_text][\/vc_column][\/vc_row][vc_row [\u2026]\" \/>\n<meta property=\"og:url\" content=\"https:\/\/bodribor.hu\/fooldal-2\/\" \/>\n<meta property=\"og:site_name\" content=\"Bodri Pinc\u00e9szet, Szeksz\u00e1rd\" \/>\n<meta property=\"article:modified_time\" content=\"2020-01-07T11:04:29+00:00\" \/>\n<meta name=\"twitter:card\" content=\"summary_large_image\" \/>\n<meta name=\"twitter:label1\" content=\"Est. reading time\" \/>\n\t<meta name=\"twitter:data1\" content=\"6 minutes\" \/>\n<script type=\"application\/ld+json\" class=\"yoast-schema-graph\">{\"@context\":\"https:\\\/\\\/schema.org\",\"@graph\":[{\"@type\":\"WebPage\",\"@id\":\"https:\\\/\\\/bodribor.hu\\\/fooldal-2\\\/\",\"url\":\"https:\\\/\\\/bodribor.hu\\\/fooldal-2\\\/\",\"name\":\"Homepage - Bodri Pinc\u00e9szet, Szeksz\u00e1rd\",\"isPartOf\":{\"@id\":\"https:\\\/\\\/bodribor.hu\\\/#website\"},\"datePublished\":\"2019-12-29T00:25:50+00:00\",\"dateModified\":\"2020-01-07T11:04:29+00:00\",\"breadcrumb\":{\"@id\":\"https:\\\/\\\/bodribor.hu\\\/fooldal-2\\\/#breadcrumb\"},\"inLanguage\":\"en-US\",\"potentialAction\":[{\"@type\":\"ReadAction\",\"target\":[\"https:\\\/\\\/bodribor.hu\\\/fooldal-2\\\/\"]}]},{\"@type\":\"BreadcrumbList\",\"@id\":\"https:\\\/\\\/bodribor.hu\\\/fooldal-2\\\/#breadcrumb\",\"itemListElement\":[{\"@type\":\"ListItem\",\"position\":1,\"name\":\"Bodribor\",\"item\":\"https:\\\/\\\/bodribor.hu\\\/en\\\/homepage-2\\\/\"},{\"@type\":\"ListItem\",\"position\":2,\"name\":\"Homepage\"}]},{\"@type\":\"WebSite\",\"@id\":\"https:\\\/\\\/bodribor.hu\\\/#website\",\"url\":\"https:\\\/\\\/bodribor.hu\\\/\",\"name\":\"Bodri Pinc\u00e9szet, Szeksz\u00e1rd\",\"description\":\"Szeksz\u00e1rd d\u00e9li hat\u00e1r\u00e1ban, a fest\u0151i sz\u00e9ps\u00e9g\u0171 Faluhely-d\u0171l\u0151ben tal\u00e1lhat\u00f3 a Bodri Birtok, melyet egy \u00f6n\u00e1ll\u00f3 kis vil\u00e1gnak tekinthet\u00fcnk.\",\"potentialAction\":[{\"@type\":\"SearchAction\",\"target\":{\"@type\":\"EntryPoint\",\"urlTemplate\":\"https:\\\/\\\/bodribor.hu\\\/?s={search_term_string}\"},\"query-input\":{\"@type\":\"PropertyValueSpecification\",\"valueRequired\":true,\"valueName\":\"search_term_string\"}}],\"inLanguage\":\"en-US\"}]}<\/script>\n<!-- \/ Yoast SEO Premium plugin. -->","yoast_head_json":{"title":"Homepage - Bodri Pinc\u00e9szet, Szeksz\u00e1rd","robots":{"index":"index","follow":"follow","max-snippet":"max-snippet:-1","max-image-preview":"max-image-preview:large","max-video-preview":"max-video-preview:-1"},"canonical":"https:\/\/bodribor.hu\/fooldal-2\/","og_locale":"en_US","og_type":"article","og_title":"Homepage","og_description":"[vc_row el_class=&#8221;hiradooszlop&#8221; css=&#8221;.vc_custom_1565618129642{padding-top: 70px !important;}&#8221;][vc_column][vc_column_text el_class=&#8221;bevezeto&#8221;]Dear Wine Enthusiast, Welcome to the internet estate of the Bodri Winery! You can find our winery just within the southern confines of Szeksz\u00e1rd, in the picturesque valley of Faluhely-d\u0171l\u0151. The 100-hectare Bodri Estate, however, is far more than just a winery! We may call it a real wine tourism complex as it comprises a winery, an event centre, a restaurant, an open kitchen and some guesthouses. [\/vc_column_text][vc_column_text el_class=&#8221;bevezetoalatt&#8221;]We have had the wines of our winery competing in numerous national and international competitions. Let us mention only a few from the long list of our awards: The Faluhely Cabernet Franc 2016 received a Gold Medal both at the National Wine Contest and the VinAgora International Wine Competition; while the MUN-DUS chose it to be the best red wine (champion). The Faluhely Cuv\u00e9e 2016 was awarded a Grand Gold Medal at the National Wine Contest in 2019. Gurovica K\u00e9kfrankos 2016\u00a0can also boast with several medals in 2019. It received a gold medal both at the Challenge International du Vin and the MUN-DUS international competition, as well as at the Hungarian National Wine Contest. Furthermore, Modre Frankinje voted this wine to be the best red wine (champion).[\/vc_column_text][\/vc_column][\/vc_row][vc_row [\u2026]","og_url":"https:\/\/bodribor.hu\/fooldal-2\/","og_site_name":"Bodri Pinc\u00e9szet, Szeksz\u00e1rd","article_modified_time":"2020-01-07T11:04:29+00:00","twitter_card":"summary_large_image","twitter_misc":{"Est. reading time":"6 minutes"},"schema":{"@context":"https:\/\/schema.org","@graph":[{"@type":"WebPage","@id":"https:\/\/bodribor.hu\/fooldal-2\/","url":"https:\/\/bodribor.hu\/fooldal-2\/","name":"Homepage - Bodri Pinc\u00e9szet, Szeksz\u00e1rd","isPartOf":{"@id":"https:\/\/bodribor.hu\/#website"},"datePublished":"2019-12-29T00:25:50+00:00","dateModified":"2020-01-07T11:04:29+00:00","breadcrumb":{"@id":"https:\/\/bodribor.hu\/fooldal-2\/#breadcrumb"},"inLanguage":"en-US","potentialAction":[{"@type":"ReadAction","target":["https:\/\/bodribor.hu\/fooldal-2\/"]}]},{"@type":"BreadcrumbList","@id":"https:\/\/bodribor.hu\/fooldal-2\/#breadcrumb","itemListElement":[{"@type":"ListItem","position":1,"name":"Bodribor","item":"https:\/\/bodribor.hu\/en\/homepage-2\/"},{"@type":"ListItem","position":2,"name":"Homepage"}]},{"@type":"WebSite","@id":"https:\/\/bodribor.hu\/#website","url":"https:\/\/bodribor.hu\/","name":"Bodri Pinc\u00e9szet, Szeksz\u00e1rd","description":"Szeksz\u00e1rd d\u00e9li hat\u00e1r\u00e1ban, a fest\u0151i sz\u00e9ps\u00e9g\u0171 Faluhely-d\u0171l\u0151ben tal\u00e1lhat\u00f3 a Bodri Birtok, melyet egy \u00f6n\u00e1ll\u00f3 kis vil\u00e1gnak tekinthet\u00fcnk.","potentialAction":[{"@type":"SearchAction","target":{"@type":"EntryPoint","urlTemplate":"https:\/\/bodribor.hu\/?s={search_term_string}"},"query-input":{"@type":"PropertyValueSpecification","valueRequired":true,"valueName":"search_term_string"}}],"inLanguage":"en-US"}]}},"_links":{"self":[{"href":"https:\/\/bodribor.hu\/en\/wp-json\/wp\/v2\/pages\/48612","targetHints":{"allow":["GET"]}}],"collection":[{"href":"https:\/\/bodribor.hu\/en\/wp-json\/wp\/v2\/pages"}],"about":[{"href":"https:\/\/bodribor.hu\/en\/wp-json\/wp\/v2\/types\/page"}],"author":[{"embeddable":true,"href":"https:\/\/bodribor.hu\/en\/wp-json\/wp\/v2\/users\/2"}],"replies":[{"embeddable":true,"href":"https:\/\/bodribor.hu\/en\/wp-json\/wp\/v2\/comments?post=48612"}],"version-history":[{"count":0,"href":"https:\/\/bodribor.hu\/en\/wp-json\/wp\/v2\/pages\/48612\/revisions"}],"wp:attachment":[{"href":"https:\/\/bodribor.hu\/en\/wp-json\/wp\/v2\/media?parent=48612"}],"curies":[{"name":"wp","href":"https:\/\/api.w.org\/{rel}","templated":true}]}}