{"id":48617,"date":"2019-12-29T02:55:35","date_gmt":"2019-12-29T00:55:35","guid":{"rendered":"https:\/\/bodribor.hu\/?page_id=48617"},"modified":"2020-01-03T17:25:23","modified_gmt":"2020-01-03T15:25:23","slug":"more-about-the-family","status":"publish","type":"page","link":"https:\/\/bodribor.hu\/en\/more-about-the-family\/","title":{"rendered":"More about the family"},"content":{"rendered":"<div class=\"wpb-content-wrapper\"><p>[vc_row][vc_column]\n\t\t\t<!-- START Angol  Bodriekrol REVOLUTION SLIDER 6.7.40 --><p class=\"rs-p-wp-fix\"><\/p>\n\t\t\t<rs-module-wrap id=\"rev_slider_28_1_wrapper\" data-source=\"gallery\" style=\"visibility:hidden;background:transparent;padding:0;margin:0px auto;margin-top:0;margin-bottom:0;\">\n\t\t\t\t<rs-module id=\"rev_slider_28_1\" style=\"\" data-version=\"6.7.40\">\n\t\t\t\t\t<rs-slides style=\"overflow: hidden; position: absolute;\">\n\t\t\t\t\t\t<rs-slide style=\"position: absolute;\" data-key=\"rs-49\" data-title=\"Slide\" data-anim=\"adpr:false;\">\n\t\t\t\t\t\t\t<img decoding=\"async\" src=\"\/\/bodribor.hu\/wp-content\/plugins\/revslider\/sr6\/assets\/assets\/dummy.png\" alt=\"\" title=\"More about the family\" class=\"rev-slidebg tp-rs-img rs-lazyload\" data-lazyload=\"\/\/bodribor.hu\/wp-content\/uploads\/2019\/09\/Image-173.png\" data-no-retina>\n<!--\n\t\t\t\t\t\t\t--><h1\n\t\t\t\t\t\t\t\tid=\"slider-28-slide-49-layer-1\" \n\t\t\t\t\t\t\t\tclass=\"rs-layer\"\n\t\t\t\t\t\t\t\tdata-type=\"text\"\n\t\t\t\t\t\t\t\tdata-color=\"#ffffff\"\n\t\t\t\t\t\t\t\tdata-rsp_ch=\"on\"\n\t\t\t\t\t\t\t\tdata-xy=\"x:c;y:b;\"\n\t\t\t\t\t\t\t\tdata-text=\"s:60;l:121;fw:700;a:inherit;\"\n\t\t\t\t\t\t\t\tdata-frame_0=\"tp:600;\"\n\t\t\t\t\t\t\t\tdata-frame_1=\"tp:600;st:0;\"\n\t\t\t\t\t\t\t\tdata-frame_999=\"o:0;tp:600;st:w;sR:8700;\"\n\t\t\t\t\t\t\t\tstyle=\"z-index:5;font-family:'Raleway';\"\n\t\t\t\t\t\t\t>MEET THE BODRIS \n\t\t\t\t\t\t\t<\/h1><!--\n-->\t\t\t\t\t<\/rs-slide>\n\t\t\t\t\t<\/rs-slides>\n\t\t\t\t<\/rs-module>\n\t\t\t\t<script>\n\t\t\t\t\tsetREVStartSize({c: 'rev_slider_28_1',rl:[1240,1024,778,480],el:[],gw:[1270],gh:[730],type:'standard',justify:'',layout:'fullwidth',mh:\"0\"});if (window.RS_MODULES!==undefined && window.RS_MODULES.modules!==undefined && window.RS_MODULES.modules[\"revslider281\"]!==undefined) {window.RS_MODULES.modules[\"revslider281\"].once = false;window.revapi28 = undefined;if (window.RS_MODULES.checkMinimal!==undefined) window.RS_MODULES.checkMinimal()}\n\t\t\t\t<\/script>\n\t\t\t<\/rs-module-wrap>\n\t\t\t<!-- END REVOLUTION SLIDER -->\n[\/vc_column][\/vc_row][vc_row el_class=&#8221;bevezeto&#8221;][vc_column][vc_column_text el_class=&#8221;bevezeto&#8221;]The bodri estate was founded as a family business but owing to the size of the winery and the complexity of tasks, not only family members work there. Nevertheless, the family-like atmosphere and environment have not changed at all![\/vc_column_text][\/vc_column][\/vc_row][vc_row][vc_column][vc_column_text]<img loading=\"lazy\" decoding=\"async\" class=\"alignright size-full wp-image-34418\" src=\"\/wp-content\/uploads\/2019\/08\/bodriistvaneskatineni.jpg\" alt=\"\" width=\"610\" height=\"280\" srcset=\"https:\/\/bodribor.hu\/wp-content\/uploads\/2019\/08\/bodriistvaneskatineni.jpg 610w, https:\/\/bodribor.hu\/wp-content\/uploads\/2019\/08\/bodriistvaneskatineni-500x230.jpg 500w, https:\/\/bodribor.hu\/wp-content\/uploads\/2019\/08\/bodriistvaneskatineni-260x119.jpg 260w, https:\/\/bodribor.hu\/wp-content\/uploads\/2019\/08\/bodriistvaneskatineni-50x23.jpg 50w, https:\/\/bodribor.hu\/wp-content\/uploads\/2019\/08\/bodriistvaneskatineni-150x69.jpg 150w\" sizes=\"auto, (max-width:767px) 610px, 610px\" \/><\/p>\n<h4>ISTV\u00c1N BODRI SR. AND KATI N\u00c9NI \u2013 Bodri Papa and Bodri Mama<\/h4>\n<p>Istv\u00e1n Bodri Sr., aka Pista b\u00e1csi, is a truly emblematic figure of the winery. With his wife, Kati n\u00e9ni, they are in the vineyard every day \u2013 depending on the weather, of course. They have their own vineyard with K\u00e9kfrankos (Blue Frankish), M\u00fcller-Thurgau, Kadarka and Chardonnay on 3.5 hectares, and of course, they have their own wine as well every year. When their son, Istv\u00e1n Bodri Jr. started to build the estate, the whole family was supporting him. Faluhely was not unknown for Bodri Papa: \u201cI grew up in this valley, in Csat\u00e1r. I know every path because as a child, my duty was to drive our kine to the meadow every morning and evening. When I was young, there were plough fields and vineyards in 800-1000 \u2013 fathom plots in this area. It was very dark in the evenings, and those who lived out here had guns. They said, they were afraid of even school children before dusk, but when dark settled in, they only feared God. When Istv\u00e1n told me that he wanted to plant grapevines here in Faluhely, I warned him that it would be very hard work.\u201d [\/vc_column_text][vc_column_text]<\/p>\n<h4>DR. ISTV\u00c1N BODRI \u2013 Owner<\/h4>\n<p>The generation of Istv\u00e1n Bodri Jr. is already the fifth winemaking generation in the family. Istv\u00e1n was actually born into winemaking. Even as a child, he took his share of the work around the vineyard, and he got involved in wine-producing when he was in his twenties. \u201cAt the age of four, my parents often took me to the vineyard where I sometimes did some damage, but other times, I helped them. When I was 18, I was given a 1000-cord vineyard by my grandfather as a present for my graduation, and at 23-24, I contributed to making the family\u2019s wines.\u201d<img loading=\"lazy\" decoding=\"async\" class=\"alignleft size-full wp-image-39650\" src=\"\/wp-content\/uploads\/2019\/09\/Image-174.png\" alt=\"\" width=\"584\" height=\"516\" srcset=\"https:\/\/bodribor.hu\/wp-content\/uploads\/2019\/09\/Image-174.png 584w, https:\/\/bodribor.hu\/wp-content\/uploads\/2019\/09\/Image-174-500x442.png 500w, https:\/\/bodribor.hu\/wp-content\/uploads\/2019\/09\/Image-174-165x146.png 165w, https:\/\/bodribor.hu\/wp-content\/uploads\/2019\/09\/Image-174-50x44.png 50w, https:\/\/bodribor.hu\/wp-content\/uploads\/2019\/09\/Image-174-85x75.png 85w\" sizes=\"auto, (max-width:767px) 584px, 584px\" \/><br \/>\nAlthough he received a small vineyard for his graduation, the university of law and economic sciences directed him to a different career path. In 1999 he returned to his real passion, which he is still devoted to. Istv\u00e1n deals with tenders to support the growth of the business. They facilitated the construction of the new estate building in 2011 and further developments ranging from storage facilities to modern equipment. Managing the estate and keeping contact with guests and partners mean not only work but also a hobby to him. Whenever his time allows, Istv\u00e1n goes up to the vineyard and walks around. He wanders among the rows, checks the development of the vines, he walks along the fence to see what damage has been caused by boars or deer, and he also inspects the workers. Walking and wandering round the vine plantations truly relaxes him. His motto: \u201cOnly good quality grapes produce excellent wine.\u201d[\/vc_column_text][vc_column_text el_class=&#8221;urban&#8221;]<\/p>\n<h4><img loading=\"lazy\" decoding=\"async\" class=\"alignleft size-full wp-image-39645\" src=\"\/wp-content\/uploads\/2019\/09\/Image-175.png\" alt=\"\" width=\"584\" height=\"516\" srcset=\"https:\/\/bodribor.hu\/wp-content\/uploads\/2019\/09\/Image-175.png 584w, https:\/\/bodribor.hu\/wp-content\/uploads\/2019\/09\/Image-175-500x442.png 500w, https:\/\/bodribor.hu\/wp-content\/uploads\/2019\/09\/Image-175-165x146.png 165w, https:\/\/bodribor.hu\/wp-content\/uploads\/2019\/09\/Image-175-50x44.png 50w, https:\/\/bodribor.hu\/wp-content\/uploads\/2019\/09\/Image-175-85x75.png 85w\" sizes=\"auto, (max-width:767px) 584px, 584px\" \/>P\u00c9TER URB\u00c1N \u2013 Chief Oenologist and Viticulturist<\/h4>\n<p>P\u00e9ter has been the Chief Oenologist of the Bodri Winery for years, but he had been the member of the team and the family long before that as he is the husband of Istv\u00e1n\u2019s daughter, Orsi. He finds his way around both Vill\u00e1ny and Szeksz\u00e1rd wine regions because he grew up in Nagyhars\u00e1ny, at the foot of Kop\u00e1r d\u0171l\u0151, and he worked for several wineries in both wine regions either as a winemaker or a consultant. Moreover, New Zealand, France, Turkey, California or South Africa are also familiar places to him, and he strives to use the knowledge he gained there. Backed by his excellent colleagues, P\u00e9ter manages and supervises the production processes from cultivating vineyards to bottling.<br \/>\nHis motto: \u201cHumbleness towards the grapes and reverence towards the wine \u2013 this is my profession.\u201d[\/vc_column_text][\/vc_column][\/vc_row][vc_row el_class=&#8221;marketing&#8221;][vc_column][vc_column_text]<\/p>\n<h4>ORSOLYA BODRI \u2013 Marketing Manager<\/h4>\n<p>Istv\u00e1n\u2019s daughter, Orsi, is responsible for the marketing activities of the estate, and she has never dropped out of the life of the winery, not even after the birth of her triplets. Their birth almost coincided with the birth of the fourth Bodri grandchild who was followed by a fifth offspring whose mother is Orsi\u2019s sister, Zs\u00f3fi. The five of them, P\u00e9ter, Emma, Zal\u00e1n, Manna \u00e9s Misi, represent the future generation, currently the little \u201cangels\u201d of the Bodri estate. [\/vc_column_text][\/vc_column][\/vc_row][vc_row el_class=&#8221;kiskepek&#8221;][vc_column width=&#8221;3\/12&#8243;][vc_single_image image=&#8221;34433&#8243; img_size=&#8221;full&#8221;][\/vc_column][vc_column width=&#8221;3\/12&#8243;][vc_single_image image=&#8221;34438&#8243; img_size=&#8221;full&#8221;][\/vc_column][vc_column width=&#8221;6\/12&#8243;][vc_single_image image=&#8221;39660&#8243; img_size=&#8221;full&#8221;][\/vc_column][\/vc_row][vc_row el_class=&#8221;nincs&#8221;][vc_column][vc_column_text]<\/p>\n<h4><img loading=\"lazy\" decoding=\"async\" class=\"size-full wp-image-34461 alignleft\" src=\"\/wp-content\/uploads\/2019\/08\/solymosgergely.jpg\" alt=\"\" width=\"584\" height=\"516\" srcset=\"https:\/\/bodribor.hu\/wp-content\/uploads\/2019\/08\/solymosgergely.jpg 584w, https:\/\/bodribor.hu\/wp-content\/uploads\/2019\/08\/solymosgergely-500x442.jpg 500w, https:\/\/bodribor.hu\/wp-content\/uploads\/2019\/08\/solymosgergely-165x146.jpg 165w, https:\/\/bodribor.hu\/wp-content\/uploads\/2019\/08\/solymosgergely-50x44.jpg 50w, https:\/\/bodribor.hu\/wp-content\/uploads\/2019\/08\/solymosgergely-85x75.jpg 85w\" sizes=\"auto, (max-width:767px) 584px, 584px\" \/>GERGELY SOLYMOS \u2013 Commercial Manager<\/h4>\n<p>Gerg\u0151 met Istv\u00e1n for the first time on a study trip abroad. Although he has some experience in winemaking and viticulture, the commercial sector is closer to his heart. He ventured to design and organise the whole wine trading part of the business, while Istv\u00e1n and Orsi ensured the necessary background with developments and marketing. Through enormous sacrifices, hard work and persistence, they achieved their goal, that consumers get acquainted with the winery, and they built up the Bodri success story.<br \/>\nHis motto: \u201cOur success is reflected by our partners\u2019 and consumers\u2019 satisfaction.\u201d[\/vc_column_text][vc_column_text]<\/p>\n<h4><img loading=\"lazy\" decoding=\"async\" class=\"alignleft size-full wp-image-34451\" src=\"\/wp-content\/uploads\/2019\/08\/polotenorbert.jpg\" alt=\"\" width=\"584\" height=\"516\" srcset=\"https:\/\/bodribor.hu\/wp-content\/uploads\/2019\/08\/polotenorbert.jpg 584w, https:\/\/bodribor.hu\/wp-content\/uploads\/2019\/08\/polotenorbert-500x442.jpg 500w, https:\/\/bodribor.hu\/wp-content\/uploads\/2019\/08\/polotenorbert-165x146.jpg 165w, https:\/\/bodribor.hu\/wp-content\/uploads\/2019\/08\/polotenorbert-50x44.jpg 50w, https:\/\/bodribor.hu\/wp-content\/uploads\/2019\/08\/polotenorbert-85x75.jpg 85w\" sizes=\"auto, (max-width:767px) 584px, 584px\" \/>NORBERT P\u00d6L\u00d6TE \u2013 Catering Director<\/h4>\n<p>Managing the catering department of the Bodri Estate has been in the hands of Norbi from the beginning. His professional experience not only goes back to several decades, but it also roots in the legacy of generations as he comes from a catering dynasty. It is not the first time that he performs directorial duties; during his career, he directed several big restaurants and hotels. In the last few years, together with the Bodris, they have fulfilled numerous dreams to which the fantastic, reliable team that assists him with his work has largely contributed.<br \/>\nHis motto: \u201eEvery important bit of this profession is hidden in the details. One can only add some extra to it with their soul.[\/vc_column_text][vc_column_text]<\/p>\n<h4><img loading=\"lazy\" decoding=\"async\" class=\"alignleft size-full wp-image-34456\" src=\"\/wp-content\/uploads\/2019\/08\/makknorbert.jpg\" alt=\"\" width=\"584\" height=\"516\" srcset=\"https:\/\/bodribor.hu\/wp-content\/uploads\/2019\/08\/makknorbert.jpg 584w, https:\/\/bodribor.hu\/wp-content\/uploads\/2019\/08\/makknorbert-500x442.jpg 500w, https:\/\/bodribor.hu\/wp-content\/uploads\/2019\/08\/makknorbert-165x146.jpg 165w, https:\/\/bodribor.hu\/wp-content\/uploads\/2019\/08\/makknorbert-50x44.jpg 50w, https:\/\/bodribor.hu\/wp-content\/uploads\/2019\/08\/makknorbert-85x75.jpg 85w\" sizes=\"auto, (max-width:767px) 584px, 584px\" \/>MAKK NORBERT &#8211; Executive Chef<\/h4>\n<p>Originally, Norbi wanted to become a seaman, but eventually, his parents persuaded him to choose catering as his career. However, he did not hide his intention that if he could become a nautical officer, at least, he would work as a cook on board of a ship. He has travelled around Europe \u2013 not on the water, though, and he absorbed the culture and gastronomy of Ireland, Italy, Germany and France. Returning home, he became the Executive Chef of the Optimus Restaurant. He dreamt and designed even the smallest screw of the kitchen, which is a small individual world within the estate.<br \/>\nHis motto: There is a reliable team behind every successful chef.[\/vc_column_text][\/vc_column][\/vc_row][vc_row][vc_column][vc_column_text]The team is strengthened by the contribution of the brilliant vine- and cellar workers, chamber-maids, handmaids, waiters, cooks, maintenance workers, who tend to be employed by the winery for a long time, so we can really work together in a friendly, family-like atmosphere.[\/vc_column_text][\/vc_column][\/vc_row]<\/p>\n<\/div>","protected":false},"excerpt":{"rendered":"<p>[vc_row][vc_column][\/vc_column][\/vc_row][vc_row el_class=&#8221;bevezeto&#8221;][vc_column][vc_column_text el_class=&#8221;bevezeto&#8221;]The bodri estate was founded as a family business but owing to the size of the winery and the complexity of tasks, not only family members work there. Nevertheless, the family-like atmosphere and environment have not changed at all![\/vc_column_text][\/vc_column][\/vc_row][vc_row][vc_column][vc_column_text] ISTV\u00c1N BODRI SR. AND KATI N\u00c9NI \u2013 Bodri Papa and Bodri Mama Istv\u00e1n Bodri Sr., aka Pista b\u00e1csi, is a truly emblematic figure of the winery. With his wife, Kati n\u00e9ni, they are in the vineyard every day \u2013 depending on the weather, of course. They have their own vineyard with K\u00e9kfrankos (Blue Frankish), M\u00fcller-Thurgau, Kadarka and Chardonnay on 3.5 hectares, and of course, they have their own wine as well every year. When their son, Istv\u00e1n Bodri Jr. started to build the estate, the whole family was supporting him. Faluhely was not unknown for Bodri Papa: \u201cI grew up in this valley, in Csat\u00e1r. I know every path because as a child, my duty was to drive our kine to the meadow every morning and evening. When I was young, there were plough fields and vineyards in 800-1000 \u2013 fathom plots in this area. It was very dark in the evenings, and those who lived out here had<span class=\"excerpt-hellip\"> [\u2026]<\/span><\/p>\n","protected":false},"author":2,"featured_media":0,"parent":0,"menu_order":0,"comment_status":"closed","ping_status":"closed","template":"","meta":{"_acf_changed":false,"footnotes":""},"class_list":["post-48617","page","type-page","status-publish","hentry"],"acf":[],"yoast_head":"<!-- This site is optimized with the Yoast SEO Premium plugin v26.7 (Yoast SEO v27.0) - https:\/\/yoast.com\/product\/yoast-seo-premium-wordpress\/ -->\n<title>More about the family - Bodri Pinc\u00e9szet, Szeksz\u00e1rd<\/title>\n<meta name=\"robots\" content=\"index, follow, max-snippet:-1, max-image-preview:large, max-video-preview:-1\" \/>\n<link rel=\"canonical\" href=\"https:\/\/bodribor.hu\/bodriekrol\/\" \/>\n<meta property=\"og:locale\" content=\"en_US\" \/>\n<meta property=\"og:type\" content=\"article\" \/>\n<meta property=\"og:title\" content=\"More about the family\" \/>\n<meta property=\"og:description\" content=\"[vc_row][vc_column][\/vc_column][\/vc_row][vc_row el_class=&#8221;bevezeto&#8221;][vc_column][vc_column_text el_class=&#8221;bevezeto&#8221;]The bodri estate was founded as a family business but owing to the size of the winery and the complexity of tasks, not only family members work there. Nevertheless, the family-like atmosphere and environment have not changed at all![\/vc_column_text][\/vc_column][\/vc_row][vc_row][vc_column][vc_column_text] ISTV\u00c1N BODRI SR. AND KATI N\u00c9NI \u2013 Bodri Papa and Bodri Mama Istv\u00e1n Bodri Sr., aka Pista b\u00e1csi, is a truly emblematic figure of the winery. With his wife, Kati n\u00e9ni, they are in the vineyard every day \u2013 depending on the weather, of course. They have their own vineyard with K\u00e9kfrankos (Blue Frankish), M\u00fcller-Thurgau, Kadarka and Chardonnay on 3.5 hectares, and of course, they have their own wine as well every year. When their son, Istv\u00e1n Bodri Jr. started to build the estate, the whole family was supporting him. Faluhely was not unknown for Bodri Papa: \u201cI grew up in this valley, in Csat\u00e1r. I know every path because as a child, my duty was to drive our kine to the meadow every morning and evening. When I was young, there were plough fields and vineyards in 800-1000 \u2013 fathom plots in this area. It was very dark in the evenings, and those who lived out here had [\u2026]\" \/>\n<meta property=\"og:url\" content=\"https:\/\/bodribor.hu\/bodriekrol\/\" \/>\n<meta property=\"og:site_name\" content=\"Bodri Pinc\u00e9szet, Szeksz\u00e1rd\" \/>\n<meta property=\"article:modified_time\" content=\"2020-01-03T15:25:23+00:00\" \/>\n<meta name=\"twitter:card\" content=\"summary_large_image\" \/>\n<meta name=\"twitter:label1\" content=\"Est. reading time\" \/>\n\t<meta name=\"twitter:data1\" content=\"6 minutes\" \/>\n<script type=\"application\/ld+json\" class=\"yoast-schema-graph\">{\"@context\":\"https:\/\/schema.org\",\"@graph\":[{\"@type\":\"WebPage\",\"@id\":\"https:\/\/bodribor.hu\/bodriekrol\/\",\"url\":\"https:\/\/bodribor.hu\/bodriekrol\/\",\"name\":\"More about the family - Bodri Pinc\u00e9szet, Szeksz\u00e1rd\",\"isPartOf\":{\"@id\":\"https:\/\/bodribor.hu\/#website\"},\"datePublished\":\"2019-12-29T00:55:35+00:00\",\"dateModified\":\"2020-01-03T15:25:23+00:00\",\"breadcrumb\":{\"@id\":\"https:\/\/bodribor.hu\/bodriekrol\/#breadcrumb\"},\"inLanguage\":\"en-US\",\"potentialAction\":[{\"@type\":\"ReadAction\",\"target\":[\"https:\/\/bodribor.hu\/bodriekrol\/\"]}]},{\"@type\":\"BreadcrumbList\",\"@id\":\"https:\/\/bodribor.hu\/bodriekrol\/#breadcrumb\",\"itemListElement\":[{\"@type\":\"ListItem\",\"position\":1,\"name\":\"Bodribor\",\"item\":\"https:\/\/bodribor.hu\/en\/homepage-2\/\"},{\"@type\":\"ListItem\",\"position\":2,\"name\":\"More about the family\"}]},{\"@type\":\"WebSite\",\"@id\":\"https:\/\/bodribor.hu\/#website\",\"url\":\"https:\/\/bodribor.hu\/\",\"name\":\"Bodri Pinc\u00e9szet, Szeksz\u00e1rd\",\"description\":\"Szeksz\u00e1rd d\u00e9li hat\u00e1r\u00e1ban, a fest\u0151i sz\u00e9ps\u00e9g\u0171 Faluhely-d\u0171l\u0151ben tal\u00e1lhat\u00f3 a Bodri Birtok, melyet egy \u00f6n\u00e1ll\u00f3 kis vil\u00e1gnak tekinthet\u00fcnk.\",\"potentialAction\":[{\"@type\":\"SearchAction\",\"target\":{\"@type\":\"EntryPoint\",\"urlTemplate\":\"https:\/\/bodribor.hu\/?s={search_term_string}\"},\"query-input\":{\"@type\":\"PropertyValueSpecification\",\"valueRequired\":true,\"valueName\":\"search_term_string\"}}],\"inLanguage\":\"en-US\"}]}<\/script>\n<!-- \/ Yoast SEO Premium plugin. -->","yoast_head_json":{"title":"More about the family - Bodri Pinc\u00e9szet, Szeksz\u00e1rd","robots":{"index":"index","follow":"follow","max-snippet":"max-snippet:-1","max-image-preview":"max-image-preview:large","max-video-preview":"max-video-preview:-1"},"canonical":"https:\/\/bodribor.hu\/bodriekrol\/","og_locale":"en_US","og_type":"article","og_title":"More about the family","og_description":"[vc_row][vc_column][\/vc_column][\/vc_row][vc_row el_class=&#8221;bevezeto&#8221;][vc_column][vc_column_text el_class=&#8221;bevezeto&#8221;]The bodri estate was founded as a family business but owing to the size of the winery and the complexity of tasks, not only family members work there. Nevertheless, the family-like atmosphere and environment have not changed at all![\/vc_column_text][\/vc_column][\/vc_row][vc_row][vc_column][vc_column_text] ISTV\u00c1N BODRI SR. AND KATI N\u00c9NI \u2013 Bodri Papa and Bodri Mama Istv\u00e1n Bodri Sr., aka Pista b\u00e1csi, is a truly emblematic figure of the winery. With his wife, Kati n\u00e9ni, they are in the vineyard every day \u2013 depending on the weather, of course. They have their own vineyard with K\u00e9kfrankos (Blue Frankish), M\u00fcller-Thurgau, Kadarka and Chardonnay on 3.5 hectares, and of course, they have their own wine as well every year. When their son, Istv\u00e1n Bodri Jr. started to build the estate, the whole family was supporting him. Faluhely was not unknown for Bodri Papa: \u201cI grew up in this valley, in Csat\u00e1r. I know every path because as a child, my duty was to drive our kine to the meadow every morning and evening. When I was young, there were plough fields and vineyards in 800-1000 \u2013 fathom plots in this area. It was very dark in the evenings, and those who lived out here had [\u2026]","og_url":"https:\/\/bodribor.hu\/bodriekrol\/","og_site_name":"Bodri Pinc\u00e9szet, Szeksz\u00e1rd","article_modified_time":"2020-01-03T15:25:23+00:00","twitter_card":"summary_large_image","twitter_misc":{"Est. reading time":"6 minutes"},"schema":{"@context":"https:\/\/schema.org","@graph":[{"@type":"WebPage","@id":"https:\/\/bodribor.hu\/bodriekrol\/","url":"https:\/\/bodribor.hu\/bodriekrol\/","name":"More about the family - Bodri Pinc\u00e9szet, Szeksz\u00e1rd","isPartOf":{"@id":"https:\/\/bodribor.hu\/#website"},"datePublished":"2019-12-29T00:55:35+00:00","dateModified":"2020-01-03T15:25:23+00:00","breadcrumb":{"@id":"https:\/\/bodribor.hu\/bodriekrol\/#breadcrumb"},"inLanguage":"en-US","potentialAction":[{"@type":"ReadAction","target":["https:\/\/bodribor.hu\/bodriekrol\/"]}]},{"@type":"BreadcrumbList","@id":"https:\/\/bodribor.hu\/bodriekrol\/#breadcrumb","itemListElement":[{"@type":"ListItem","position":1,"name":"Bodribor","item":"https:\/\/bodribor.hu\/en\/homepage-2\/"},{"@type":"ListItem","position":2,"name":"More about the family"}]},{"@type":"WebSite","@id":"https:\/\/bodribor.hu\/#website","url":"https:\/\/bodribor.hu\/","name":"Bodri Pinc\u00e9szet, Szeksz\u00e1rd","description":"Szeksz\u00e1rd d\u00e9li hat\u00e1r\u00e1ban, a fest\u0151i sz\u00e9ps\u00e9g\u0171 Faluhely-d\u0171l\u0151ben tal\u00e1lhat\u00f3 a Bodri Birtok, melyet egy \u00f6n\u00e1ll\u00f3 kis vil\u00e1gnak tekinthet\u00fcnk.","potentialAction":[{"@type":"SearchAction","target":{"@type":"EntryPoint","urlTemplate":"https:\/\/bodribor.hu\/?s={search_term_string}"},"query-input":{"@type":"PropertyValueSpecification","valueRequired":true,"valueName":"search_term_string"}}],"inLanguage":"en-US"}]}},"_links":{"self":[{"href":"https:\/\/bodribor.hu\/en\/wp-json\/wp\/v2\/pages\/48617","targetHints":{"allow":["GET"]}}],"collection":[{"href":"https:\/\/bodribor.hu\/en\/wp-json\/wp\/v2\/pages"}],"about":[{"href":"https:\/\/bodribor.hu\/en\/wp-json\/wp\/v2\/types\/page"}],"author":[{"embeddable":true,"href":"https:\/\/bodribor.hu\/en\/wp-json\/wp\/v2\/users\/2"}],"replies":[{"embeddable":true,"href":"https:\/\/bodribor.hu\/en\/wp-json\/wp\/v2\/comments?post=48617"}],"version-history":[{"count":0,"href":"https:\/\/bodribor.hu\/en\/wp-json\/wp\/v2\/pages\/48617\/revisions"}],"wp:attachment":[{"href":"https:\/\/bodribor.hu\/en\/wp-json\/wp\/v2\/media?parent=48617"}],"curies":[{"name":"wp","href":"https:\/\/api.w.org\/{rel}","templated":true}]}}