{"id":48623,"date":"2019-12-29T03:14:17","date_gmt":"2019-12-29T01:14:17","guid":{"rendered":"https:\/\/bodribor.hu\/?page_id=48623"},"modified":"2020-01-03T15:32:41","modified_gmt":"2020-01-03T13:32:41","slug":"events","status":"publish","type":"page","link":"https:\/\/bodribor.hu\/en\/events\/","title":{"rendered":"Events"},"content":{"rendered":"<div class=\"wpb-content-wrapper\"><p>[vc_row][vc_column][vc_column_text el_class=&#8221;bevezetoszoveg&#8221;]ARE YOU LOOKING FOR THE PERFECT SETTING FOR YOUR WEDDING? ARE YOU PLANNING A CORPORATE TEAM-BUILDING EVENT, OR PERHAPS, SEARCHING FOR A UNIQUE CONFERENCE VENUE WHERE EVERYTHING IS AT HAND: ROOM, TECHNICAL EQUIPMENT, OUTSTANDING GASTRONOMY, ENTERTAINMENT FACILITIES AND ACCOMMODATION? THE BODRI ESTATE IN ITS PICTURESQUE SURROUNDINGS MAY BE A WONDERFUL VENUE FOR THE BIG DAY OF YOUR LIFE OR A MEMORABLE AND EXCITING CORPORATE EVENT.[\/vc_column_text][\/vc_column][\/vc_row][vc_row full_width=&#8221;stretch_row_content_no_spaces&#8221;][vc_column]\n\t\t\t<!-- START Angol  weddings REVOLUTION SLIDER 6.7.40 --><p class=\"rs-p-wp-fix\"><\/p>\n\t\t\t<rs-module-wrap id=\"rev_slider_29_1_wrapper\" data-source=\"gallery\" style=\"visibility:hidden;background:transparent;padding:0;margin:0px auto;margin-top:0;margin-bottom:0;\">\n\t\t\t\t<rs-module id=\"rev_slider_29_1\" style=\"\" data-version=\"6.7.40\">\n\t\t\t\t\t<rs-slides style=\"overflow: hidden; position: absolute;\">\n\t\t\t\t\t\t<rs-slide style=\"position: absolute;\" data-key=\"rs-50\" data-title=\"Slide\" data-anim=\"adpr:false;\" data-in=\"o:0;\" data-out=\"a:false;\">\n\t\t\t\t\t\t\t<img decoding=\"async\" src=\"\/\/bodribor.hu\/wp-content\/plugins\/revslider\/sr6\/assets\/assets\/dummy.png\" alt=\"\" title=\"Events\" class=\"rev-slidebg tp-rs-img rs-lazyload\" data-lazyload=\"\/\/bodribor.hu\/wp-content\/uploads\/2019\/07\/eskuvo.jpg\" data-no-retina>\n<!--\n\t\t\t\t\t\t\t--><h1\n\t\t\t\t\t\t\t\tid=\"slider-29-slide-50-layer-1\" \n\t\t\t\t\t\t\t\tclass=\"rs-layer\"\n\t\t\t\t\t\t\t\tdata-type=\"text\"\n\t\t\t\t\t\t\t\tdata-color=\"#ffffff\"\n\t\t\t\t\t\t\t\tdata-rsp_ch=\"on\"\n\t\t\t\t\t\t\t\tdata-xy=\"y:40px;\"\n\t\t\t\t\t\t\t\tdata-text=\"s:60;l:60;fw:700;a:inherit;\"\n\t\t\t\t\t\t\t\tdata-dim=\"w:336px;h:81px;\"\n\t\t\t\t\t\t\t\tdata-frame_1=\"st:9.8959350585938;sR:9.8959350585938;\"\n\t\t\t\t\t\t\t\tdata-frame_999=\"o:0;st:w;sR:8690.1040649414;\"\n\t\t\t\t\t\t\t\tstyle=\"z-index:5;font-family:'Raleway';\"\n\t\t\t\t\t\t\t><svg xmlns=\"http:\/\/www.w3.org\/2000\/svg\" width=\"340\" height=\"70\" viewBox=\"0 0 283 70\">\n  <text id=\"ESK\u00dcV\u0150K\" transform=\"translate(141 56)\" fill=\"#371915\" font-size=\"60\" font-family=\"Raleway-Bold, Raleway\" font-weight=\"700\"><tspan x=\"-165.79\" y=\"0\">WEDDINGS\n \n\t\t\t\t\t\t\t<\/h1><!--\n\n\t\t\t\t\t\t\t--><rs-layer\n\t\t\t\t\t\t\t\tid=\"slider-29-slide-50-layer-2\" \n\t\t\t\t\t\t\t\tdata-type=\"text\"\n\t\t\t\t\t\t\t\tdata-color=\"#ffffff\"\n\t\t\t\t\t\t\t\tdata-rsp_ch=\"on\"\n\t\t\t\t\t\t\t\tdata-xy=\"x:r;y:40px;\"\n\t\t\t\t\t\t\t\tdata-text=\"w:normal;l:22;a:inherit;\"\n\t\t\t\t\t\t\t\tdata-dim=\"w:459px;\"\n\t\t\t\t\t\t\t\tdata-frame_1=\"st:9.8959350585938;sR:9.8959350585938;\"\n\t\t\t\t\t\t\t\tdata-frame_999=\"o:0;st:w;sR:8690.1040649414;\"\n\t\t\t\t\t\t\t\tstyle=\"z-index:6;font-family:'Open Sans';\"\n\t\t\t\t\t\t\t>You are preparing for one of the most significant events in your life \u2013 your wedding \u2013 and obviously, you are looking for the perfect venue, where you can celebrate your happiness together with family and friends. The Bodri Estate is waiting for you in a beautiful setting, at the southern boundaries of Szeksz\u00e1rd, a place where the noise of the town cannot reach. However, you may find everything needed for a fantastic wedding: giant trees, a beautiful fishpond, a real \u201cvineyard romance\u201d, culinary specialities envisioned by our Chef and guest houses to ensure comfortable relaxation.\n \n\t\t\t\t\t\t\t<\/rs-layer><!--\n\n\t\t\t\t\t\t\t--><a\n\t\t\t\t\t\t\t\tid=\"slider-29-slide-50-layer-3\" \n\t\t\t\t\t\t\t\tclass=\"rs-layer\"\n\t\t\t\t\t\t\t\thref=\"https:\/\/bodribor.hu\/en\/wedding-menus\/\" target=\"_self\"\n\t\t\t\t\t\t\t\tdata-type=\"text\"\n\t\t\t\t\t\t\t\tdata-color=\"#000000\"\n\t\t\t\t\t\t\t\tdata-rsp_ch=\"on\"\n\t\t\t\t\t\t\t\tdata-xy=\"x:c;xo:406px;y:649px;\"\n\t\t\t\t\t\t\t\tdata-text=\"s:16;l:26;fw:500;a:center;\"\n\t\t\t\t\t\t\t\tdata-dim=\"w:400px;h:24px;\"\n\t\t\t\t\t\t\t\tdata-border=\"bor:10px,10px,10px,10px;\"\n\t\t\t\t\t\t\t\tdata-frame_999=\"o:0;st:w;sR:8700;\"\n\t\t\t\t\t\t\t\tstyle=\"z-index:7;background-color:#fffafa;font-family:'Raleway';\"\n\t\t\t\t\t\t\t>DETAILS OF OUR WEDDING PACKAGE \n\t\t\t\t\t\t\t<\/a><!--\n-->\t\t\t\t\t<\/rs-slide>\n\t\t\t\t\t<\/rs-slides>\n\t\t\t\t<\/rs-module>\n\t\t\t\t<script>\n\t\t\t\t\tsetREVStartSize({c: 'rev_slider_29_1',rl:[1240,1024,778,480],el:[742],gw:[1270],gh:[742],type:'standard',justify:'',layout:'fullwidth',mh:\"0\"});if (window.RS_MODULES!==undefined && window.RS_MODULES.modules!==undefined && window.RS_MODULES.modules[\"revslider291\"]!==undefined) {window.RS_MODULES.modules[\"revslider291\"].once = false;window.revapi29 = undefined;if (window.RS_MODULES.checkMinimal!==undefined) window.RS_MODULES.checkMinimal()}\n\t\t\t\t<\/script>\n\t\t\t<\/rs-module-wrap>\n\t\t\t<!-- END REVOLUTION SLIDER -->\n[\/vc_column][\/vc_row][vc_row][vc_column][vc_column_text el_class=&#8221;alcim&#8221;]<\/p>\n<h2 style=\"text-align: center;\">CONFERENCES AND CORPORATE EVENTS<\/h2>\n<p style=\"text-align: center;\">Should it be a conference with several hundred participants any other corporate event, the Bodri Winery is equipped with everything needed for a successful, memorable and professional programme. Our modern event rooms, outstanding technical equipment, excellent catering service and an accomplished event organising team are available to any firms and businesses.<\/p>\n<div class=\"szurkegomb\"><a href=\"https:\/\/bodribor.hu\/en\/conferences\/\">Details of our event package<\/a><\/div>\n<p>[\/vc_column_text][vc_single_image image=&#8221;34182&#8243; img_size=&#8221;full&#8221;][vc_column_text el_class=&#8221;alcim&#8221;]<\/p>\n<h2 style=\"text-align: center;\">TEAM BUILDING PROGRAMMES<\/h2>\n<p>[\/vc_column_text][vc_row_inner][vc_column_inner width=&#8221;1\/3&#8243;][vc_single_image image=&#8221;34192&#8243; img_size=&#8221;full&#8221;][\/vc_column_inner][vc_column_inner width=&#8221;1\/3&#8243;][vc_single_image image=&#8221;34187&#8243; img_size=&#8221;full&#8221;][\/vc_column_inner][vc_column_inner width=&#8221;1\/3&#8243;][vc_single_image image=&#8221;34197&#8243; img_size=&#8221;full&#8221;][\/vc_column_inner][\/vc_row_inner][\/vc_column][\/vc_row][vc_row][vc_column width=&#8221;2\/3&#8243;][vc_column_text]In the case of team-building training, the good choice of venue is half the battle. We at the Bodri Winery can help your colleagues to become a real team! Members of the ESCAPE CLUB will take care of the indoor- and outdoor team building activities, adventure games, and various fun experiences.[\/vc_column_text][\/vc_column][vc_column width=&#8221;1\/3&#8243;][vc_column_text]<\/p>\n<div class=\"szurkegomb kicsi\"><a href=\"http:\/\/www.escapeclub.hu\/\">ESCAPE KLUB AJ\u00c1NLAT<\/a><\/div>\n<p>[\/vc_column_text][\/vc_column][\/vc_row][vc_row full_width=&#8221;stretch_row_content_no_spaces&#8221;][vc_column]\n\t\t\t<!-- START Angol  Svedasztal REVOLUTION SLIDER 6.7.40 --><p class=\"rs-p-wp-fix\"><\/p>\n\t\t\t<rs-module-wrap id=\"rev_slider_30_2_wrapper\" data-source=\"gallery\" style=\"visibility:hidden;background:transparent;padding:0;margin:0px auto;margin-top:0;margin-bottom:0;\">\n\t\t\t\t<rs-module id=\"rev_slider_30_2\" style=\"\" data-version=\"6.7.40\">\n\t\t\t\t\t<rs-slides style=\"overflow: hidden; position: absolute;\">\n\t\t\t\t\t\t<rs-slide style=\"position: absolute;\" data-key=\"rs-51\" data-title=\"Slide\" data-anim=\"adpr:false;\">\n\t\t\t\t\t\t\t<img decoding=\"async\" src=\"\/\/bodribor.hu\/wp-content\/plugins\/revslider\/sr6\/assets\/assets\/dummy.png\" alt=\"\" title=\"Events\" class=\"rev-slidebg tp-rs-img rs-lazyload\" data-lazyload=\"\/\/bodribor.hu\/wp-content\/uploads\/2019\/07\/eskuvos.jpg\" data-no-retina>\n<!--\n\t\t\t\t\t\t\t--><h1\n\t\t\t\t\t\t\t\tid=\"slider-30-slide-51-layer-1\" \n\t\t\t\t\t\t\t\tclass=\"rs-layer\"\n\t\t\t\t\t\t\t\tdata-type=\"text\"\n\t\t\t\t\t\t\t\tdata-color=\"#ffffff\"\n\t\t\t\t\t\t\t\tdata-rsp_ch=\"on\"\n\t\t\t\t\t\t\t\tdata-xy=\"y:40px;\"\n\t\t\t\t\t\t\t\tdata-text=\"s:60;l:60;fw:700;a:inherit;\"\n\t\t\t\t\t\t\t\tdata-frame_0=\"tp:600;\"\n\t\t\t\t\t\t\t\tdata-frame_1=\"tp:600;st:9.8959350585938;sR:9.8959350585938;\"\n\t\t\t\t\t\t\t\tdata-frame_999=\"o:0;tp:600;st:w;sR:8690.1040649414;\"\n\t\t\t\t\t\t\t\tstyle=\"z-index:5;font-family:'Raleway';\"\n\t\t\t\t\t\t\t>BUFFET SELECTIONS, BEVERAGE PACKAGES \n\t\t\t\t\t\t\t<\/h1><!--\n\n\t\t\t\t\t\t\t--><rs-layer\n\t\t\t\t\t\t\t\tid=\"slider-30-slide-51-layer-2\" \n\t\t\t\t\t\t\t\tdata-type=\"text\"\n\t\t\t\t\t\t\t\tdata-color=\"#ffffff\"\n\t\t\t\t\t\t\t\tdata-rsp_ch=\"on\"\n\t\t\t\t\t\t\t\tdata-xy=\"x:r;xo:809px;y:149px;\"\n\t\t\t\t\t\t\t\tdata-text=\"l:22;a:inherit;\"\n\t\t\t\t\t\t\t\tdata-dim=\"w:458px;h:307px;\"\n\t\t\t\t\t\t\t\tdata-frame_0=\"tp:600;\"\n\t\t\t\t\t\t\t\tdata-frame_1=\"tp:600;st:9.8959350585938;sR:9.8959350585938;\"\n\t\t\t\t\t\t\t\tdata-frame_999=\"o:0;tp:600;st:w;sR:8690.1040649414;\"\n\t\t\t\t\t\t\t\tstyle=\"z-index:6;font-family:'Open Sans';\"\n\t\t\t\t\t\t\t><svg xmlns=\"http:\/\/www.w3.org\/2000\/svg\" xmlns:xlink=\"http:\/\/www.w3.org\/1999\/xlink\" width=\"484\" height=\"244\" viewBox=\"0 0 484 244\">\n  <defs>\n    <filter id=\"C\u00c9GES_RENDEZV\u00c9NY\u00c9HEZ_AK\u00c1R_MOST_KIV\u00c1LASZTHATJA_A_SV\u00c9DASZTALOS_MEN\u00dcSORT_MELYET_MAKK_NORBERT_AZ_OPTIMUS_\u00c9TTEREM_S\u00c9FJE_\u00c1LL\u00cdTOTT_\u00d6SSZE_K\u00d6R\u00dcLTEKINT\u0150_GONDOSS\u00c1GGAL._\" x=\"0\" y=\"0\" width=\"484\" height=\"244\" filterUnits=\"userSpaceOnUse\">\n      <feOffset dx=\"2\" dy=\"3\" input=\"SourceAlpha\"\/>\n      <feGaussianBlur stdDeviation=\"3\" result=\"blur\"\/>\n      <feFlood flood-opacity=\"0.898\"\/>\n      <feComposite operator=\"in\" in2=\"blur\"\/>\n      <feComposite in=\"SourceGraphic\"\/>\n    <\/filter>\n  <\/defs>\n  <g transform=\"matrix(1, 0, 0, 1, 0, 0)\" filter=\"url(#C\u00c9GES_RENDEZV\u00c9NY\u00c9HEZ_AK\u00c1R_MOST_KIV\u00c1LASZTHATJA_A_SV\u00c9DASZTALOS_MEN\u00dcSORT_MELYET_MAKK_NORBERT_AZ_OPTIMUS_\u00c9TTEREM_S\u00c9FJE_\u00c1LL\u00cdTOTT_\u00d6SSZE_K\u00d6R\u00dcLTEKINT\u0150_GONDOSS\u00c1GGAL._)\">\n    <text id=\"C\u00c9GES_RENDEZV\u00c9NY\u00c9HEZ_AK\u00c1R_MOST_KIV\u00c1LASZTHATJA_A_SV\u00c9DASZTALOS_MEN\u00dcSORT_MELYET_MAKK_NORBERT_AZ_OPTIMUS_\u00c9TTEREM_S\u00c9FJE_\u00c1LL\u00cdTOTT_\u00d6SSZE_K\u00d6R\u00dcLTEKINT\u0150_GONDOSS\u00c1GGAL._2\" data-name=\"C\u00c9GES RENDEZV\u00c9NY\u00c9HEZ AK\u00c1R MOST KIV\u00c1LASZTHATJA A SV\u00c9DASZTALOS MEN\u00dcSORT, MELYET MAKK NORBERT, AZ OPTIMUS \u00c9TTEREM S\u00c9FJE \u00c1LL\u00cdTOTT \u00d6SSZE K\u00d6R\u00dcLTEKINT\u0150 GONDOSS\u00c1GGAL. \" transform=\"translate(7 6)\" fill=\"#fdfdfd\" font-size=\"20\" font-family=\"Raleway-Medium, Raleway\" font-weight=\"500\"><tspan x=\"0\" y=\"19\">You may already choose the <\/tspan><tspan x=\"0\" y=\"59\">buffet menu for your corporate event,  <\/tspan><tspan x=\"0\" y=\"99\">which has been carefully designed by<\/tspan><tspan x=\"0\" y=\"139\">Norbert Makk, the Chef of the  <\/tspan><tspan x=\"0\" y=\"179\">Optimus Restaurant. <\/tspan><\/text>\n  <\/g>\n<\/svg> \n\t\t\t\t\t\t\t<\/rs-layer><!--\n\n\t\t\t\t\t\t\t--><rs-layer\n\t\t\t\t\t\t\t\tid=\"slider-30-slide-51-layer-3\" \n\t\t\t\t\t\t\t\tdata-type=\"text\"\n\t\t\t\t\t\t\t\tdata-color=\"#000000\"\n\t\t\t\t\t\t\t\tdata-rsp_ch=\"on\"\n\t\t\t\t\t\t\t\tdata-xy=\"x:c;xo:-418px;y:390px;\"\n\t\t\t\t\t\t\t\tdata-text=\"s:16;l:26;fw:500;a:center;\"\n\t\t\t\t\t\t\t\tdata-dim=\"w:400px;h:24px;\"\n\t\t\t\t\t\t\t\tdata-border=\"bor:10px,10px,10px,10px;\"\n\t\t\t\t\t\t\t\tdata-frame_0=\"tp:600;\"\n\t\t\t\t\t\t\t\tdata-frame_1=\"tp:600;st:0;\"\n\t\t\t\t\t\t\t\tdata-frame_999=\"o:0;tp:600;st:w;sR:8700;\"\n\t\t\t\t\t\t\t\tstyle=\"z-index:7;background-color:#fffafa;font-family:'Raleway';\"\n\t\t\t\t\t\t\t>BUFFET MENUS FOR 20+ PEOPLE \n\t\t\t\t\t\t\t<\/rs-layer><!--\n-->\t\t\t\t\t<\/rs-slide>\n\t\t\t\t\t<\/rs-slides>\n\t\t\t\t<\/rs-module>\n\t\t\t\t<script>\n\t\t\t\t\tsetREVStartSize({c: 'rev_slider_30_2',rl:[1240,1024,778,480],el:[],gw:[1270],gh:[700],type:'standard',justify:'',layout:'fullwidth',mh:\"0\"});if (window.RS_MODULES!==undefined && window.RS_MODULES.modules!==undefined && window.RS_MODULES.modules[\"revslider302\"]!==undefined) {window.RS_MODULES.modules[\"revslider302\"].once = false;window.revapi30 = undefined;if (window.RS_MODULES.checkMinimal!==undefined) window.RS_MODULES.checkMinimal()}\n\t\t\t\t<\/script>\n\t\t\t<\/rs-module-wrap>\n\t\t\t<!-- END REVOLUTION SLIDER -->\n[\/vc_column][\/vc_row]<\/p>\n<\/div>","protected":false},"excerpt":{"rendered":"<p>[vc_row][vc_column][vc_column_text el_class=&#8221;bevezetoszoveg&#8221;]ARE YOU LOOKING FOR THE PERFECT SETTING FOR YOUR WEDDING? ARE YOU PLANNING A CORPORATE TEAM-BUILDING EVENT, OR PERHAPS, SEARCHING FOR A UNIQUE CONFERENCE VENUE WHERE EVERYTHING IS AT HAND: ROOM, TECHNICAL EQUIPMENT, OUTSTANDING GASTRONOMY, ENTERTAINMENT FACILITIES AND ACCOMMODATION? THE BODRI ESTATE IN ITS PICTURESQUE SURROUNDINGS MAY BE A WONDERFUL VENUE FOR THE BIG DAY OF YOUR LIFE OR A MEMORABLE AND EXCITING CORPORATE EVENT.[\/vc_column_text][\/vc_column][\/vc_row][vc_row full_width=&#8221;stretch_row_content_no_spaces&#8221;][vc_column][\/vc_column][\/vc_row][vc_row][vc_column][vc_column_text el_class=&#8221;alcim&#8221;] CONFERENCES AND CORPORATE EVENTS Should it be a conference with several hundred participants any other corporate event, the Bodri Winery is equipped with everything needed for a successful, memorable and professional programme. Our modern event rooms, outstanding technical equipment, excellent catering service and an accomplished event organising team are available to any firms and businesses. Details of our event package [\/vc_column_text][vc_single_image image=&#8221;34182&#8243; img_size=&#8221;full&#8221;][vc_column_text el_class=&#8221;alcim&#8221;] TEAM BUILDING PROGRAMMES [\/vc_column_text][vc_row_inner][vc_column_inner width=&#8221;1\/3&#8243;][vc_single_image image=&#8221;34192&#8243; img_size=&#8221;full&#8221;][\/vc_column_inner][vc_column_inner width=&#8221;1\/3&#8243;][vc_single_image image=&#8221;34187&#8243; img_size=&#8221;full&#8221;][\/vc_column_inner][vc_column_inner width=&#8221;1\/3&#8243;][vc_single_image image=&#8221;34197&#8243; img_size=&#8221;full&#8221;][\/vc_column_inner][\/vc_row_inner][\/vc_column][\/vc_row][vc_row][vc_column width=&#8221;2\/3&#8243;][vc_column_text]In the case of team-building training, the good choice of venue is half the battle. We at the Bodri Winery can help your colleagues to become a real team! Members of the ESCAPE CLUB will take care of the indoor- and outdoor team building activities, adventure games, and various fun experiences.[\/vc_column_text][\/vc_column][vc_column width=&#8221;1\/3&#8243;][vc_column_text] ESCAPE KLUB AJ\u00c1NLAT<span class=\"excerpt-hellip\"> [\u2026]<\/span><\/p>\n","protected":false},"author":2,"featured_media":0,"parent":0,"menu_order":0,"comment_status":"closed","ping_status":"closed","template":"","meta":{"_acf_changed":false,"footnotes":""},"class_list":["post-48623","page","type-page","status-publish","hentry"],"acf":[],"yoast_head":"<!-- This site is optimized with the Yoast SEO Premium plugin v26.7 (Yoast SEO v27.0) - https:\/\/yoast.com\/product\/yoast-seo-premium-wordpress\/ -->\n<title>Events - Bodri Pinc\u00e9szet, Szeksz\u00e1rd<\/title>\n<meta name=\"robots\" content=\"index, follow, max-snippet:-1, max-image-preview:large, max-video-preview:-1\" \/>\n<link rel=\"canonical\" href=\"https:\/\/bodribor.hu\/rendezvenyek\/\" \/>\n<meta property=\"og:locale\" content=\"en_US\" \/>\n<meta property=\"og:type\" content=\"article\" \/>\n<meta property=\"og:title\" content=\"Events\" \/>\n<meta property=\"og:description\" content=\"[vc_row][vc_column][vc_column_text el_class=&#8221;bevezetoszoveg&#8221;]ARE YOU LOOKING FOR THE PERFECT SETTING FOR YOUR WEDDING? ARE YOU PLANNING A CORPORATE TEAM-BUILDING EVENT, OR PERHAPS, SEARCHING FOR A UNIQUE CONFERENCE VENUE WHERE EVERYTHING IS AT HAND: ROOM, TECHNICAL EQUIPMENT, OUTSTANDING GASTRONOMY, ENTERTAINMENT FACILITIES AND ACCOMMODATION? THE BODRI ESTATE IN ITS PICTURESQUE SURROUNDINGS MAY BE A WONDERFUL VENUE FOR THE BIG DAY OF YOUR LIFE OR A MEMORABLE AND EXCITING CORPORATE EVENT.[\/vc_column_text][\/vc_column][\/vc_row][vc_row full_width=&#8221;stretch_row_content_no_spaces&#8221;][vc_column][\/vc_column][\/vc_row][vc_row][vc_column][vc_column_text el_class=&#8221;alcim&#8221;] CONFERENCES AND CORPORATE EVENTS Should it be a conference with several hundred participants any other corporate event, the Bodri Winery is equipped with everything needed for a successful, memorable and professional programme. Our modern event rooms, outstanding technical equipment, excellent catering service and an accomplished event organising team are available to any firms and businesses. Details of our event package [\/vc_column_text][vc_single_image image=&#8221;34182&#8243; img_size=&#8221;full&#8221;][vc_column_text el_class=&#8221;alcim&#8221;] TEAM BUILDING PROGRAMMES [\/vc_column_text][vc_row_inner][vc_column_inner width=&#8221;1\/3&#8243;][vc_single_image image=&#8221;34192&#8243; img_size=&#8221;full&#8221;][\/vc_column_inner][vc_column_inner width=&#8221;1\/3&#8243;][vc_single_image image=&#8221;34187&#8243; img_size=&#8221;full&#8221;][\/vc_column_inner][vc_column_inner width=&#8221;1\/3&#8243;][vc_single_image image=&#8221;34197&#8243; img_size=&#8221;full&#8221;][\/vc_column_inner][\/vc_row_inner][\/vc_column][\/vc_row][vc_row][vc_column width=&#8221;2\/3&#8243;][vc_column_text]In the case of team-building training, the good choice of venue is half the battle. We at the Bodri Winery can help your colleagues to become a real team! Members of the ESCAPE CLUB will take care of the indoor- and outdoor team building activities, adventure games, and various fun experiences.[\/vc_column_text][\/vc_column][vc_column width=&#8221;1\/3&#8243;][vc_column_text] ESCAPE KLUB AJ\u00c1NLAT [\u2026]\" \/>\n<meta property=\"og:url\" content=\"https:\/\/bodribor.hu\/rendezvenyek\/\" \/>\n<meta property=\"og:site_name\" content=\"Bodri Pinc\u00e9szet, Szeksz\u00e1rd\" \/>\n<meta property=\"article:modified_time\" content=\"2020-01-03T13:32:41+00:00\" \/>\n<meta name=\"twitter:card\" content=\"summary_large_image\" \/>\n<meta name=\"twitter:label1\" content=\"Est. reading time\" \/>\n\t<meta name=\"twitter:data1\" content=\"2 minutes\" \/>\n<script type=\"application\/ld+json\" class=\"yoast-schema-graph\">{\"@context\":\"https:\/\/schema.org\",\"@graph\":[{\"@type\":\"WebPage\",\"@id\":\"https:\/\/bodribor.hu\/rendezvenyek\/\",\"url\":\"https:\/\/bodribor.hu\/rendezvenyek\/\",\"name\":\"Events - Bodri Pinc\u00e9szet, Szeksz\u00e1rd\",\"isPartOf\":{\"@id\":\"https:\/\/bodribor.hu\/#website\"},\"datePublished\":\"2019-12-29T01:14:17+00:00\",\"dateModified\":\"2020-01-03T13:32:41+00:00\",\"breadcrumb\":{\"@id\":\"https:\/\/bodribor.hu\/rendezvenyek\/#breadcrumb\"},\"inLanguage\":\"en-US\",\"potentialAction\":[{\"@type\":\"ReadAction\",\"target\":[\"https:\/\/bodribor.hu\/rendezvenyek\/\"]}]},{\"@type\":\"BreadcrumbList\",\"@id\":\"https:\/\/bodribor.hu\/rendezvenyek\/#breadcrumb\",\"itemListElement\":[{\"@type\":\"ListItem\",\"position\":1,\"name\":\"Bodribor\",\"item\":\"https:\/\/bodribor.hu\/en\/homepage-2\/\"},{\"@type\":\"ListItem\",\"position\":2,\"name\":\"Events\"}]},{\"@type\":\"WebSite\",\"@id\":\"https:\/\/bodribor.hu\/#website\",\"url\":\"https:\/\/bodribor.hu\/\",\"name\":\"Bodri Pinc\u00e9szet, Szeksz\u00e1rd\",\"description\":\"Szeksz\u00e1rd d\u00e9li hat\u00e1r\u00e1ban, a fest\u0151i sz\u00e9ps\u00e9g\u0171 Faluhely-d\u0171l\u0151ben tal\u00e1lhat\u00f3 a Bodri Birtok, melyet egy \u00f6n\u00e1ll\u00f3 kis vil\u00e1gnak tekinthet\u00fcnk.\",\"potentialAction\":[{\"@type\":\"SearchAction\",\"target\":{\"@type\":\"EntryPoint\",\"urlTemplate\":\"https:\/\/bodribor.hu\/?s={search_term_string}\"},\"query-input\":{\"@type\":\"PropertyValueSpecification\",\"valueRequired\":true,\"valueName\":\"search_term_string\"}}],\"inLanguage\":\"en-US\"}]}<\/script>\n<!-- \/ Yoast SEO Premium plugin. -->","yoast_head_json":{"title":"Events - Bodri Pinc\u00e9szet, Szeksz\u00e1rd","robots":{"index":"index","follow":"follow","max-snippet":"max-snippet:-1","max-image-preview":"max-image-preview:large","max-video-preview":"max-video-preview:-1"},"canonical":"https:\/\/bodribor.hu\/rendezvenyek\/","og_locale":"en_US","og_type":"article","og_title":"Events","og_description":"[vc_row][vc_column][vc_column_text el_class=&#8221;bevezetoszoveg&#8221;]ARE YOU LOOKING FOR THE PERFECT SETTING FOR YOUR WEDDING? ARE YOU PLANNING A CORPORATE TEAM-BUILDING EVENT, OR PERHAPS, SEARCHING FOR A UNIQUE CONFERENCE VENUE WHERE EVERYTHING IS AT HAND: ROOM, TECHNICAL EQUIPMENT, OUTSTANDING GASTRONOMY, ENTERTAINMENT FACILITIES AND ACCOMMODATION? THE BODRI ESTATE IN ITS PICTURESQUE SURROUNDINGS MAY BE A WONDERFUL VENUE FOR THE BIG DAY OF YOUR LIFE OR A MEMORABLE AND EXCITING CORPORATE EVENT.[\/vc_column_text][\/vc_column][\/vc_row][vc_row full_width=&#8221;stretch_row_content_no_spaces&#8221;][vc_column][\/vc_column][\/vc_row][vc_row][vc_column][vc_column_text el_class=&#8221;alcim&#8221;] CONFERENCES AND CORPORATE EVENTS Should it be a conference with several hundred participants any other corporate event, the Bodri Winery is equipped with everything needed for a successful, memorable and professional programme. Our modern event rooms, outstanding technical equipment, excellent catering service and an accomplished event organising team are available to any firms and businesses. Details of our event package [\/vc_column_text][vc_single_image image=&#8221;34182&#8243; img_size=&#8221;full&#8221;][vc_column_text el_class=&#8221;alcim&#8221;] TEAM BUILDING PROGRAMMES [\/vc_column_text][vc_row_inner][vc_column_inner width=&#8221;1\/3&#8243;][vc_single_image image=&#8221;34192&#8243; img_size=&#8221;full&#8221;][\/vc_column_inner][vc_column_inner width=&#8221;1\/3&#8243;][vc_single_image image=&#8221;34187&#8243; img_size=&#8221;full&#8221;][\/vc_column_inner][vc_column_inner width=&#8221;1\/3&#8243;][vc_single_image image=&#8221;34197&#8243; img_size=&#8221;full&#8221;][\/vc_column_inner][\/vc_row_inner][\/vc_column][\/vc_row][vc_row][vc_column width=&#8221;2\/3&#8243;][vc_column_text]In the case of team-building training, the good choice of venue is half the battle. We at the Bodri Winery can help your colleagues to become a real team! Members of the ESCAPE CLUB will take care of the indoor- and outdoor team building activities, adventure games, and various fun experiences.[\/vc_column_text][\/vc_column][vc_column width=&#8221;1\/3&#8243;][vc_column_text] ESCAPE KLUB AJ\u00c1NLAT [\u2026]","og_url":"https:\/\/bodribor.hu\/rendezvenyek\/","og_site_name":"Bodri Pinc\u00e9szet, Szeksz\u00e1rd","article_modified_time":"2020-01-03T13:32:41+00:00","twitter_card":"summary_large_image","twitter_misc":{"Est. reading time":"2 minutes"},"schema":{"@context":"https:\/\/schema.org","@graph":[{"@type":"WebPage","@id":"https:\/\/bodribor.hu\/rendezvenyek\/","url":"https:\/\/bodribor.hu\/rendezvenyek\/","name":"Events - Bodri Pinc\u00e9szet, Szeksz\u00e1rd","isPartOf":{"@id":"https:\/\/bodribor.hu\/#website"},"datePublished":"2019-12-29T01:14:17+00:00","dateModified":"2020-01-03T13:32:41+00:00","breadcrumb":{"@id":"https:\/\/bodribor.hu\/rendezvenyek\/#breadcrumb"},"inLanguage":"en-US","potentialAction":[{"@type":"ReadAction","target":["https:\/\/bodribor.hu\/rendezvenyek\/"]}]},{"@type":"BreadcrumbList","@id":"https:\/\/bodribor.hu\/rendezvenyek\/#breadcrumb","itemListElement":[{"@type":"ListItem","position":1,"name":"Bodribor","item":"https:\/\/bodribor.hu\/en\/homepage-2\/"},{"@type":"ListItem","position":2,"name":"Events"}]},{"@type":"WebSite","@id":"https:\/\/bodribor.hu\/#website","url":"https:\/\/bodribor.hu\/","name":"Bodri Pinc\u00e9szet, Szeksz\u00e1rd","description":"Szeksz\u00e1rd d\u00e9li hat\u00e1r\u00e1ban, a fest\u0151i sz\u00e9ps\u00e9g\u0171 Faluhely-d\u0171l\u0151ben tal\u00e1lhat\u00f3 a Bodri Birtok, melyet egy \u00f6n\u00e1ll\u00f3 kis vil\u00e1gnak tekinthet\u00fcnk.","potentialAction":[{"@type":"SearchAction","target":{"@type":"EntryPoint","urlTemplate":"https:\/\/bodribor.hu\/?s={search_term_string}"},"query-input":{"@type":"PropertyValueSpecification","valueRequired":true,"valueName":"search_term_string"}}],"inLanguage":"en-US"}]}},"_links":{"self":[{"href":"https:\/\/bodribor.hu\/en\/wp-json\/wp\/v2\/pages\/48623","targetHints":{"allow":["GET"]}}],"collection":[{"href":"https:\/\/bodribor.hu\/en\/wp-json\/wp\/v2\/pages"}],"about":[{"href":"https:\/\/bodribor.hu\/en\/wp-json\/wp\/v2\/types\/page"}],"author":[{"embeddable":true,"href":"https:\/\/bodribor.hu\/en\/wp-json\/wp\/v2\/users\/2"}],"replies":[{"embeddable":true,"href":"https:\/\/bodribor.hu\/en\/wp-json\/wp\/v2\/comments?post=48623"}],"version-history":[{"count":0,"href":"https:\/\/bodribor.hu\/en\/wp-json\/wp\/v2\/pages\/48623\/revisions"}],"wp:attachment":[{"href":"https:\/\/bodribor.hu\/en\/wp-json\/wp\/v2\/media?parent=48623"}],"curies":[{"name":"wp","href":"https:\/\/api.w.org\/{rel}","templated":true}]}}