{"id":48625,"date":"2019-12-29T03:30:58","date_gmt":"2019-12-29T01:30:58","guid":{"rendered":"https:\/\/bodribor.hu\/?page_id=48625"},"modified":"2023-10-30T15:43:44","modified_gmt":"2023-10-30T13:43:44","slug":"wedding-menus","status":"publish","type":"page","link":"https:\/\/bodribor.hu\/en\/wedding-menus\/","title":{"rendered":"Wedding menus"},"content":{"rendered":"<div class=\"wpb-content-wrapper\"><p>[vc_row el_class=&#8221;elsosor&#8221;][vc_column][vc_column_text el_class=&#8221;bevezetoszoveg&#8221;]KIFEJEZETTEN ESK\u00dcV\u0150KRE KIALAK\u00cdTOTT V\u00c1LTOZATOS MEN\u00dcSOROKKAL V\u00c1RUNK BENNETEKET \u00c9S A VELETEK \u00dcNNEPL\u0150 VEND\u00c9-GEITEKET! \u00d6SSZE\u00c1LL\u00cdT\u00c1SAINKBAN A TRADICION\u00c1LIS LAKODALMAS \u00c9TELEKEN T\u00daL, K\u00dcL\u00d6NLEGESS\u00c9GEK, \u201cBODRI\u201d SPECIALIT\u00c1SOK IS SZEREPELNEK, HOGY KIV\u00c1LASZTHASS\u00c1TOK A SZ\u00c1MOTOKRA LEGMEGFELEL\u0150BBET, EZEN AZ IGAZ\u00c1N FONTOS NAPON.<br \/>\n<strong><em>A lakodalomra b\u00e9relt rendezv\u00e9nyterem kiz\u00e1r\u00f3lagos haszn\u00e1lata a t\u00e1rgynapon 15:00 \u00f3r\u00e1t\u00f3l az esk\u00fcv\u0151t k\u00f6vet\u0151 hajnali 04:00-ig. <\/em><\/strong><br \/>\n<em>A LEVES T\u00c1LAKBAN KER\u00dcL FEL A VEND\u00c9GASZTALOKRA, A F\u0150\u00c9TELEKET PEDIG K\u00dcL\u00d6N SV\u00c9DASZTALON SZOLG\u00c1LJUK FEL.<\/em>[\/vc_column_text][\/vc_column][\/vc_row][vc_row][vc_column width=&#8221;1\/2&#8243;][vc_column_text]<\/p>\n<h3 style=\"text-align: left;\">MENU I<\/h3>\n<h4 style=\"text-align: left;\">13 500 HUF\/person<\/h4>\n<p><strong>DINNER:<\/strong><\/p>\n<p>Soup in bowl:<\/p>\n<ul style=\"list-style-type: disc;\">\n<li>Chicken broth (cooked meat in the soup)<\/li>\n<\/ul>\n<p>Buffet menu:<\/p>\n<ul style=\"list-style-type: disc;\">\n<li>Garlic-roasted pork shoulder<\/li>\n<li>chicken thigh Provance style<\/li>\n<li>Pork loin Parisian style<\/li>\n<li>Breaded fried mushrooms, breaded fried cauliflower, breaded cheese<\/li>\n<\/ul>\n<p>o Garnish:<\/p>\n<ul>\n<li>Fresh Parsley potato<\/li>\n<li>Rizi-bizi (boiled rice with peas)<\/li>\n<li>Ratatouille (Roasted vegetables)<\/li>\n<li>Fresh coleslaw<\/li>\n<\/ul>\n<p><strong>MIDNIGHT DINNER IN BUFFET<\/strong><\/p>\n<p>o \u201cBodrikutya\u201d flavoured beef shin stew with small homemade dumplings, pickles from Faluhely and bread baked in a wood-fired oven.<br \/>\no Meat dishes left over from dinner are served cold[\/vc_column_text][\/vc_column][vc_column width=&#8221;1\/2&#8243;][vc_column_text]<\/p>\n<h3 style=\"text-align: left;\">MENU II.<\/h3>\n<h4 style=\"text-align: left;\">14 500 HUF\/person<\/h4>\n<p><strong>DINNER:<\/strong><\/p>\n<p>Soup in bowl:<\/p>\n<ul>\n<li>Chicken broth\u00a0 (cooked meat in the soup)<\/li>\n<\/ul>\n<p>Buffet menu:<\/p>\n<ul style=\"list-style-type: disc;\">\n<li>Crispy duck thigh<\/li>\n<li>Garlic-roasted pork shoulder<\/li>\n<li>Green spices chicken thigh<\/li>\n<li>Breaded-fried pork loin<\/li>\n<li>Breaded fried mushrooms, breaded fried cauliflower, breaded cheese<\/li>\n<\/ul>\n<p>Garnish:<\/p>\n<ul style=\"list-style-type: disc;\">\n<li>Mashed potatoes<\/li>\n<li>Boiled rice<\/li>\n<li>Red cabbage<\/li>\n<li>Fresh coleslaw<\/li>\n<\/ul>\n<p><strong>MIDNIGHT DINNER IN BUFFET:<\/strong><\/p>\n<ul>\n<li>Stuffed cabbage<\/li>\n<li>Greek salad<\/li>\n<li>Meat dishes left over from dinner are served cold<\/li>\n<\/ul>\n<p>[\/vc_column_text][\/vc_column][\/vc_row][vc_row][vc_column width=&#8221;1\/2&#8243;][vc_column_text]<\/p>\n<h3 style=\"text-align: left;\">MENU III.<\/h3>\n<h4 style=\"text-align: left;\">15 500 HUF\/person<\/h4>\n<p><strong>DINNER:<\/strong><\/p>\n<p>Cold starter by plate service:<\/p>\n<ul>\n<li>Veal liver p\u00e2t\u00e9 on a bed of lettuce<\/li>\n<\/ul>\n<p>Soup in bowl:<\/p>\n<ul>\n<li>Chicken broth (cooked meat in the soup)<\/li>\n<\/ul>\n<p>Buffet menu:<\/p>\n<ul>\n<li>Breaded-fried chicken thigh fillet<\/li>\n<li>BBQ pork<\/li>\n<li>Garlic-roasted pork shoulder<\/li>\n<li>Breaded fried mushrooms, breaded fried cauliflower, breaded cheese<\/li>\n<\/ul>\n<p>Garnish:<\/p>\n<ul>\n<li>Fresh parsley potato<\/li>\n<li>Steamed vegetables<\/li>\n<li>Rizi-bizi (boiled rice with peas)<\/li>\n<li>Friss coleslaw<\/li>\n<\/ul>\n<p><strong>MIDNIGHT DINNER IN BUFFET:<\/strong><\/p>\n<ul>\n<li>Stuffed cabbage<\/li>\n<li>Cold salad bar (choice of two dressings)<\/li>\n<li>Meat dishes left over from dinner are served cold<\/li>\n<\/ul>\n<p>[\/vc_column_text][\/vc_column][vc_column width=&#8221;1\/2&#8243;][vc_column_text]<\/p>\n<h3 style=\"text-align: left;\">MENU IV.<\/h3>\n<h4 style=\"text-align: left;\">16 000 HUF\/person<\/h4>\n<p><strong>Soup in bowl:<\/strong><\/p>\n<ul>\n<li>Chicken broth (cooked meat in soup)<\/li>\n<\/ul>\n<p>Buffet menu:<\/p>\n<ul>\n<li>Saint Peter fish fillets with mashed potato and lemon white wine sauce<\/li>\n<li>Blueberry game ragout with forest mushrooms and potato croquette<\/li>\n<li>Vegetable tagliatelle<\/li>\n<li>Sirloin steak with rosemary-cognac sauce<\/li>\n<li>Pork medallions in sesame seed jacket with Ratatouille and jasmine rice<\/li>\n<li>Fresh salad bar (choice of two dressings)<\/li>\n<li>Homemade strudels in various flavours<\/li>\n<\/ul>\n<p><strong>MIDNIGHT DINNER IN BUFFET:<\/strong><\/p>\n<ul>\n<li>Stuffed cabbage<\/li>\n<li>Meat dishes left over from dinner are served cold<\/li>\n<\/ul>\n<p>[\/vc_column_text][\/vc_column][\/vc_row][vc_row][vc_column width=&#8221;1\/2&#8243;][vc_column_text]<\/p>\n<h3 style=\"text-align: left;\">MENU V.<\/h3>\n<h4 style=\"text-align: left;\">16 500 HUF\/person<\/h4>\n<p><strong>DINNER:<\/strong><\/p>\n<p>Cold starter by plate service:<\/p>\n<ul style=\"list-style-type: disc;\">\n<li>Smoked salmon tartare rolled in savoury pancakes on bird salad bed with mango vinaigrette<\/li>\n<\/ul>\n<p>Soup in bowl:<\/p>\n<ul>\n<li>Consomm\u00e9 a\u2019la Royal with egg-jelly<\/li>\n<\/ul>\n<p>Buffet menu:<\/p>\n<ul>\n<li>Pullet breast stuffed with fruits<\/li>\n<li>Rose roasted duck breast with five spice<\/li>\n<li>Filet of pork roasted in pepper bark<\/li>\n<li>Aged sirloin steak with forest mushroom ragout<\/li>\n<li>Roast garlic piglet<\/li>\n<\/ul>\n<p>Garnish:<\/p>\n<ul>\n<li>Rice with green olives<\/li>\n<li>Seasoned, grilled vegetables<\/li>\n<li>Fresh parsley potatoes<\/li>\n<li>Fresh coleslaw<\/li>\n<\/ul>\n<p><strong>MIDNIGHT DINNER IN BUFFET:<br \/>\n<\/strong><\/p>\n<ul>\n<li>Braised venison\u00a0 in a piquant brown sauce with bread dumplings<\/li>\n<li>Cold salad bar (choice of two dressings)<\/li>\n<li>Meat dishes left over from dinner are served cold<\/li>\n<\/ul>\n<p>[\/vc_column_text][\/vc_column][vc_column width=&#8221;1\/2&#8243;][\/vc_column][\/vc_row][vc_row el_class=&#8221;nagy semi&#8221;][vc_column][vc_column_text]<\/p>\n<h4>OTHER INFORMATION:<\/h4>\n<p>Child concession: Free up to 5 years of age, for 6-12-year-old children 50%.<br \/>\n<em>All left-overs from wedding dinners can be taken away free of charge, early the following morning.<br \/>\n<\/em><em>However, large sealable dishes, plastic or foam boxes must be brought to the restaurant the previous day. <\/em><\/p>\n<p>[\/vc_column_text][\/vc_column][\/vc_row][vc_row el_class=&#8221;nagy&#8221;][vc_column][vc_column_text]<\/p>\n<h4>BEVERAGE PACKAGE:<\/h4>\n<p>[\/vc_column_text][\/vc_column][\/vc_row][vc_row el_class=&#8221;kicsi semi&#8221;][vc_column width=&#8221;1\/2&#8243;][vc_column_text]Non-sparkling mineral water<br \/>\nCoca-Cola 0,25l<br \/>\nCoca-Cola Zero 0,25l<br \/>\nOrange, lemon, tonic water, ginger ale 0,25l<br \/>\nApple juice 100%<br \/>\nPeach nectar 50%<br \/>\nCoffee, cappuccino<br \/>\nHeineken draft beer[\/vc_column_text][\/vc_column][vc_column width=&#8221;1\/2&#8243;][vc_column_text]Alcohol free beer<br \/>\nBodri palinkas<br \/>\nBodri Bedded Grape Marc P\u00e1linka,<br \/>\nBodri red wine (bottled)<br \/>\nBodri white wine (bottled)<br \/>\nBodri ros\u00e9 (bottled)[\/vc_column_text][\/vc_column][\/vc_row][vc_row el_class=&#8221;semi&#8221;][vc_column][vc_column_text el_class=&#8221;brutto&#8221;]<em>Gross price per person:<\/em> with unlimited beverage consumption for the duration of the event <strong>14 500 HUF\/person<\/strong><strong><br \/>\n<\/strong>[\/vc_column_text][vc_column_text el_class=&#8221;alsosor&#8221;]Currently there are four guest houses with 23 guestrooms and 9 luxury apartments capable of accommodating 85 people all together; accompanied by a security guarded car park.<\/p>\n<p>We are also able to recommend the services of reliable local businesses should you require a florist, musicians, a videographer or a photographer.<br \/>\nIf you have any further questions or wishes, do not hesitate to contact us.<br \/>\nEnquiries: vendeglatas@bodribor.hu or + 36 74 67 67 00[\/vc_column_text][\/vc_column][\/vc_row]<\/p>\n<\/div>","protected":false},"excerpt":{"rendered":"<p>[vc_row el_class=&#8221;elsosor&#8221;][vc_column][vc_column_text el_class=&#8221;bevezetoszoveg&#8221;]KIFEJEZETTEN ESK\u00dcV\u0150KRE KIALAK\u00cdTOTT V\u00c1LTOZATOS MEN\u00dcSOROKKAL V\u00c1RUNK BENNETEKET \u00c9S A VELETEK \u00dcNNEPL\u0150 VEND\u00c9-GEITEKET! \u00d6SSZE\u00c1LL\u00cdT\u00c1SAINKBAN A TRADICION\u00c1LIS LAKODALMAS \u00c9TELEKEN T\u00daL, K\u00dcL\u00d6NLEGESS\u00c9GEK, \u201cBODRI\u201d SPECIALIT\u00c1SOK IS SZEREPELNEK, HOGY KIV\u00c1LASZTHASS\u00c1TOK A SZ\u00c1MOTOKRA LEGMEGFELEL\u0150BBET, EZEN AZ IGAZ\u00c1N FONTOS NAPON. A lakodalomra b\u00e9relt rendezv\u00e9nyterem kiz\u00e1r\u00f3lagos haszn\u00e1lata a t\u00e1rgynapon 15:00 \u00f3r\u00e1t\u00f3l az esk\u00fcv\u0151t k\u00f6vet\u0151 hajnali 04:00-ig. A LEVES T\u00c1LAKBAN KER\u00dcL FEL A VEND\u00c9GASZTALOKRA, A F\u0150\u00c9TELEKET PEDIG K\u00dcL\u00d6N SV\u00c9DASZTALON SZOLG\u00c1LJUK FEL.[\/vc_column_text][\/vc_column][\/vc_row][vc_row][vc_column width=&#8221;1\/2&#8243;][vc_column_text] MENU I 13 500 HUF\/person DINNER: Soup in bowl: Chicken broth (cooked meat in the soup) Buffet menu: Garlic-roasted pork shoulder chicken thigh Provance style Pork loin Parisian style Breaded fried mushrooms, breaded fried cauliflower, breaded cheese o Garnish: Fresh Parsley potato Rizi-bizi (boiled rice with peas) Ratatouille (Roasted vegetables) Fresh coleslaw MIDNIGHT DINNER IN BUFFET o \u201cBodrikutya\u201d flavoured beef shin stew with small homemade dumplings, pickles from Faluhely and bread baked in a wood-fired oven. o Meat dishes left over from dinner are served cold[\/vc_column_text][\/vc_column][vc_column width=&#8221;1\/2&#8243;][vc_column_text] MENU II. 14 500 HUF\/person DINNER: Soup in bowl: Chicken broth\u00a0 (cooked meat in the soup) Buffet menu: Crispy duck thigh Garlic-roasted pork shoulder Green spices chicken thigh Breaded-fried pork loin Breaded fried mushrooms, breaded fried cauliflower, breaded cheese Garnish: Mashed potatoes Boiled rice Red cabbage Fresh coleslaw<span class=\"excerpt-hellip\"> [\u2026]<\/span><\/p>\n","protected":false},"author":2,"featured_media":0,"parent":0,"menu_order":0,"comment_status":"closed","ping_status":"closed","template":"","meta":{"_acf_changed":false,"footnotes":""},"class_list":["post-48625","page","type-page","status-publish","hentry"],"acf":[],"yoast_head":"<!-- This site is optimized with the Yoast SEO Premium plugin v26.7 (Yoast SEO v27.0) - https:\/\/yoast.com\/product\/yoast-seo-premium-wordpress\/ -->\n<title>Wedding menus - Bodri Pinc\u00e9szet, Szeksz\u00e1rd<\/title>\n<meta name=\"robots\" content=\"index, follow, max-snippet:-1, max-image-preview:large, max-video-preview:-1\" \/>\n<link rel=\"canonical\" href=\"https:\/\/bodribor.hu\/en\/wedding-menus\/\" \/>\n<meta property=\"og:locale\" content=\"en_US\" \/>\n<meta property=\"og:type\" content=\"article\" \/>\n<meta property=\"og:title\" content=\"Wedding menus\" \/>\n<meta property=\"og:description\" content=\"[vc_row el_class=&#8221;elsosor&#8221;][vc_column][vc_column_text el_class=&#8221;bevezetoszoveg&#8221;]KIFEJEZETTEN ESK\u00dcV\u0150KRE KIALAK\u00cdTOTT V\u00c1LTOZATOS MEN\u00dcSOROKKAL V\u00c1RUNK BENNETEKET \u00c9S A VELETEK \u00dcNNEPL\u0150 VEND\u00c9-GEITEKET! \u00d6SSZE\u00c1LL\u00cdT\u00c1SAINKBAN A TRADICION\u00c1LIS LAKODALMAS \u00c9TELEKEN T\u00daL, K\u00dcL\u00d6NLEGESS\u00c9GEK, \u201cBODRI\u201d SPECIALIT\u00c1SOK IS SZEREPELNEK, HOGY KIV\u00c1LASZTHASS\u00c1TOK A SZ\u00c1MOTOKRA LEGMEGFELEL\u0150BBET, EZEN AZ IGAZ\u00c1N FONTOS NAPON. A lakodalomra b\u00e9relt rendezv\u00e9nyterem kiz\u00e1r\u00f3lagos haszn\u00e1lata a t\u00e1rgynapon 15:00 \u00f3r\u00e1t\u00f3l az esk\u00fcv\u0151t k\u00f6vet\u0151 hajnali 04:00-ig. A LEVES T\u00c1LAKBAN KER\u00dcL FEL A VEND\u00c9GASZTALOKRA, A F\u0150\u00c9TELEKET PEDIG K\u00dcL\u00d6N SV\u00c9DASZTALON SZOLG\u00c1LJUK FEL.[\/vc_column_text][\/vc_column][\/vc_row][vc_row][vc_column width=&#8221;1\/2&#8243;][vc_column_text] MENU I 13 500 HUF\/person DINNER: Soup in bowl: Chicken broth (cooked meat in the soup) Buffet menu: Garlic-roasted pork shoulder chicken thigh Provance style Pork loin Parisian style Breaded fried mushrooms, breaded fried cauliflower, breaded cheese o Garnish: Fresh Parsley potato Rizi-bizi (boiled rice with peas) Ratatouille (Roasted vegetables) Fresh coleslaw MIDNIGHT DINNER IN BUFFET o \u201cBodrikutya\u201d flavoured beef shin stew with small homemade dumplings, pickles from Faluhely and bread baked in a wood-fired oven. o Meat dishes left over from dinner are served cold[\/vc_column_text][\/vc_column][vc_column width=&#8221;1\/2&#8243;][vc_column_text] MENU II. 14 500 HUF\/person DINNER: Soup in bowl: Chicken broth\u00a0 (cooked meat in the soup) Buffet menu: Crispy duck thigh Garlic-roasted pork shoulder Green spices chicken thigh Breaded-fried pork loin Breaded fried mushrooms, breaded fried cauliflower, breaded cheese Garnish: Mashed potatoes Boiled rice Red cabbage Fresh coleslaw [\u2026]\" \/>\n<meta property=\"og:url\" content=\"https:\/\/bodribor.hu\/en\/wedding-menus\/\" \/>\n<meta property=\"og:site_name\" content=\"Bodri Pinc\u00e9szet, Szeksz\u00e1rd\" \/>\n<meta property=\"article:modified_time\" content=\"2023-10-30T13:43:44+00:00\" \/>\n<meta name=\"twitter:card\" content=\"summary_large_image\" \/>\n<meta name=\"twitter:label1\" content=\"Est. reading time\" \/>\n\t<meta name=\"twitter:data1\" content=\"4 minutes\" \/>\n<script type=\"application\/ld+json\" class=\"yoast-schema-graph\">{\"@context\":\"https:\/\/schema.org\",\"@graph\":[{\"@type\":\"WebPage\",\"@id\":\"https:\/\/bodribor.hu\/en\/wedding-menus\/\",\"url\":\"https:\/\/bodribor.hu\/en\/wedding-menus\/\",\"name\":\"Wedding menus - Bodri Pinc\u00e9szet, Szeksz\u00e1rd\",\"isPartOf\":{\"@id\":\"https:\/\/bodribor.hu\/#website\"},\"datePublished\":\"2019-12-29T01:30:58+00:00\",\"dateModified\":\"2023-10-30T13:43:44+00:00\",\"breadcrumb\":{\"@id\":\"https:\/\/bodribor.hu\/en\/wedding-menus\/#breadcrumb\"},\"inLanguage\":\"en-US\",\"potentialAction\":[{\"@type\":\"ReadAction\",\"target\":[\"https:\/\/bodribor.hu\/en\/wedding-menus\/\"]}]},{\"@type\":\"BreadcrumbList\",\"@id\":\"https:\/\/bodribor.hu\/en\/wedding-menus\/#breadcrumb\",\"itemListElement\":[{\"@type\":\"ListItem\",\"position\":1,\"name\":\"Bodribor\",\"item\":\"https:\/\/bodribor.hu\/en\/homepage-2\/\"},{\"@type\":\"ListItem\",\"position\":2,\"name\":\"Wedding menus\"}]},{\"@type\":\"WebSite\",\"@id\":\"https:\/\/bodribor.hu\/#website\",\"url\":\"https:\/\/bodribor.hu\/\",\"name\":\"Bodri Pinc\u00e9szet, Szeksz\u00e1rd\",\"description\":\"Szeksz\u00e1rd d\u00e9li hat\u00e1r\u00e1ban, a fest\u0151i sz\u00e9ps\u00e9g\u0171 Faluhely-d\u0171l\u0151ben tal\u00e1lhat\u00f3 a Bodri Birtok, melyet egy \u00f6n\u00e1ll\u00f3 kis vil\u00e1gnak tekinthet\u00fcnk.\",\"potentialAction\":[{\"@type\":\"SearchAction\",\"target\":{\"@type\":\"EntryPoint\",\"urlTemplate\":\"https:\/\/bodribor.hu\/?s={search_term_string}\"},\"query-input\":{\"@type\":\"PropertyValueSpecification\",\"valueRequired\":true,\"valueName\":\"search_term_string\"}}],\"inLanguage\":\"en-US\"}]}<\/script>\n<!-- \/ Yoast SEO Premium plugin. -->","yoast_head_json":{"title":"Wedding menus - Bodri Pinc\u00e9szet, Szeksz\u00e1rd","robots":{"index":"index","follow":"follow","max-snippet":"max-snippet:-1","max-image-preview":"max-image-preview:large","max-video-preview":"max-video-preview:-1"},"canonical":"https:\/\/bodribor.hu\/en\/wedding-menus\/","og_locale":"en_US","og_type":"article","og_title":"Wedding menus","og_description":"[vc_row el_class=&#8221;elsosor&#8221;][vc_column][vc_column_text el_class=&#8221;bevezetoszoveg&#8221;]KIFEJEZETTEN ESK\u00dcV\u0150KRE KIALAK\u00cdTOTT V\u00c1LTOZATOS MEN\u00dcSOROKKAL V\u00c1RUNK BENNETEKET \u00c9S A VELETEK \u00dcNNEPL\u0150 VEND\u00c9-GEITEKET! \u00d6SSZE\u00c1LL\u00cdT\u00c1SAINKBAN A TRADICION\u00c1LIS LAKODALMAS \u00c9TELEKEN T\u00daL, K\u00dcL\u00d6NLEGESS\u00c9GEK, \u201cBODRI\u201d SPECIALIT\u00c1SOK IS SZEREPELNEK, HOGY KIV\u00c1LASZTHASS\u00c1TOK A SZ\u00c1MOTOKRA LEGMEGFELEL\u0150BBET, EZEN AZ IGAZ\u00c1N FONTOS NAPON. A lakodalomra b\u00e9relt rendezv\u00e9nyterem kiz\u00e1r\u00f3lagos haszn\u00e1lata a t\u00e1rgynapon 15:00 \u00f3r\u00e1t\u00f3l az esk\u00fcv\u0151t k\u00f6vet\u0151 hajnali 04:00-ig. A LEVES T\u00c1LAKBAN KER\u00dcL FEL A VEND\u00c9GASZTALOKRA, A F\u0150\u00c9TELEKET PEDIG K\u00dcL\u00d6N SV\u00c9DASZTALON SZOLG\u00c1LJUK FEL.[\/vc_column_text][\/vc_column][\/vc_row][vc_row][vc_column width=&#8221;1\/2&#8243;][vc_column_text] MENU I 13 500 HUF\/person DINNER: Soup in bowl: Chicken broth (cooked meat in the soup) Buffet menu: Garlic-roasted pork shoulder chicken thigh Provance style Pork loin Parisian style Breaded fried mushrooms, breaded fried cauliflower, breaded cheese o Garnish: Fresh Parsley potato Rizi-bizi (boiled rice with peas) Ratatouille (Roasted vegetables) Fresh coleslaw MIDNIGHT DINNER IN BUFFET o \u201cBodrikutya\u201d flavoured beef shin stew with small homemade dumplings, pickles from Faluhely and bread baked in a wood-fired oven. o Meat dishes left over from dinner are served cold[\/vc_column_text][\/vc_column][vc_column width=&#8221;1\/2&#8243;][vc_column_text] MENU II. 14 500 HUF\/person DINNER: Soup in bowl: Chicken broth\u00a0 (cooked meat in the soup) Buffet menu: Crispy duck thigh Garlic-roasted pork shoulder Green spices chicken thigh Breaded-fried pork loin Breaded fried mushrooms, breaded fried cauliflower, breaded cheese Garnish: Mashed potatoes Boiled rice Red cabbage Fresh coleslaw [\u2026]","og_url":"https:\/\/bodribor.hu\/en\/wedding-menus\/","og_site_name":"Bodri Pinc\u00e9szet, Szeksz\u00e1rd","article_modified_time":"2023-10-30T13:43:44+00:00","twitter_card":"summary_large_image","twitter_misc":{"Est. reading time":"4 minutes"},"schema":{"@context":"https:\/\/schema.org","@graph":[{"@type":"WebPage","@id":"https:\/\/bodribor.hu\/en\/wedding-menus\/","url":"https:\/\/bodribor.hu\/en\/wedding-menus\/","name":"Wedding menus - Bodri Pinc\u00e9szet, Szeksz\u00e1rd","isPartOf":{"@id":"https:\/\/bodribor.hu\/#website"},"datePublished":"2019-12-29T01:30:58+00:00","dateModified":"2023-10-30T13:43:44+00:00","breadcrumb":{"@id":"https:\/\/bodribor.hu\/en\/wedding-menus\/#breadcrumb"},"inLanguage":"en-US","potentialAction":[{"@type":"ReadAction","target":["https:\/\/bodribor.hu\/en\/wedding-menus\/"]}]},{"@type":"BreadcrumbList","@id":"https:\/\/bodribor.hu\/en\/wedding-menus\/#breadcrumb","itemListElement":[{"@type":"ListItem","position":1,"name":"Bodribor","item":"https:\/\/bodribor.hu\/en\/homepage-2\/"},{"@type":"ListItem","position":2,"name":"Wedding menus"}]},{"@type":"WebSite","@id":"https:\/\/bodribor.hu\/#website","url":"https:\/\/bodribor.hu\/","name":"Bodri Pinc\u00e9szet, Szeksz\u00e1rd","description":"Szeksz\u00e1rd d\u00e9li hat\u00e1r\u00e1ban, a fest\u0151i sz\u00e9ps\u00e9g\u0171 Faluhely-d\u0171l\u0151ben tal\u00e1lhat\u00f3 a Bodri Birtok, melyet egy \u00f6n\u00e1ll\u00f3 kis vil\u00e1gnak tekinthet\u00fcnk.","potentialAction":[{"@type":"SearchAction","target":{"@type":"EntryPoint","urlTemplate":"https:\/\/bodribor.hu\/?s={search_term_string}"},"query-input":{"@type":"PropertyValueSpecification","valueRequired":true,"valueName":"search_term_string"}}],"inLanguage":"en-US"}]}},"_links":{"self":[{"href":"https:\/\/bodribor.hu\/en\/wp-json\/wp\/v2\/pages\/48625","targetHints":{"allow":["GET"]}}],"collection":[{"href":"https:\/\/bodribor.hu\/en\/wp-json\/wp\/v2\/pages"}],"about":[{"href":"https:\/\/bodribor.hu\/en\/wp-json\/wp\/v2\/types\/page"}],"author":[{"embeddable":true,"href":"https:\/\/bodribor.hu\/en\/wp-json\/wp\/v2\/users\/2"}],"replies":[{"embeddable":true,"href":"https:\/\/bodribor.hu\/en\/wp-json\/wp\/v2\/comments?post=48625"}],"version-history":[{"count":0,"href":"https:\/\/bodribor.hu\/en\/wp-json\/wp\/v2\/pages\/48625\/revisions"}],"wp:attachment":[{"href":"https:\/\/bodribor.hu\/en\/wp-json\/wp\/v2\/media?parent=48625"}],"curies":[{"name":"wp","href":"https:\/\/api.w.org\/{rel}","templated":true}]}}