{"id":48627,"date":"2019-12-29T03:42:58","date_gmt":"2019-12-29T01:42:58","guid":{"rendered":"https:\/\/bodribor.hu\/?page_id=48627"},"modified":"2022-08-31T11:57:37","modified_gmt":"2022-08-31T09:57:37","slug":"conferences","status":"publish","type":"page","link":"https:\/\/bodribor.hu\/en\/conferences\/","title":{"rendered":"Conferences"},"content":{"rendered":"<div class=\"wpb-content-wrapper\"><p>[vc_row el_class=&#8221;elsosor&#8221;][vc_column][vc_column_text el_class=&#8221;elsosor&#8221;]The function room is equipped with a state-of-the-art HVAC apparatus, which continuously exchanges and refreshes the air at the desired temperature.<br \/>\nThe reception area of our large function room is suitable for receiving guests as well as placing stands there.<\/p>\n<p>&nbsp;<\/p>\n<p>Our winery\u2019s skilled and creative event management team is available to help you and your revered company at your convenience<br \/>\nDuring the breaks of professional events, we offer participants OPTIMUS coffee specialities, cold refreshments, freshly baked small pastries or cookies, various fruit and assorted cold platter, tailored to individual tastes and based upon prior arrangement.<\/p>\n<p>&nbsp;<\/p>\n<p><span class=\"nagy\" style=\"font-size: 24pt;\">Simplified event catering: gross <strong>2850 HUF\/person<\/strong><\/span><br \/>\n<span class=\"nagy\" style=\"font-size: 24pt;\">Extended event catering: gross <strong>3300 HUF\/person<\/strong><\/span>[\/vc_column_text][\/vc_column][\/vc_row][vc_row el_class=&#8221;technical&#8221;][vc_column][vc_column_text]<\/p>\n<h2 style=\"text-align: center;\">TECHNICAL EQUIPMENT<\/h2>\n<p>[\/vc_column_text][\/vc_column][vc_column width=&#8221;1\/6&#8243;][vc_single_image image=&#8221;35045&#8243; img_size=&#8221;full&#8221; alignment=&#8221;center&#8221; css_animation=&#8221;fadeIn&#8221;][vc_column_text el_class=&#8221;fel30&#8243;]<\/p>\n<h4 style=\"text-align: center;\">Overhead projector, projector screen<\/h4>\n<p>[\/vc_column_text][\/vc_column][vc_column width=&#8221;1\/6&#8243;][vc_single_image image=&#8221;35040&#8243; img_size=&#8221;full&#8221; alignment=&#8221;center&#8221; css_animation=&#8221;fadeIn&#8221;][vc_column_text el_class=&#8221;fel30&#8243;]<\/p>\n<h4 style=\"text-align: center;\">Unlimited use of wifi internet connection<\/h4>\n<p>[\/vc_column_text][\/vc_column][vc_column width=&#8221;1\/6&#8243;][vc_single_image image=&#8221;35016&#8243; img_size=&#8221;full&#8221; alignment=&#8221;center&#8221; css_animation=&#8221;fadeIn&#8221;][vc_column_text el_class=&#8221;fel30&#8243;]<\/p>\n<h4 style=\"text-align: center;\">A complete built-in cellar amplification system<\/h4>\n<p>[\/vc_column_text][\/vc_column][vc_column width=&#8221;1\/6&#8243;][vc_single_image image=&#8221;35021&#8243; img_size=&#8221;full&#8221; alignment=&#8221;center&#8221; css_animation=&#8221;fadeIn&#8221;][vc_column_text el_class=&#8221;fel30&#8243;]<\/p>\n<h4 style=\"text-align: center;\">Portable microphone<\/h4>\n<p>[\/vc_column_text][\/vc_column][vc_column width=&#8221;1\/6&#8243;][vc_single_image image=&#8221;35050&#8243; img_size=&#8221;full&#8221; alignment=&#8221;center&#8221; css_animation=&#8221;fadeIn&#8221;][vc_column_text el_class=&#8221;fel30&#8243;]<\/p>\n<h4 style=\"text-align: center;\">Flipchart<\/h4>\n<p>[\/vc_column_text][\/vc_column][\/vc_row][vc_row el_id=&#8221;nagytablazat&#8221;][vc_column][vc_column_text]<\/p>\n<h2 style=\"text-align: center;\">VENUES<\/h2>\n<table style=\"height: 429px;\">\n<tbody>\n<tr style=\"height: 48px;\">\n<td style=\"width: 243px; height: 48px;\">FUNCTION ROOMS<\/td>\n<td style=\"width: 79.34px; height: 48px;\">FLOOR AREA<\/td>\n<td style=\"width: 103px; height: 48px;\">SEATED ARRANGEMENT IN ROWS<\/td>\n<td style=\"width: 89px; height: 48px;\">RECEPTIONS<\/td>\n<td style=\"width: 106px; height: 48px;\">SEATED RECEPTIONS<\/td>\n<\/tr>\n<tr style=\"height: 24px;\">\n<td style=\"width: 243px; height: 24px;\">Grand cellar:<\/td>\n<td style=\"width: 79.34px; height: 24px;\"><em>1800 m\u00b2<\/em><\/td>\n<td style=\"width: 103px; height: 24px;\"><em>300 persons<\/em><\/td>\n<td style=\"width: 89px; height: 24px;\"><em>400 persons<\/em><\/td>\n<td style=\"width: 106px; height: 24px;\"><em>300 persons<\/em><\/td>\n<\/tr>\n<tr style=\"height: 23px;\">\n<td style=\"width: 243px; height: 23px;\">Section 1<\/td>\n<td style=\"width: 79.34px; height: 23px;\"><em>\u00a0<\/em><\/td>\n<td style=\"width: 103px; height: 23px;\"><em>100 persons<\/em><\/td>\n<td style=\"width: 89px; height: 23px;\"><em>130 persons<\/em><\/td>\n<td style=\"width: 106px; height: 23px;\"><em>100 persons<\/em><\/td>\n<\/tr>\n<tr style=\"height: 24px;\">\n<td style=\"width: 243px; height: 24px;\">Section 2<\/td>\n<td style=\"width: 79.34px; height: 24px;\"><em>\u00a0<\/em><\/td>\n<td style=\"width: 103px; height: 24px;\"><em>100 persons<\/em><\/td>\n<td style=\"width: 89px; height: 24px;\"><em>130 persons<\/em><\/td>\n<td style=\"width: 106px; height: 24px;\"><em>100 persons<\/em><\/td>\n<\/tr>\n<tr style=\"height: 24px;\">\n<td style=\"width: 243px; height: 24px;\">Section 1-2<\/td>\n<td style=\"width: 79.34px; height: 24px;\"><em>\u00a0<\/em><\/td>\n<td style=\"width: 103px; height: 24px;\"><em>200 persons<\/em><\/td>\n<td style=\"width: 89px; height: 24px;\"><em>260 persons<\/em><\/td>\n<td style=\"width: 106px; height: 24px;\"><em>200 persons<\/em><\/td>\n<\/tr>\n<tr style=\"height: 24px;\">\n<td style=\"width: 243px; height: 24px;\">Section 3<\/td>\n<td style=\"width: 79.34px; height: 24px;\"><em>\u00a0<\/em><\/td>\n<td style=\"width: 103px; height: 24px;\"><em>100 persons<\/em><\/td>\n<td style=\"width: 89px; height: 24px;\"><em>130 persons<\/em><\/td>\n<td style=\"width: 106px; height: 24px;\"><em>100 persons<\/em><\/td>\n<\/tr>\n<tr style=\"height: 23px;\">\n<td style=\"width: 243px; height: 23px;\">Rustic wine- tasting room<\/td>\n<td style=\"width: 79.34px; height: 23px;\"><em>80 m\u00b2<br \/>\n<\/em><\/td>\n<td style=\"width: 103px; height: 23px;\"><em>&#8211;<br \/>\n<\/em><\/td>\n<td style=\"width: 89px; height: 23px;\"><em>40 persons<\/em><\/td>\n<td style=\"width: 106px; height: 23px;\"><em>30 persons<\/em><\/td>\n<\/tr>\n<tr style=\"height: 24px;\">\n<td style=\"width: 243px; height: 24px;\">Chapel room<\/td>\n<td style=\"width: 79.34px; height: 24px;\"><em>150 m\u00b2<\/em><\/td>\n<td style=\"width: 103px; height: 24px;\"><em>80 persons<\/em><\/td>\n<td style=\"width: 89px; height: 24px;\"><em>80 persons<\/em><\/td>\n<td style=\"width: 106px; height: 24px;\"><em>80 persons<\/em><\/td>\n<\/tr>\n<tr style=\"height: 24px;\">\n<td style=\"width: 243px; height: 24px;\">OPTIMUS Restaurant<\/td>\n<td style=\"width: 79.34px; height: 24px;\"><em>60 m\u00b2<\/em><\/td>\n<td style=\"width: 103px; height: 24px;\"><em>50 persons<\/em><\/td>\n<td style=\"width: 89px; height: 24px;\"><em>80 persons<\/em><\/td>\n<td style=\"width: 106px; height: 24px;\"><em>40 persons<\/em><\/td>\n<\/tr>\n<tr style=\"height: 24px;\">\n<td style=\"width: 243px; height: 24px;\">Glass-wall, heated grill terrace<\/td>\n<td style=\"width: 79.34px; height: 24px;\"><em>60 m\u00b2<\/em><\/td>\n<td style=\"width: 103px; height: 24px;\"><em>40 persons<\/em><\/td>\n<td style=\"width: 89px; height: 24px;\"><em>50 persons<\/em><\/td>\n<td style=\"width: 106px; height: 24px;\"><em>40 persons<\/em><\/td>\n<\/tr>\n<tr style=\"height: 23px;\">\n<td style=\"width: 243px; height: 23px;\">Ros\u00e9 terrace<\/td>\n<td style=\"width: 79.34px; height: 23px;\"><em>120 m\u00b2<\/em><\/td>\n<td style=\"width: 103px; height: 23px;\"><em>100 persons<\/em><\/td>\n<td style=\"width: 89px; height: 23px;\"><em>100 persons<\/em><\/td>\n<td style=\"width: 106px; height: 23px;\"><em>60 persons<\/em><\/td>\n<\/tr>\n<tr style=\"height: 24px;\">\n<td style=\"width: 243px; height: 24px;\">Terrace with folding cover<\/td>\n<td style=\"width: 79.34px; height: 24px;\"><em>50 m\u00b2<\/em><\/td>\n<td style=\"width: 103px; height: 24px;\"><em>&#8211;<\/em><\/td>\n<td style=\"width: 89px; height: 24px;\"><em>&#8211;<\/em><\/td>\n<td style=\"width: 106px; height: 24px;\"><em>40 persons<\/em><\/td>\n<\/tr>\n<tr style=\"height: 24px;\">\n<td style=\"width: 243px; height: 24px;\">Panoramic terrace<\/td>\n<td style=\"width: 79.34px; height: 24px;\"><em>130 m\u00b2<\/em><\/td>\n<td style=\"width: 103px; height: 24px;\"><em>100 persons<\/em><\/td>\n<td style=\"width: 89px; height: 24px;\"><em>150 persons<\/em><\/td>\n<td style=\"width: 106px; height: 24px;\"><em>96 persons<\/em><\/td>\n<\/tr>\n<tr style=\"height: 24px;\">\n<td style=\"width: 243px; height: 24px;\">Optimus coffee terrace<\/td>\n<td style=\"width: 79.34px; height: 24px;\"><em>130 m\u00b2<\/em><\/td>\n<td style=\"width: 103px; height: 24px;\"><em>&#8211;<br \/>\n<\/em><\/td>\n<td style=\"width: 89px; height: 24px;\"><em>80 persons<br \/>\n<\/em><\/td>\n<td style=\"width: 106px; height: 24px;\"><em>80 persons<br \/>\n<\/em><\/td>\n<\/tr>\n<tr style=\"height: 48px;\">\n<td style=\"width: 243px; height: 48px;\">The lobby of the guest house by the pond<\/td>\n<td style=\"width: 79.34px; height: 48px;\"><em>\u00a0<\/em><\/td>\n<td style=\"width: 103px; height: 48px;\"><em>30 persons<\/em><\/td>\n<td style=\"width: 89px; height: 48px;\"><em>&#8211;<\/em><\/td>\n<td style=\"width: 106px; height: 48px;\"><em>20 persons<\/em><\/td>\n<\/tr>\n<\/tbody>\n<\/table>\n<p>[\/vc_column_text][\/vc_column][\/vc_row]<\/p>\n<\/div>","protected":false},"excerpt":{"rendered":"<p>[vc_row el_class=&#8221;elsosor&#8221;][vc_column][vc_column_text el_class=&#8221;elsosor&#8221;]The function room is equipped with a state-of-the-art HVAC apparatus, which continuously exchanges and refreshes the air at the desired temperature. The reception area of our large function room is suitable for receiving guests as well as placing stands there. &nbsp; Our winery\u2019s skilled and creative event management team is available to help you and your revered company at your convenience During the breaks of professional events, we offer participants OPTIMUS coffee specialities, cold refreshments, freshly baked small pastries or cookies, various fruit and assorted cold platter, tailored to individual tastes and based upon prior arrangement. &nbsp; Simplified event catering: gross 2850 HUF\/person Extended event catering: gross 3300 HUF\/person[\/vc_column_text][\/vc_column][\/vc_row][vc_row el_class=&#8221;technical&#8221;][vc_column][vc_column_text] TECHNICAL EQUIPMENT [\/vc_column_text][\/vc_column][vc_column width=&#8221;1\/6&#8243;][vc_single_image image=&#8221;35045&#8243; img_size=&#8221;full&#8221; alignment=&#8221;center&#8221; css_animation=&#8221;fadeIn&#8221;][vc_column_text el_class=&#8221;fel30&#8243;] Overhead projector, projector screen [\/vc_column_text][\/vc_column][vc_column width=&#8221;1\/6&#8243;][vc_single_image image=&#8221;35040&#8243; img_size=&#8221;full&#8221; alignment=&#8221;center&#8221; css_animation=&#8221;fadeIn&#8221;][vc_column_text el_class=&#8221;fel30&#8243;] Unlimited use of wifi internet connection [\/vc_column_text][\/vc_column][vc_column width=&#8221;1\/6&#8243;][vc_single_image image=&#8221;35016&#8243; img_size=&#8221;full&#8221; alignment=&#8221;center&#8221; css_animation=&#8221;fadeIn&#8221;][vc_column_text el_class=&#8221;fel30&#8243;] A complete built-in cellar amplification system [\/vc_column_text][\/vc_column][vc_column width=&#8221;1\/6&#8243;][vc_single_image image=&#8221;35021&#8243; img_size=&#8221;full&#8221; alignment=&#8221;center&#8221; css_animation=&#8221;fadeIn&#8221;][vc_column_text el_class=&#8221;fel30&#8243;] Portable microphone [\/vc_column_text][\/vc_column][vc_column width=&#8221;1\/6&#8243;][vc_single_image image=&#8221;35050&#8243; img_size=&#8221;full&#8221; alignment=&#8221;center&#8221; css_animation=&#8221;fadeIn&#8221;][vc_column_text el_class=&#8221;fel30&#8243;] Flipchart [\/vc_column_text][\/vc_column][\/vc_row][vc_row el_id=&#8221;nagytablazat&#8221;][vc_column][vc_column_text] VENUES FUNCTION ROOMS FLOOR AREA SEATED ARRANGEMENT IN ROWS RECEPTIONS SEATED RECEPTIONS Grand cellar: 1800 m\u00b2 300 persons 400 persons 300 persons Section 1 \u00a0 100 persons 130 persons 100<span class=\"excerpt-hellip\"> [\u2026]<\/span><\/p>\n","protected":false},"author":2,"featured_media":0,"parent":0,"menu_order":0,"comment_status":"closed","ping_status":"closed","template":"","meta":{"_acf_changed":false,"footnotes":""},"class_list":["post-48627","page","type-page","status-publish","hentry"],"acf":[],"yoast_head":"<!-- This site is optimized with the Yoast SEO Premium plugin v26.7 (Yoast SEO v27.0) - https:\/\/yoast.com\/product\/yoast-seo-premium-wordpress\/ -->\n<title>Conferences - Bodri Pinc\u00e9szet, Szeksz\u00e1rd<\/title>\n<meta name=\"robots\" content=\"index, follow, max-snippet:-1, max-image-preview:large, max-video-preview:-1\" \/>\n<link rel=\"canonical\" href=\"https:\/\/bodribor.hu\/en\/conferences\/\" \/>\n<meta property=\"og:locale\" content=\"en_US\" \/>\n<meta property=\"og:type\" content=\"article\" \/>\n<meta property=\"og:title\" content=\"Conferences\" \/>\n<meta property=\"og:description\" content=\"[vc_row el_class=&#8221;elsosor&#8221;][vc_column][vc_column_text el_class=&#8221;elsosor&#8221;]The function room is equipped with a state-of-the-art HVAC apparatus, which continuously exchanges and refreshes the air at the desired temperature. The reception area of our large function room is suitable for receiving guests as well as placing stands there. &nbsp; Our winery\u2019s skilled and creative event management team is available to help you and your revered company at your convenience During the breaks of professional events, we offer participants OPTIMUS coffee specialities, cold refreshments, freshly baked small pastries or cookies, various fruit and assorted cold platter, tailored to individual tastes and based upon prior arrangement. &nbsp; Simplified event catering: gross 2850 HUF\/person Extended event catering: gross 3300 HUF\/person[\/vc_column_text][\/vc_column][\/vc_row][vc_row el_class=&#8221;technical&#8221;][vc_column][vc_column_text] TECHNICAL EQUIPMENT [\/vc_column_text][\/vc_column][vc_column width=&#8221;1\/6&#8243;][vc_single_image image=&#8221;35045&#8243; img_size=&#8221;full&#8221; alignment=&#8221;center&#8221; css_animation=&#8221;fadeIn&#8221;][vc_column_text el_class=&#8221;fel30&#8243;] Overhead projector, projector screen [\/vc_column_text][\/vc_column][vc_column width=&#8221;1\/6&#8243;][vc_single_image image=&#8221;35040&#8243; img_size=&#8221;full&#8221; alignment=&#8221;center&#8221; css_animation=&#8221;fadeIn&#8221;][vc_column_text el_class=&#8221;fel30&#8243;] Unlimited use of wifi internet connection [\/vc_column_text][\/vc_column][vc_column width=&#8221;1\/6&#8243;][vc_single_image image=&#8221;35016&#8243; img_size=&#8221;full&#8221; alignment=&#8221;center&#8221; css_animation=&#8221;fadeIn&#8221;][vc_column_text el_class=&#8221;fel30&#8243;] A complete built-in cellar amplification system [\/vc_column_text][\/vc_column][vc_column width=&#8221;1\/6&#8243;][vc_single_image image=&#8221;35021&#8243; img_size=&#8221;full&#8221; alignment=&#8221;center&#8221; css_animation=&#8221;fadeIn&#8221;][vc_column_text el_class=&#8221;fel30&#8243;] Portable microphone [\/vc_column_text][\/vc_column][vc_column width=&#8221;1\/6&#8243;][vc_single_image image=&#8221;35050&#8243; img_size=&#8221;full&#8221; alignment=&#8221;center&#8221; css_animation=&#8221;fadeIn&#8221;][vc_column_text el_class=&#8221;fel30&#8243;] Flipchart [\/vc_column_text][\/vc_column][\/vc_row][vc_row el_id=&#8221;nagytablazat&#8221;][vc_column][vc_column_text] VENUES FUNCTION ROOMS FLOOR AREA SEATED ARRANGEMENT IN ROWS RECEPTIONS SEATED RECEPTIONS Grand cellar: 1800 m\u00b2 300 persons 400 persons 300 persons Section 1 \u00a0 100 persons 130 persons 100 [\u2026]\" \/>\n<meta property=\"og:url\" content=\"https:\/\/bodribor.hu\/en\/conferences\/\" \/>\n<meta property=\"og:site_name\" content=\"Bodri Pinc\u00e9szet, Szeksz\u00e1rd\" \/>\n<meta property=\"article:modified_time\" content=\"2022-08-31T09:57:37+00:00\" \/>\n<meta name=\"twitter:card\" content=\"summary_large_image\" \/>\n<meta name=\"twitter:label1\" content=\"Est. reading time\" \/>\n\t<meta name=\"twitter:data1\" content=\"2 minutes\" \/>\n<script type=\"application\/ld+json\" class=\"yoast-schema-graph\">{\"@context\":\"https:\/\/schema.org\",\"@graph\":[{\"@type\":\"WebPage\",\"@id\":\"https:\/\/bodribor.hu\/en\/conferences\/\",\"url\":\"https:\/\/bodribor.hu\/en\/conferences\/\",\"name\":\"Conferences - Bodri Pinc\u00e9szet, Szeksz\u00e1rd\",\"isPartOf\":{\"@id\":\"https:\/\/bodribor.hu\/#website\"},\"datePublished\":\"2019-12-29T01:42:58+00:00\",\"dateModified\":\"2022-08-31T09:57:37+00:00\",\"breadcrumb\":{\"@id\":\"https:\/\/bodribor.hu\/en\/conferences\/#breadcrumb\"},\"inLanguage\":\"en-US\",\"potentialAction\":[{\"@type\":\"ReadAction\",\"target\":[\"https:\/\/bodribor.hu\/en\/conferences\/\"]}]},{\"@type\":\"BreadcrumbList\",\"@id\":\"https:\/\/bodribor.hu\/en\/conferences\/#breadcrumb\",\"itemListElement\":[{\"@type\":\"ListItem\",\"position\":1,\"name\":\"Bodribor\",\"item\":\"https:\/\/bodribor.hu\/en\/homepage-2\/\"},{\"@type\":\"ListItem\",\"position\":2,\"name\":\"Conferences\"}]},{\"@type\":\"WebSite\",\"@id\":\"https:\/\/bodribor.hu\/#website\",\"url\":\"https:\/\/bodribor.hu\/\",\"name\":\"Bodri Pinc\u00e9szet, Szeksz\u00e1rd\",\"description\":\"Szeksz\u00e1rd d\u00e9li hat\u00e1r\u00e1ban, a fest\u0151i sz\u00e9ps\u00e9g\u0171 Faluhely-d\u0171l\u0151ben tal\u00e1lhat\u00f3 a Bodri Birtok, melyet egy \u00f6n\u00e1ll\u00f3 kis vil\u00e1gnak tekinthet\u00fcnk.\",\"potentialAction\":[{\"@type\":\"SearchAction\",\"target\":{\"@type\":\"EntryPoint\",\"urlTemplate\":\"https:\/\/bodribor.hu\/?s={search_term_string}\"},\"query-input\":{\"@type\":\"PropertyValueSpecification\",\"valueRequired\":true,\"valueName\":\"search_term_string\"}}],\"inLanguage\":\"en-US\"}]}<\/script>\n<!-- \/ Yoast SEO Premium plugin. -->","yoast_head_json":{"title":"Conferences - Bodri Pinc\u00e9szet, Szeksz\u00e1rd","robots":{"index":"index","follow":"follow","max-snippet":"max-snippet:-1","max-image-preview":"max-image-preview:large","max-video-preview":"max-video-preview:-1"},"canonical":"https:\/\/bodribor.hu\/en\/conferences\/","og_locale":"en_US","og_type":"article","og_title":"Conferences","og_description":"[vc_row el_class=&#8221;elsosor&#8221;][vc_column][vc_column_text el_class=&#8221;elsosor&#8221;]The function room is equipped with a state-of-the-art HVAC apparatus, which continuously exchanges and refreshes the air at the desired temperature. The reception area of our large function room is suitable for receiving guests as well as placing stands there. &nbsp; Our winery\u2019s skilled and creative event management team is available to help you and your revered company at your convenience During the breaks of professional events, we offer participants OPTIMUS coffee specialities, cold refreshments, freshly baked small pastries or cookies, various fruit and assorted cold platter, tailored to individual tastes and based upon prior arrangement. &nbsp; Simplified event catering: gross 2850 HUF\/person Extended event catering: gross 3300 HUF\/person[\/vc_column_text][\/vc_column][\/vc_row][vc_row el_class=&#8221;technical&#8221;][vc_column][vc_column_text] TECHNICAL EQUIPMENT [\/vc_column_text][\/vc_column][vc_column width=&#8221;1\/6&#8243;][vc_single_image image=&#8221;35045&#8243; img_size=&#8221;full&#8221; alignment=&#8221;center&#8221; css_animation=&#8221;fadeIn&#8221;][vc_column_text el_class=&#8221;fel30&#8243;] Overhead projector, projector screen [\/vc_column_text][\/vc_column][vc_column width=&#8221;1\/6&#8243;][vc_single_image image=&#8221;35040&#8243; img_size=&#8221;full&#8221; alignment=&#8221;center&#8221; css_animation=&#8221;fadeIn&#8221;][vc_column_text el_class=&#8221;fel30&#8243;] Unlimited use of wifi internet connection [\/vc_column_text][\/vc_column][vc_column width=&#8221;1\/6&#8243;][vc_single_image image=&#8221;35016&#8243; img_size=&#8221;full&#8221; alignment=&#8221;center&#8221; css_animation=&#8221;fadeIn&#8221;][vc_column_text el_class=&#8221;fel30&#8243;] A complete built-in cellar amplification system [\/vc_column_text][\/vc_column][vc_column width=&#8221;1\/6&#8243;][vc_single_image image=&#8221;35021&#8243; img_size=&#8221;full&#8221; alignment=&#8221;center&#8221; css_animation=&#8221;fadeIn&#8221;][vc_column_text el_class=&#8221;fel30&#8243;] Portable microphone [\/vc_column_text][\/vc_column][vc_column width=&#8221;1\/6&#8243;][vc_single_image image=&#8221;35050&#8243; img_size=&#8221;full&#8221; alignment=&#8221;center&#8221; css_animation=&#8221;fadeIn&#8221;][vc_column_text el_class=&#8221;fel30&#8243;] Flipchart [\/vc_column_text][\/vc_column][\/vc_row][vc_row el_id=&#8221;nagytablazat&#8221;][vc_column][vc_column_text] VENUES FUNCTION ROOMS FLOOR AREA SEATED ARRANGEMENT IN ROWS RECEPTIONS SEATED RECEPTIONS Grand cellar: 1800 m\u00b2 300 persons 400 persons 300 persons Section 1 \u00a0 100 persons 130 persons 100 [\u2026]","og_url":"https:\/\/bodribor.hu\/en\/conferences\/","og_site_name":"Bodri Pinc\u00e9szet, Szeksz\u00e1rd","article_modified_time":"2022-08-31T09:57:37+00:00","twitter_card":"summary_large_image","twitter_misc":{"Est. reading time":"2 minutes"},"schema":{"@context":"https:\/\/schema.org","@graph":[{"@type":"WebPage","@id":"https:\/\/bodribor.hu\/en\/conferences\/","url":"https:\/\/bodribor.hu\/en\/conferences\/","name":"Conferences - Bodri Pinc\u00e9szet, Szeksz\u00e1rd","isPartOf":{"@id":"https:\/\/bodribor.hu\/#website"},"datePublished":"2019-12-29T01:42:58+00:00","dateModified":"2022-08-31T09:57:37+00:00","breadcrumb":{"@id":"https:\/\/bodribor.hu\/en\/conferences\/#breadcrumb"},"inLanguage":"en-US","potentialAction":[{"@type":"ReadAction","target":["https:\/\/bodribor.hu\/en\/conferences\/"]}]},{"@type":"BreadcrumbList","@id":"https:\/\/bodribor.hu\/en\/conferences\/#breadcrumb","itemListElement":[{"@type":"ListItem","position":1,"name":"Bodribor","item":"https:\/\/bodribor.hu\/en\/homepage-2\/"},{"@type":"ListItem","position":2,"name":"Conferences"}]},{"@type":"WebSite","@id":"https:\/\/bodribor.hu\/#website","url":"https:\/\/bodribor.hu\/","name":"Bodri Pinc\u00e9szet, Szeksz\u00e1rd","description":"Szeksz\u00e1rd d\u00e9li hat\u00e1r\u00e1ban, a fest\u0151i sz\u00e9ps\u00e9g\u0171 Faluhely-d\u0171l\u0151ben tal\u00e1lhat\u00f3 a Bodri Birtok, melyet egy \u00f6n\u00e1ll\u00f3 kis vil\u00e1gnak tekinthet\u00fcnk.","potentialAction":[{"@type":"SearchAction","target":{"@type":"EntryPoint","urlTemplate":"https:\/\/bodribor.hu\/?s={search_term_string}"},"query-input":{"@type":"PropertyValueSpecification","valueRequired":true,"valueName":"search_term_string"}}],"inLanguage":"en-US"}]}},"_links":{"self":[{"href":"https:\/\/bodribor.hu\/en\/wp-json\/wp\/v2\/pages\/48627","targetHints":{"allow":["GET"]}}],"collection":[{"href":"https:\/\/bodribor.hu\/en\/wp-json\/wp\/v2\/pages"}],"about":[{"href":"https:\/\/bodribor.hu\/en\/wp-json\/wp\/v2\/types\/page"}],"author":[{"embeddable":true,"href":"https:\/\/bodribor.hu\/en\/wp-json\/wp\/v2\/users\/2"}],"replies":[{"embeddable":true,"href":"https:\/\/bodribor.hu\/en\/wp-json\/wp\/v2\/comments?post=48627"}],"version-history":[{"count":0,"href":"https:\/\/bodribor.hu\/en\/wp-json\/wp\/v2\/pages\/48627\/revisions"}],"wp:attachment":[{"href":"https:\/\/bodribor.hu\/en\/wp-json\/wp\/v2\/media?parent=48627"}],"curies":[{"name":"wp","href":"https:\/\/api.w.org\/{rel}","templated":true}]}}