{"id":48633,"date":"2019-12-29T13:48:39","date_gmt":"2019-12-29T11:48:39","guid":{"rendered":"https:\/\/bodribor.hu\/?page_id=48633"},"modified":"2023-10-27T09:42:34","modified_gmt":"2023-10-27T07:42:34","slug":"buffet-selections","status":"publish","type":"page","link":"https:\/\/bodribor.hu\/en\/buffet-selections\/","title":{"rendered":"Buffet selections"},"content":{"rendered":"<div class=\"wpb-content-wrapper\"><p>[vc_row][vc_column][vc_column_text]Please have a look at our buffet selection offers! This possibility has been created primarily for corporate clients; therefore, we are only able to provide this service for groups of 20 or more people. We trust that you and your colleagues will be pleased with our selections.<\/p>\n<p>For the main courses of each event Master Chef, Norbert Makk prepares an individually tailored buffet menu, one that will satisfy all requirements.[\/vc_column_text][\/vc_column][\/vc_row][vc_row][vc_column width=&#8221;1\/4&#8243;][vc_column_text]<\/p>\n<h2 style=\"text-align: center;\">MENU I<\/h2>\n<h4 style=\"text-align: center;\">9 900 HUF\/person<\/h4>\n<hr \/>\n<ul>\n<li>Hungarian kettle Goulash with nipped gnocchi<\/li>\n<li>Creamy tarragon potato soup<\/li>\n<li>Mixed stew Faluhely style with shepherd\u2019s egg barley<\/li>\n<li>Pullet roll with Letcho in paprika sauce served with butter dumplings<\/li>\n<li>Stuffed pork lwith served with potato casserole<\/li>\n<li>Vegetable tagliatelle<\/li>\n<li>Apple pie with cinnamon sauce Salad bar<\/li>\n<li>Fresh fruit<\/li>\n<\/ul>\n<p>[\/vc_column_text][\/vc_column][vc_column width=&#8221;1\/4&#8243;][vc_column_text]<\/p>\n<h2 style=\"text-align: center;\">MENU II<\/h2>\n<h4 style=\"text-align: center;\">9 900 HUF\/person<\/h4>\n<hr \/>\n<ul>\n<li>Potato soup with sour cream and Mangalitsa sausage<\/li>\n<li>Pork ragout soup<\/li>\n<li>Braised venison in a piquant brown sauce served with bread dumplings<\/li>\n<li>Chicken breast with Mozzarella and tomato served with vegetable rice<\/li>\n<li>marinated in basil yoghurt with vegetable rice<\/li>\n<li>Stuffed knuckle a la Boulangere<\/li>\n<li>Spinach ravioli in garlic sauce<\/li>\n<li>Sweetened curd cube with pear<\/li>\n<li>Salad bar<\/li>\n<li>Fresh fruit<\/li>\n<\/ul>\n<p>[\/vc_column_text][\/vc_column][vc_column width=&#8221;1\/4&#8243;][vc_column_text]<\/p>\n<h2 style=\"text-align: center;\">MENU III<\/h2>\n<h4 style=\"text-align: center;\">9 900 HUF\/person<strong><br \/>\n<\/strong><\/h4>\n<hr \/>\n<ul>\n<li>Alf\u00f6ldi chicken Goulash with nipped gnocchi<\/li>\n<li>Cream of celery soup<\/li>\n<li>Ginger and honey roasted turkey with curried basmati Stuffed thin flank of pork with mashed potatoes and Bavarian braised cabbage<\/li>\n<li>Turkey ragout with honey- ginger served with saffron-raisin rice<\/li>\n<li>Crispy pork belly with onion mashed potatoes<\/li>\n<li>Breaded fried sea fish fillet with mayonnaise potato salad\u00a0and rice with corn<\/li>\n<li>Sponge cake Szeksz\u00e1rd style<\/li>\n<li>Salad bar<\/li>\n<li>Fresh fruit<\/li>\n<\/ul>\n<p>[\/vc_column_text][\/vc_column][vc_column width=&#8221;1\/4&#8243;][vc_column_text]<\/p>\n<h2 style=\"text-align: center;\">MENU IV.<\/h2>\n<h4 style=\"text-align: center;\">9 900 HUF\/person<\/h4>\n<hr \/>\n<ul>\n<li>Bean soup with nipped gnocchi<\/li>\n<li>Chicken broth<\/li>\n<li>Grilled chicken breast fillet on bed of grilled vegetables<\/li>\n<li>Crispy duck thigh with braised cabbage\u00a0and mashed potatoes with chive<\/li>\n<li>Stuffed pork shoulder with letcho potatoes<\/li>\n<li>Grilled fillet of sea fish in citrus sauce with rice<\/li>\n<li>Salted caramel cheesecake<\/li>\n<li>Salad bar<\/li>\n<li>Fresh fruit<\/li>\n<\/ul>\n<p>[\/vc_column_text][\/vc_column][\/vc_row][vc_row][vc_column width=&#8221;1\/4&#8243;][vc_column_text]<\/p>\n<h2 style=\"text-align: center;\">MENU V<\/h2>\n<h4 style=\"text-align: center;\">9 900 HUF\/person<\/h4>\n<hr \/>\n<ul>\n<li>Cold raspberry cream soup with toasted almonds<\/li>\n<li>Ny\u00edrs\u00e9g dumpling soup<\/li>\n<li>Hungarian paprika veal stew with buttered small dumplings<\/li>\n<li>Roast pork shoulder with seasoned steak potatoes<\/li>\n<li>Breaded chicken breast with mashed potatoes<\/li>\n<li>Grill fish with vegetable tagliatelle<\/li>\n<li>Sour cherry pie<\/li>\n<li>Salad bar<\/li>\n<li>Fresh fruit<\/li>\n<\/ul>\n<p>[\/vc_column_text][\/vc_column][vc_column width=&#8221;1\/4&#8243;][vc_column_text]<\/p>\n<h2 style=\"text-align: center;\">MENU VI<\/h2>\n<h4 style=\"text-align: center;\">12 200 HUF\/person<\/h4>\n<hr \/>\n<ul>\n<li>Duck liver p\u00e2t\u00e9<\/li>\n<li>Essence of quail with vegetables<\/li>\n<li>Creamy flat mushroom soup<\/li>\n<li>Boar stew with red wine served with boiled potato<\/li>\n<li>Crispy roast piglet with potato casserole<\/li>\n<li>Pullet breast Gyenei style with rice<\/li>\n<li>Roast salmon on bed of grilled vegetables with Hollander sauce<\/li>\n<li>Chocolate cake with orange<\/li>\n<li>Cr\u00e9me brul\u00e9e<\/li>\n<li>Salad bar<\/li>\n<li>Fresh fruit<\/li>\n<\/ul>\n<p>[\/vc_column_text][\/vc_column][vc_column width=&#8221;1\/4&#8243;][vc_column_text]<\/p>\n<h2 style=\"text-align: center;\">COLD BUFFET<\/h2>\n<h4 style=\"text-align: center;\">12 200 HUF\/person<\/h4>\n<hr \/>\n<ul>\n<li>Vitello tonnato<\/li>\n<li>Salmon Tartare in spicy tartelettes<\/li>\n<li>Cold ros\u00e9 duck breast<\/li>\n<li>Stuffed thin flank of pork<\/li>\n<li>Spicy meatballs<\/li>\n<li>Pullet rolls with dried fruit<\/li>\n<li>Mediterranean pasta salad<\/li>\n<li>Bugaci salad<\/li>\n<li>Marinated vegetables<\/li>\n<li>Fresh salad<\/li>\n<\/ul>\n<p>[\/vc_column_text][\/vc_column][vc_column width=&#8221;1\/4&#8243;][\/vc_column][vc_column][vc_column_text]Enquiries:\u00a0<a href=\"mailto:vendeglatas@bodribor.hu\">vendeglatas@bodribor.hu<\/a>\u00a0or\u00a0<a href=\"tel:3674676700\">+ 36 74 67 67 00<\/a>[\/vc_column_text][\/vc_column][\/vc_row][vc_row full_width=&#8221;stretch_row&#8221; css=&#8221;.vc_custom_1532456718595{padding-top: 200px !important;padding-bottom: 200px !important;background-image: url(http:\/\/bodribor.hu\/wp-content\/uploads\/2018\/04\/sub-italcsomag.jpg?id=104) !important;}&#8221;][vc_column][vc_column_text]<\/p>\n<h2 style=\"text-align: center;\"><span style=\"color: #ffffff;\">Beverage packages<\/span><\/h2>\n<p>[\/vc_column_text][\/vc_column][\/vc_row][vc_row][vc_column][vc_column_text]<\/p>\n<table width=\"633\">\n<tbody>\n<tr>\n<td style=\"width: 128.217px;\"><strong>BEVERAGE PACKAGE<\/strong><\/td>\n<td style=\"width: 220.367px;\"><strong>The service includes the following beverages<\/strong><\/td>\n<td style=\"width: 128.217px;\"><strong>Price for 1 person <\/strong>Unlimited beverage consumption for the duration of the event. (<em>Max. 12 hours)<\/em><\/td>\n<td style=\"width: 128.2px;\"><strong>Price for 1 person <\/strong>4-hour unlimited beverage consumption.<\/td>\n<\/tr>\n<tr>\n<td style=\"width: 128.217px;\"><strong>Alcoholic beverages<\/strong><\/td>\n<td style=\"width: 220.367px;\">Heineken draft beer<br \/>\nBodri Bedded Grape Marc P\u00e1linka<br \/>\nBodri red wine (bottled),<br \/>\nBodri white wine (bottled, )<br \/>\nBodri ros\u00e9 (bottled)<\/td>\n<td style=\"width: 128.217px;\"><strong><em>14 500 HUF\/person<\/em><\/strong><\/td>\n<td style=\"width: 128.2px;\"><strong><em>10 200 HUF\/person<\/em><\/strong><\/td>\n<\/tr>\n<tr>\n<td style=\"width: 128.217px;\"><strong>Alcohol-free beverages<\/strong><\/td>\n<td style=\"width: 220.367px;\">Non-sparkling mineral water<br \/>\nHomemade Bodri Soda-water<br \/>\nCoca-Cola 0,25l<br \/>\nCoca-Cola Zero 0,25l<br \/>\nOrange, lemon, tonic water, ginger ale 0,25l<br \/>\nOrange juice 100%<br \/>\nApple juice 100%<br \/>\nPeach nectar 50%<br \/>\nCoffee, cappuccino<\/td>\n<td style=\"width: 128.217px;\"><strong><em>10 500 HUF\/person<\/em><\/strong><\/td>\n<td style=\"width: 128.2px;\"><strong><em>7 500 HUF\/person<\/em><\/strong><\/td>\n<\/tr>\n<\/tbody>\n<\/table>\n<p><em>We only offer buffet menu services for events with more than 20 participants. <\/em><\/p>\n<p>Child concession: up to 5 years of age Free, 6-12 years 50% off the original price.<\/p>\n<p>For any spirits brought to the premises, we charge a corkage fee\u00a0of 4 500 HUF\/bottle.<br \/>\nOur prices include VAT.<\/p>\n<p>Enquires:\u00a0<a href=\"mailto:vendeglatas@bodribor.hu\">vendeglatas@bodribor.hu<\/a>\u00a0or\u00a0<a href=\"tel:3674676700\">+ 36 74 67 67 00<\/a>[\/vc_column_text][\/vc_column][\/vc_row]<\/p>\n<\/div>","protected":false},"excerpt":{"rendered":"<p>[vc_row][vc_column][vc_column_text]Please have a look at our buffet selection offers! This possibility has been created primarily for corporate clients; therefore, we are only able to provide this service for groups of 20 or more people. We trust that you and your colleagues will be pleased with our selections. For the main courses of each event Master Chef, Norbert Makk prepares an individually tailored buffet menu, one that will satisfy all requirements.[\/vc_column_text][\/vc_column][\/vc_row][vc_row][vc_column width=&#8221;1\/4&#8243;][vc_column_text] MENU I 9 900 HUF\/person Hungarian kettle Goulash with nipped gnocchi Creamy tarragon potato soup Mixed stew Faluhely style with shepherd\u2019s egg barley Pullet roll with Letcho in paprika sauce served with butter dumplings Stuffed pork lwith served with potato casserole Vegetable tagliatelle Apple pie with cinnamon sauce Salad bar Fresh fruit [\/vc_column_text][\/vc_column][vc_column width=&#8221;1\/4&#8243;][vc_column_text] MENU II 9 900 HUF\/person Potato soup with sour cream and Mangalitsa sausage Pork ragout soup Braised venison in a piquant brown sauce served with bread dumplings Chicken breast with Mozzarella and tomato served with vegetable rice marinated in basil yoghurt with vegetable rice Stuffed knuckle a la Boulangere Spinach ravioli in garlic sauce Sweetened curd cube with pear Salad bar Fresh fruit [\/vc_column_text][\/vc_column][vc_column width=&#8221;1\/4&#8243;][vc_column_text] MENU III 9 900 HUF\/person Alf\u00f6ldi chicken Goulash with nipped<span class=\"excerpt-hellip\"> [\u2026]<\/span><\/p>\n","protected":false},"author":2,"featured_media":0,"parent":0,"menu_order":0,"comment_status":"closed","ping_status":"closed","template":"","meta":{"_acf_changed":false,"footnotes":""},"class_list":["post-48633","page","type-page","status-publish","hentry"],"acf":[],"yoast_head":"<!-- This site is optimized with the Yoast SEO Premium plugin v26.7 (Yoast SEO v27.5) - https:\/\/yoast.com\/product\/yoast-seo-premium-wordpress\/ -->\n<title>Buffet selections - Bodri Pinc\u00e9szet, Szeksz\u00e1rd<\/title>\n<meta name=\"robots\" content=\"index, follow, max-snippet:-1, max-image-preview:large, max-video-preview:-1\" \/>\n<link rel=\"canonical\" href=\"https:\/\/bodribor.hu\/en\/buffet-selections\/\" \/>\n<meta property=\"og:locale\" content=\"en_US\" \/>\n<meta property=\"og:type\" content=\"article\" \/>\n<meta property=\"og:title\" content=\"Buffet selections\" \/>\n<meta property=\"og:description\" content=\"[vc_row][vc_column][vc_column_text]Please have a look at our buffet selection offers! This possibility has been created primarily for corporate clients; therefore, we are only able to provide this service for groups of 20 or more people. We trust that you and your colleagues will be pleased with our selections. For the main courses of each event Master Chef, Norbert Makk prepares an individually tailored buffet menu, one that will satisfy all requirements.[\/vc_column_text][\/vc_column][\/vc_row][vc_row][vc_column width=&#8221;1\/4&#8243;][vc_column_text] MENU I 9 900 HUF\/person Hungarian kettle Goulash with nipped gnocchi Creamy tarragon potato soup Mixed stew Faluhely style with shepherd\u2019s egg barley Pullet roll with Letcho in paprika sauce served with butter dumplings Stuffed pork lwith served with potato casserole Vegetable tagliatelle Apple pie with cinnamon sauce Salad bar Fresh fruit [\/vc_column_text][\/vc_column][vc_column width=&#8221;1\/4&#8243;][vc_column_text] MENU II 9 900 HUF\/person Potato soup with sour cream and Mangalitsa sausage Pork ragout soup Braised venison in a piquant brown sauce served with bread dumplings Chicken breast with Mozzarella and tomato served with vegetable rice marinated in basil yoghurt with vegetable rice Stuffed knuckle a la Boulangere Spinach ravioli in garlic sauce Sweetened curd cube with pear Salad bar Fresh fruit [\/vc_column_text][\/vc_column][vc_column width=&#8221;1\/4&#8243;][vc_column_text] MENU III 9 900 HUF\/person Alf\u00f6ldi chicken Goulash with nipped [\u2026]\" \/>\n<meta property=\"og:url\" content=\"https:\/\/bodribor.hu\/en\/buffet-selections\/\" \/>\n<meta property=\"og:site_name\" content=\"Bodri Pinc\u00e9szet, Szeksz\u00e1rd\" \/>\n<meta property=\"article:modified_time\" content=\"2023-10-27T07:42:34+00:00\" \/>\n<meta name=\"twitter:card\" content=\"summary_large_image\" \/>\n<meta name=\"twitter:label1\" content=\"Est. reading time\" \/>\n\t<meta name=\"twitter:data1\" content=\"4 minutes\" \/>\n<script type=\"application\/ld+json\" class=\"yoast-schema-graph\">{\"@context\":\"https:\\\/\\\/schema.org\",\"@graph\":[{\"@type\":\"WebPage\",\"@id\":\"https:\\\/\\\/bodribor.hu\\\/en\\\/buffet-selections\\\/\",\"url\":\"https:\\\/\\\/bodribor.hu\\\/en\\\/buffet-selections\\\/\",\"name\":\"Buffet selections - Bodri Pinc\u00e9szet, Szeksz\u00e1rd\",\"isPartOf\":{\"@id\":\"https:\\\/\\\/bodribor.hu\\\/#website\"},\"datePublished\":\"2019-12-29T11:48:39+00:00\",\"dateModified\":\"2023-10-27T07:42:34+00:00\",\"breadcrumb\":{\"@id\":\"https:\\\/\\\/bodribor.hu\\\/en\\\/buffet-selections\\\/#breadcrumb\"},\"inLanguage\":\"en-US\",\"potentialAction\":[{\"@type\":\"ReadAction\",\"target\":[\"https:\\\/\\\/bodribor.hu\\\/en\\\/buffet-selections\\\/\"]}]},{\"@type\":\"BreadcrumbList\",\"@id\":\"https:\\\/\\\/bodribor.hu\\\/en\\\/buffet-selections\\\/#breadcrumb\",\"itemListElement\":[{\"@type\":\"ListItem\",\"position\":1,\"name\":\"Bodribor\",\"item\":\"https:\\\/\\\/bodribor.hu\\\/en\\\/homepage-2\\\/\"},{\"@type\":\"ListItem\",\"position\":2,\"name\":\"Buffet selections\"}]},{\"@type\":\"WebSite\",\"@id\":\"https:\\\/\\\/bodribor.hu\\\/#website\",\"url\":\"https:\\\/\\\/bodribor.hu\\\/\",\"name\":\"Bodri Pinc\u00e9szet, Szeksz\u00e1rd\",\"description\":\"Szeksz\u00e1rd d\u00e9li hat\u00e1r\u00e1ban, a fest\u0151i sz\u00e9ps\u00e9g\u0171 Faluhely-d\u0171l\u0151ben tal\u00e1lhat\u00f3 a Bodri Birtok, melyet egy \u00f6n\u00e1ll\u00f3 kis vil\u00e1gnak tekinthet\u00fcnk.\",\"potentialAction\":[{\"@type\":\"SearchAction\",\"target\":{\"@type\":\"EntryPoint\",\"urlTemplate\":\"https:\\\/\\\/bodribor.hu\\\/?s={search_term_string}\"},\"query-input\":{\"@type\":\"PropertyValueSpecification\",\"valueRequired\":true,\"valueName\":\"search_term_string\"}}],\"inLanguage\":\"en-US\"}]}<\/script>\n<!-- \/ Yoast SEO Premium plugin. -->","yoast_head_json":{"title":"Buffet selections - Bodri Pinc\u00e9szet, Szeksz\u00e1rd","robots":{"index":"index","follow":"follow","max-snippet":"max-snippet:-1","max-image-preview":"max-image-preview:large","max-video-preview":"max-video-preview:-1"},"canonical":"https:\/\/bodribor.hu\/en\/buffet-selections\/","og_locale":"en_US","og_type":"article","og_title":"Buffet selections","og_description":"[vc_row][vc_column][vc_column_text]Please have a look at our buffet selection offers! This possibility has been created primarily for corporate clients; therefore, we are only able to provide this service for groups of 20 or more people. We trust that you and your colleagues will be pleased with our selections. For the main courses of each event Master Chef, Norbert Makk prepares an individually tailored buffet menu, one that will satisfy all requirements.[\/vc_column_text][\/vc_column][\/vc_row][vc_row][vc_column width=&#8221;1\/4&#8243;][vc_column_text] MENU I 9 900 HUF\/person Hungarian kettle Goulash with nipped gnocchi Creamy tarragon potato soup Mixed stew Faluhely style with shepherd\u2019s egg barley Pullet roll with Letcho in paprika sauce served with butter dumplings Stuffed pork lwith served with potato casserole Vegetable tagliatelle Apple pie with cinnamon sauce Salad bar Fresh fruit [\/vc_column_text][\/vc_column][vc_column width=&#8221;1\/4&#8243;][vc_column_text] MENU II 9 900 HUF\/person Potato soup with sour cream and Mangalitsa sausage Pork ragout soup Braised venison in a piquant brown sauce served with bread dumplings Chicken breast with Mozzarella and tomato served with vegetable rice marinated in basil yoghurt with vegetable rice Stuffed knuckle a la Boulangere Spinach ravioli in garlic sauce Sweetened curd cube with pear Salad bar Fresh fruit [\/vc_column_text][\/vc_column][vc_column width=&#8221;1\/4&#8243;][vc_column_text] MENU III 9 900 HUF\/person Alf\u00f6ldi chicken Goulash with nipped [\u2026]","og_url":"https:\/\/bodribor.hu\/en\/buffet-selections\/","og_site_name":"Bodri Pinc\u00e9szet, Szeksz\u00e1rd","article_modified_time":"2023-10-27T07:42:34+00:00","twitter_card":"summary_large_image","twitter_misc":{"Est. reading time":"4 minutes"},"schema":{"@context":"https:\/\/schema.org","@graph":[{"@type":"WebPage","@id":"https:\/\/bodribor.hu\/en\/buffet-selections\/","url":"https:\/\/bodribor.hu\/en\/buffet-selections\/","name":"Buffet selections - Bodri Pinc\u00e9szet, Szeksz\u00e1rd","isPartOf":{"@id":"https:\/\/bodribor.hu\/#website"},"datePublished":"2019-12-29T11:48:39+00:00","dateModified":"2023-10-27T07:42:34+00:00","breadcrumb":{"@id":"https:\/\/bodribor.hu\/en\/buffet-selections\/#breadcrumb"},"inLanguage":"en-US","potentialAction":[{"@type":"ReadAction","target":["https:\/\/bodribor.hu\/en\/buffet-selections\/"]}]},{"@type":"BreadcrumbList","@id":"https:\/\/bodribor.hu\/en\/buffet-selections\/#breadcrumb","itemListElement":[{"@type":"ListItem","position":1,"name":"Bodribor","item":"https:\/\/bodribor.hu\/en\/homepage-2\/"},{"@type":"ListItem","position":2,"name":"Buffet selections"}]},{"@type":"WebSite","@id":"https:\/\/bodribor.hu\/#website","url":"https:\/\/bodribor.hu\/","name":"Bodri Pinc\u00e9szet, Szeksz\u00e1rd","description":"Szeksz\u00e1rd d\u00e9li hat\u00e1r\u00e1ban, a fest\u0151i sz\u00e9ps\u00e9g\u0171 Faluhely-d\u0171l\u0151ben tal\u00e1lhat\u00f3 a Bodri Birtok, melyet egy \u00f6n\u00e1ll\u00f3 kis vil\u00e1gnak tekinthet\u00fcnk.","potentialAction":[{"@type":"SearchAction","target":{"@type":"EntryPoint","urlTemplate":"https:\/\/bodribor.hu\/?s={search_term_string}"},"query-input":{"@type":"PropertyValueSpecification","valueRequired":true,"valueName":"search_term_string"}}],"inLanguage":"en-US"}]}},"_links":{"self":[{"href":"https:\/\/bodribor.hu\/en\/wp-json\/wp\/v2\/pages\/48633","targetHints":{"allow":["GET"]}}],"collection":[{"href":"https:\/\/bodribor.hu\/en\/wp-json\/wp\/v2\/pages"}],"about":[{"href":"https:\/\/bodribor.hu\/en\/wp-json\/wp\/v2\/types\/page"}],"author":[{"embeddable":true,"href":"https:\/\/bodribor.hu\/en\/wp-json\/wp\/v2\/users\/2"}],"replies":[{"embeddable":true,"href":"https:\/\/bodribor.hu\/en\/wp-json\/wp\/v2\/comments?post=48633"}],"version-history":[{"count":0,"href":"https:\/\/bodribor.hu\/en\/wp-json\/wp\/v2\/pages\/48633\/revisions"}],"wp:attachment":[{"href":"https:\/\/bodribor.hu\/en\/wp-json\/wp\/v2\/media?parent=48633"}],"curies":[{"name":"wp","href":"https:\/\/api.w.org\/{rel}","templated":true}]}}