{"id":48665,"date":"2019-12-29T14:04:35","date_gmt":"2019-12-29T12:04:35","guid":{"rendered":"https:\/\/bodribor.hu\/?page_id=48665"},"modified":"2020-01-03T16:33:21","modified_gmt":"2020-01-03T14:33:21","slug":"programmes","status":"publish","type":"page","link":"https:\/\/bodribor.hu\/en\/programmes\/","title":{"rendered":"Programmes"},"content":{"rendered":"<div class=\"wpb-content-wrapper\"><p>[vc_row][vc_column][vc_column_text el_class=&#8221;bevezetoszoveg&#8221;]IF YOU ARE A GUEST OF THE BODRI WINERY, WE TRUST YOU WILL JOIN US FOR A WINE TASTING EVENT WHERE YOU CAN PEEK BEHIND THE CURTAINS AND LEARN MANY INTERESTING FACTS ABOUT OUR WINES! OUR 4WD WINE TOUR IS WORTH TRYING! AND IF YOU ARE LOOKING FOR A TRULY EXCLUSIVE EXPERIENCE \u2013 ONLY AVAILABLE AT THE BODRI WINERY \u2013 PICK ONE OF OUR TRUFFLE PACKAGES![\/vc_column_text][\/vc_column][\/vc_row][vc_row][vc_column][vc_column_text el_class=&#8221;alcim&#8221;]<\/p>\n<h2>4WD WINE TOUR<\/h2>\n<p>[\/vc_column_text][\/vc_column][\/vc_row][vc_row el_class=&#8221;kifutokep&#8221;][vc_column width=&#8221;1\/3&#8243; el_class=&#8221;szovegleiras&#8221;][vc_column_text]Driving through the picturesque slopes of Szeksz\u00e1rd Hills in a 9-seat Land Rover Defender? \u2013 Is there a more elevating adventure? Visiting wine cellars on the way\u2026 Spend a whole day or just a half with us!<\/p>\n<div class=\"szurkegomb\"><a href=\"https:\/\/bodribor.hu\/en\/4wd-wine-tour\/\">Details of the 4WD programmes<\/a><\/div>\n<p>[\/vc_column_text][\/vc_column][vc_column width=&#8221;2\/3&#8243;][vc_single_image image=&#8221;39676&#8243; img_size=&#8221;full&#8221;][\/vc_column][\/vc_row][vc_row el_class=&#8221;szovegleiras huszonketto&#8221;][vc_column][vc_column_text el_class=&#8221;alcim&#8221;]<\/p>\n<h2 style=\"text-align: center;\">TRUFFLE PACKAGES<\/h2>\n<p style=\"text-align: center;\">A few years ago, a truffle deposit was discovered in the forest near the Bodri Estate, so this wonderful and rare spice has gained a central role in our gastronomy as well. Choose from the various truffle packages, and we guarantee an exclusive experience.<\/p>\n<div class=\"szurkegomb kicsi\"><a href=\"https:\/\/bodribor.hu\/en\/truffle-packages\/\">Details<\/a><\/div>\n<p>[\/vc_column_text][\/vc_column][\/vc_row][vc_row][vc_column width=&#8221;1\/3&#8243;][vc_single_image image=&#8221;33989&#8243; img_size=&#8221;full&#8221;][\/vc_column][vc_column width=&#8221;1\/3&#8243;][vc_single_image image=&#8221;33984&#8243; img_size=&#8221;full&#8221;][\/vc_column][vc_column width=&#8221;1\/3&#8243;][vc_single_image image=&#8221;33994&#8243; img_size=&#8221;full&#8221;][\/vc_column][\/vc_row]<\/p>\n<\/div>","protected":false},"excerpt":{"rendered":"<p>[vc_row][vc_column][vc_column_text el_class=&#8221;bevezetoszoveg&#8221;]IF YOU ARE A GUEST OF THE BODRI WINERY, WE TRUST YOU WILL JOIN US FOR A WINE TASTING EVENT WHERE YOU CAN PEEK BEHIND THE CURTAINS AND LEARN MANY INTERESTING FACTS ABOUT OUR WINES! OUR 4WD WINE TOUR IS WORTH TRYING! AND IF YOU ARE LOOKING FOR A TRULY EXCLUSIVE EXPERIENCE \u2013 ONLY AVAILABLE AT THE BODRI WINERY \u2013 PICK ONE OF OUR TRUFFLE PACKAGES![\/vc_column_text][\/vc_column][\/vc_row][vc_row][vc_column][vc_column_text el_class=&#8221;alcim&#8221;] 4WD WINE TOUR [\/vc_column_text][\/vc_column][\/vc_row][vc_row el_class=&#8221;kifutokep&#8221;][vc_column width=&#8221;1\/3&#8243; el_class=&#8221;szovegleiras&#8221;][vc_column_text]Driving through the picturesque slopes of Szeksz\u00e1rd Hills in a 9-seat Land Rover Defender? \u2013 Is there a more elevating adventure? Visiting wine cellars on the way\u2026 Spend a whole day or just a half with us! Details of the 4WD programmes [\/vc_column_text][\/vc_column][vc_column width=&#8221;2\/3&#8243;][vc_single_image image=&#8221;39676&#8243; img_size=&#8221;full&#8221;][\/vc_column][\/vc_row][vc_row el_class=&#8221;szovegleiras huszonketto&#8221;][vc_column][vc_column_text el_class=&#8221;alcim&#8221;] TRUFFLE PACKAGES A few years ago, a truffle deposit was discovered in the forest near the Bodri Estate, so this wonderful and rare spice has gained a central role in our gastronomy as well. Choose from the various truffle packages, and we guarantee an exclusive experience. Details [\/vc_column_text][\/vc_column][\/vc_row][vc_row][vc_column width=&#8221;1\/3&#8243;][vc_single_image image=&#8221;33989&#8243; img_size=&#8221;full&#8221;][\/vc_column][vc_column width=&#8221;1\/3&#8243;][vc_single_image image=&#8221;33984&#8243; img_size=&#8221;full&#8221;][\/vc_column][vc_column width=&#8221;1\/3&#8243;][vc_single_image image=&#8221;33994&#8243; img_size=&#8221;full&#8221;][\/vc_column][\/vc_row]<\/p>\n","protected":false},"author":2,"featured_media":0,"parent":0,"menu_order":0,"comment_status":"closed","ping_status":"closed","template":"","meta":{"_acf_changed":false,"footnotes":""},"class_list":["post-48665","page","type-page","status-publish","hentry"],"acf":[],"yoast_head":"<!-- This site is optimized with the Yoast SEO Premium plugin v26.7 (Yoast SEO v27.0) - https:\/\/yoast.com\/product\/yoast-seo-premium-wordpress\/ -->\n<title>Programmes - Bodri Pinc\u00e9szet, Szeksz\u00e1rd<\/title>\n<meta name=\"robots\" content=\"index, follow, max-snippet:-1, max-image-preview:large, max-video-preview:-1\" \/>\n<link rel=\"canonical\" href=\"https:\/\/bodribor.hu\/programok\/\" \/>\n<meta property=\"og:locale\" content=\"en_US\" \/>\n<meta property=\"og:type\" content=\"article\" \/>\n<meta property=\"og:title\" content=\"Programmes\" \/>\n<meta property=\"og:description\" content=\"[vc_row][vc_column][vc_column_text el_class=&#8221;bevezetoszoveg&#8221;]IF YOU ARE A GUEST OF THE BODRI WINERY, WE TRUST YOU WILL JOIN US FOR A WINE TASTING EVENT WHERE YOU CAN PEEK BEHIND THE CURTAINS AND LEARN MANY INTERESTING FACTS ABOUT OUR WINES! OUR 4WD WINE TOUR IS WORTH TRYING! AND IF YOU ARE LOOKING FOR A TRULY EXCLUSIVE EXPERIENCE \u2013 ONLY AVAILABLE AT THE BODRI WINERY \u2013 PICK ONE OF OUR TRUFFLE PACKAGES![\/vc_column_text][\/vc_column][\/vc_row][vc_row][vc_column][vc_column_text el_class=&#8221;alcim&#8221;] 4WD WINE TOUR [\/vc_column_text][\/vc_column][\/vc_row][vc_row el_class=&#8221;kifutokep&#8221;][vc_column width=&#8221;1\/3&#8243; el_class=&#8221;szovegleiras&#8221;][vc_column_text]Driving through the picturesque slopes of Szeksz\u00e1rd Hills in a 9-seat Land Rover Defender? \u2013 Is there a more elevating adventure? Visiting wine cellars on the way\u2026 Spend a whole day or just a half with us! Details of the 4WD programmes [\/vc_column_text][\/vc_column][vc_column width=&#8221;2\/3&#8243;][vc_single_image image=&#8221;39676&#8243; img_size=&#8221;full&#8221;][\/vc_column][\/vc_row][vc_row el_class=&#8221;szovegleiras huszonketto&#8221;][vc_column][vc_column_text el_class=&#8221;alcim&#8221;] TRUFFLE PACKAGES A few years ago, a truffle deposit was discovered in the forest near the Bodri Estate, so this wonderful and rare spice has gained a central role in our gastronomy as well. Choose from the various truffle packages, and we guarantee an exclusive experience. Details [\/vc_column_text][\/vc_column][\/vc_row][vc_row][vc_column width=&#8221;1\/3&#8243;][vc_single_image image=&#8221;33989&#8243; img_size=&#8221;full&#8221;][\/vc_column][vc_column width=&#8221;1\/3&#8243;][vc_single_image image=&#8221;33984&#8243; img_size=&#8221;full&#8221;][\/vc_column][vc_column width=&#8221;1\/3&#8243;][vc_single_image image=&#8221;33994&#8243; img_size=&#8221;full&#8221;][\/vc_column][\/vc_row]\" \/>\n<meta property=\"og:url\" content=\"https:\/\/bodribor.hu\/programok\/\" \/>\n<meta property=\"og:site_name\" content=\"Bodri Pinc\u00e9szet, Szeksz\u00e1rd\" \/>\n<meta property=\"article:modified_time\" content=\"2020-01-03T14:33:21+00:00\" \/>\n<meta name=\"twitter:card\" content=\"summary_large_image\" \/>\n<meta name=\"twitter:label1\" content=\"Est. reading time\" \/>\n\t<meta name=\"twitter:data1\" content=\"1 minute\" \/>\n<script type=\"application\/ld+json\" class=\"yoast-schema-graph\">{\"@context\":\"https:\/\/schema.org\",\"@graph\":[{\"@type\":\"WebPage\",\"@id\":\"https:\/\/bodribor.hu\/programok\/\",\"url\":\"https:\/\/bodribor.hu\/programok\/\",\"name\":\"Programmes - Bodri Pinc\u00e9szet, Szeksz\u00e1rd\",\"isPartOf\":{\"@id\":\"https:\/\/bodribor.hu\/#website\"},\"datePublished\":\"2019-12-29T12:04:35+00:00\",\"dateModified\":\"2020-01-03T14:33:21+00:00\",\"breadcrumb\":{\"@id\":\"https:\/\/bodribor.hu\/programok\/#breadcrumb\"},\"inLanguage\":\"en-US\",\"potentialAction\":[{\"@type\":\"ReadAction\",\"target\":[\"https:\/\/bodribor.hu\/programok\/\"]}]},{\"@type\":\"BreadcrumbList\",\"@id\":\"https:\/\/bodribor.hu\/programok\/#breadcrumb\",\"itemListElement\":[{\"@type\":\"ListItem\",\"position\":1,\"name\":\"Bodribor\",\"item\":\"https:\/\/bodribor.hu\/en\/homepage-2\/\"},{\"@type\":\"ListItem\",\"position\":2,\"name\":\"Programmes\"}]},{\"@type\":\"WebSite\",\"@id\":\"https:\/\/bodribor.hu\/#website\",\"url\":\"https:\/\/bodribor.hu\/\",\"name\":\"Bodri Pinc\u00e9szet, Szeksz\u00e1rd\",\"description\":\"Szeksz\u00e1rd d\u00e9li hat\u00e1r\u00e1ban, a fest\u0151i sz\u00e9ps\u00e9g\u0171 Faluhely-d\u0171l\u0151ben tal\u00e1lhat\u00f3 a Bodri Birtok, melyet egy \u00f6n\u00e1ll\u00f3 kis vil\u00e1gnak tekinthet\u00fcnk.\",\"potentialAction\":[{\"@type\":\"SearchAction\",\"target\":{\"@type\":\"EntryPoint\",\"urlTemplate\":\"https:\/\/bodribor.hu\/?s={search_term_string}\"},\"query-input\":{\"@type\":\"PropertyValueSpecification\",\"valueRequired\":true,\"valueName\":\"search_term_string\"}}],\"inLanguage\":\"en-US\"}]}<\/script>\n<!-- \/ Yoast SEO Premium plugin. -->","yoast_head_json":{"title":"Programmes - Bodri Pinc\u00e9szet, Szeksz\u00e1rd","robots":{"index":"index","follow":"follow","max-snippet":"max-snippet:-1","max-image-preview":"max-image-preview:large","max-video-preview":"max-video-preview:-1"},"canonical":"https:\/\/bodribor.hu\/programok\/","og_locale":"en_US","og_type":"article","og_title":"Programmes","og_description":"[vc_row][vc_column][vc_column_text el_class=&#8221;bevezetoszoveg&#8221;]IF YOU ARE A GUEST OF THE BODRI WINERY, WE TRUST YOU WILL JOIN US FOR A WINE TASTING EVENT WHERE YOU CAN PEEK BEHIND THE CURTAINS AND LEARN MANY INTERESTING FACTS ABOUT OUR WINES! OUR 4WD WINE TOUR IS WORTH TRYING! AND IF YOU ARE LOOKING FOR A TRULY EXCLUSIVE EXPERIENCE \u2013 ONLY AVAILABLE AT THE BODRI WINERY \u2013 PICK ONE OF OUR TRUFFLE PACKAGES![\/vc_column_text][\/vc_column][\/vc_row][vc_row][vc_column][vc_column_text el_class=&#8221;alcim&#8221;] 4WD WINE TOUR [\/vc_column_text][\/vc_column][\/vc_row][vc_row el_class=&#8221;kifutokep&#8221;][vc_column width=&#8221;1\/3&#8243; el_class=&#8221;szovegleiras&#8221;][vc_column_text]Driving through the picturesque slopes of Szeksz\u00e1rd Hills in a 9-seat Land Rover Defender? \u2013 Is there a more elevating adventure? Visiting wine cellars on the way\u2026 Spend a whole day or just a half with us! Details of the 4WD programmes [\/vc_column_text][\/vc_column][vc_column width=&#8221;2\/3&#8243;][vc_single_image image=&#8221;39676&#8243; img_size=&#8221;full&#8221;][\/vc_column][\/vc_row][vc_row el_class=&#8221;szovegleiras huszonketto&#8221;][vc_column][vc_column_text el_class=&#8221;alcim&#8221;] TRUFFLE PACKAGES A few years ago, a truffle deposit was discovered in the forest near the Bodri Estate, so this wonderful and rare spice has gained a central role in our gastronomy as well. Choose from the various truffle packages, and we guarantee an exclusive experience. Details [\/vc_column_text][\/vc_column][\/vc_row][vc_row][vc_column width=&#8221;1\/3&#8243;][vc_single_image image=&#8221;33989&#8243; img_size=&#8221;full&#8221;][\/vc_column][vc_column width=&#8221;1\/3&#8243;][vc_single_image image=&#8221;33984&#8243; img_size=&#8221;full&#8221;][\/vc_column][vc_column width=&#8221;1\/3&#8243;][vc_single_image image=&#8221;33994&#8243; img_size=&#8221;full&#8221;][\/vc_column][\/vc_row]","og_url":"https:\/\/bodribor.hu\/programok\/","og_site_name":"Bodri Pinc\u00e9szet, Szeksz\u00e1rd","article_modified_time":"2020-01-03T14:33:21+00:00","twitter_card":"summary_large_image","twitter_misc":{"Est. reading time":"1 minute"},"schema":{"@context":"https:\/\/schema.org","@graph":[{"@type":"WebPage","@id":"https:\/\/bodribor.hu\/programok\/","url":"https:\/\/bodribor.hu\/programok\/","name":"Programmes - Bodri Pinc\u00e9szet, Szeksz\u00e1rd","isPartOf":{"@id":"https:\/\/bodribor.hu\/#website"},"datePublished":"2019-12-29T12:04:35+00:00","dateModified":"2020-01-03T14:33:21+00:00","breadcrumb":{"@id":"https:\/\/bodribor.hu\/programok\/#breadcrumb"},"inLanguage":"en-US","potentialAction":[{"@type":"ReadAction","target":["https:\/\/bodribor.hu\/programok\/"]}]},{"@type":"BreadcrumbList","@id":"https:\/\/bodribor.hu\/programok\/#breadcrumb","itemListElement":[{"@type":"ListItem","position":1,"name":"Bodribor","item":"https:\/\/bodribor.hu\/en\/homepage-2\/"},{"@type":"ListItem","position":2,"name":"Programmes"}]},{"@type":"WebSite","@id":"https:\/\/bodribor.hu\/#website","url":"https:\/\/bodribor.hu\/","name":"Bodri Pinc\u00e9szet, Szeksz\u00e1rd","description":"Szeksz\u00e1rd d\u00e9li hat\u00e1r\u00e1ban, a fest\u0151i sz\u00e9ps\u00e9g\u0171 Faluhely-d\u0171l\u0151ben tal\u00e1lhat\u00f3 a Bodri Birtok, melyet egy \u00f6n\u00e1ll\u00f3 kis vil\u00e1gnak tekinthet\u00fcnk.","potentialAction":[{"@type":"SearchAction","target":{"@type":"EntryPoint","urlTemplate":"https:\/\/bodribor.hu\/?s={search_term_string}"},"query-input":{"@type":"PropertyValueSpecification","valueRequired":true,"valueName":"search_term_string"}}],"inLanguage":"en-US"}]}},"_links":{"self":[{"href":"https:\/\/bodribor.hu\/en\/wp-json\/wp\/v2\/pages\/48665","targetHints":{"allow":["GET"]}}],"collection":[{"href":"https:\/\/bodribor.hu\/en\/wp-json\/wp\/v2\/pages"}],"about":[{"href":"https:\/\/bodribor.hu\/en\/wp-json\/wp\/v2\/types\/page"}],"author":[{"embeddable":true,"href":"https:\/\/bodribor.hu\/en\/wp-json\/wp\/v2\/users\/2"}],"replies":[{"embeddable":true,"href":"https:\/\/bodribor.hu\/en\/wp-json\/wp\/v2\/comments?post=48665"}],"version-history":[{"count":0,"href":"https:\/\/bodribor.hu\/en\/wp-json\/wp\/v2\/pages\/48665\/revisions"}],"wp:attachment":[{"href":"https:\/\/bodribor.hu\/en\/wp-json\/wp\/v2\/media?parent=48665"}],"curies":[{"name":"wp","href":"https:\/\/api.w.org\/{rel}","templated":true}]}}