{"id":48670,"date":"2019-12-29T14:11:40","date_gmt":"2019-12-29T12:11:40","guid":{"rendered":"https:\/\/bodribor.hu\/?page_id=48670"},"modified":"2023-03-16T14:06:12","modified_gmt":"2023-03-16T12:06:12","slug":"wine-tasting","status":"publish","type":"page","link":"https:\/\/bodribor.hu\/en\/wine-tasting\/","title":{"rendered":"Wine tasting"},"content":{"rendered":"<div class=\"wpb-content-wrapper\"><p>[vc_row el_class=&#8221;cimalatt&#8221;][vc_column][vc_column_text]<\/p>\n<h2 style=\"text-align: left;\">STANDARD WINE TASTING PACKAGES<\/h2>\n<p>[\/vc_column_text][\/vc_column][\/vc_row][vc_row][vc_column width=&#8221;1\/2&#8243;][vc_column_text el_class=&#8221;fel70&#8243;]<\/p>\n<h3 style=\"text-align: left;\">Choice of six types of wine<\/h3>\n<h4 style=\"text-align: left;\"><strong>4.200 HUF\/person<\/strong><\/h4>\n<p>[\/vc_column_text][\/vc_column][vc_column width=&#8221;1\/2&#8243;][vc_column_text el_class=&#8221;lejjebb&#8221;]<\/p>\n<h3 style=\"text-align: left;\">Choice of eight types of wine<\/h3>\n<h4 style=\"text-align: left;\"><strong>5.600 HUF\/person<\/strong><\/h4>\n<p>[\/vc_column_text][\/vc_column][\/vc_row][vc_row][vc_column][vc_column_text]<\/p>\n<h2 style=\"text-align: left;\">PREMIUM WINE TASTING PACKAGES<\/h2>\n<p>[\/vc_column_text][\/vc_column][\/vc_row][vc_row][vc_column width=&#8221;1\/2&#8243;][vc_column_text el_class=&#8221;fel70&#8243;]<\/p>\n<h3 class=\"Default\" style=\"text-align: left;\">Six types of \u201cFaluhely\u201d selection wines<\/h3>\n<h4 class=\"Default\" style=\"text-align: left;\"><strong>5.000 HUF\/person<\/strong><\/h4>\n<p>[\/vc_column_text][\/vc_column][vc_column width=&#8221;1\/2&#8243;][vc_column_text el_class=&#8221;lejjeb&#8221;]<\/p>\n<h3 style=\"text-align: left;\">Exclusive \u201cGurovica\u201d wine tasting<\/h3>\n<h4 style=\"text-align: left;\"><strong>8000 HUF\/person<\/strong><\/h4>\n<p>[\/vc_column_text][\/vc_column][\/vc_row][vc_row][vc_column width=&#8221;1\/2&#8243;][vc_single_image image=&#8221;34817&#8243; img_size=&#8221;full&#8221;][\/vc_column][vc_column width=&#8221;1\/2&#8243;][vc_single_image image=&#8221;34822&#8243; img_size=&#8221;full&#8221;][\/vc_column][\/vc_row][vc_row][vc_column][vc_column_text]<\/p>\n<h3 class=\"tovabbi\">More details<\/h3>\n<p>The amount of wine per types: 0.5- 0.7 dl.<\/p>\n<p>If you wish to extend the range of wines on the list, it is possible in the above amount. Prior arrangements regarding the price of the extended list must be made by the e-mail\/ phone number below.<\/p>\n<p>In case of advanced bookings, we offer a cellar tour of charge (except for high seasons), and it is also possible to combine wine tasting with a meal.<\/p>\n<p>cellar tour: 1 000 HUF\/person<\/p>\n<p>&nbsp;<\/p>\n<p>Enquiries:\u00a0<a href=\"mailto:vendeglatas@bodribor.hu\">vendeglatas@bodribor.hu<\/a>\u00a0+36 74 67 67 00<\/p>\n<p>(Our prices are inclusive of VAT.)[\/vc_column_text][vc_column_text]<\/p>\n<h2>WINE AND CHOCOLATE<\/h2>\n<p>The primary aim of tasting wine and chocolate is to enrich our experiences. The bonbon sampled with the wine each time changes the original character of the drink. In some cases, chocolate and wine smoothly embrace each another and carry on in their unity, like, for instance, Bodri Bull\u2019s Blood and chilly chocolate. Other times, however, some characteristic note is further emphasized, as in the case of Cabernet Sauvignon, where among the fresh grapefruity and nettle notes elderberry was raised to dominance in the bonbon cr\u00e9me. Chocolate that is tuned to wine, like a tiny crutch, helps us to discover the flavours we might not notice otherwise. It helps to explore the hidden senses. [\/vc_column_text][\/vc_column][\/vc_row][vc_row el_class=&#8221;bonbon&#8221;][vc_column width=&#8221;8\/12&#8243;][vc_column_text]<\/p>\n<h3 style=\"text-align: left;\">Six varieties of wine and Bodri Bon<\/h3>\n<h4 style=\"text-align: left;\"><strong>8.000 HUF\/person<\/strong><\/h4>\n<p>\u201cBlanka\u201d Sauvignon Blanc of Szeksz\u00e1rd<\/p>\n<p>\u201cRozi\u201d Ros\u00e9 of Szeksz\u00e1rd<\/p>\n<p>Kadarka of Szeksz\u00e1rd<\/p>\n<p>\u201cFaluhely\u201d Selection K\u00e9kfrankos (Blue Frankish) of Szeksz\u00e1rd<\/p>\n<p>\u201cFaluhely\u201d Selection Bull\u2019s Blood of Szeksz\u00e1rd<\/p>\n<p>\u201cOptimus\u201d Cuv\u00e9e of Szeksz\u00e1rd[\/vc_column_text][\/vc_column][vc_column width=&#8221;4\/12&#8243;][vc_single_image image=&#8221;34812&#8243; img_size=&#8221;full&#8221; alignment=&#8221;right&#8221;][\/vc_column][\/vc_row]<\/p>\n<\/div>","protected":false},"excerpt":{"rendered":"<p>[vc_row el_class=&#8221;cimalatt&#8221;][vc_column][vc_column_text] STANDARD WINE TASTING PACKAGES [\/vc_column_text][\/vc_column][\/vc_row][vc_row][vc_column width=&#8221;1\/2&#8243;][vc_column_text el_class=&#8221;fel70&#8243;] Choice of six types of wine 4.200 HUF\/person [\/vc_column_text][\/vc_column][vc_column width=&#8221;1\/2&#8243;][vc_column_text el_class=&#8221;lejjebb&#8221;] Choice of eight types of wine 5.600 HUF\/person [\/vc_column_text][\/vc_column][\/vc_row][vc_row][vc_column][vc_column_text] PREMIUM WINE TASTING PACKAGES [\/vc_column_text][\/vc_column][\/vc_row][vc_row][vc_column width=&#8221;1\/2&#8243;][vc_column_text el_class=&#8221;fel70&#8243;] Six types of \u201cFaluhely\u201d selection wines 5.000 HUF\/person [\/vc_column_text][\/vc_column][vc_column width=&#8221;1\/2&#8243;][vc_column_text el_class=&#8221;lejjeb&#8221;] Exclusive \u201cGurovica\u201d wine tasting 8000 HUF\/person [\/vc_column_text][\/vc_column][\/vc_row][vc_row][vc_column width=&#8221;1\/2&#8243;][vc_single_image image=&#8221;34817&#8243; img_size=&#8221;full&#8221;][\/vc_column][vc_column width=&#8221;1\/2&#8243;][vc_single_image image=&#8221;34822&#8243; img_size=&#8221;full&#8221;][\/vc_column][\/vc_row][vc_row][vc_column][vc_column_text] More details The amount of wine per types: 0.5- 0.7 dl. If you wish to extend the range of wines on the list, it is possible in the above amount. Prior arrangements regarding the price of the extended list must be made by the e-mail\/ phone number below. In case of advanced bookings, we offer a cellar tour of charge (except for high seasons), and it is also possible to combine wine tasting with a meal. cellar tour: 1 000 HUF\/person &nbsp; Enquiries:\u00a0vendeglatas@bodribor.hu\u00a0+36 74 67 67 00 (Our prices are inclusive of VAT.)[\/vc_column_text][vc_column_text] WINE AND CHOCOLATE The primary aim of tasting wine and chocolate is to enrich our experiences. The bonbon sampled with the wine each time changes the original character of the drink. In some cases, chocolate and wine smoothly embrace each another and carry on in their unity,<span class=\"excerpt-hellip\"> [\u2026]<\/span><\/p>\n","protected":false},"author":2,"featured_media":0,"parent":0,"menu_order":0,"comment_status":"closed","ping_status":"closed","template":"","meta":{"_acf_changed":false,"footnotes":""},"class_list":["post-48670","page","type-page","status-publish","hentry"],"acf":[],"yoast_head":"<!-- This site is optimized with the Yoast SEO Premium plugin v26.7 (Yoast SEO v27.0) - https:\/\/yoast.com\/product\/yoast-seo-premium-wordpress\/ -->\n<title>Wine tasting - Bodri Pinc\u00e9szet, Szeksz\u00e1rd<\/title>\n<meta name=\"robots\" content=\"index, follow, max-snippet:-1, max-image-preview:large, max-video-preview:-1\" \/>\n<link rel=\"canonical\" href=\"https:\/\/bodribor.hu\/en\/wine-tasting\/\" \/>\n<meta property=\"og:locale\" content=\"en_US\" \/>\n<meta property=\"og:type\" content=\"article\" \/>\n<meta property=\"og:title\" content=\"Wine tasting\" \/>\n<meta property=\"og:description\" content=\"[vc_row el_class=&#8221;cimalatt&#8221;][vc_column][vc_column_text] STANDARD WINE TASTING PACKAGES [\/vc_column_text][\/vc_column][\/vc_row][vc_row][vc_column width=&#8221;1\/2&#8243;][vc_column_text el_class=&#8221;fel70&#8243;] Choice of six types of wine 4.200 HUF\/person [\/vc_column_text][\/vc_column][vc_column width=&#8221;1\/2&#8243;][vc_column_text el_class=&#8221;lejjebb&#8221;] Choice of eight types of wine 5.600 HUF\/person [\/vc_column_text][\/vc_column][\/vc_row][vc_row][vc_column][vc_column_text] PREMIUM WINE TASTING PACKAGES [\/vc_column_text][\/vc_column][\/vc_row][vc_row][vc_column width=&#8221;1\/2&#8243;][vc_column_text el_class=&#8221;fel70&#8243;] Six types of \u201cFaluhely\u201d selection wines 5.000 HUF\/person [\/vc_column_text][\/vc_column][vc_column width=&#8221;1\/2&#8243;][vc_column_text el_class=&#8221;lejjeb&#8221;] Exclusive \u201cGurovica\u201d wine tasting 8000 HUF\/person [\/vc_column_text][\/vc_column][\/vc_row][vc_row][vc_column width=&#8221;1\/2&#8243;][vc_single_image image=&#8221;34817&#8243; img_size=&#8221;full&#8221;][\/vc_column][vc_column width=&#8221;1\/2&#8243;][vc_single_image image=&#8221;34822&#8243; img_size=&#8221;full&#8221;][\/vc_column][\/vc_row][vc_row][vc_column][vc_column_text] More details The amount of wine per types: 0.5- 0.7 dl. If you wish to extend the range of wines on the list, it is possible in the above amount. Prior arrangements regarding the price of the extended list must be made by the e-mail\/ phone number below. In case of advanced bookings, we offer a cellar tour of charge (except for high seasons), and it is also possible to combine wine tasting with a meal. cellar tour: 1 000 HUF\/person &nbsp; Enquiries:\u00a0vendeglatas@bodribor.hu\u00a0+36 74 67 67 00 (Our prices are inclusive of VAT.)[\/vc_column_text][vc_column_text] WINE AND CHOCOLATE The primary aim of tasting wine and chocolate is to enrich our experiences. The bonbon sampled with the wine each time changes the original character of the drink. In some cases, chocolate and wine smoothly embrace each another and carry on in their unity, [\u2026]\" \/>\n<meta property=\"og:url\" content=\"https:\/\/bodribor.hu\/en\/wine-tasting\/\" \/>\n<meta property=\"og:site_name\" content=\"Bodri Pinc\u00e9szet, Szeksz\u00e1rd\" \/>\n<meta property=\"article:modified_time\" content=\"2023-03-16T12:06:12+00:00\" \/>\n<meta name=\"twitter:card\" content=\"summary_large_image\" \/>\n<meta name=\"twitter:label1\" content=\"Est. reading time\" \/>\n\t<meta name=\"twitter:data1\" content=\"2 minutes\" \/>\n<script type=\"application\/ld+json\" class=\"yoast-schema-graph\">{\"@context\":\"https:\/\/schema.org\",\"@graph\":[{\"@type\":\"WebPage\",\"@id\":\"https:\/\/bodribor.hu\/en\/wine-tasting\/\",\"url\":\"https:\/\/bodribor.hu\/en\/wine-tasting\/\",\"name\":\"Wine tasting - Bodri Pinc\u00e9szet, Szeksz\u00e1rd\",\"isPartOf\":{\"@id\":\"https:\/\/bodribor.hu\/#website\"},\"datePublished\":\"2019-12-29T12:11:40+00:00\",\"dateModified\":\"2023-03-16T12:06:12+00:00\",\"breadcrumb\":{\"@id\":\"https:\/\/bodribor.hu\/en\/wine-tasting\/#breadcrumb\"},\"inLanguage\":\"en-US\",\"potentialAction\":[{\"@type\":\"ReadAction\",\"target\":[\"https:\/\/bodribor.hu\/en\/wine-tasting\/\"]}]},{\"@type\":\"BreadcrumbList\",\"@id\":\"https:\/\/bodribor.hu\/en\/wine-tasting\/#breadcrumb\",\"itemListElement\":[{\"@type\":\"ListItem\",\"position\":1,\"name\":\"Bodribor\",\"item\":\"https:\/\/bodribor.hu\/en\/homepage-2\/\"},{\"@type\":\"ListItem\",\"position\":2,\"name\":\"Wine tasting\"}]},{\"@type\":\"WebSite\",\"@id\":\"https:\/\/bodribor.hu\/#website\",\"url\":\"https:\/\/bodribor.hu\/\",\"name\":\"Bodri Pinc\u00e9szet, Szeksz\u00e1rd\",\"description\":\"Szeksz\u00e1rd d\u00e9li hat\u00e1r\u00e1ban, a fest\u0151i sz\u00e9ps\u00e9g\u0171 Faluhely-d\u0171l\u0151ben tal\u00e1lhat\u00f3 a Bodri Birtok, melyet egy \u00f6n\u00e1ll\u00f3 kis vil\u00e1gnak tekinthet\u00fcnk.\",\"potentialAction\":[{\"@type\":\"SearchAction\",\"target\":{\"@type\":\"EntryPoint\",\"urlTemplate\":\"https:\/\/bodribor.hu\/?s={search_term_string}\"},\"query-input\":{\"@type\":\"PropertyValueSpecification\",\"valueRequired\":true,\"valueName\":\"search_term_string\"}}],\"inLanguage\":\"en-US\"}]}<\/script>\n<!-- \/ Yoast SEO Premium plugin. -->","yoast_head_json":{"title":"Wine tasting - Bodri Pinc\u00e9szet, Szeksz\u00e1rd","robots":{"index":"index","follow":"follow","max-snippet":"max-snippet:-1","max-image-preview":"max-image-preview:large","max-video-preview":"max-video-preview:-1"},"canonical":"https:\/\/bodribor.hu\/en\/wine-tasting\/","og_locale":"en_US","og_type":"article","og_title":"Wine tasting","og_description":"[vc_row el_class=&#8221;cimalatt&#8221;][vc_column][vc_column_text] STANDARD WINE TASTING PACKAGES [\/vc_column_text][\/vc_column][\/vc_row][vc_row][vc_column width=&#8221;1\/2&#8243;][vc_column_text el_class=&#8221;fel70&#8243;] Choice of six types of wine 4.200 HUF\/person [\/vc_column_text][\/vc_column][vc_column width=&#8221;1\/2&#8243;][vc_column_text el_class=&#8221;lejjebb&#8221;] Choice of eight types of wine 5.600 HUF\/person [\/vc_column_text][\/vc_column][\/vc_row][vc_row][vc_column][vc_column_text] PREMIUM WINE TASTING PACKAGES [\/vc_column_text][\/vc_column][\/vc_row][vc_row][vc_column width=&#8221;1\/2&#8243;][vc_column_text el_class=&#8221;fel70&#8243;] Six types of \u201cFaluhely\u201d selection wines 5.000 HUF\/person [\/vc_column_text][\/vc_column][vc_column width=&#8221;1\/2&#8243;][vc_column_text el_class=&#8221;lejjeb&#8221;] Exclusive \u201cGurovica\u201d wine tasting 8000 HUF\/person [\/vc_column_text][\/vc_column][\/vc_row][vc_row][vc_column width=&#8221;1\/2&#8243;][vc_single_image image=&#8221;34817&#8243; img_size=&#8221;full&#8221;][\/vc_column][vc_column width=&#8221;1\/2&#8243;][vc_single_image image=&#8221;34822&#8243; img_size=&#8221;full&#8221;][\/vc_column][\/vc_row][vc_row][vc_column][vc_column_text] More details The amount of wine per types: 0.5- 0.7 dl. If you wish to extend the range of wines on the list, it is possible in the above amount. Prior arrangements regarding the price of the extended list must be made by the e-mail\/ phone number below. In case of advanced bookings, we offer a cellar tour of charge (except for high seasons), and it is also possible to combine wine tasting with a meal. cellar tour: 1 000 HUF\/person &nbsp; Enquiries:\u00a0vendeglatas@bodribor.hu\u00a0+36 74 67 67 00 (Our prices are inclusive of VAT.)[\/vc_column_text][vc_column_text] WINE AND CHOCOLATE The primary aim of tasting wine and chocolate is to enrich our experiences. The bonbon sampled with the wine each time changes the original character of the drink. In some cases, chocolate and wine smoothly embrace each another and carry on in their unity, [\u2026]","og_url":"https:\/\/bodribor.hu\/en\/wine-tasting\/","og_site_name":"Bodri Pinc\u00e9szet, Szeksz\u00e1rd","article_modified_time":"2023-03-16T12:06:12+00:00","twitter_card":"summary_large_image","twitter_misc":{"Est. reading time":"2 minutes"},"schema":{"@context":"https:\/\/schema.org","@graph":[{"@type":"WebPage","@id":"https:\/\/bodribor.hu\/en\/wine-tasting\/","url":"https:\/\/bodribor.hu\/en\/wine-tasting\/","name":"Wine tasting - Bodri Pinc\u00e9szet, Szeksz\u00e1rd","isPartOf":{"@id":"https:\/\/bodribor.hu\/#website"},"datePublished":"2019-12-29T12:11:40+00:00","dateModified":"2023-03-16T12:06:12+00:00","breadcrumb":{"@id":"https:\/\/bodribor.hu\/en\/wine-tasting\/#breadcrumb"},"inLanguage":"en-US","potentialAction":[{"@type":"ReadAction","target":["https:\/\/bodribor.hu\/en\/wine-tasting\/"]}]},{"@type":"BreadcrumbList","@id":"https:\/\/bodribor.hu\/en\/wine-tasting\/#breadcrumb","itemListElement":[{"@type":"ListItem","position":1,"name":"Bodribor","item":"https:\/\/bodribor.hu\/en\/homepage-2\/"},{"@type":"ListItem","position":2,"name":"Wine tasting"}]},{"@type":"WebSite","@id":"https:\/\/bodribor.hu\/#website","url":"https:\/\/bodribor.hu\/","name":"Bodri Pinc\u00e9szet, Szeksz\u00e1rd","description":"Szeksz\u00e1rd d\u00e9li hat\u00e1r\u00e1ban, a fest\u0151i sz\u00e9ps\u00e9g\u0171 Faluhely-d\u0171l\u0151ben tal\u00e1lhat\u00f3 a Bodri Birtok, melyet egy \u00f6n\u00e1ll\u00f3 kis vil\u00e1gnak tekinthet\u00fcnk.","potentialAction":[{"@type":"SearchAction","target":{"@type":"EntryPoint","urlTemplate":"https:\/\/bodribor.hu\/?s={search_term_string}"},"query-input":{"@type":"PropertyValueSpecification","valueRequired":true,"valueName":"search_term_string"}}],"inLanguage":"en-US"}]}},"_links":{"self":[{"href":"https:\/\/bodribor.hu\/en\/wp-json\/wp\/v2\/pages\/48670","targetHints":{"allow":["GET"]}}],"collection":[{"href":"https:\/\/bodribor.hu\/en\/wp-json\/wp\/v2\/pages"}],"about":[{"href":"https:\/\/bodribor.hu\/en\/wp-json\/wp\/v2\/types\/page"}],"author":[{"embeddable":true,"href":"https:\/\/bodribor.hu\/en\/wp-json\/wp\/v2\/users\/2"}],"replies":[{"embeddable":true,"href":"https:\/\/bodribor.hu\/en\/wp-json\/wp\/v2\/comments?post=48670"}],"version-history":[{"count":0,"href":"https:\/\/bodribor.hu\/en\/wp-json\/wp\/v2\/pages\/48670\/revisions"}],"wp:attachment":[{"href":"https:\/\/bodribor.hu\/en\/wp-json\/wp\/v2\/media?parent=48670"}],"curies":[{"name":"wp","href":"https:\/\/api.w.org\/{rel}","templated":true}]}}