{"id":48673,"date":"2019-12-29T16:09:27","date_gmt":"2019-12-29T14:09:27","guid":{"rendered":"https:\/\/bodribor.hu\/?page_id=48673"},"modified":"2022-06-10T14:46:11","modified_gmt":"2022-06-10T12:46:11","slug":"4wd-wine-tour","status":"publish","type":"page","link":"https:\/\/bodribor.hu\/en\/4wd-wine-tour\/","title":{"rendered":"4WD Wine tour"},"content":{"rendered":"<div class=\"wpb-content-wrapper\"><p>[vc_row][vc_column][vc_column_text el_class=&#8221;bevezetoszoveg&#8221;]KEDVES VEND\u00c9GEINK, TISZTELT \u00c9RDEKL\u0150D\u0150K!<br \/>\nA T\u00daR\u00c1K 6, ILLETVE 8 UTAS SZ\u00c1LL\u00cdT\u00c1S\u00c1RA ALKALMAS TEREPJ\u00c1R\u00d3KKAL KER\u00dcLNEK LEBONYOL\u00cdT\u00c1SRA, A FENTI \u00c1RAK J\u00c1RM\u0170VENK\u00c9NT \u00c9RTEND\u0150K. EGY T\u00daRA MAXIM\u00c1LIS L\u00c9TSZ\u00c1MA 26 F\u0150. A R\u00c9SZLETEKKEL KAPCSOLATBAN K\u00c9REM KERESSE MUNKAT\u00c1RSAINKAT!<br \/>\n<strong>FOGLAL\u00c1S:<br \/>\n<\/strong>EMAIL: VENDEGLATAS@BODRIBOR.HU<br \/>\nTELEFON: +36 74 67 67 00<br \/>\nT\u00daRA-KULT\u00daRA<br \/>\nWWW.VIDEKJAROTEREPJARO.HU[\/vc_column_text][\/vc_column][\/vc_row][vc_row gap=&#8221;15&#8243;][vc_column width=&#8221;1\/3&#8243;][vc_column_text]<\/p>\n<h3>2 \u00d3R\u00c1S KALAND<\/h3>\n<p><strong>R\u00e9szv\u00e9teli d\u00edj: 2 f\u0151 23.000 Ft<br \/>\n<\/strong>Minden tov\u00e1bbi f\u0151\u00a0<strong>9.900 Ft<\/strong>[\/vc_column_text][vc_column_text]<\/p>\n<h3>2 \u00d3R\u00c1S \u00c9JSZAKAI KALAND<\/h3>\n<p><strong>R\u00e9szv\u00e9teli d\u00edj: 2 f\u0151 23.000 Ft<br \/>\n<\/strong>Minden tov\u00e1bbi f\u0151 eset\u00e9n 9.900 Ft\/f\u0151[\/vc_column_text][\/vc_column][vc_column width=&#8221;1\/3&#8243;][vc_column_text]<\/p>\n<h3>3:15 \u00d3R\u00c1S KALAND<\/h3>\n<p><strong>R\u00e9szv\u00e9teli d\u00edj: 2 f\u0151 36.000 Ft<br \/>\n<\/strong>Minden tov\u00e1bbi f\u0151\u00a0<strong>13.900 Ft<br \/>\n<\/strong>Opcion\u00e1lis: pincel\u00e1togat\u00e1s[\/vc_column_text][\/vc_column][vc_column width=&#8221;1\/3&#8243;][vc_column_text]<\/p>\n<h3>6 \u00d3R\u00c1S KALAND<\/h3>\n<p><strong>R\u00e9szv\u00e9teli d\u00edj: 2 f\u0151 72.000 Ft<br \/>\n<\/strong>Minden tov\u00e1bbi f\u0151\u00a0<strong>29.900 Ft<br \/>\n<\/strong>Opcion\u00e1lis: pincel\u00e1togat\u00e1s \u00e9s\/vagy \u00e9tkez\u00e9s[\/vc_column_text][\/vc_column][\/vc_row]<\/p>\n<\/div>","protected":false},"excerpt":{"rendered":"<p>[vc_row][vc_column][vc_column_text el_class=&#8221;bevezetoszoveg&#8221;]KEDVES VEND\u00c9GEINK, TISZTELT \u00c9RDEKL\u0150D\u0150K! A T\u00daR\u00c1K 6, ILLETVE 8 UTAS SZ\u00c1LL\u00cdT\u00c1S\u00c1RA ALKALMAS TEREPJ\u00c1R\u00d3KKAL KER\u00dcLNEK LEBONYOL\u00cdT\u00c1SRA, A FENTI \u00c1RAK J\u00c1RM\u0170VENK\u00c9NT \u00c9RTEND\u0150K. EGY T\u00daRA MAXIM\u00c1LIS L\u00c9TSZ\u00c1MA 26 F\u0150. A R\u00c9SZLETEKKEL KAPCSOLATBAN K\u00c9REM KERESSE MUNKAT\u00c1RSAINKAT! FOGLAL\u00c1S: EMAIL: VENDEGLATAS@BODRIBOR.HU TELEFON: +36 74 67 67 00 T\u00daRA-KULT\u00daRA WWW.VIDEKJAROTEREPJARO.HU[\/vc_column_text][\/vc_column][\/vc_row][vc_row gap=&#8221;15&#8243;][vc_column width=&#8221;1\/3&#8243;][vc_column_text] 2 \u00d3R\u00c1S KALAND R\u00e9szv\u00e9teli d\u00edj: 2 f\u0151 23.000 Ft Minden tov\u00e1bbi f\u0151\u00a09.900 Ft[\/vc_column_text][vc_column_text] 2 \u00d3R\u00c1S \u00c9JSZAKAI KALAND R\u00e9szv\u00e9teli d\u00edj: 2 f\u0151 23.000 Ft Minden tov\u00e1bbi f\u0151 eset\u00e9n 9.900 Ft\/f\u0151[\/vc_column_text][\/vc_column][vc_column width=&#8221;1\/3&#8243;][vc_column_text] 3:15 \u00d3R\u00c1S KALAND R\u00e9szv\u00e9teli d\u00edj: 2 f\u0151 36.000 Ft Minden tov\u00e1bbi f\u0151\u00a013.900 Ft Opcion\u00e1lis: pincel\u00e1togat\u00e1s[\/vc_column_text][\/vc_column][vc_column width=&#8221;1\/3&#8243;][vc_column_text] 6 \u00d3R\u00c1S KALAND R\u00e9szv\u00e9teli d\u00edj: 2 f\u0151 72.000 Ft Minden tov\u00e1bbi f\u0151\u00a029.900 Ft Opcion\u00e1lis: pincel\u00e1togat\u00e1s \u00e9s\/vagy \u00e9tkez\u00e9s[\/vc_column_text][\/vc_column][\/vc_row]<\/p>\n","protected":false},"author":2,"featured_media":0,"parent":0,"menu_order":0,"comment_status":"closed","ping_status":"closed","template":"","meta":{"_acf_changed":false,"footnotes":""},"class_list":["post-48673","page","type-page","status-publish","hentry"],"acf":[],"yoast_head":"<!-- This site is optimized with the Yoast SEO Premium plugin v26.7 (Yoast SEO v27.5) - https:\/\/yoast.com\/product\/yoast-seo-premium-wordpress\/ -->\n<title>4WD Wine tour - Bodri Pinc\u00e9szet, Szeksz\u00e1rd<\/title>\n<meta name=\"robots\" content=\"index, follow, max-snippet:-1, max-image-preview:large, max-video-preview:-1\" \/>\n<link rel=\"canonical\" href=\"https:\/\/bodribor.hu\/en\/4wd-wine-tour\/\" \/>\n<meta property=\"og:locale\" content=\"en_US\" \/>\n<meta property=\"og:type\" content=\"article\" \/>\n<meta property=\"og:title\" content=\"4WD Wine tour\" \/>\n<meta property=\"og:description\" content=\"[vc_row][vc_column][vc_column_text el_class=&#8221;bevezetoszoveg&#8221;]KEDVES VEND\u00c9GEINK, TISZTELT \u00c9RDEKL\u0150D\u0150K! A T\u00daR\u00c1K 6, ILLETVE 8 UTAS SZ\u00c1LL\u00cdT\u00c1S\u00c1RA ALKALMAS TEREPJ\u00c1R\u00d3KKAL KER\u00dcLNEK LEBONYOL\u00cdT\u00c1SRA, A FENTI \u00c1RAK J\u00c1RM\u0170VENK\u00c9NT \u00c9RTEND\u0150K. EGY T\u00daRA MAXIM\u00c1LIS L\u00c9TSZ\u00c1MA 26 F\u0150. A R\u00c9SZLETEKKEL KAPCSOLATBAN K\u00c9REM KERESSE MUNKAT\u00c1RSAINKAT! FOGLAL\u00c1S: EMAIL: VENDEGLATAS@BODRIBOR.HU TELEFON: +36 74 67 67 00 T\u00daRA-KULT\u00daRA WWW.VIDEKJAROTEREPJARO.HU[\/vc_column_text][\/vc_column][\/vc_row][vc_row gap=&#8221;15&#8243;][vc_column width=&#8221;1\/3&#8243;][vc_column_text] 2 \u00d3R\u00c1S KALAND R\u00e9szv\u00e9teli d\u00edj: 2 f\u0151 23.000 Ft Minden tov\u00e1bbi f\u0151\u00a09.900 Ft[\/vc_column_text][vc_column_text] 2 \u00d3R\u00c1S \u00c9JSZAKAI KALAND R\u00e9szv\u00e9teli d\u00edj: 2 f\u0151 23.000 Ft Minden tov\u00e1bbi f\u0151 eset\u00e9n 9.900 Ft\/f\u0151[\/vc_column_text][\/vc_column][vc_column width=&#8221;1\/3&#8243;][vc_column_text] 3:15 \u00d3R\u00c1S KALAND R\u00e9szv\u00e9teli d\u00edj: 2 f\u0151 36.000 Ft Minden tov\u00e1bbi f\u0151\u00a013.900 Ft Opcion\u00e1lis: pincel\u00e1togat\u00e1s[\/vc_column_text][\/vc_column][vc_column width=&#8221;1\/3&#8243;][vc_column_text] 6 \u00d3R\u00c1S KALAND R\u00e9szv\u00e9teli d\u00edj: 2 f\u0151 72.000 Ft Minden tov\u00e1bbi f\u0151\u00a029.900 Ft Opcion\u00e1lis: pincel\u00e1togat\u00e1s \u00e9s\/vagy \u00e9tkez\u00e9s[\/vc_column_text][\/vc_column][\/vc_row]\" \/>\n<meta property=\"og:url\" content=\"https:\/\/bodribor.hu\/en\/4wd-wine-tour\/\" \/>\n<meta property=\"og:site_name\" content=\"Bodri Pinc\u00e9szet, Szeksz\u00e1rd\" \/>\n<meta property=\"article:modified_time\" content=\"2022-06-10T12:46:11+00:00\" \/>\n<meta name=\"twitter:card\" content=\"summary_large_image\" \/>\n<meta name=\"twitter:label1\" content=\"Est. reading time\" \/>\n\t<meta name=\"twitter:data1\" content=\"1 minute\" \/>\n<script type=\"application\/ld+json\" class=\"yoast-schema-graph\">{\"@context\":\"https:\\\/\\\/schema.org\",\"@graph\":[{\"@type\":\"WebPage\",\"@id\":\"https:\\\/\\\/bodribor.hu\\\/en\\\/4wd-wine-tour\\\/\",\"url\":\"https:\\\/\\\/bodribor.hu\\\/en\\\/4wd-wine-tour\\\/\",\"name\":\"4WD Wine tour - Bodri Pinc\u00e9szet, Szeksz\u00e1rd\",\"isPartOf\":{\"@id\":\"https:\\\/\\\/bodribor.hu\\\/#website\"},\"datePublished\":\"2019-12-29T14:09:27+00:00\",\"dateModified\":\"2022-06-10T12:46:11+00:00\",\"breadcrumb\":{\"@id\":\"https:\\\/\\\/bodribor.hu\\\/en\\\/4wd-wine-tour\\\/#breadcrumb\"},\"inLanguage\":\"en-US\",\"potentialAction\":[{\"@type\":\"ReadAction\",\"target\":[\"https:\\\/\\\/bodribor.hu\\\/en\\\/4wd-wine-tour\\\/\"]}]},{\"@type\":\"BreadcrumbList\",\"@id\":\"https:\\\/\\\/bodribor.hu\\\/en\\\/4wd-wine-tour\\\/#breadcrumb\",\"itemListElement\":[{\"@type\":\"ListItem\",\"position\":1,\"name\":\"Bodribor\",\"item\":\"https:\\\/\\\/bodribor.hu\\\/en\\\/homepage-2\\\/\"},{\"@type\":\"ListItem\",\"position\":2,\"name\":\"4WD Wine tour\"}]},{\"@type\":\"WebSite\",\"@id\":\"https:\\\/\\\/bodribor.hu\\\/#website\",\"url\":\"https:\\\/\\\/bodribor.hu\\\/\",\"name\":\"Bodri Pinc\u00e9szet, Szeksz\u00e1rd\",\"description\":\"Szeksz\u00e1rd d\u00e9li hat\u00e1r\u00e1ban, a fest\u0151i sz\u00e9ps\u00e9g\u0171 Faluhely-d\u0171l\u0151ben tal\u00e1lhat\u00f3 a Bodri Birtok, melyet egy \u00f6n\u00e1ll\u00f3 kis vil\u00e1gnak tekinthet\u00fcnk.\",\"potentialAction\":[{\"@type\":\"SearchAction\",\"target\":{\"@type\":\"EntryPoint\",\"urlTemplate\":\"https:\\\/\\\/bodribor.hu\\\/?s={search_term_string}\"},\"query-input\":{\"@type\":\"PropertyValueSpecification\",\"valueRequired\":true,\"valueName\":\"search_term_string\"}}],\"inLanguage\":\"en-US\"}]}<\/script>\n<!-- \/ Yoast SEO Premium plugin. -->","yoast_head_json":{"title":"4WD Wine tour - Bodri Pinc\u00e9szet, Szeksz\u00e1rd","robots":{"index":"index","follow":"follow","max-snippet":"max-snippet:-1","max-image-preview":"max-image-preview:large","max-video-preview":"max-video-preview:-1"},"canonical":"https:\/\/bodribor.hu\/en\/4wd-wine-tour\/","og_locale":"en_US","og_type":"article","og_title":"4WD Wine tour","og_description":"[vc_row][vc_column][vc_column_text el_class=&#8221;bevezetoszoveg&#8221;]KEDVES VEND\u00c9GEINK, TISZTELT \u00c9RDEKL\u0150D\u0150K! A T\u00daR\u00c1K 6, ILLETVE 8 UTAS SZ\u00c1LL\u00cdT\u00c1S\u00c1RA ALKALMAS TEREPJ\u00c1R\u00d3KKAL KER\u00dcLNEK LEBONYOL\u00cdT\u00c1SRA, A FENTI \u00c1RAK J\u00c1RM\u0170VENK\u00c9NT \u00c9RTEND\u0150K. EGY T\u00daRA MAXIM\u00c1LIS L\u00c9TSZ\u00c1MA 26 F\u0150. A R\u00c9SZLETEKKEL KAPCSOLATBAN K\u00c9REM KERESSE MUNKAT\u00c1RSAINKAT! FOGLAL\u00c1S: EMAIL: VENDEGLATAS@BODRIBOR.HU TELEFON: +36 74 67 67 00 T\u00daRA-KULT\u00daRA WWW.VIDEKJAROTEREPJARO.HU[\/vc_column_text][\/vc_column][\/vc_row][vc_row gap=&#8221;15&#8243;][vc_column width=&#8221;1\/3&#8243;][vc_column_text] 2 \u00d3R\u00c1S KALAND R\u00e9szv\u00e9teli d\u00edj: 2 f\u0151 23.000 Ft Minden tov\u00e1bbi f\u0151\u00a09.900 Ft[\/vc_column_text][vc_column_text] 2 \u00d3R\u00c1S \u00c9JSZAKAI KALAND R\u00e9szv\u00e9teli d\u00edj: 2 f\u0151 23.000 Ft Minden tov\u00e1bbi f\u0151 eset\u00e9n 9.900 Ft\/f\u0151[\/vc_column_text][\/vc_column][vc_column width=&#8221;1\/3&#8243;][vc_column_text] 3:15 \u00d3R\u00c1S KALAND R\u00e9szv\u00e9teli d\u00edj: 2 f\u0151 36.000 Ft Minden tov\u00e1bbi f\u0151\u00a013.900 Ft Opcion\u00e1lis: pincel\u00e1togat\u00e1s[\/vc_column_text][\/vc_column][vc_column width=&#8221;1\/3&#8243;][vc_column_text] 6 \u00d3R\u00c1S KALAND R\u00e9szv\u00e9teli d\u00edj: 2 f\u0151 72.000 Ft Minden tov\u00e1bbi f\u0151\u00a029.900 Ft Opcion\u00e1lis: pincel\u00e1togat\u00e1s \u00e9s\/vagy \u00e9tkez\u00e9s[\/vc_column_text][\/vc_column][\/vc_row]","og_url":"https:\/\/bodribor.hu\/en\/4wd-wine-tour\/","og_site_name":"Bodri Pinc\u00e9szet, Szeksz\u00e1rd","article_modified_time":"2022-06-10T12:46:11+00:00","twitter_card":"summary_large_image","twitter_misc":{"Est. reading time":"1 minute"},"schema":{"@context":"https:\/\/schema.org","@graph":[{"@type":"WebPage","@id":"https:\/\/bodribor.hu\/en\/4wd-wine-tour\/","url":"https:\/\/bodribor.hu\/en\/4wd-wine-tour\/","name":"4WD Wine tour - Bodri Pinc\u00e9szet, Szeksz\u00e1rd","isPartOf":{"@id":"https:\/\/bodribor.hu\/#website"},"datePublished":"2019-12-29T14:09:27+00:00","dateModified":"2022-06-10T12:46:11+00:00","breadcrumb":{"@id":"https:\/\/bodribor.hu\/en\/4wd-wine-tour\/#breadcrumb"},"inLanguage":"en-US","potentialAction":[{"@type":"ReadAction","target":["https:\/\/bodribor.hu\/en\/4wd-wine-tour\/"]}]},{"@type":"BreadcrumbList","@id":"https:\/\/bodribor.hu\/en\/4wd-wine-tour\/#breadcrumb","itemListElement":[{"@type":"ListItem","position":1,"name":"Bodribor","item":"https:\/\/bodribor.hu\/en\/homepage-2\/"},{"@type":"ListItem","position":2,"name":"4WD Wine tour"}]},{"@type":"WebSite","@id":"https:\/\/bodribor.hu\/#website","url":"https:\/\/bodribor.hu\/","name":"Bodri Pinc\u00e9szet, Szeksz\u00e1rd","description":"Szeksz\u00e1rd d\u00e9li hat\u00e1r\u00e1ban, a fest\u0151i sz\u00e9ps\u00e9g\u0171 Faluhely-d\u0171l\u0151ben tal\u00e1lhat\u00f3 a Bodri Birtok, melyet egy \u00f6n\u00e1ll\u00f3 kis vil\u00e1gnak tekinthet\u00fcnk.","potentialAction":[{"@type":"SearchAction","target":{"@type":"EntryPoint","urlTemplate":"https:\/\/bodribor.hu\/?s={search_term_string}"},"query-input":{"@type":"PropertyValueSpecification","valueRequired":true,"valueName":"search_term_string"}}],"inLanguage":"en-US"}]}},"_links":{"self":[{"href":"https:\/\/bodribor.hu\/en\/wp-json\/wp\/v2\/pages\/48673","targetHints":{"allow":["GET"]}}],"collection":[{"href":"https:\/\/bodribor.hu\/en\/wp-json\/wp\/v2\/pages"}],"about":[{"href":"https:\/\/bodribor.hu\/en\/wp-json\/wp\/v2\/types\/page"}],"author":[{"embeddable":true,"href":"https:\/\/bodribor.hu\/en\/wp-json\/wp\/v2\/users\/2"}],"replies":[{"embeddable":true,"href":"https:\/\/bodribor.hu\/en\/wp-json\/wp\/v2\/comments?post=48673"}],"version-history":[{"count":0,"href":"https:\/\/bodribor.hu\/en\/wp-json\/wp\/v2\/pages\/48673\/revisions"}],"wp:attachment":[{"href":"https:\/\/bodribor.hu\/en\/wp-json\/wp\/v2\/media?parent=48673"}],"curies":[{"name":"wp","href":"https:\/\/api.w.org\/{rel}","templated":true}]}}