{"id":48682,"date":"2019-12-29T16:16:40","date_gmt":"2019-12-29T14:16:40","guid":{"rendered":"https:\/\/bodribor.hu\/?page_id=48682"},"modified":"2020-01-03T16:43:43","modified_gmt":"2020-01-03T14:43:43","slug":"truffle-packages","status":"publish","type":"page","link":"https:\/\/bodribor.hu\/en\/truffle-packages\/","title":{"rendered":"Truffle packages"},"content":{"rendered":"<div class=\"wpb-content-wrapper\"><p>[vc_row][vc_column][vc_column_text el_class=&#8221;felvezeto&#8221;]<\/p>\n<h2>Truffle package up to 20 people<\/h2>\n<div class=\"alatt\">Only with Wednesday arrivals (except for high seasons and holidays)<\/div>\n<p>[\/vc_column_text][\/vc_column][\/vc_row][vc_row][vc_column width=&#8221;8\/12&#8243;][vc_column_text css=&#8221;.vc_custom_1577628910000{margin-bottom: 0px !important;}&#8221;]<\/p>\n<h2>The package includes:<\/h2>\n<p>[\/vc_column_text][vc_column_text css=&#8221;.vc_custom_1577628941267{padding-left: 20px !important;}&#8221;]Double room accommodation in our guest house with Roman bath.\u00a0\u00a0All-day use of the Roman bath and sauna, towels are provided. (Opening hours 7:00-20:00)<\/p>\n<p>Truffle dinner: Truffled Chopped Scallop of Veal with leavened cucumber salsa \u2013 Sauvignon Blanc \u201cFaluhely\u201d<br \/>\nConsomm\u00e9 with truffled ravioli \u2013 White Cuv\u00e9e \u201cFaluhely\u201d<br \/>\nGemenc truffles with truffle sauce and potato tart \u2013 \u201cGurovica\u201d K\u00e9kfankos selection<br \/>\nAsparagus souffl\u00e9 with truffle and elderberry jam \u2013 \u201cGurovica\u201d Merlot selection<br \/>\nBuffet breakfast, Scrambled eggs with truffles<br \/>\nTruffle tour from 10:00 to 11:00 (500m walking)<br \/>\n10% discount on wine purchased here<br \/>\n[\/vc_column_text][vc_column_text]<\/p>\n<h3>Price of Truffle package: <strong>25 500 HUF\/person\/night<\/strong><\/h3>\n<p>Choose our exclusive package, which includes a premium 1-hour long guided truffle presentation walk in the afternoon (a distance of 500m).<\/p>\n<h3 class=\"masodik\">Price of Exclusive truffle package: <strong>28 500 HUF\/person\/night<\/strong><\/h3>\n<p>[\/vc_column_text][\/vc_column][vc_column width=&#8221;4\/12&#8243;][vc_single_image image=&#8221;39682&#8243; img_size=&#8221;full&#8221;][vc_single_image image=&#8221;34028&#8243; img_size=&#8221;full&#8221;][vc_single_image image=&#8221;34023&#8243; img_size=&#8221;full&#8221;][\/vc_column][\/vc_row]<\/p>\n<\/div>","protected":false},"excerpt":{"rendered":"<p>[vc_row][vc_column][vc_column_text el_class=&#8221;felvezeto&#8221;] Truffle package up to 20 people Only with Wednesday arrivals (except for high seasons and holidays) [\/vc_column_text][\/vc_column][\/vc_row][vc_row][vc_column width=&#8221;8\/12&#8243;][vc_column_text css=&#8221;.vc_custom_1577628910000{margin-bottom: 0px !important;}&#8221;] The package includes: [\/vc_column_text][vc_column_text css=&#8221;.vc_custom_1577628941267{padding-left: 20px !important;}&#8221;]Double room accommodation in our guest house with Roman bath.\u00a0\u00a0All-day use of the Roman bath and sauna, towels are provided. (Opening hours 7:00-20:00) Truffle dinner: Truffled Chopped Scallop of Veal with leavened cucumber salsa \u2013 Sauvignon Blanc \u201cFaluhely\u201d Consomm\u00e9 with truffled ravioli \u2013 White Cuv\u00e9e \u201cFaluhely\u201d Gemenc truffles with truffle sauce and potato tart \u2013 \u201cGurovica\u201d K\u00e9kfankos selection Asparagus souffl\u00e9 with truffle and elderberry jam \u2013 \u201cGurovica\u201d Merlot selection Buffet breakfast, Scrambled eggs with truffles Truffle tour from 10:00 to 11:00 (500m walking) 10% discount on wine purchased here [\/vc_column_text][vc_column_text] Price of Truffle package: 25 500 HUF\/person\/night Choose our exclusive package, which includes a premium 1-hour long guided truffle presentation walk in the afternoon (a distance of 500m). Price of Exclusive truffle package: 28 500 HUF\/person\/night [\/vc_column_text][\/vc_column][vc_column width=&#8221;4\/12&#8243;][vc_single_image image=&#8221;39682&#8243; img_size=&#8221;full&#8221;][vc_single_image image=&#8221;34028&#8243; img_size=&#8221;full&#8221;][vc_single_image image=&#8221;34023&#8243; img_size=&#8221;full&#8221;][\/vc_column][\/vc_row]<\/p>\n","protected":false},"author":2,"featured_media":0,"parent":0,"menu_order":0,"comment_status":"closed","ping_status":"closed","template":"","meta":{"_acf_changed":false,"footnotes":""},"class_list":["post-48682","page","type-page","status-publish","hentry"],"acf":[],"yoast_head":"<!-- This site is optimized with the Yoast SEO Premium plugin v26.7 (Yoast SEO v27.0) - https:\/\/yoast.com\/product\/yoast-seo-premium-wordpress\/ -->\n<title>Truffle packages - Bodri Pinc\u00e9szet, Szeksz\u00e1rd<\/title>\n<meta name=\"robots\" content=\"index, follow, max-snippet:-1, max-image-preview:large, max-video-preview:-1\" \/>\n<link rel=\"canonical\" href=\"https:\/\/bodribor.hu\/en\/truffle-packages\/\" \/>\n<meta property=\"og:locale\" content=\"en_US\" \/>\n<meta property=\"og:type\" content=\"article\" \/>\n<meta property=\"og:title\" content=\"Truffle packages\" \/>\n<meta property=\"og:description\" content=\"[vc_row][vc_column][vc_column_text el_class=&#8221;felvezeto&#8221;] Truffle package up to 20 people Only with Wednesday arrivals (except for high seasons and holidays) [\/vc_column_text][\/vc_column][\/vc_row][vc_row][vc_column width=&#8221;8\/12&#8243;][vc_column_text css=&#8221;.vc_custom_1577628910000{margin-bottom: 0px !important;}&#8221;] The package includes: [\/vc_column_text][vc_column_text css=&#8221;.vc_custom_1577628941267{padding-left: 20px !important;}&#8221;]Double room accommodation in our guest house with Roman bath.\u00a0\u00a0All-day use of the Roman bath and sauna, towels are provided. (Opening hours 7:00-20:00) Truffle dinner: Truffled Chopped Scallop of Veal with leavened cucumber salsa \u2013 Sauvignon Blanc \u201cFaluhely\u201d Consomm\u00e9 with truffled ravioli \u2013 White Cuv\u00e9e \u201cFaluhely\u201d Gemenc truffles with truffle sauce and potato tart \u2013 \u201cGurovica\u201d K\u00e9kfankos selection Asparagus souffl\u00e9 with truffle and elderberry jam \u2013 \u201cGurovica\u201d Merlot selection Buffet breakfast, Scrambled eggs with truffles Truffle tour from 10:00 to 11:00 (500m walking) 10% discount on wine purchased here [\/vc_column_text][vc_column_text] Price of Truffle package: 25 500 HUF\/person\/night Choose our exclusive package, which includes a premium 1-hour long guided truffle presentation walk in the afternoon (a distance of 500m). Price of Exclusive truffle package: 28 500 HUF\/person\/night [\/vc_column_text][\/vc_column][vc_column width=&#8221;4\/12&#8243;][vc_single_image image=&#8221;39682&#8243; img_size=&#8221;full&#8221;][vc_single_image image=&#8221;34028&#8243; img_size=&#8221;full&#8221;][vc_single_image image=&#8221;34023&#8243; img_size=&#8221;full&#8221;][\/vc_column][\/vc_row]\" \/>\n<meta property=\"og:url\" content=\"https:\/\/bodribor.hu\/en\/truffle-packages\/\" \/>\n<meta property=\"og:site_name\" content=\"Bodri Pinc\u00e9szet, Szeksz\u00e1rd\" \/>\n<meta property=\"article:modified_time\" content=\"2020-01-03T14:43:43+00:00\" \/>\n<meta name=\"twitter:card\" content=\"summary_large_image\" \/>\n<meta name=\"twitter:label1\" content=\"Est. reading time\" \/>\n\t<meta name=\"twitter:data1\" content=\"1 minute\" \/>\n<script type=\"application\/ld+json\" class=\"yoast-schema-graph\">{\"@context\":\"https:\/\/schema.org\",\"@graph\":[{\"@type\":\"WebPage\",\"@id\":\"https:\/\/bodribor.hu\/en\/truffle-packages\/\",\"url\":\"https:\/\/bodribor.hu\/en\/truffle-packages\/\",\"name\":\"Truffle packages - Bodri Pinc\u00e9szet, Szeksz\u00e1rd\",\"isPartOf\":{\"@id\":\"https:\/\/bodribor.hu\/#website\"},\"datePublished\":\"2019-12-29T14:16:40+00:00\",\"dateModified\":\"2020-01-03T14:43:43+00:00\",\"breadcrumb\":{\"@id\":\"https:\/\/bodribor.hu\/en\/truffle-packages\/#breadcrumb\"},\"inLanguage\":\"en-US\",\"potentialAction\":[{\"@type\":\"ReadAction\",\"target\":[\"https:\/\/bodribor.hu\/en\/truffle-packages\/\"]}]},{\"@type\":\"BreadcrumbList\",\"@id\":\"https:\/\/bodribor.hu\/en\/truffle-packages\/#breadcrumb\",\"itemListElement\":[{\"@type\":\"ListItem\",\"position\":1,\"name\":\"Bodribor\",\"item\":\"https:\/\/bodribor.hu\/en\/homepage-2\/\"},{\"@type\":\"ListItem\",\"position\":2,\"name\":\"Truffle packages\"}]},{\"@type\":\"WebSite\",\"@id\":\"https:\/\/bodribor.hu\/#website\",\"url\":\"https:\/\/bodribor.hu\/\",\"name\":\"Bodri Pinc\u00e9szet, Szeksz\u00e1rd\",\"description\":\"Szeksz\u00e1rd d\u00e9li hat\u00e1r\u00e1ban, a fest\u0151i sz\u00e9ps\u00e9g\u0171 Faluhely-d\u0171l\u0151ben tal\u00e1lhat\u00f3 a Bodri Birtok, melyet egy \u00f6n\u00e1ll\u00f3 kis vil\u00e1gnak tekinthet\u00fcnk.\",\"potentialAction\":[{\"@type\":\"SearchAction\",\"target\":{\"@type\":\"EntryPoint\",\"urlTemplate\":\"https:\/\/bodribor.hu\/?s={search_term_string}\"},\"query-input\":{\"@type\":\"PropertyValueSpecification\",\"valueRequired\":true,\"valueName\":\"search_term_string\"}}],\"inLanguage\":\"en-US\"}]}<\/script>\n<!-- \/ Yoast SEO Premium plugin. -->","yoast_head_json":{"title":"Truffle packages - Bodri Pinc\u00e9szet, Szeksz\u00e1rd","robots":{"index":"index","follow":"follow","max-snippet":"max-snippet:-1","max-image-preview":"max-image-preview:large","max-video-preview":"max-video-preview:-1"},"canonical":"https:\/\/bodribor.hu\/en\/truffle-packages\/","og_locale":"en_US","og_type":"article","og_title":"Truffle packages","og_description":"[vc_row][vc_column][vc_column_text el_class=&#8221;felvezeto&#8221;] Truffle package up to 20 people Only with Wednesday arrivals (except for high seasons and holidays) [\/vc_column_text][\/vc_column][\/vc_row][vc_row][vc_column width=&#8221;8\/12&#8243;][vc_column_text css=&#8221;.vc_custom_1577628910000{margin-bottom: 0px !important;}&#8221;] The package includes: [\/vc_column_text][vc_column_text css=&#8221;.vc_custom_1577628941267{padding-left: 20px !important;}&#8221;]Double room accommodation in our guest house with Roman bath.\u00a0\u00a0All-day use of the Roman bath and sauna, towels are provided. (Opening hours 7:00-20:00) Truffle dinner: Truffled Chopped Scallop of Veal with leavened cucumber salsa \u2013 Sauvignon Blanc \u201cFaluhely\u201d Consomm\u00e9 with truffled ravioli \u2013 White Cuv\u00e9e \u201cFaluhely\u201d Gemenc truffles with truffle sauce and potato tart \u2013 \u201cGurovica\u201d K\u00e9kfankos selection Asparagus souffl\u00e9 with truffle and elderberry jam \u2013 \u201cGurovica\u201d Merlot selection Buffet breakfast, Scrambled eggs with truffles Truffle tour from 10:00 to 11:00 (500m walking) 10% discount on wine purchased here [\/vc_column_text][vc_column_text] Price of Truffle package: 25 500 HUF\/person\/night Choose our exclusive package, which includes a premium 1-hour long guided truffle presentation walk in the afternoon (a distance of 500m). Price of Exclusive truffle package: 28 500 HUF\/person\/night [\/vc_column_text][\/vc_column][vc_column width=&#8221;4\/12&#8243;][vc_single_image image=&#8221;39682&#8243; img_size=&#8221;full&#8221;][vc_single_image image=&#8221;34028&#8243; img_size=&#8221;full&#8221;][vc_single_image image=&#8221;34023&#8243; img_size=&#8221;full&#8221;][\/vc_column][\/vc_row]","og_url":"https:\/\/bodribor.hu\/en\/truffle-packages\/","og_site_name":"Bodri Pinc\u00e9szet, Szeksz\u00e1rd","article_modified_time":"2020-01-03T14:43:43+00:00","twitter_card":"summary_large_image","twitter_misc":{"Est. reading time":"1 minute"},"schema":{"@context":"https:\/\/schema.org","@graph":[{"@type":"WebPage","@id":"https:\/\/bodribor.hu\/en\/truffle-packages\/","url":"https:\/\/bodribor.hu\/en\/truffle-packages\/","name":"Truffle packages - Bodri Pinc\u00e9szet, Szeksz\u00e1rd","isPartOf":{"@id":"https:\/\/bodribor.hu\/#website"},"datePublished":"2019-12-29T14:16:40+00:00","dateModified":"2020-01-03T14:43:43+00:00","breadcrumb":{"@id":"https:\/\/bodribor.hu\/en\/truffle-packages\/#breadcrumb"},"inLanguage":"en-US","potentialAction":[{"@type":"ReadAction","target":["https:\/\/bodribor.hu\/en\/truffle-packages\/"]}]},{"@type":"BreadcrumbList","@id":"https:\/\/bodribor.hu\/en\/truffle-packages\/#breadcrumb","itemListElement":[{"@type":"ListItem","position":1,"name":"Bodribor","item":"https:\/\/bodribor.hu\/en\/homepage-2\/"},{"@type":"ListItem","position":2,"name":"Truffle packages"}]},{"@type":"WebSite","@id":"https:\/\/bodribor.hu\/#website","url":"https:\/\/bodribor.hu\/","name":"Bodri Pinc\u00e9szet, Szeksz\u00e1rd","description":"Szeksz\u00e1rd d\u00e9li hat\u00e1r\u00e1ban, a fest\u0151i sz\u00e9ps\u00e9g\u0171 Faluhely-d\u0171l\u0151ben tal\u00e1lhat\u00f3 a Bodri Birtok, melyet egy \u00f6n\u00e1ll\u00f3 kis vil\u00e1gnak tekinthet\u00fcnk.","potentialAction":[{"@type":"SearchAction","target":{"@type":"EntryPoint","urlTemplate":"https:\/\/bodribor.hu\/?s={search_term_string}"},"query-input":{"@type":"PropertyValueSpecification","valueRequired":true,"valueName":"search_term_string"}}],"inLanguage":"en-US"}]}},"_links":{"self":[{"href":"https:\/\/bodribor.hu\/en\/wp-json\/wp\/v2\/pages\/48682","targetHints":{"allow":["GET"]}}],"collection":[{"href":"https:\/\/bodribor.hu\/en\/wp-json\/wp\/v2\/pages"}],"about":[{"href":"https:\/\/bodribor.hu\/en\/wp-json\/wp\/v2\/types\/page"}],"author":[{"embeddable":true,"href":"https:\/\/bodribor.hu\/en\/wp-json\/wp\/v2\/users\/2"}],"replies":[{"embeddable":true,"href":"https:\/\/bodribor.hu\/en\/wp-json\/wp\/v2\/comments?post=48682"}],"version-history":[{"count":0,"href":"https:\/\/bodribor.hu\/en\/wp-json\/wp\/v2\/pages\/48682\/revisions"}],"wp:attachment":[{"href":"https:\/\/bodribor.hu\/en\/wp-json\/wp\/v2\/media?parent=48682"}],"curies":[{"name":"wp","href":"https:\/\/api.w.org\/{rel}","templated":true}]}}