{"id":48818,"date":"2019-12-31T12:30:02","date_gmt":"2019-12-31T10:30:02","guid":{"rendered":"https:\/\/bodribor.hu\/?page_id=48818"},"modified":"2026-01-29T13:15:36","modified_gmt":"2026-01-29T11:15:36","slug":"gourmet-menu","status":"publish","type":"page","link":"https:\/\/bodribor.hu\/en\/gourmet-menu\/","title":{"rendered":"Gourmet menu"},"content":{"rendered":"<div class=\"wpb-content-wrapper\"><p>[vc_row full_width=&#8221;stretch_row&#8221; el_class=&#8221;headersor&#8221; css=&#8221;.vc_custom_1662202088907{background-image: url(https:\/\/bodribor.hu\/wp-content\/uploads\/2022\/09\/gourmet.jpg?id=87186) !important;}&#8221;][vc_column][vc_column_text el_class=&#8221;alcim&#8221;]<\/p>\n<h1 style=\"text-align: center;\">GOURMET MENU<\/h1>\n<p>[\/vc_column_text][\/vc_column][\/vc_row][vc_row][vc_column][vc_column_text css=&#8221;&#8221;]<\/p>\n<table style=\"width: 99.1116%;\">\n<tbody>\n<tr>\n<td style=\"width: 0.385356%;\"><\/td>\n<td style=\"width: 83.5368%;\">\n<h3>OPTIMUS wine dinner<\/h3>\n<p><strong>WELCOME DRINK<br \/>\n<\/strong>White Sparkling Cuv\u00e9e <em>\u2018<\/em>Gy\u00f6ngyi<em>\u2019<\/em><\/p>\n<p><strong>SOUP<br \/>\n<\/strong>Bean soup with pork knuckle, pinched noodles, roasted Debrecen sausage<\/p>\n<p><strong>\u00a0<\/strong><\/p>\n<p><strong>HOT ENTR\u00c9E<br \/>\n<\/strong>Zucchini spaghetti with fish cake and creamy curry sauce<br \/>\n<em>Tramini \u201eZs\u00f3fi\u201d<\/em><\/p>\n<p><strong>MAIN COURSE <\/strong><em>(choice of two main courses<\/em><em>)<br \/>\n<\/em>Sage gnocchi with pike-perch fillet and fermented pumpkin<br \/>\n<em>Chardonnay \u201eS\u00e1ri\u201d<\/em><\/p>\n<p>Pork tenderloin with wild mushrooms, thyme, Parmesan and celery pur\u00e9e<br \/>\n<em>Kadarka<\/em><\/p>\n<p><strong>DESSERT<br \/>\n<\/strong>Vanilla panna cotta with cognac-infused forest fruit ragout<br \/>\n<em>Dubicz Tramini<\/em><\/p>\n<p><strong>FALUHELY CHEESE SELECTION<br \/>\n<\/strong><em>Optimus Cuv\u00e9e<\/em><\/p>\n<p><em>Each course is served with 0.5\u20130.7 dl of each wine variety.<br \/>\n<\/em><em>We reserve the right to change the wines served with each course.<\/em><\/td>\n<td style=\"width: 28.6439%;\">\n<h3>25000 HUF<\/h3>\n<\/td>\n<\/tr>\n<\/tbody>\n<\/table>\n<p>[\/vc_column_text][\/vc_column][\/vc_row][vc_row el_class=&#8221;gombsor&#8221;][vc_column][vc_column_text]<\/p>\n<div class=\"szurkegomb kicsi jobb\"><a href=\"https:\/\/bodribor.hu\/en\/menus\/\">MENU<\/a><\/div>\n<p>[\/vc_column_text][\/vc_column][\/vc_row][vc_row][vc_column][vc_column_text el_class=&#8221;lentifekete&#8221;]<strong>HE BODRI OPTIMUS RESTAURANT:<\/strong><br \/>\n<strong>From Monday to Thursday and Sunday: 12:00- 22:00<\/strong><br \/>\n<strong>The kitchen closes 1 hour prior to the restaurant.<\/strong><br \/>\n<strong>Friday and Saturday : 12:00- 24:00<\/strong><\/p>\n<p><strong>The kitchen closes 1 hour prior to the restaurant.<em><br \/>\n<\/em><\/strong>For functions with more than 10 persons, please enquire by email or phone.<br \/>\nEnquiries: vendeglatas@bodribor.hu or + 36 74 67 67 00[\/vc_column_text][\/vc_column][\/vc_row]<\/p>\n<\/div>","protected":false},"excerpt":{"rendered":"<p>[vc_row full_width=&#8221;stretch_row&#8221; el_class=&#8221;headersor&#8221; css=&#8221;.vc_custom_1662202088907{background-image: url(https:\/\/bodribor.hu\/wp-content\/uploads\/2022\/09\/gourmet.jpg?id=87186) !important;}&#8221;][vc_column][vc_column_text el_class=&#8221;alcim&#8221;] GOURMET MENU [\/vc_column_text][\/vc_column][\/vc_row][vc_row][vc_column][vc_column_text css=&#8221;&#8221;] OPTIMUS wine dinner WELCOME DRINK White Sparkling Cuv\u00e9e \u2018Gy\u00f6ngyi\u2019 SOUP Bean soup with pork knuckle, pinched noodles, roasted Debrecen sausage \u00a0 HOT ENTR\u00c9E Zucchini spaghetti with fish cake and creamy curry sauce Tramini \u201eZs\u00f3fi\u201d MAIN COURSE (choice of two main courses) Sage gnocchi with pike-perch fillet and fermented pumpkin Chardonnay \u201eS\u00e1ri\u201d Pork tenderloin with wild mushrooms, thyme, Parmesan and celery pur\u00e9e Kadarka DESSERT Vanilla panna cotta with cognac-infused forest fruit ragout Dubicz Tramini FALUHELY CHEESE SELECTION Optimus Cuv\u00e9e Each course is served with 0.5\u20130.7 dl of each wine variety. We reserve the right to change the wines served with each course. 25000 HUF [\/vc_column_text][\/vc_column][\/vc_row][vc_row el_class=&#8221;gombsor&#8221;][vc_column][vc_column_text] MENU [\/vc_column_text][\/vc_column][\/vc_row][vc_row][vc_column][vc_column_text el_class=&#8221;lentifekete&#8221;]HE BODRI OPTIMUS RESTAURANT: From Monday to Thursday and Sunday: 12:00- 22:00 The kitchen closes 1 hour prior to the restaurant. Friday and Saturday : 12:00- 24:00 The kitchen closes 1 hour prior to the restaurant. For functions with more than 10 persons, please enquire by email or phone. Enquiries: vendeglatas@bodribor.hu or + 36 74 67 67 00[\/vc_column_text][\/vc_column][\/vc_row]<\/p>\n","protected":false},"author":2,"featured_media":-1,"parent":0,"menu_order":0,"comment_status":"closed","ping_status":"closed","template":"","meta":{"_acf_changed":false,"footnotes":""},"class_list":["post-48818","page","type-page","status-publish","has-post-thumbnail","hentry"],"acf":[],"yoast_head":"<!-- This site is optimized with the Yoast SEO Premium plugin v26.7 (Yoast SEO v27.0) - https:\/\/yoast.com\/product\/yoast-seo-premium-wordpress\/ -->\n<title>Gourmet menu - Bodri Pinc\u00e9szet, Szeksz\u00e1rd<\/title>\n<meta name=\"robots\" content=\"index, follow, max-snippet:-1, max-image-preview:large, max-video-preview:-1\" \/>\n<link rel=\"canonical\" href=\"https:\/\/bodribor.hu\/en\/gourmet-menu\/\" \/>\n<meta property=\"og:locale\" content=\"en_US\" \/>\n<meta property=\"og:type\" content=\"article\" \/>\n<meta property=\"og:title\" content=\"Gourmet menu\" \/>\n<meta property=\"og:description\" content=\"[vc_row full_width=&#8221;stretch_row&#8221; el_class=&#8221;headersor&#8221; css=&#8221;.vc_custom_1662202088907{background-image: url(https:\/\/bodribor.hu\/wp-content\/uploads\/2022\/09\/gourmet.jpg?id=87186) !important;}&#8221;][vc_column][vc_column_text el_class=&#8221;alcim&#8221;] GOURMET MENU [\/vc_column_text][\/vc_column][\/vc_row][vc_row][vc_column][vc_column_text css=&#8221;&#8221;] OPTIMUS wine dinner WELCOME DRINK White Sparkling Cuv\u00e9e \u2018Gy\u00f6ngyi\u2019 SOUP Bean soup with pork knuckle, pinched noodles, roasted Debrecen sausage \u00a0 HOT ENTR\u00c9E Zucchini spaghetti with fish cake and creamy curry sauce Tramini \u201eZs\u00f3fi\u201d MAIN COURSE (choice of two main courses) Sage gnocchi with pike-perch fillet and fermented pumpkin Chardonnay \u201eS\u00e1ri\u201d Pork tenderloin with wild mushrooms, thyme, Parmesan and celery pur\u00e9e Kadarka DESSERT Vanilla panna cotta with cognac-infused forest fruit ragout Dubicz Tramini FALUHELY CHEESE SELECTION Optimus Cuv\u00e9e Each course is served with 0.5\u20130.7 dl of each wine variety. We reserve the right to change the wines served with each course. 25000 HUF [\/vc_column_text][\/vc_column][\/vc_row][vc_row el_class=&#8221;gombsor&#8221;][vc_column][vc_column_text] MENU [\/vc_column_text][\/vc_column][\/vc_row][vc_row][vc_column][vc_column_text el_class=&#8221;lentifekete&#8221;]HE BODRI OPTIMUS RESTAURANT: From Monday to Thursday and Sunday: 12:00- 22:00 The kitchen closes 1 hour prior to the restaurant. Friday and Saturday : 12:00- 24:00 The kitchen closes 1 hour prior to the restaurant. For functions with more than 10 persons, please enquire by email or phone. Enquiries: vendeglatas@bodribor.hu or + 36 74 67 67 00[\/vc_column_text][\/vc_column][\/vc_row]\" \/>\n<meta property=\"og:url\" content=\"https:\/\/bodribor.hu\/en\/gourmet-menu\/\" \/>\n<meta property=\"og:site_name\" content=\"Bodri Pinc\u00e9szet, Szeksz\u00e1rd\" \/>\n<meta property=\"article:modified_time\" content=\"2026-01-29T11:15:36+00:00\" \/>\n<meta name=\"twitter:card\" content=\"summary_large_image\" \/>\n<meta name=\"twitter:label1\" content=\"Est. reading time\" \/>\n\t<meta name=\"twitter:data1\" content=\"1 minute\" \/>\n<script type=\"application\/ld+json\" class=\"yoast-schema-graph\">{\"@context\":\"https:\/\/schema.org\",\"@graph\":[{\"@type\":\"WebPage\",\"@id\":\"https:\/\/bodribor.hu\/en\/gourmet-menu\/\",\"url\":\"https:\/\/bodribor.hu\/en\/gourmet-menu\/\",\"name\":\"Gourmet menu - Bodri Pinc\u00e9szet, Szeksz\u00e1rd\",\"isPartOf\":{\"@id\":\"https:\/\/bodribor.hu\/#website\"},\"datePublished\":\"2019-12-31T10:30:02+00:00\",\"dateModified\":\"2026-01-29T11:15:36+00:00\",\"breadcrumb\":{\"@id\":\"https:\/\/bodribor.hu\/en\/gourmet-menu\/#breadcrumb\"},\"inLanguage\":\"en-US\",\"potentialAction\":[{\"@type\":\"ReadAction\",\"target\":[\"https:\/\/bodribor.hu\/en\/gourmet-menu\/\"]}]},{\"@type\":\"BreadcrumbList\",\"@id\":\"https:\/\/bodribor.hu\/en\/gourmet-menu\/#breadcrumb\",\"itemListElement\":[{\"@type\":\"ListItem\",\"position\":1,\"name\":\"Bodribor\",\"item\":\"https:\/\/bodribor.hu\/en\/homepage-2\/\"},{\"@type\":\"ListItem\",\"position\":2,\"name\":\"Gourmet menu\"}]},{\"@type\":\"WebSite\",\"@id\":\"https:\/\/bodribor.hu\/#website\",\"url\":\"https:\/\/bodribor.hu\/\",\"name\":\"Bodri Pinc\u00e9szet, Szeksz\u00e1rd\",\"description\":\"Szeksz\u00e1rd d\u00e9li hat\u00e1r\u00e1ban, a fest\u0151i sz\u00e9ps\u00e9g\u0171 Faluhely-d\u0171l\u0151ben tal\u00e1lhat\u00f3 a Bodri Birtok, melyet egy \u00f6n\u00e1ll\u00f3 kis vil\u00e1gnak tekinthet\u00fcnk.\",\"potentialAction\":[{\"@type\":\"SearchAction\",\"target\":{\"@type\":\"EntryPoint\",\"urlTemplate\":\"https:\/\/bodribor.hu\/?s={search_term_string}\"},\"query-input\":{\"@type\":\"PropertyValueSpecification\",\"valueRequired\":true,\"valueName\":\"search_term_string\"}}],\"inLanguage\":\"en-US\"}]}<\/script>\n<!-- \/ Yoast SEO Premium plugin. -->","yoast_head_json":{"title":"Gourmet menu - Bodri Pinc\u00e9szet, Szeksz\u00e1rd","robots":{"index":"index","follow":"follow","max-snippet":"max-snippet:-1","max-image-preview":"max-image-preview:large","max-video-preview":"max-video-preview:-1"},"canonical":"https:\/\/bodribor.hu\/en\/gourmet-menu\/","og_locale":"en_US","og_type":"article","og_title":"Gourmet menu","og_description":"[vc_row full_width=&#8221;stretch_row&#8221; el_class=&#8221;headersor&#8221; css=&#8221;.vc_custom_1662202088907{background-image: url(https:\/\/bodribor.hu\/wp-content\/uploads\/2022\/09\/gourmet.jpg?id=87186) !important;}&#8221;][vc_column][vc_column_text el_class=&#8221;alcim&#8221;] GOURMET MENU [\/vc_column_text][\/vc_column][\/vc_row][vc_row][vc_column][vc_column_text css=&#8221;&#8221;] OPTIMUS wine dinner WELCOME DRINK White Sparkling Cuv\u00e9e \u2018Gy\u00f6ngyi\u2019 SOUP Bean soup with pork knuckle, pinched noodles, roasted Debrecen sausage \u00a0 HOT ENTR\u00c9E Zucchini spaghetti with fish cake and creamy curry sauce Tramini \u201eZs\u00f3fi\u201d MAIN COURSE (choice of two main courses) Sage gnocchi with pike-perch fillet and fermented pumpkin Chardonnay \u201eS\u00e1ri\u201d Pork tenderloin with wild mushrooms, thyme, Parmesan and celery pur\u00e9e Kadarka DESSERT Vanilla panna cotta with cognac-infused forest fruit ragout Dubicz Tramini FALUHELY CHEESE SELECTION Optimus Cuv\u00e9e Each course is served with 0.5\u20130.7 dl of each wine variety. We reserve the right to change the wines served with each course. 25000 HUF [\/vc_column_text][\/vc_column][\/vc_row][vc_row el_class=&#8221;gombsor&#8221;][vc_column][vc_column_text] MENU [\/vc_column_text][\/vc_column][\/vc_row][vc_row][vc_column][vc_column_text el_class=&#8221;lentifekete&#8221;]HE BODRI OPTIMUS RESTAURANT: From Monday to Thursday and Sunday: 12:00- 22:00 The kitchen closes 1 hour prior to the restaurant. Friday and Saturday : 12:00- 24:00 The kitchen closes 1 hour prior to the restaurant. For functions with more than 10 persons, please enquire by email or phone. Enquiries: vendeglatas@bodribor.hu or + 36 74 67 67 00[\/vc_column_text][\/vc_column][\/vc_row]","og_url":"https:\/\/bodribor.hu\/en\/gourmet-menu\/","og_site_name":"Bodri Pinc\u00e9szet, Szeksz\u00e1rd","article_modified_time":"2026-01-29T11:15:36+00:00","twitter_card":"summary_large_image","twitter_misc":{"Est. reading time":"1 minute"},"schema":{"@context":"https:\/\/schema.org","@graph":[{"@type":"WebPage","@id":"https:\/\/bodribor.hu\/en\/gourmet-menu\/","url":"https:\/\/bodribor.hu\/en\/gourmet-menu\/","name":"Gourmet menu - Bodri Pinc\u00e9szet, Szeksz\u00e1rd","isPartOf":{"@id":"https:\/\/bodribor.hu\/#website"},"datePublished":"2019-12-31T10:30:02+00:00","dateModified":"2026-01-29T11:15:36+00:00","breadcrumb":{"@id":"https:\/\/bodribor.hu\/en\/gourmet-menu\/#breadcrumb"},"inLanguage":"en-US","potentialAction":[{"@type":"ReadAction","target":["https:\/\/bodribor.hu\/en\/gourmet-menu\/"]}]},{"@type":"BreadcrumbList","@id":"https:\/\/bodribor.hu\/en\/gourmet-menu\/#breadcrumb","itemListElement":[{"@type":"ListItem","position":1,"name":"Bodribor","item":"https:\/\/bodribor.hu\/en\/homepage-2\/"},{"@type":"ListItem","position":2,"name":"Gourmet menu"}]},{"@type":"WebSite","@id":"https:\/\/bodribor.hu\/#website","url":"https:\/\/bodribor.hu\/","name":"Bodri Pinc\u00e9szet, Szeksz\u00e1rd","description":"Szeksz\u00e1rd d\u00e9li hat\u00e1r\u00e1ban, a fest\u0151i sz\u00e9ps\u00e9g\u0171 Faluhely-d\u0171l\u0151ben tal\u00e1lhat\u00f3 a Bodri Birtok, melyet egy \u00f6n\u00e1ll\u00f3 kis vil\u00e1gnak tekinthet\u00fcnk.","potentialAction":[{"@type":"SearchAction","target":{"@type":"EntryPoint","urlTemplate":"https:\/\/bodribor.hu\/?s={search_term_string}"},"query-input":{"@type":"PropertyValueSpecification","valueRequired":true,"valueName":"search_term_string"}}],"inLanguage":"en-US"}]}},"_links":{"self":[{"href":"https:\/\/bodribor.hu\/en\/wp-json\/wp\/v2\/pages\/48818","targetHints":{"allow":["GET"]}}],"collection":[{"href":"https:\/\/bodribor.hu\/en\/wp-json\/wp\/v2\/pages"}],"about":[{"href":"https:\/\/bodribor.hu\/en\/wp-json\/wp\/v2\/types\/page"}],"author":[{"embeddable":true,"href":"https:\/\/bodribor.hu\/en\/wp-json\/wp\/v2\/users\/2"}],"replies":[{"embeddable":true,"href":"https:\/\/bodribor.hu\/en\/wp-json\/wp\/v2\/comments?post=48818"}],"version-history":[{"count":3,"href":"https:\/\/bodribor.hu\/en\/wp-json\/wp\/v2\/pages\/48818\/revisions"}],"predecessor-version":[{"id":98049,"href":"https:\/\/bodribor.hu\/en\/wp-json\/wp\/v2\/pages\/48818\/revisions\/98049"}],"wp:featuredmedia":[{"embeddable":true,"href":"https:\/\/bodribor.hu\/en\/wp-json\/"}],"wp:attachment":[{"href":"https:\/\/bodribor.hu\/en\/wp-json\/wp\/v2\/media?parent=48818"}],"curies":[{"name":"wp","href":"https:\/\/api.w.org\/{rel}","templated":true}]}}