{"id":48822,"date":"2019-12-31T12:40:57","date_gmt":"2019-12-31T10:40:57","guid":{"rendered":"https:\/\/bodribor.hu\/?page_id=48822"},"modified":"2025-09-15T15:29:16","modified_gmt":"2025-09-15T13:29:16","slug":"accommodation","status":"publish","type":"page","link":"https:\/\/bodribor.hu\/en\/accommodation\/","title":{"rendered":"Accommodation"},"content":{"rendered":"<div class=\"wpb-content-wrapper\"><p>[vc_row css=&#8221;.vc_custom_1564581401282{margin-top: 80px !important;}&#8221;][vc_column width=&#8221;7\/12&#8243; el_class=&#8221;balos&#8221;][vc_column_text]<span class=\"fekete\" style=\"color: #000000;\">CURRENTLY, 4 GUESTS HOUSES ARE AT THE DISPOSAL OF TOURISTS, ALL TOGETHER WITH 23 BEDROOMS CAPABLE OF ACCOMMODATING 58 PEOPLE AND A SECURITY GUARDED CAR PARK.<\/span><\/p>\n<p>There are\u00a0<strong>double bedrooms<\/strong>\u00a0in the main building,\u00a0<strong>above the Optimus Restaurant<\/strong>. The Faluhely guest house was built in 2013, and it has some double rooms, and airy family rooms, as well as a cosy community room with a fireplace downstairs. As almost everywhere in the country, there is thermal water bubbling underground: 400 metres deep down, the Faluhely loess hides thermal water of 32\u00b0C. Therefore, we built an underground Roman bath with a cupola, a jacuzzi and a sauna for our guests so they can relieve the everyday stress and go home refreshed and relaxed.<\/p>\n<p><strong>Further two guest houses<\/strong>\u00a0were completed in 2015 that also fit well into the rustic Faluhely environment. The Cs\u00f6t\u00f6nyi Guest House is neighbouring the Grand Cellar, while the Baranya Guest House a little further up, among the vine rows offers an opportunity for recreation.<\/p>\n<p>Single and double rooms, as well as rooms for three, four or five guests, are available in these guest houses, and we also created some wheelchair accessible bedrooms. The rooms are combining the elements of the traditional folk style with modern technological solutions. The furniture, the beds are more than 200-year-old, restored historical pieces, while the houses themselves are fulfilling the requirements of four-star hotels with Wi-Fi, air-conditioning, LED-TV, providing a pleasant possibility for those who wish to relax. There is also an infra sauna for two people in our Baranya Guesthouse, and a gorgeous view of the whole Bodri valley opens from its balcony.<\/p>\n<p>Adjacent to the Bodri Estate, on the shore of the pond, some modern Gurovica apartments have been built. The houses are equipped with their own solar panels, and drilled wells, while indoors, 5-star luxury awaits the visitors. Operating <strong>Gurovica\u00a0apartments<\/strong> is the task of our winery, which perfectly fits our portfolio, since business development and the improvement of the catering capacity have been continuous practically from the beginning. Currently, there are nine Gurovica apartments available, and four more will be added next spring, so altogether, there will be ten apartments available to book in the future.<\/p>\n<p>Each one of our modern, air-conditioned, non-smoking Gurovica apartments comes with an en-suite bathroom with a shower, a bedroom and a small corner kitchenette.<\/p>\n<p>The sofa in the living room doubles as a fully functional bed. From spring to autumn, the terraces of the apartments are equipped with garden furniture.<\/p>\n<p>Amenities: LCD TV, minibar, air-conditioning, electric kettle, towels, bathrobe, hairdryer.<\/p>\n<p><strong>Family wine tourism<\/strong>\u00a0is gaining recognition in the region; therefore, it is important for us to make catering and the infrastructure of the estate\u00a0<strong>child-friendly<\/strong>.<\/p>\n<p>Our facilities and abilities are ideal from this respect, too. The estate is far from the motorist traffic, in a real, natural environment with a pond, hills and large open spaces, so it is an optimal choice for families. Recently, to the pleasure of the children, a playground was built with swings, a jungle jim, a slide and carved wooden puli dogs and other small animals. In addition to this, we have compiled a menu particularly tailored to their taste. The menu cards for young children come with cute colouring pages and activities.[\/vc_column_text][\/vc_column][vc_column width=&#8221;5\/12&#8243;][vc_single_image image=&#8221;39723&#8243; img_size=&#8221;full&#8221;][vc_single_image image=&#8221;38991&#8243; img_size=&#8221;full&#8221;][vc_single_image image=&#8221;38996&#8243; img_size=&#8221;full&#8221;][vc_single_image image=&#8221;34238&#8243; img_size=&#8221;full&#8221;][vc_single_image image=&#8221;34243&#8243; img_size=&#8221;full&#8221;][vc_single_image image=&#8221;39001&#8243; img_size=&#8221;full&#8221;][\/vc_column][\/vc_row][vc_row][vc_column][vc_column_text]<\/p>\n<h2>ACCOMMODATION PRICES<\/h2>\n<p>[\/vc_column_text][\/vc_column][\/vc_row][vc_row el_class=&#8221;arak fekete&#8221;][vc_column width=&#8221;6\/12&#8243;][vc_column_text]Guesthouse \u2013 Single bedroom:<br \/>\nGuesthouse \u2013 Double rooms and multi-bed rooms:<br \/>\nGurovica apartment: \u20131 or 2 or more people:[\/vc_column_text][\/vc_column][vc_column width=&#8221;6\/12&#8243;][vc_column_text el_class=&#8221;fekete&#8221;]19 600 \u2013 23 600 HUF\/person\/night<br \/>\n17 600 \u2013 21 600 HUF\/person\/night<br \/>\n52 000 HUF\/1 person or 2 people\/night[\/vc_column_text][\/vc_column][\/vc_row][vc_row el_class=&#8221;arak&#8221;][vc_column][vc_column_text]Our prices are inclusive of breakfast.<\/p>\n<p>Tourist Tax: 400 HUF\/person\/night, Paid separately on the spot from 18 and beyond.<\/p>\n<p>For individual offers click here[\/vc_column_text][\/vc_column][\/vc_row]<\/p>\n<\/div>","protected":false},"excerpt":{"rendered":"<p>[vc_row css=&#8221;.vc_custom_1564581401282{margin-top: 80px !important;}&#8221;][vc_column width=&#8221;7\/12&#8243; el_class=&#8221;balos&#8221;][vc_column_text]CURRENTLY, 4 GUESTS HOUSES ARE AT THE DISPOSAL OF TOURISTS, ALL TOGETHER WITH 23 BEDROOMS CAPABLE OF ACCOMMODATING 58 PEOPLE AND A SECURITY GUARDED CAR PARK. There are\u00a0double bedrooms\u00a0in the main building,\u00a0above the Optimus Restaurant. The Faluhely guest house was built in 2013, and it has some double rooms, and airy family rooms, as well as a cosy community room with a fireplace downstairs. As almost everywhere in the country, there is thermal water bubbling underground: 400 metres deep down, the Faluhely loess hides thermal water of 32\u00b0C. Therefore, we built an underground Roman bath with a cupola, a jacuzzi and a sauna for our guests so they can relieve the everyday stress and go home refreshed and relaxed. Further two guest houses\u00a0were completed in 2015 that also fit well into the rustic Faluhely environment. The Cs\u00f6t\u00f6nyi Guest House is neighbouring the Grand Cellar, while the Baranya Guest House a little further up, among the vine rows offers an opportunity for recreation. Single and double rooms, as well as rooms for three, four or five guests, are available in these guest houses, and we also created some wheelchair accessible bedrooms. The rooms are combining the<span class=\"excerpt-hellip\"> [\u2026]<\/span><\/p>\n","protected":false},"author":2,"featured_media":0,"parent":0,"menu_order":0,"comment_status":"closed","ping_status":"closed","template":"","meta":{"_acf_changed":false,"footnotes":""},"class_list":["post-48822","page","type-page","status-publish","hentry"],"acf":[],"yoast_head":"<!-- This site is optimized with the Yoast SEO Premium plugin v26.7 (Yoast SEO v27.5) - https:\/\/yoast.com\/product\/yoast-seo-premium-wordpress\/ -->\n<title>Accommodation - Bodri Pinc\u00e9szet, Szeksz\u00e1rd<\/title>\n<meta name=\"robots\" content=\"index, follow, max-snippet:-1, max-image-preview:large, max-video-preview:-1\" \/>\n<link rel=\"canonical\" href=\"https:\/\/bodribor.hu\/en\/accommodation\/\" \/>\n<meta property=\"og:locale\" content=\"en_US\" \/>\n<meta property=\"og:type\" content=\"article\" \/>\n<meta property=\"og:title\" content=\"Accommodation\" \/>\n<meta property=\"og:description\" content=\"[vc_row css=&#8221;.vc_custom_1564581401282{margin-top: 80px !important;}&#8221;][vc_column width=&#8221;7\/12&#8243; el_class=&#8221;balos&#8221;][vc_column_text]CURRENTLY, 4 GUESTS HOUSES ARE AT THE DISPOSAL OF TOURISTS, ALL TOGETHER WITH 23 BEDROOMS CAPABLE OF ACCOMMODATING 58 PEOPLE AND A SECURITY GUARDED CAR PARK. There are\u00a0double bedrooms\u00a0in the main building,\u00a0above the Optimus Restaurant. The Faluhely guest house was built in 2013, and it has some double rooms, and airy family rooms, as well as a cosy community room with a fireplace downstairs. As almost everywhere in the country, there is thermal water bubbling underground: 400 metres deep down, the Faluhely loess hides thermal water of 32\u00b0C. Therefore, we built an underground Roman bath with a cupola, a jacuzzi and a sauna for our guests so they can relieve the everyday stress and go home refreshed and relaxed. Further two guest houses\u00a0were completed in 2015 that also fit well into the rustic Faluhely environment. The Cs\u00f6t\u00f6nyi Guest House is neighbouring the Grand Cellar, while the Baranya Guest House a little further up, among the vine rows offers an opportunity for recreation. Single and double rooms, as well as rooms for three, four or five guests, are available in these guest houses, and we also created some wheelchair accessible bedrooms. The rooms are combining the [\u2026]\" \/>\n<meta property=\"og:url\" content=\"https:\/\/bodribor.hu\/en\/accommodation\/\" \/>\n<meta property=\"og:site_name\" content=\"Bodri Pinc\u00e9szet, Szeksz\u00e1rd\" \/>\n<meta property=\"article:modified_time\" content=\"2025-09-15T13:29:16+00:00\" \/>\n<meta name=\"twitter:card\" content=\"summary_large_image\" \/>\n<meta name=\"twitter:label1\" content=\"Est. reading time\" \/>\n\t<meta name=\"twitter:data1\" content=\"5 minutes\" \/>\n<script type=\"application\/ld+json\" class=\"yoast-schema-graph\">{\"@context\":\"https:\\\/\\\/schema.org\",\"@graph\":[{\"@type\":\"WebPage\",\"@id\":\"https:\\\/\\\/bodribor.hu\\\/en\\\/accommodation\\\/\",\"url\":\"https:\\\/\\\/bodribor.hu\\\/en\\\/accommodation\\\/\",\"name\":\"Accommodation - Bodri Pinc\u00e9szet, Szeksz\u00e1rd\",\"isPartOf\":{\"@id\":\"https:\\\/\\\/bodribor.hu\\\/#website\"},\"datePublished\":\"2019-12-31T10:40:57+00:00\",\"dateModified\":\"2025-09-15T13:29:16+00:00\",\"breadcrumb\":{\"@id\":\"https:\\\/\\\/bodribor.hu\\\/en\\\/accommodation\\\/#breadcrumb\"},\"inLanguage\":\"en-US\",\"potentialAction\":[{\"@type\":\"ReadAction\",\"target\":[\"https:\\\/\\\/bodribor.hu\\\/en\\\/accommodation\\\/\"]}]},{\"@type\":\"BreadcrumbList\",\"@id\":\"https:\\\/\\\/bodribor.hu\\\/en\\\/accommodation\\\/#breadcrumb\",\"itemListElement\":[{\"@type\":\"ListItem\",\"position\":1,\"name\":\"Bodribor\",\"item\":\"https:\\\/\\\/bodribor.hu\\\/en\\\/homepage-2\\\/\"},{\"@type\":\"ListItem\",\"position\":2,\"name\":\"Accommodation\"}]},{\"@type\":\"WebSite\",\"@id\":\"https:\\\/\\\/bodribor.hu\\\/#website\",\"url\":\"https:\\\/\\\/bodribor.hu\\\/\",\"name\":\"Bodri Pinc\u00e9szet, Szeksz\u00e1rd\",\"description\":\"Szeksz\u00e1rd d\u00e9li hat\u00e1r\u00e1ban, a fest\u0151i sz\u00e9ps\u00e9g\u0171 Faluhely-d\u0171l\u0151ben tal\u00e1lhat\u00f3 a Bodri Birtok, melyet egy \u00f6n\u00e1ll\u00f3 kis vil\u00e1gnak tekinthet\u00fcnk.\",\"potentialAction\":[{\"@type\":\"SearchAction\",\"target\":{\"@type\":\"EntryPoint\",\"urlTemplate\":\"https:\\\/\\\/bodribor.hu\\\/?s={search_term_string}\"},\"query-input\":{\"@type\":\"PropertyValueSpecification\",\"valueRequired\":true,\"valueName\":\"search_term_string\"}}],\"inLanguage\":\"en-US\"}]}<\/script>\n<!-- \/ Yoast SEO Premium plugin. -->","yoast_head_json":{"title":"Accommodation - Bodri Pinc\u00e9szet, Szeksz\u00e1rd","robots":{"index":"index","follow":"follow","max-snippet":"max-snippet:-1","max-image-preview":"max-image-preview:large","max-video-preview":"max-video-preview:-1"},"canonical":"https:\/\/bodribor.hu\/en\/accommodation\/","og_locale":"en_US","og_type":"article","og_title":"Accommodation","og_description":"[vc_row css=&#8221;.vc_custom_1564581401282{margin-top: 80px !important;}&#8221;][vc_column width=&#8221;7\/12&#8243; el_class=&#8221;balos&#8221;][vc_column_text]CURRENTLY, 4 GUESTS HOUSES ARE AT THE DISPOSAL OF TOURISTS, ALL TOGETHER WITH 23 BEDROOMS CAPABLE OF ACCOMMODATING 58 PEOPLE AND A SECURITY GUARDED CAR PARK. There are\u00a0double bedrooms\u00a0in the main building,\u00a0above the Optimus Restaurant. The Faluhely guest house was built in 2013, and it has some double rooms, and airy family rooms, as well as a cosy community room with a fireplace downstairs. As almost everywhere in the country, there is thermal water bubbling underground: 400 metres deep down, the Faluhely loess hides thermal water of 32\u00b0C. Therefore, we built an underground Roman bath with a cupola, a jacuzzi and a sauna for our guests so they can relieve the everyday stress and go home refreshed and relaxed. Further two guest houses\u00a0were completed in 2015 that also fit well into the rustic Faluhely environment. The Cs\u00f6t\u00f6nyi Guest House is neighbouring the Grand Cellar, while the Baranya Guest House a little further up, among the vine rows offers an opportunity for recreation. Single and double rooms, as well as rooms for three, four or five guests, are available in these guest houses, and we also created some wheelchair accessible bedrooms. The rooms are combining the [\u2026]","og_url":"https:\/\/bodribor.hu\/en\/accommodation\/","og_site_name":"Bodri Pinc\u00e9szet, Szeksz\u00e1rd","article_modified_time":"2025-09-15T13:29:16+00:00","twitter_card":"summary_large_image","twitter_misc":{"Est. reading time":"5 minutes"},"schema":{"@context":"https:\/\/schema.org","@graph":[{"@type":"WebPage","@id":"https:\/\/bodribor.hu\/en\/accommodation\/","url":"https:\/\/bodribor.hu\/en\/accommodation\/","name":"Accommodation - Bodri Pinc\u00e9szet, Szeksz\u00e1rd","isPartOf":{"@id":"https:\/\/bodribor.hu\/#website"},"datePublished":"2019-12-31T10:40:57+00:00","dateModified":"2025-09-15T13:29:16+00:00","breadcrumb":{"@id":"https:\/\/bodribor.hu\/en\/accommodation\/#breadcrumb"},"inLanguage":"en-US","potentialAction":[{"@type":"ReadAction","target":["https:\/\/bodribor.hu\/en\/accommodation\/"]}]},{"@type":"BreadcrumbList","@id":"https:\/\/bodribor.hu\/en\/accommodation\/#breadcrumb","itemListElement":[{"@type":"ListItem","position":1,"name":"Bodribor","item":"https:\/\/bodribor.hu\/en\/homepage-2\/"},{"@type":"ListItem","position":2,"name":"Accommodation"}]},{"@type":"WebSite","@id":"https:\/\/bodribor.hu\/#website","url":"https:\/\/bodribor.hu\/","name":"Bodri Pinc\u00e9szet, Szeksz\u00e1rd","description":"Szeksz\u00e1rd d\u00e9li hat\u00e1r\u00e1ban, a fest\u0151i sz\u00e9ps\u00e9g\u0171 Faluhely-d\u0171l\u0151ben tal\u00e1lhat\u00f3 a Bodri Birtok, melyet egy \u00f6n\u00e1ll\u00f3 kis vil\u00e1gnak tekinthet\u00fcnk.","potentialAction":[{"@type":"SearchAction","target":{"@type":"EntryPoint","urlTemplate":"https:\/\/bodribor.hu\/?s={search_term_string}"},"query-input":{"@type":"PropertyValueSpecification","valueRequired":true,"valueName":"search_term_string"}}],"inLanguage":"en-US"}]}},"_links":{"self":[{"href":"https:\/\/bodribor.hu\/en\/wp-json\/wp\/v2\/pages\/48822","targetHints":{"allow":["GET"]}}],"collection":[{"href":"https:\/\/bodribor.hu\/en\/wp-json\/wp\/v2\/pages"}],"about":[{"href":"https:\/\/bodribor.hu\/en\/wp-json\/wp\/v2\/types\/page"}],"author":[{"embeddable":true,"href":"https:\/\/bodribor.hu\/en\/wp-json\/wp\/v2\/users\/2"}],"replies":[{"embeddable":true,"href":"https:\/\/bodribor.hu\/en\/wp-json\/wp\/v2\/comments?post=48822"}],"version-history":[{"count":0,"href":"https:\/\/bodribor.hu\/en\/wp-json\/wp\/v2\/pages\/48822\/revisions"}],"wp:attachment":[{"href":"https:\/\/bodribor.hu\/en\/wp-json\/wp\/v2\/media?parent=48822"}],"curies":[{"name":"wp","href":"https:\/\/api.w.org\/{rel}","templated":true}]}}