{"id":48902,"date":"2020-01-01T12:57:07","date_gmt":"2020-01-01T10:57:07","guid":{"rendered":"https:\/\/bodribor.hu\/?page_id=48902"},"modified":"2020-01-01T12:57:58","modified_gmt":"2020-01-01T10:57:58","slug":"weddings","status":"publish","type":"page","link":"https:\/\/bodribor.hu\/en\/galleries\/weddings\/","title":{"rendered":"WEDDINGS"},"content":{"rendered":"<div class=\"wpb-content-wrapper\"><p>[vc_row][vc_column][vc_gallery type=&#8221;image_grid&#8221; images=&#8221;36775,36780,36785,36790,36795,36800,36805,36810,36815,36820,36825,36830,36835,36840,36845,36850,36855,36860,36865,36870,36875,36880,36885,36890,36895,36900,36905,36910,36915,36920,36925,36930,36935,36940,36945,36950,36955,36960,36965,36970,36975,36980,36985,36990,36995,37000,37005,37010,37015,37020,37025,37030,37035,37040,37045,37050,37055,37060,37065,37070,37075,37080,37085,37090,37095,37100,37105,37113,37118,37123,37128,37133,37138,37143,37148,37153,37158,37163,37168,37173,37178,37183,37188,37193,37198,37203,37208,37213,37218,37223,37228,37233,37238,37243,37248,37253,37258,37263,37268,37273,37278,37283,37288,37293,37298,37303,37308,37313,37318,37323,37328,37333,37338,37343&#8243;][\/vc_column][\/vc_row]<\/p>\n<\/div>","protected":false},"excerpt":{"rendered":"<p>[vc_row][vc_column][vc_gallery type=&#8221;image_grid&#8221; images=&#8221;36775,36780,36785,36790,36795,36800,36805,36810,36815,36820,36825,36830,36835,36840,36845,36850,36855,36860,36865,36870,36875,36880,36885,36890,36895,36900,36905,36910,36915,36920,36925,36930,36935,36940,36945,36950,36955,36960,36965,36970,36975,36980,36985,36990,36995,37000,37005,37010,37015,37020,37025,37030,37035,37040,37045,37050,37055,37060,37065,37070,37075,37080,37085,37090,37095,37100,37105,37113,37118,37123,37128,37133,37138,37143,37148,37153,37158,37163,37168,37173,37178,37183,37188,37193,37198,37203,37208,37213,37218,37223,37228,37233,37238,37243,37248,37253,37258,37263,37268,37273,37278,37283,37288,37293,37298,37303,37308,37313,37318,37323,37328,37333,37338,37343&#8243;][\/vc_column][\/vc_row]<\/p>\n","protected":false},"author":2,"featured_media":0,"parent":48831,"menu_order":0,"comment_status":"closed","ping_status":"closed","template":"","meta":{"_acf_changed":false,"footnotes":""},"class_list":["post-48902","page","type-page","status-publish","hentry"],"acf":[],"yoast_head":"<!-- This site is optimized with the Yoast SEO Premium plugin v26.7 (Yoast SEO v27.5) - https:\/\/yoast.com\/product\/yoast-seo-premium-wordpress\/ -->\n<title>WEDDINGS - Bodri Pinc\u00e9szet, Szeksz\u00e1rd<\/title>\n<meta name=\"robots\" content=\"index, follow, max-snippet:-1, max-image-preview:large, max-video-preview:-1\" \/>\n<link rel=\"canonical\" href=\"https:\/\/bodribor.hu\/galeria\/eskuvok-galeria\/\" \/>\n<meta property=\"og:locale\" content=\"en_US\" \/>\n<meta property=\"og:type\" content=\"article\" \/>\n<meta property=\"og:title\" content=\"WEDDINGS\" \/>\n<meta property=\"og:description\" content=\"[vc_row][vc_column][vc_gallery type=&#8221;image_grid&#8221; images=&#8221;36775,36780,36785,36790,36795,36800,36805,36810,36815,36820,36825,36830,36835,36840,36845,36850,36855,36860,36865,36870,36875,36880,36885,36890,36895,36900,36905,36910,36915,36920,36925,36930,36935,36940,36945,36950,36955,36960,36965,36970,36975,36980,36985,36990,36995,37000,37005,37010,37015,37020,37025,37030,37035,37040,37045,37050,37055,37060,37065,37070,37075,37080,37085,37090,37095,37100,37105,37113,37118,37123,37128,37133,37138,37143,37148,37153,37158,37163,37168,37173,37178,37183,37188,37193,37198,37203,37208,37213,37218,37223,37228,37233,37238,37243,37248,37253,37258,37263,37268,37273,37278,37283,37288,37293,37298,37303,37308,37313,37318,37323,37328,37333,37338,37343&#8243;][\/vc_column][\/vc_row]\" \/>\n<meta property=\"og:url\" content=\"https:\/\/bodribor.hu\/galeria\/eskuvok-galeria\/\" \/>\n<meta property=\"og:site_name\" content=\"Bodri Pinc\u00e9szet, Szeksz\u00e1rd\" \/>\n<meta property=\"article:modified_time\" content=\"2020-01-01T10:57:58+00:00\" \/>\n<meta name=\"twitter:card\" content=\"summary_large_image\" \/>\n<script type=\"application\/ld+json\" class=\"yoast-schema-graph\">{\"@context\":\"https:\\\/\\\/schema.org\",\"@graph\":[{\"@type\":\"WebPage\",\"@id\":\"https:\\\/\\\/bodribor.hu\\\/galeria\\\/eskuvok-galeria\\\/\",\"url\":\"https:\\\/\\\/bodribor.hu\\\/galeria\\\/eskuvok-galeria\\\/\",\"name\":\"WEDDINGS - Bodri Pinc\u00e9szet, Szeksz\u00e1rd\",\"isPartOf\":{\"@id\":\"https:\\\/\\\/bodribor.hu\\\/#website\"},\"datePublished\":\"2020-01-01T10:57:07+00:00\",\"dateModified\":\"2020-01-01T10:57:58+00:00\",\"breadcrumb\":{\"@id\":\"https:\\\/\\\/bodribor.hu\\\/galeria\\\/eskuvok-galeria\\\/#breadcrumb\"},\"inLanguage\":\"en-US\",\"potentialAction\":[{\"@type\":\"ReadAction\",\"target\":[\"https:\\\/\\\/bodribor.hu\\\/galeria\\\/eskuvok-galeria\\\/\"]}]},{\"@type\":\"BreadcrumbList\",\"@id\":\"https:\\\/\\\/bodribor.hu\\\/galeria\\\/eskuvok-galeria\\\/#breadcrumb\",\"itemListElement\":[{\"@type\":\"ListItem\",\"position\":1,\"name\":\"Bodribor\",\"item\":\"https:\\\/\\\/bodribor.hu\\\/en\\\/homepage-2\\\/\"},{\"@type\":\"ListItem\",\"position\":2,\"name\":\"Galleries\",\"item\":\"https:\\\/\\\/bodribor.hu\\\/galeria\\\/\"},{\"@type\":\"ListItem\",\"position\":3,\"name\":\"WEDDINGS\"}]},{\"@type\":\"WebSite\",\"@id\":\"https:\\\/\\\/bodribor.hu\\\/#website\",\"url\":\"https:\\\/\\\/bodribor.hu\\\/\",\"name\":\"Bodri Pinc\u00e9szet, Szeksz\u00e1rd\",\"description\":\"Szeksz\u00e1rd d\u00e9li hat\u00e1r\u00e1ban, a fest\u0151i sz\u00e9ps\u00e9g\u0171 Faluhely-d\u0171l\u0151ben tal\u00e1lhat\u00f3 a Bodri Birtok, melyet egy \u00f6n\u00e1ll\u00f3 kis vil\u00e1gnak tekinthet\u00fcnk.\",\"potentialAction\":[{\"@type\":\"SearchAction\",\"target\":{\"@type\":\"EntryPoint\",\"urlTemplate\":\"https:\\\/\\\/bodribor.hu\\\/?s={search_term_string}\"},\"query-input\":{\"@type\":\"PropertyValueSpecification\",\"valueRequired\":true,\"valueName\":\"search_term_string\"}}],\"inLanguage\":\"en-US\"}]}<\/script>\n<!-- \/ Yoast SEO Premium plugin. -->","yoast_head_json":{"title":"WEDDINGS - Bodri Pinc\u00e9szet, Szeksz\u00e1rd","robots":{"index":"index","follow":"follow","max-snippet":"max-snippet:-1","max-image-preview":"max-image-preview:large","max-video-preview":"max-video-preview:-1"},"canonical":"https:\/\/bodribor.hu\/galeria\/eskuvok-galeria\/","og_locale":"en_US","og_type":"article","og_title":"WEDDINGS","og_description":"[vc_row][vc_column][vc_gallery type=&#8221;image_grid&#8221; images=&#8221;36775,36780,36785,36790,36795,36800,36805,36810,36815,36820,36825,36830,36835,36840,36845,36850,36855,36860,36865,36870,36875,36880,36885,36890,36895,36900,36905,36910,36915,36920,36925,36930,36935,36940,36945,36950,36955,36960,36965,36970,36975,36980,36985,36990,36995,37000,37005,37010,37015,37020,37025,37030,37035,37040,37045,37050,37055,37060,37065,37070,37075,37080,37085,37090,37095,37100,37105,37113,37118,37123,37128,37133,37138,37143,37148,37153,37158,37163,37168,37173,37178,37183,37188,37193,37198,37203,37208,37213,37218,37223,37228,37233,37238,37243,37248,37253,37258,37263,37268,37273,37278,37283,37288,37293,37298,37303,37308,37313,37318,37323,37328,37333,37338,37343&#8243;][\/vc_column][\/vc_row]","og_url":"https:\/\/bodribor.hu\/galeria\/eskuvok-galeria\/","og_site_name":"Bodri Pinc\u00e9szet, Szeksz\u00e1rd","article_modified_time":"2020-01-01T10:57:58+00:00","twitter_card":"summary_large_image","schema":{"@context":"https:\/\/schema.org","@graph":[{"@type":"WebPage","@id":"https:\/\/bodribor.hu\/galeria\/eskuvok-galeria\/","url":"https:\/\/bodribor.hu\/galeria\/eskuvok-galeria\/","name":"WEDDINGS - Bodri Pinc\u00e9szet, Szeksz\u00e1rd","isPartOf":{"@id":"https:\/\/bodribor.hu\/#website"},"datePublished":"2020-01-01T10:57:07+00:00","dateModified":"2020-01-01T10:57:58+00:00","breadcrumb":{"@id":"https:\/\/bodribor.hu\/galeria\/eskuvok-galeria\/#breadcrumb"},"inLanguage":"en-US","potentialAction":[{"@type":"ReadAction","target":["https:\/\/bodribor.hu\/galeria\/eskuvok-galeria\/"]}]},{"@type":"BreadcrumbList","@id":"https:\/\/bodribor.hu\/galeria\/eskuvok-galeria\/#breadcrumb","itemListElement":[{"@type":"ListItem","position":1,"name":"Bodribor","item":"https:\/\/bodribor.hu\/en\/homepage-2\/"},{"@type":"ListItem","position":2,"name":"Galleries","item":"https:\/\/bodribor.hu\/galeria\/"},{"@type":"ListItem","position":3,"name":"WEDDINGS"}]},{"@type":"WebSite","@id":"https:\/\/bodribor.hu\/#website","url":"https:\/\/bodribor.hu\/","name":"Bodri Pinc\u00e9szet, Szeksz\u00e1rd","description":"Szeksz\u00e1rd d\u00e9li hat\u00e1r\u00e1ban, a fest\u0151i sz\u00e9ps\u00e9g\u0171 Faluhely-d\u0171l\u0151ben tal\u00e1lhat\u00f3 a Bodri Birtok, melyet egy \u00f6n\u00e1ll\u00f3 kis vil\u00e1gnak tekinthet\u00fcnk.","potentialAction":[{"@type":"SearchAction","target":{"@type":"EntryPoint","urlTemplate":"https:\/\/bodribor.hu\/?s={search_term_string}"},"query-input":{"@type":"PropertyValueSpecification","valueRequired":true,"valueName":"search_term_string"}}],"inLanguage":"en-US"}]}},"_links":{"self":[{"href":"https:\/\/bodribor.hu\/en\/wp-json\/wp\/v2\/pages\/48902","targetHints":{"allow":["GET"]}}],"collection":[{"href":"https:\/\/bodribor.hu\/en\/wp-json\/wp\/v2\/pages"}],"about":[{"href":"https:\/\/bodribor.hu\/en\/wp-json\/wp\/v2\/types\/page"}],"author":[{"embeddable":true,"href":"https:\/\/bodribor.hu\/en\/wp-json\/wp\/v2\/users\/2"}],"replies":[{"embeddable":true,"href":"https:\/\/bodribor.hu\/en\/wp-json\/wp\/v2\/comments?post=48902"}],"version-history":[{"count":0,"href":"https:\/\/bodribor.hu\/en\/wp-json\/wp\/v2\/pages\/48902\/revisions"}],"up":[{"embeddable":true,"href":"https:\/\/bodribor.hu\/en\/wp-json\/wp\/v2\/pages\/48831"}],"wp:attachment":[{"href":"https:\/\/bodribor.hu\/en\/wp-json\/wp\/v2\/media?parent=48902"}],"curies":[{"name":"wp","href":"https:\/\/api.w.org\/{rel}","templated":true}]}}