{"id":48957,"date":"2020-01-01T13:34:27","date_gmt":"2020-01-01T11:34:27","guid":{"rendered":"https:\/\/bodribor.hu\/?page_id=48957"},"modified":"2020-01-01T13:34:27","modified_gmt":"2020-01-01T11:34:27","slug":"the-bodri-estate","status":"publish","type":"page","link":"https:\/\/bodribor.hu\/en\/galleries\/the-bodri-estate\/","title":{"rendered":"THE BODRI ESTATE"},"content":{"rendered":"<div class=\"wpb-content-wrapper\"><p>[vc_row][vc_column][vc_gallery type=&#8221;image_grid&#8221; images=&#8221;36191,36196,36201,36206,36211,36217,36222,36227,36232,36237,36242,36247,36252,36257,36262,36267,36272,36277,36282,36287,36292,36297,36302,36307,36312,36317,36322&#8243;][\/vc_column][\/vc_row]<\/p>\n<\/div>","protected":false},"excerpt":{"rendered":"<p>[vc_row][vc_column][vc_gallery type=&#8221;image_grid&#8221; images=&#8221;36191,36196,36201,36206,36211,36217,36222,36227,36232,36237,36242,36247,36252,36257,36262,36267,36272,36277,36282,36287,36292,36297,36302,36307,36312,36317,36322&#8243;][\/vc_column][\/vc_row]<\/p>\n","protected":false},"author":2,"featured_media":0,"parent":48831,"menu_order":0,"comment_status":"closed","ping_status":"closed","template":"","meta":{"_acf_changed":false,"footnotes":""},"class_list":["post-48957","page","type-page","status-publish","hentry"],"acf":[],"yoast_head":"<!-- This site is optimized with the Yoast SEO Premium plugin v26.7 (Yoast SEO v27.0) - https:\/\/yoast.com\/product\/yoast-seo-premium-wordpress\/ -->\n<title>THE BODRI ESTATE - Bodri Pinc\u00e9szet, Szeksz\u00e1rd<\/title>\n<meta name=\"robots\" content=\"index, follow, max-snippet:-1, max-image-preview:large, max-video-preview:-1\" \/>\n<link rel=\"canonical\" href=\"https:\/\/bodribor.hu\/galeria\/bodri-birtok\/\" \/>\n<meta property=\"og:locale\" content=\"en_US\" \/>\n<meta property=\"og:type\" content=\"article\" \/>\n<meta property=\"og:title\" content=\"THE BODRI ESTATE\" \/>\n<meta property=\"og:description\" content=\"[vc_row][vc_column][vc_gallery type=&#8221;image_grid&#8221; images=&#8221;36191,36196,36201,36206,36211,36217,36222,36227,36232,36237,36242,36247,36252,36257,36262,36267,36272,36277,36282,36287,36292,36297,36302,36307,36312,36317,36322&#8243;][\/vc_column][\/vc_row]\" \/>\n<meta property=\"og:url\" content=\"https:\/\/bodribor.hu\/galeria\/bodri-birtok\/\" \/>\n<meta property=\"og:site_name\" content=\"Bodri Pinc\u00e9szet, Szeksz\u00e1rd\" \/>\n<meta name=\"twitter:card\" content=\"summary_large_image\" \/>\n<script type=\"application\/ld+json\" class=\"yoast-schema-graph\">{\"@context\":\"https:\/\/schema.org\",\"@graph\":[{\"@type\":\"WebPage\",\"@id\":\"https:\/\/bodribor.hu\/galeria\/bodri-birtok\/\",\"url\":\"https:\/\/bodribor.hu\/galeria\/bodri-birtok\/\",\"name\":\"THE BODRI ESTATE - Bodri Pinc\u00e9szet, Szeksz\u00e1rd\",\"isPartOf\":{\"@id\":\"https:\/\/bodribor.hu\/#website\"},\"datePublished\":\"2020-01-01T11:34:27+00:00\",\"breadcrumb\":{\"@id\":\"https:\/\/bodribor.hu\/galeria\/bodri-birtok\/#breadcrumb\"},\"inLanguage\":\"en-US\",\"potentialAction\":[{\"@type\":\"ReadAction\",\"target\":[\"https:\/\/bodribor.hu\/galeria\/bodri-birtok\/\"]}]},{\"@type\":\"BreadcrumbList\",\"@id\":\"https:\/\/bodribor.hu\/galeria\/bodri-birtok\/#breadcrumb\",\"itemListElement\":[{\"@type\":\"ListItem\",\"position\":1,\"name\":\"Bodribor\",\"item\":\"https:\/\/bodribor.hu\/en\/homepage-2\/\"},{\"@type\":\"ListItem\",\"position\":2,\"name\":\"Galleries\",\"item\":\"https:\/\/bodribor.hu\/galeria\/\"},{\"@type\":\"ListItem\",\"position\":3,\"name\":\"THE BODRI ESTATE\"}]},{\"@type\":\"WebSite\",\"@id\":\"https:\/\/bodribor.hu\/#website\",\"url\":\"https:\/\/bodribor.hu\/\",\"name\":\"Bodri Pinc\u00e9szet, Szeksz\u00e1rd\",\"description\":\"Szeksz\u00e1rd d\u00e9li hat\u00e1r\u00e1ban, a fest\u0151i sz\u00e9ps\u00e9g\u0171 Faluhely-d\u0171l\u0151ben tal\u00e1lhat\u00f3 a Bodri Birtok, melyet egy \u00f6n\u00e1ll\u00f3 kis vil\u00e1gnak tekinthet\u00fcnk.\",\"potentialAction\":[{\"@type\":\"SearchAction\",\"target\":{\"@type\":\"EntryPoint\",\"urlTemplate\":\"https:\/\/bodribor.hu\/?s={search_term_string}\"},\"query-input\":{\"@type\":\"PropertyValueSpecification\",\"valueRequired\":true,\"valueName\":\"search_term_string\"}}],\"inLanguage\":\"en-US\"}]}<\/script>\n<!-- \/ Yoast SEO Premium plugin. -->","yoast_head_json":{"title":"THE BODRI ESTATE - Bodri Pinc\u00e9szet, Szeksz\u00e1rd","robots":{"index":"index","follow":"follow","max-snippet":"max-snippet:-1","max-image-preview":"max-image-preview:large","max-video-preview":"max-video-preview:-1"},"canonical":"https:\/\/bodribor.hu\/galeria\/bodri-birtok\/","og_locale":"en_US","og_type":"article","og_title":"THE BODRI ESTATE","og_description":"[vc_row][vc_column][vc_gallery type=&#8221;image_grid&#8221; images=&#8221;36191,36196,36201,36206,36211,36217,36222,36227,36232,36237,36242,36247,36252,36257,36262,36267,36272,36277,36282,36287,36292,36297,36302,36307,36312,36317,36322&#8243;][\/vc_column][\/vc_row]","og_url":"https:\/\/bodribor.hu\/galeria\/bodri-birtok\/","og_site_name":"Bodri Pinc\u00e9szet, Szeksz\u00e1rd","twitter_card":"summary_large_image","schema":{"@context":"https:\/\/schema.org","@graph":[{"@type":"WebPage","@id":"https:\/\/bodribor.hu\/galeria\/bodri-birtok\/","url":"https:\/\/bodribor.hu\/galeria\/bodri-birtok\/","name":"THE BODRI ESTATE - Bodri Pinc\u00e9szet, Szeksz\u00e1rd","isPartOf":{"@id":"https:\/\/bodribor.hu\/#website"},"datePublished":"2020-01-01T11:34:27+00:00","breadcrumb":{"@id":"https:\/\/bodribor.hu\/galeria\/bodri-birtok\/#breadcrumb"},"inLanguage":"en-US","potentialAction":[{"@type":"ReadAction","target":["https:\/\/bodribor.hu\/galeria\/bodri-birtok\/"]}]},{"@type":"BreadcrumbList","@id":"https:\/\/bodribor.hu\/galeria\/bodri-birtok\/#breadcrumb","itemListElement":[{"@type":"ListItem","position":1,"name":"Bodribor","item":"https:\/\/bodribor.hu\/en\/homepage-2\/"},{"@type":"ListItem","position":2,"name":"Galleries","item":"https:\/\/bodribor.hu\/galeria\/"},{"@type":"ListItem","position":3,"name":"THE BODRI ESTATE"}]},{"@type":"WebSite","@id":"https:\/\/bodribor.hu\/#website","url":"https:\/\/bodribor.hu\/","name":"Bodri Pinc\u00e9szet, Szeksz\u00e1rd","description":"Szeksz\u00e1rd d\u00e9li hat\u00e1r\u00e1ban, a fest\u0151i sz\u00e9ps\u00e9g\u0171 Faluhely-d\u0171l\u0151ben tal\u00e1lhat\u00f3 a Bodri Birtok, melyet egy \u00f6n\u00e1ll\u00f3 kis vil\u00e1gnak tekinthet\u00fcnk.","potentialAction":[{"@type":"SearchAction","target":{"@type":"EntryPoint","urlTemplate":"https:\/\/bodribor.hu\/?s={search_term_string}"},"query-input":{"@type":"PropertyValueSpecification","valueRequired":true,"valueName":"search_term_string"}}],"inLanguage":"en-US"}]}},"_links":{"self":[{"href":"https:\/\/bodribor.hu\/en\/wp-json\/wp\/v2\/pages\/48957","targetHints":{"allow":["GET"]}}],"collection":[{"href":"https:\/\/bodribor.hu\/en\/wp-json\/wp\/v2\/pages"}],"about":[{"href":"https:\/\/bodribor.hu\/en\/wp-json\/wp\/v2\/types\/page"}],"author":[{"embeddable":true,"href":"https:\/\/bodribor.hu\/en\/wp-json\/wp\/v2\/users\/2"}],"replies":[{"embeddable":true,"href":"https:\/\/bodribor.hu\/en\/wp-json\/wp\/v2\/comments?post=48957"}],"version-history":[{"count":0,"href":"https:\/\/bodribor.hu\/en\/wp-json\/wp\/v2\/pages\/48957\/revisions"}],"up":[{"embeddable":true,"href":"https:\/\/bodribor.hu\/en\/wp-json\/wp\/v2\/pages\/48831"}],"wp:attachment":[{"href":"https:\/\/bodribor.hu\/en\/wp-json\/wp\/v2\/media?parent=48957"}],"curies":[{"name":"wp","href":"https:\/\/api.w.org\/{rel}","templated":true}]}}