{"id":48959,"date":"2020-01-01T13:35:12","date_gmt":"2020-01-01T11:35:12","guid":{"rendered":"https:\/\/bodribor.hu\/?page_id=48959"},"modified":"2020-01-01T13:35:12","modified_gmt":"2020-01-01T11:35:12","slug":"the-bodri-family","status":"publish","type":"page","link":"https:\/\/bodribor.hu\/en\/galleries\/the-bodri-family\/","title":{"rendered":"THE BODRI FAMILY"},"content":{"rendered":"<div class=\"wpb-content-wrapper\"><p>[vc_row][vc_column][vc_gallery type=&#8221;image_grid&#8221; images=&#8221;36590,36595,36600,36605,36610,36615,36620,36625,36630,36635,36640,36645,36650,36415,36420,36425,36430,36435,36440,36445,36450,36455,36460,36465,36470,36475,36480,36485,36490,36329,36334,36339,36344,36350,36355,36360,36365,36370,36375,36380,36385,36390,36395,36400,36405,36410,36495,36500,36505,36510,36515,36520,36525,36530,36535,36540,36545,36550,36555,36560,36565,36570,36575,36580,36585&#8243;][\/vc_column][\/vc_row]<\/p>\n<\/div>","protected":false},"excerpt":{"rendered":"<p>[vc_row][vc_column][vc_gallery type=&#8221;image_grid&#8221; images=&#8221;36590,36595,36600,36605,36610,36615,36620,36625,36630,36635,36640,36645,36650,36415,36420,36425,36430,36435,36440,36445,36450,36455,36460,36465,36470,36475,36480,36485,36490,36329,36334,36339,36344,36350,36355,36360,36365,36370,36375,36380,36385,36390,36395,36400,36405,36410,36495,36500,36505,36510,36515,36520,36525,36530,36535,36540,36545,36550,36555,36560,36565,36570,36575,36580,36585&#8243;][\/vc_column][\/vc_row]<\/p>\n","protected":false},"author":2,"featured_media":0,"parent":48831,"menu_order":0,"comment_status":"closed","ping_status":"closed","template":"","meta":{"_acf_changed":false,"footnotes":""},"class_list":["post-48959","page","type-page","status-publish","hentry"],"acf":[],"yoast_head":"<!-- This site is optimized with the Yoast SEO Premium plugin v26.7 (Yoast SEO v27.0) - https:\/\/yoast.com\/product\/yoast-seo-premium-wordpress\/ -->\n<title>THE BODRI FAMILY - Bodri Pinc\u00e9szet, Szeksz\u00e1rd<\/title>\n<meta name=\"robots\" content=\"index, follow, max-snippet:-1, max-image-preview:large, max-video-preview:-1\" \/>\n<link rel=\"canonical\" href=\"https:\/\/bodribor.hu\/galeria\/bodri-csalad-galeria\/\" \/>\n<meta property=\"og:locale\" content=\"en_US\" \/>\n<meta property=\"og:type\" content=\"article\" \/>\n<meta property=\"og:title\" content=\"THE BODRI FAMILY\" \/>\n<meta property=\"og:description\" content=\"[vc_row][vc_column][vc_gallery type=&#8221;image_grid&#8221; images=&#8221;36590,36595,36600,36605,36610,36615,36620,36625,36630,36635,36640,36645,36650,36415,36420,36425,36430,36435,36440,36445,36450,36455,36460,36465,36470,36475,36480,36485,36490,36329,36334,36339,36344,36350,36355,36360,36365,36370,36375,36380,36385,36390,36395,36400,36405,36410,36495,36500,36505,36510,36515,36520,36525,36530,36535,36540,36545,36550,36555,36560,36565,36570,36575,36580,36585&#8243;][\/vc_column][\/vc_row]\" \/>\n<meta property=\"og:url\" content=\"https:\/\/bodribor.hu\/galeria\/bodri-csalad-galeria\/\" \/>\n<meta property=\"og:site_name\" content=\"Bodri Pinc\u00e9szet, Szeksz\u00e1rd\" \/>\n<meta name=\"twitter:card\" content=\"summary_large_image\" \/>\n<script type=\"application\/ld+json\" class=\"yoast-schema-graph\">{\"@context\":\"https:\/\/schema.org\",\"@graph\":[{\"@type\":\"WebPage\",\"@id\":\"https:\/\/bodribor.hu\/galeria\/bodri-csalad-galeria\/\",\"url\":\"https:\/\/bodribor.hu\/galeria\/bodri-csalad-galeria\/\",\"name\":\"THE BODRI FAMILY - Bodri Pinc\u00e9szet, Szeksz\u00e1rd\",\"isPartOf\":{\"@id\":\"https:\/\/bodribor.hu\/#website\"},\"datePublished\":\"2020-01-01T11:35:12+00:00\",\"breadcrumb\":{\"@id\":\"https:\/\/bodribor.hu\/galeria\/bodri-csalad-galeria\/#breadcrumb\"},\"inLanguage\":\"en-US\",\"potentialAction\":[{\"@type\":\"ReadAction\",\"target\":[\"https:\/\/bodribor.hu\/galeria\/bodri-csalad-galeria\/\"]}]},{\"@type\":\"BreadcrumbList\",\"@id\":\"https:\/\/bodribor.hu\/galeria\/bodri-csalad-galeria\/#breadcrumb\",\"itemListElement\":[{\"@type\":\"ListItem\",\"position\":1,\"name\":\"Bodribor\",\"item\":\"https:\/\/bodribor.hu\/en\/homepage-2\/\"},{\"@type\":\"ListItem\",\"position\":2,\"name\":\"Galleries\",\"item\":\"https:\/\/bodribor.hu\/galeria\/\"},{\"@type\":\"ListItem\",\"position\":3,\"name\":\"THE BODRI FAMILY\"}]},{\"@type\":\"WebSite\",\"@id\":\"https:\/\/bodribor.hu\/#website\",\"url\":\"https:\/\/bodribor.hu\/\",\"name\":\"Bodri Pinc\u00e9szet, Szeksz\u00e1rd\",\"description\":\"Szeksz\u00e1rd d\u00e9li hat\u00e1r\u00e1ban, a fest\u0151i sz\u00e9ps\u00e9g\u0171 Faluhely-d\u0171l\u0151ben tal\u00e1lhat\u00f3 a Bodri Birtok, melyet egy \u00f6n\u00e1ll\u00f3 kis vil\u00e1gnak tekinthet\u00fcnk.\",\"potentialAction\":[{\"@type\":\"SearchAction\",\"target\":{\"@type\":\"EntryPoint\",\"urlTemplate\":\"https:\/\/bodribor.hu\/?s={search_term_string}\"},\"query-input\":{\"@type\":\"PropertyValueSpecification\",\"valueRequired\":true,\"valueName\":\"search_term_string\"}}],\"inLanguage\":\"en-US\"}]}<\/script>\n<!-- \/ Yoast SEO Premium plugin. -->","yoast_head_json":{"title":"THE BODRI FAMILY - Bodri Pinc\u00e9szet, Szeksz\u00e1rd","robots":{"index":"index","follow":"follow","max-snippet":"max-snippet:-1","max-image-preview":"max-image-preview:large","max-video-preview":"max-video-preview:-1"},"canonical":"https:\/\/bodribor.hu\/galeria\/bodri-csalad-galeria\/","og_locale":"en_US","og_type":"article","og_title":"THE BODRI FAMILY","og_description":"[vc_row][vc_column][vc_gallery type=&#8221;image_grid&#8221; images=&#8221;36590,36595,36600,36605,36610,36615,36620,36625,36630,36635,36640,36645,36650,36415,36420,36425,36430,36435,36440,36445,36450,36455,36460,36465,36470,36475,36480,36485,36490,36329,36334,36339,36344,36350,36355,36360,36365,36370,36375,36380,36385,36390,36395,36400,36405,36410,36495,36500,36505,36510,36515,36520,36525,36530,36535,36540,36545,36550,36555,36560,36565,36570,36575,36580,36585&#8243;][\/vc_column][\/vc_row]","og_url":"https:\/\/bodribor.hu\/galeria\/bodri-csalad-galeria\/","og_site_name":"Bodri Pinc\u00e9szet, Szeksz\u00e1rd","twitter_card":"summary_large_image","schema":{"@context":"https:\/\/schema.org","@graph":[{"@type":"WebPage","@id":"https:\/\/bodribor.hu\/galeria\/bodri-csalad-galeria\/","url":"https:\/\/bodribor.hu\/galeria\/bodri-csalad-galeria\/","name":"THE BODRI FAMILY - Bodri Pinc\u00e9szet, Szeksz\u00e1rd","isPartOf":{"@id":"https:\/\/bodribor.hu\/#website"},"datePublished":"2020-01-01T11:35:12+00:00","breadcrumb":{"@id":"https:\/\/bodribor.hu\/galeria\/bodri-csalad-galeria\/#breadcrumb"},"inLanguage":"en-US","potentialAction":[{"@type":"ReadAction","target":["https:\/\/bodribor.hu\/galeria\/bodri-csalad-galeria\/"]}]},{"@type":"BreadcrumbList","@id":"https:\/\/bodribor.hu\/galeria\/bodri-csalad-galeria\/#breadcrumb","itemListElement":[{"@type":"ListItem","position":1,"name":"Bodribor","item":"https:\/\/bodribor.hu\/en\/homepage-2\/"},{"@type":"ListItem","position":2,"name":"Galleries","item":"https:\/\/bodribor.hu\/galeria\/"},{"@type":"ListItem","position":3,"name":"THE BODRI FAMILY"}]},{"@type":"WebSite","@id":"https:\/\/bodribor.hu\/#website","url":"https:\/\/bodribor.hu\/","name":"Bodri Pinc\u00e9szet, Szeksz\u00e1rd","description":"Szeksz\u00e1rd d\u00e9li hat\u00e1r\u00e1ban, a fest\u0151i sz\u00e9ps\u00e9g\u0171 Faluhely-d\u0171l\u0151ben tal\u00e1lhat\u00f3 a Bodri Birtok, melyet egy \u00f6n\u00e1ll\u00f3 kis vil\u00e1gnak tekinthet\u00fcnk.","potentialAction":[{"@type":"SearchAction","target":{"@type":"EntryPoint","urlTemplate":"https:\/\/bodribor.hu\/?s={search_term_string}"},"query-input":{"@type":"PropertyValueSpecification","valueRequired":true,"valueName":"search_term_string"}}],"inLanguage":"en-US"}]}},"_links":{"self":[{"href":"https:\/\/bodribor.hu\/en\/wp-json\/wp\/v2\/pages\/48959","targetHints":{"allow":["GET"]}}],"collection":[{"href":"https:\/\/bodribor.hu\/en\/wp-json\/wp\/v2\/pages"}],"about":[{"href":"https:\/\/bodribor.hu\/en\/wp-json\/wp\/v2\/types\/page"}],"author":[{"embeddable":true,"href":"https:\/\/bodribor.hu\/en\/wp-json\/wp\/v2\/users\/2"}],"replies":[{"embeddable":true,"href":"https:\/\/bodribor.hu\/en\/wp-json\/wp\/v2\/comments?post=48959"}],"version-history":[{"count":0,"href":"https:\/\/bodribor.hu\/en\/wp-json\/wp\/v2\/pages\/48959\/revisions"}],"up":[{"embeddable":true,"href":"https:\/\/bodribor.hu\/en\/wp-json\/wp\/v2\/pages\/48831"}],"wp:attachment":[{"href":"https:\/\/bodribor.hu\/en\/wp-json\/wp\/v2\/media?parent=48959"}],"curies":[{"name":"wp","href":"https:\/\/api.w.org\/{rel}","templated":true}]}}