{"id":48961,"date":"2020-01-01T13:35:57","date_gmt":"2020-01-01T11:35:57","guid":{"rendered":"https:\/\/bodribor.hu\/?page_id=48961"},"modified":"2020-01-01T13:35:57","modified_gmt":"2020-01-01T11:35:57","slug":"wines","status":"publish","type":"page","link":"https:\/\/bodribor.hu\/en\/galleries\/wines\/","title":{"rendered":"WINES"},"content":{"rendered":"<div class=\"wpb-content-wrapper\"><p>[vc_row][vc_column][vc_gallery type=&#8221;image_grid&#8221; images=&#8221;36657,36662,36667,36672,36677,36682,36687,36692,36697,36702,36707,36712,36717,36722,36727,36732,36737,36742,36747,36752,36757,36762,36767,38922&#8243;][\/vc_column][\/vc_row]<\/p>\n<\/div>","protected":false},"excerpt":{"rendered":"<p>[vc_row][vc_column][vc_gallery type=&#8221;image_grid&#8221; images=&#8221;36657,36662,36667,36672,36677,36682,36687,36692,36697,36702,36707,36712,36717,36722,36727,36732,36737,36742,36747,36752,36757,36762,36767,38922&#8243;][\/vc_column][\/vc_row]<\/p>\n","protected":false},"author":2,"featured_media":0,"parent":48831,"menu_order":0,"comment_status":"closed","ping_status":"closed","template":"","meta":{"_acf_changed":false,"footnotes":""},"class_list":["post-48961","page","type-page","status-publish","hentry"],"acf":[],"yoast_head":"<!-- This site is optimized with the Yoast SEO Premium plugin v26.7 (Yoast SEO v27.0) - https:\/\/yoast.com\/product\/yoast-seo-premium-wordpress\/ -->\n<title>WINES - Bodri Pinc\u00e9szet, Szeksz\u00e1rd<\/title>\n<meta name=\"robots\" content=\"index, follow, max-snippet:-1, max-image-preview:large, max-video-preview:-1\" \/>\n<link rel=\"canonical\" href=\"https:\/\/bodribor.hu\/galeria\/borok-galeria\/\" \/>\n<meta property=\"og:locale\" content=\"en_US\" \/>\n<meta property=\"og:type\" content=\"article\" \/>\n<meta property=\"og:title\" content=\"WINES\" \/>\n<meta property=\"og:description\" content=\"[vc_row][vc_column][vc_gallery type=&#8221;image_grid&#8221; images=&#8221;36657,36662,36667,36672,36677,36682,36687,36692,36697,36702,36707,36712,36717,36722,36727,36732,36737,36742,36747,36752,36757,36762,36767,38922&#8243;][\/vc_column][\/vc_row]\" \/>\n<meta property=\"og:url\" content=\"https:\/\/bodribor.hu\/galeria\/borok-galeria\/\" \/>\n<meta property=\"og:site_name\" content=\"Bodri Pinc\u00e9szet, Szeksz\u00e1rd\" \/>\n<meta name=\"twitter:card\" content=\"summary_large_image\" \/>\n<script type=\"application\/ld+json\" class=\"yoast-schema-graph\">{\"@context\":\"https:\/\/schema.org\",\"@graph\":[{\"@type\":\"WebPage\",\"@id\":\"https:\/\/bodribor.hu\/galeria\/borok-galeria\/\",\"url\":\"https:\/\/bodribor.hu\/galeria\/borok-galeria\/\",\"name\":\"WINES - Bodri Pinc\u00e9szet, Szeksz\u00e1rd\",\"isPartOf\":{\"@id\":\"https:\/\/bodribor.hu\/#website\"},\"datePublished\":\"2020-01-01T11:35:57+00:00\",\"breadcrumb\":{\"@id\":\"https:\/\/bodribor.hu\/galeria\/borok-galeria\/#breadcrumb\"},\"inLanguage\":\"en-US\",\"potentialAction\":[{\"@type\":\"ReadAction\",\"target\":[\"https:\/\/bodribor.hu\/galeria\/borok-galeria\/\"]}]},{\"@type\":\"BreadcrumbList\",\"@id\":\"https:\/\/bodribor.hu\/galeria\/borok-galeria\/#breadcrumb\",\"itemListElement\":[{\"@type\":\"ListItem\",\"position\":1,\"name\":\"Bodribor\",\"item\":\"https:\/\/bodribor.hu\/en\/homepage-2\/\"},{\"@type\":\"ListItem\",\"position\":2,\"name\":\"Galleries\",\"item\":\"https:\/\/bodribor.hu\/galeria\/\"},{\"@type\":\"ListItem\",\"position\":3,\"name\":\"WINES\"}]},{\"@type\":\"WebSite\",\"@id\":\"https:\/\/bodribor.hu\/#website\",\"url\":\"https:\/\/bodribor.hu\/\",\"name\":\"Bodri Pinc\u00e9szet, Szeksz\u00e1rd\",\"description\":\"Szeksz\u00e1rd d\u00e9li hat\u00e1r\u00e1ban, a fest\u0151i sz\u00e9ps\u00e9g\u0171 Faluhely-d\u0171l\u0151ben tal\u00e1lhat\u00f3 a Bodri Birtok, melyet egy \u00f6n\u00e1ll\u00f3 kis vil\u00e1gnak tekinthet\u00fcnk.\",\"potentialAction\":[{\"@type\":\"SearchAction\",\"target\":{\"@type\":\"EntryPoint\",\"urlTemplate\":\"https:\/\/bodribor.hu\/?s={search_term_string}\"},\"query-input\":{\"@type\":\"PropertyValueSpecification\",\"valueRequired\":true,\"valueName\":\"search_term_string\"}}],\"inLanguage\":\"en-US\"}]}<\/script>\n<!-- \/ Yoast SEO Premium plugin. -->","yoast_head_json":{"title":"WINES - Bodri Pinc\u00e9szet, Szeksz\u00e1rd","robots":{"index":"index","follow":"follow","max-snippet":"max-snippet:-1","max-image-preview":"max-image-preview:large","max-video-preview":"max-video-preview:-1"},"canonical":"https:\/\/bodribor.hu\/galeria\/borok-galeria\/","og_locale":"en_US","og_type":"article","og_title":"WINES","og_description":"[vc_row][vc_column][vc_gallery type=&#8221;image_grid&#8221; images=&#8221;36657,36662,36667,36672,36677,36682,36687,36692,36697,36702,36707,36712,36717,36722,36727,36732,36737,36742,36747,36752,36757,36762,36767,38922&#8243;][\/vc_column][\/vc_row]","og_url":"https:\/\/bodribor.hu\/galeria\/borok-galeria\/","og_site_name":"Bodri Pinc\u00e9szet, Szeksz\u00e1rd","twitter_card":"summary_large_image","schema":{"@context":"https:\/\/schema.org","@graph":[{"@type":"WebPage","@id":"https:\/\/bodribor.hu\/galeria\/borok-galeria\/","url":"https:\/\/bodribor.hu\/galeria\/borok-galeria\/","name":"WINES - Bodri Pinc\u00e9szet, Szeksz\u00e1rd","isPartOf":{"@id":"https:\/\/bodribor.hu\/#website"},"datePublished":"2020-01-01T11:35:57+00:00","breadcrumb":{"@id":"https:\/\/bodribor.hu\/galeria\/borok-galeria\/#breadcrumb"},"inLanguage":"en-US","potentialAction":[{"@type":"ReadAction","target":["https:\/\/bodribor.hu\/galeria\/borok-galeria\/"]}]},{"@type":"BreadcrumbList","@id":"https:\/\/bodribor.hu\/galeria\/borok-galeria\/#breadcrumb","itemListElement":[{"@type":"ListItem","position":1,"name":"Bodribor","item":"https:\/\/bodribor.hu\/en\/homepage-2\/"},{"@type":"ListItem","position":2,"name":"Galleries","item":"https:\/\/bodribor.hu\/galeria\/"},{"@type":"ListItem","position":3,"name":"WINES"}]},{"@type":"WebSite","@id":"https:\/\/bodribor.hu\/#website","url":"https:\/\/bodribor.hu\/","name":"Bodri Pinc\u00e9szet, Szeksz\u00e1rd","description":"Szeksz\u00e1rd d\u00e9li hat\u00e1r\u00e1ban, a fest\u0151i sz\u00e9ps\u00e9g\u0171 Faluhely-d\u0171l\u0151ben tal\u00e1lhat\u00f3 a Bodri Birtok, melyet egy \u00f6n\u00e1ll\u00f3 kis vil\u00e1gnak tekinthet\u00fcnk.","potentialAction":[{"@type":"SearchAction","target":{"@type":"EntryPoint","urlTemplate":"https:\/\/bodribor.hu\/?s={search_term_string}"},"query-input":{"@type":"PropertyValueSpecification","valueRequired":true,"valueName":"search_term_string"}}],"inLanguage":"en-US"}]}},"_links":{"self":[{"href":"https:\/\/bodribor.hu\/en\/wp-json\/wp\/v2\/pages\/48961","targetHints":{"allow":["GET"]}}],"collection":[{"href":"https:\/\/bodribor.hu\/en\/wp-json\/wp\/v2\/pages"}],"about":[{"href":"https:\/\/bodribor.hu\/en\/wp-json\/wp\/v2\/types\/page"}],"author":[{"embeddable":true,"href":"https:\/\/bodribor.hu\/en\/wp-json\/wp\/v2\/users\/2"}],"replies":[{"embeddable":true,"href":"https:\/\/bodribor.hu\/en\/wp-json\/wp\/v2\/comments?post=48961"}],"version-history":[{"count":0,"href":"https:\/\/bodribor.hu\/en\/wp-json\/wp\/v2\/pages\/48961\/revisions"}],"up":[{"embeddable":true,"href":"https:\/\/bodribor.hu\/en\/wp-json\/wp\/v2\/pages\/48831"}],"wp:attachment":[{"href":"https:\/\/bodribor.hu\/en\/wp-json\/wp\/v2\/media?parent=48961"}],"curies":[{"name":"wp","href":"https:\/\/api.w.org\/{rel}","templated":true}]}}