{"id":49120,"date":"2020-01-03T14:06:02","date_gmt":"2020-01-03T12:06:02","guid":{"rendered":"https:\/\/bodribor.hu\/?page_id=49120"},"modified":"2026-01-29T13:06:08","modified_gmt":"2026-01-29T11:06:08","slug":"menus","status":"publish","type":"page","link":"https:\/\/bodribor.hu\/en\/menus\/","title":{"rendered":"Menus"},"content":{"rendered":"<div class=\"wpb-content-wrapper\"><p>[vc_row full_width=&#8221;stretch_row&#8221; el_class=&#8221;headersor&#8221; css=&#8221;.vc_custom_1662201873010{background-image: url(https:\/\/bodribor.hu\/wp-content\/uploads\/2022\/09\/allandoetlap.jpg?id=87173) !important;}&#8221;][vc_column][vc_column_text el_class=&#8221;alcim&#8221;]<\/p>\n<h1 style=\"text-align: center;\">OPTIMUS RESTAURANT &#8211; MENU<\/h1>\n<p>[\/vc_column_text][\/vc_column][\/vc_row][vc_row][vc_column][vc_column_text css=&#8221;&#8221;]<\/p>\n<table style=\"width: 67.0376%; height: 160px;\">\n<tbody>\n<tr style=\"height: 69px;\">\n<td style=\"height: 69px; width: 81.457%;\">\n<h3><strong>COLD ENTR\u00c9ES<\/strong><\/h3>\n<\/td>\n<td style=\"height: 69px; width: 62.4577%;\"><\/td>\n<\/tr>\n<tr style=\"height: 103px;\">\n<td style=\"height: 10px; width: 81.457%;\"><strong>\u201cFaluhely\u201d cheese selection (milk)<\/strong><br \/>\n<span style=\"font-family: inherit; font-size: inherit;\">Recommended wines: <em>Sauvignon Blanc \/ White Cuv\u00e9e \u2018Bodrikutya\u2019<\/em><\/span><\/td>\n<td style=\"height: 10px; width: 62.4577%;\">4650 Ft<\/td>\n<\/tr>\n<tr style=\"height: 78px;\">\n<td style=\"height: 31px; width: 81.457%;\"><strong>Mangalitsa sampler<\/strong><br \/>\nRecommended wines: <em>Ros\u00e9 \u2018Rozi\u2019 \/ Chardonnay \u2018S\u00e1ri\u2019<\/em><\/td>\n<td style=\"height: 31px; width: 62.4577%;\">4850 Ft<\/td>\n<\/tr>\n<tr style=\"height: 50px;\">\n<td style=\"width: 81.457%; height: 50px;\"><\/td>\n<td style=\"width: 62.4577%; height: 50px;\"><\/td>\n<\/tr>\n<\/tbody>\n<\/table>\n<p>[\/vc_column_text][vc_column_text css=&#8221;&#8221;]<\/p>\n<table style=\"width: 63.9736%; height: 169px;\">\n<tbody>\n<tr style=\"height: 69px;\">\n<td style=\"width: 59.4055%; height: 69px;\">\n<h3>SOUPS<\/h3>\n<\/td>\n<td style=\"width: 20.7072%; height: 69px;\"><\/td>\n<\/tr>\n<tr style=\"height: 25px;\">\n<td style=\"width: 59.4055%; height: 25px;\"><strong>Traditional Faluhely chicken soup with semolina dumplings<\/strong><\/td>\n<td style=\"width: 20.7072%; height: 25px;\">2650 Ft<\/td>\n<\/tr>\n<tr style=\"height: 50px;\">\n<td style=\"width: 59.4055%; height: 50px;\"><strong>Bean soup with pork knuckle, pinched noodles, roasted Debrecen sausage and homemade sour cream<\/strong><\/td>\n<td style=\"width: 20.7072%; height: 50px;\">2750 Ft<\/td>\n<\/tr>\n<tr style=\"height: 25px;\">\n<td style=\"width: 59.4055%; height: 25px;\"><strong>Warm apple and cinnamon cream soup with toasted almonds<\/strong><\/td>\n<td style=\"width: 20.7072%; height: 25px;\"><span style=\"font-weight: 400;\">2\u00a0250 Ft<\/span><\/td>\n<\/tr>\n<\/tbody>\n<\/table>\n<p>[\/vc_column_text][vc_column_text css=&#8221;&#8221;]<\/p>\n<table style=\"width: 88.2572%; height: 734px;\">\n<tbody>\n<tr style=\"height: 69px;\">\n<td style=\"height: 69px; width: 89.3923%;\">\n<h3><strong>MAIN COURSE<br \/>\n<\/strong><\/h3>\n<\/td>\n<td style=\"height: 69px; width: 15.3273%;\"><\/td>\n<\/tr>\n<tr style=\"height: 103px;\">\n<td style=\"height: 22px; width: 89.3923%;\"><strong>Honey mustard chicken breast with saut\u00e9ed vegetables and rice <\/strong><\/p>\n<p><span style=\"font-weight: 400;\">Recommended wines: <\/span><i><span style=\"font-weight: 400;\">Chardonnay \u2018S\u00e1ri\u2019\/ Tramini \u2018Zs\u00f3fi\u2019<\/span><\/i><\/td>\n<td style=\"height: 22px; width: 15.3273%;\">5150 Ft<\/td>\n<\/tr>\n<tr style=\"height: 78px;\">\n<td style=\"height: 46px; width: 89.3923%;\"><strong>Crispy chicken thigh fillet with chilli honey and roasted potatoes<\/strong><\/p>\n<p><span style=\"font-weight: 400;\">Recommended wines: <\/span><i><span style=\"font-weight: 400;\">Chardonnay \u2018S\u00e1ri\u2019\/ Tramini \u2018Zs\u00f3fi\u2019<\/span><\/i><\/td>\n<td style=\"height: 46px; width: 15.3273%;\"><span style=\"font-weight: 400;\">4950 <\/span> Ft<\/td>\n<\/tr>\n<tr style=\"height: 78px;\">\n<td style=\"height: 40px; width: 89.3923%;\"><strong>Spiced roasted pork neck with smoked cheese, ranch dressing and Hungarian potato dumplings <i>(d\u00f6d\u00f6lle)<\/i><\/strong><\/p>\n<p><span style=\"font-weight: 400;\">Recommended wines: Bikav\u00e9r \/ <\/span><i><span style=\"font-weight: 400;\">K\u00e9kfrankos \u2018D\u0171l\u0151\u2019 Selection<\/span><\/i><\/td>\n<td style=\"height: 40px; width: 15.3273%;\"><span style=\"font-weight: 400;\">5450 <\/span>Ft<\/td>\n<\/tr>\n<tr style=\"height: 77px;\">\n<td style=\"width: 89.3923%; height: 45px;\" width=\"501\"><strong>Pork shoulder steak with peppered cream sauce and mashed potatoes<\/strong><\/p>\n<p><span style=\"font-weight: 400;\">Recommended wines: <\/span><i><span style=\"font-weight: 400;\">Syrah \u2018SYR\u2019 \/ Cuv\u00e9e \u2019D\u0171l\u0151\u2019 Selection<\/span><\/i><\/td>\n<td style=\"height: 45px; width: 15.3273%;\"><span style=\"font-weight: 400;\">5450 <\/span>Ft<\/td>\n<\/tr>\n<tr style=\"height: 78px;\">\n<td style=\"height: 45px; width: 89.3923%;\"><strong>Beer-battered pork tenderloin with garlic sour cream and potato pancakes<\/strong><\/p>\n<p><span style=\"font-weight: 400;\">Recommended wines:<\/span><i><span style=\"font-weight: 400;\"> White Cuv\u00e9e \u2018Bodrikutya\u2019 \/<\/span><\/i> <i><span style=\"font-weight: 400;\">Welschriesling \u2018D\u0171l\u0151\u2019 Selection<\/span><\/i><\/td>\n<td style=\"width: 15.3273%;\"><span style=\"font-weight: 400;\">5850 Ft<\/span><\/td>\n<\/tr>\n<tr style=\"height: 78px;\">\n<td style=\"height: 52px; width: 89.3923%;\"><strong>Pan-fried pike-perch fillet with lemon butter sauce and creamy mashed potatoes\u00a0<\/strong><\/p>\n<p><span style=\"font-weight: 400;\">Recommended wine: <\/span><i><span style=\"font-weight: 400;\">Z\u00f6ldveltelini \u2019Manna\u2019<\/span><\/i><\/td>\n<td style=\"height: 52px; width: 15.3273%;\"><span style=\"font-weight: 400;\">5650 <\/span>Ft<\/td>\n<\/tr>\n<tr style=\"height: 78px;\">\n<td style=\"height: 45px; width: 89.3923%;\"><strong>Pumpkin and sage gnocchi with toasted walnuts\u00a0<\/strong><\/p>\n<p><span style=\"font-weight: 400;\">Recommended wines: <\/span><i><span style=\"font-weight: 400;\">Chardonnay \u2018S\u00e1ri\u2019\/ Sauvignon Blanc \u2018D\u0171l\u0151\u2019 Selection <\/span><\/i><\/td>\n<td style=\"width: 15.3273%;\"><span style=\"font-weight: 400;\">3950 Ft<\/span><\/td>\n<\/tr>\n<tr style=\"height: 78px;\">\n<td style=\"height: 57px; width: 89.3923%;\"><strong>Caesar salad with chicken breast<\/strong><\/p>\n<p><span style=\"font-weight: 400;\">Recommended wine: <\/span><i><span style=\"font-weight: 400;\">Sauvignon Blanc<\/span><\/i><\/td>\n<td style=\"height: 57px; width: 15.3273%;\"><span style=\"font-weight: 400;\">4250 Ft<\/span><\/td>\n<\/tr>\n<tr style=\"height: 78px;\">\n<td style=\"height: 50px; width: 89.3923%;\"><strong>Caesar salad with grilled cheese<\/strong><\/p>\n<p><span style=\"font-weight: 400;\">Recommended wine: <\/span><i><span style=\"font-weight: 400;\">Sauvignon Blanc<\/span><\/i><\/td>\n<td style=\"width: 15.3273%;\"><span style=\"font-weight: 400;\">4\u00a0250 Ft<\/span><\/td>\n<\/tr>\n<tr style=\"height: 78px;\">\n<td style=\"height: 51px; width: 89.3923%;\"><\/td>\n<td style=\"height: 51px; width: 15.3273%;\"><\/td>\n<\/tr>\n<tr style=\"height: 50px;\">\n<td style=\"width: 89.3923%; height: 50px;\"><\/td>\n<td style=\"width: 15.3273%; height: 50px;\"><\/td>\n<\/tr>\n<tr style=\"height: 50px;\">\n<td style=\"width: 89.3923%; height: 50px;\"><\/td>\n<td style=\"width: 15.3273%; height: 50px;\"><\/td>\n<\/tr>\n<tr style=\"height: 50px;\">\n<td style=\"width: 89.3923%; height: 50px;\"><\/td>\n<td style=\"width: 15.3273%; height: 50px;\"><\/td>\n<\/tr>\n<tr style=\"height: 62px;\">\n<td style=\"width: 89.3923%; height: 62px;\"><\/td>\n<td style=\"width: 15.3273%; height: 62px;\"><\/td>\n<\/tr>\n<\/tbody>\n<\/table>\n<p>[\/vc_column_text][vc_column_text css=&#8221;&#8221;]<\/p>\n<table style=\"width: 68.3203%; height: 281px;\">\n<tbody>\n<tr style=\"height: 69px;\">\n<td style=\"width: 61.4403%; height: 49px;\">\n<h3><strong>KIDS\u2019 MENU<\/strong><\/h3>\n<\/td>\n<td style=\"width: 50.4539%; height: 49px;\"><\/td>\n<\/tr>\n<tr>\n<td style=\"width: 61.4403%;\"><strong>Pasta with tomato sauce and grated cheese<\/strong><\/td>\n<td style=\"width: 50.4539%; height: 40px;\">2200 Ft<\/td>\n<\/tr>\n<tr>\n<td style=\"width: 61.4403%;\"><strong>Breaded-fried cheese with French fries and tartar sauce<\/strong><\/td>\n<td style=\"width: 50.4539%; height: 42px;\">2400 Ft<\/td>\n<\/tr>\n<tr>\n<td style=\"width: 61.4403%;\"><strong>Breaded-fried chicken breast with French fries and tomato-ketchup<\/strong><\/td>\n<td style=\"width: 50.4539%; height: 53px;\">2400 Ft<\/td>\n<\/tr>\n<tr>\n<td style=\"width: 61.4403%;\"><strong>Fish fingers with steamed rice and tartar sauce<\/strong><\/td>\n<td style=\"width: 50.4539%; height: 47px;\">2200 Ft<\/td>\n<\/tr>\n<tr style=\"height: 50px;\">\n<td style=\"width: 61.4403%; height: 50px;\"><\/td>\n<td style=\"width: 50.4539%; height: 50px;\"><\/td>\n<\/tr>\n<\/tbody>\n<\/table>\n<p>[\/vc_column_text][vc_column_text css=&#8221;&#8221;]<\/p>\n<table style=\"width: 68.3203%; height: 143px;\">\n<tbody>\n<tr style=\"height: 69px;\">\n<td style=\"width: 61.4403%; height: 69px;\">\n<h3>SALADS<\/h3>\n<\/td>\n<td style=\"width: 50.4539%; height: 69px;\"><\/td>\n<\/tr>\n<tr>\n<td style=\"width: 61.4403%;\"><strong>Cucumber salad with sour cream<\/strong><\/td>\n<td style=\"width: 50.4539%;\"><span style=\"font-weight: 400;\">1\u00a0450 Ft<\/span><\/td>\n<\/tr>\n<tr>\n<td style=\"width: 61.4403%;\"><strong>Homemade mixed pickles<\/strong><\/td>\n<td style=\"width: 50.4539%; height: 19px;\"><span style=\"font-weight: 400;\">1\u00a0450 Ft<\/span><\/td>\n<\/tr>\n<tr>\n<td style=\"width: 61.4403%;\"><strong>Chunky pickled vegetables<\/strong><\/td>\n<td style=\"width: 50.4539%;\"><span style=\"font-weight: 400;\">1\u00a0450 Ft<\/span><\/td>\n<\/tr>\n<tr style=\"height: 25px;\">\n<td style=\"width: 61.4403%; height: 25px;\"><\/td>\n<td style=\"width: 50.4539%; height: 25px;\"><\/td>\n<\/tr>\n<\/tbody>\n<\/table>\n<p>[\/vc_column_text][vc_column_text css=&#8221;&#8221;]<\/p>\n<table style=\"width: 64.4051%; height: 206px;\">\n<tbody>\n<tr style=\"height: 65px;\">\n<td style=\"height: 65px; width: 75.5832%;\">\n<h3>DESSERTS<\/h3>\n<\/td>\n<td style=\"height: 65px; width: 23.3282%;\"><\/td>\n<\/tr>\n<tr style=\"height: 47px;\">\n<td style=\"height: 47px; width: 75.5832%;\"><span style=\"font-weight: 400;\">Van\u00edli\u00e1s panna cotta, erdei gy\u00fcm\u00f6lcsragu<\/span><\/p>\n<p><span style=\"font-weight: 400;\">allerg\u00e9nek: tej<\/span><\/p>\n<p><span style=\"font-weight: 400;\">Vanilla panna cotta with forest fruit ragout<\/span><\/p>\n<p><em><span style=\"font-weight: 400;\">Aj\u00e1nlott bor: <\/span><i><span style=\"font-weight: 400;\">Dubicz Tramini<\/span><\/i><i><span style=\"font-weight: 400;\"><br \/>\n<\/span><\/i><span style=\"font-weight: 400;\">Recommended wine:<\/span><i><span style=\"font-weight: 400;\"> Dubicz Tramini<\/span><\/i> i<\/em><\/td>\n<td style=\"height: 47px; width: 23.3282%;\">2650 HUF<\/td>\n<\/tr>\n<tr style=\"height: 47px;\">\n<td style=\"height: 47px; width: 75.5832%;\"><\/td>\n<td style=\"height: 47px; width: 23.3282%;\"><\/td>\n<\/tr>\n<tr style=\"height: 47px;\">\n<td style=\"height: 47px; width: 75.5832%;\"><\/td>\n<td style=\"height: 47px; width: 23.3282%;\"><\/td>\n<\/tr>\n<\/tbody>\n<\/table>\n<p><em>When ordering half portions, 70% of the full menu prices are charged.<br \/>\n<\/em><em>Takeaway box: 250 HUF\/piece<br \/>\n<\/em><strong><em>A 12% service charge is added to the final bill.<\/em><\/strong><\/p>\n<p>[\/vc_column_text][\/vc_column][\/vc_row][vc_row el_class=&#8221;gombsor&#8221;][vc_column][vc_column_text]<\/p>\n<div class=\"szurkegomb kicsi kozep\"><a href=\"https:\/\/bodribor.hu\/en\/gourmet-menu\/\">GOURMET MENU<\/a><\/div>\n<p>[\/vc_column_text][\/vc_column][\/vc_row][vc_row][vc_column][vc_column_text el_class=&#8221;lentifekete&#8221;]<strong>OPENING HOURS OF THE BODRI OPTIMUS RESTAURANT:<\/strong><br \/>\n<strong>From Monday to Thursday and Sunday: 12:00- 22:00<\/strong><br \/>\n<strong>The kitchen closes 1 hour prior to the restaurant.<\/strong><br \/>\n<strong>Friday and Saturday : 12:00- 24:00<\/strong><\/p>\n<p><strong>The kitchen closes 1 hour prior to the restaurant.<em><br \/>\n<\/em><\/strong>For functions with more than 10 persons, please enquire by email or phone.<br \/>\nEnquiries: vendeglatas@bodribor.hu or + 36 74 67 67 00[\/vc_column_text][\/vc_column][\/vc_row]<\/p>\n<\/div>","protected":false},"excerpt":{"rendered":"<p>[vc_row full_width=&#8221;stretch_row&#8221; el_class=&#8221;headersor&#8221; css=&#8221;.vc_custom_1662201873010{background-image: url(https:\/\/bodribor.hu\/wp-content\/uploads\/2022\/09\/allandoetlap.jpg?id=87173) !important;}&#8221;][vc_column][vc_column_text el_class=&#8221;alcim&#8221;] OPTIMUS RESTAURANT &#8211; MENU [\/vc_column_text][\/vc_column][\/vc_row][vc_row][vc_column][vc_column_text css=&#8221;&#8221;] COLD ENTR\u00c9ES \u201cFaluhely\u201d cheese selection (milk) Recommended wines: Sauvignon Blanc \/ White Cuv\u00e9e \u2018Bodrikutya\u2019 4650 Ft Mangalitsa sampler Recommended wines: Ros\u00e9 \u2018Rozi\u2019 \/ Chardonnay \u2018S\u00e1ri\u2019 4850 Ft [\/vc_column_text][vc_column_text css=&#8221;&#8221;] SOUPS Traditional Faluhely chicken soup with semolina dumplings 2650 Ft Bean soup with pork knuckle, pinched noodles, roasted Debrecen sausage and homemade sour cream 2750 Ft Warm apple and cinnamon cream soup with toasted almonds 2\u00a0250 Ft [\/vc_column_text][vc_column_text css=&#8221;&#8221;] MAIN COURSE Honey mustard chicken breast with saut\u00e9ed vegetables and rice Recommended wines: Chardonnay \u2018S\u00e1ri\u2019\/ Tramini \u2018Zs\u00f3fi\u2019 5150 Ft Crispy chicken thigh fillet with chilli honey and roasted potatoes Recommended wines: Chardonnay \u2018S\u00e1ri\u2019\/ Tramini \u2018Zs\u00f3fi\u2019 4950 Ft Spiced roasted pork neck with smoked cheese, ranch dressing and Hungarian potato dumplings (d\u00f6d\u00f6lle) Recommended wines: Bikav\u00e9r \/ K\u00e9kfrankos \u2018D\u0171l\u0151\u2019 Selection 5450 Ft Pork shoulder steak with peppered cream sauce and mashed potatoes Recommended wines: Syrah \u2018SYR\u2019 \/ Cuv\u00e9e \u2019D\u0171l\u0151\u2019 Selection 5450 Ft Beer-battered pork tenderloin with garlic sour cream and potato pancakes Recommended wines: White Cuv\u00e9e \u2018Bodrikutya\u2019 \/ Welschriesling \u2018D\u0171l\u0151\u2019 Selection 5850 Ft Pan-fried pike-perch fillet with lemon butter sauce and creamy mashed potatoes\u00a0 Recommended wine: Z\u00f6ldveltelini \u2019Manna\u2019 5650 Ft Pumpkin<span class=\"excerpt-hellip\"> [\u2026]<\/span><\/p>\n","protected":false},"author":2,"featured_media":-1,"parent":0,"menu_order":0,"comment_status":"closed","ping_status":"closed","template":"","meta":{"_acf_changed":false,"footnotes":""},"class_list":["post-49120","page","type-page","status-publish","has-post-thumbnail","hentry"],"acf":[],"yoast_head":"<!-- This site is optimized with the Yoast SEO Premium plugin v26.7 (Yoast SEO v27.5) - https:\/\/yoast.com\/product\/yoast-seo-premium-wordpress\/ -->\n<title>Menus - Bodri Pinc\u00e9szet, Szeksz\u00e1rd<\/title>\n<meta name=\"robots\" content=\"index, follow, max-snippet:-1, max-image-preview:large, max-video-preview:-1\" \/>\n<link rel=\"canonical\" href=\"https:\/\/bodribor.hu\/en\/menus\/\" \/>\n<meta property=\"og:locale\" content=\"en_US\" \/>\n<meta property=\"og:type\" content=\"article\" \/>\n<meta property=\"og:title\" content=\"Menus\" \/>\n<meta property=\"og:description\" content=\"[vc_row full_width=&#8221;stretch_row&#8221; el_class=&#8221;headersor&#8221; css=&#8221;.vc_custom_1662201873010{background-image: url(https:\/\/bodribor.hu\/wp-content\/uploads\/2022\/09\/allandoetlap.jpg?id=87173) !important;}&#8221;][vc_column][vc_column_text el_class=&#8221;alcim&#8221;] OPTIMUS RESTAURANT &#8211; MENU [\/vc_column_text][\/vc_column][\/vc_row][vc_row][vc_column][vc_column_text css=&#8221;&#8221;] COLD ENTR\u00c9ES \u201cFaluhely\u201d cheese selection (milk) Recommended wines: Sauvignon Blanc \/ White Cuv\u00e9e \u2018Bodrikutya\u2019 4650 Ft Mangalitsa sampler Recommended wines: Ros\u00e9 \u2018Rozi\u2019 \/ Chardonnay \u2018S\u00e1ri\u2019 4850 Ft [\/vc_column_text][vc_column_text css=&#8221;&#8221;] SOUPS Traditional Faluhely chicken soup with semolina dumplings 2650 Ft Bean soup with pork knuckle, pinched noodles, roasted Debrecen sausage and homemade sour cream 2750 Ft Warm apple and cinnamon cream soup with toasted almonds 2\u00a0250 Ft [\/vc_column_text][vc_column_text css=&#8221;&#8221;] MAIN COURSE Honey mustard chicken breast with saut\u00e9ed vegetables and rice Recommended wines: Chardonnay \u2018S\u00e1ri\u2019\/ Tramini \u2018Zs\u00f3fi\u2019 5150 Ft Crispy chicken thigh fillet with chilli honey and roasted potatoes Recommended wines: Chardonnay \u2018S\u00e1ri\u2019\/ Tramini \u2018Zs\u00f3fi\u2019 4950 Ft Spiced roasted pork neck with smoked cheese, ranch dressing and Hungarian potato dumplings (d\u00f6d\u00f6lle) Recommended wines: Bikav\u00e9r \/ K\u00e9kfrankos \u2018D\u0171l\u0151\u2019 Selection 5450 Ft Pork shoulder steak with peppered cream sauce and mashed potatoes Recommended wines: Syrah \u2018SYR\u2019 \/ Cuv\u00e9e \u2019D\u0171l\u0151\u2019 Selection 5450 Ft Beer-battered pork tenderloin with garlic sour cream and potato pancakes Recommended wines: White Cuv\u00e9e \u2018Bodrikutya\u2019 \/ Welschriesling \u2018D\u0171l\u0151\u2019 Selection 5850 Ft Pan-fried pike-perch fillet with lemon butter sauce and creamy mashed potatoes\u00a0 Recommended wine: Z\u00f6ldveltelini \u2019Manna\u2019 5650 Ft Pumpkin [\u2026]\" \/>\n<meta property=\"og:url\" content=\"https:\/\/bodribor.hu\/en\/menus\/\" \/>\n<meta property=\"og:site_name\" content=\"Bodri Pinc\u00e9szet, Szeksz\u00e1rd\" \/>\n<meta property=\"article:modified_time\" content=\"2026-01-29T11:06:08+00:00\" \/>\n<meta name=\"twitter:card\" content=\"summary_large_image\" \/>\n<meta name=\"twitter:label1\" content=\"Est. reading time\" \/>\n\t<meta name=\"twitter:data1\" content=\"3 minutes\" \/>\n<script type=\"application\/ld+json\" class=\"yoast-schema-graph\">{\"@context\":\"https:\\\/\\\/schema.org\",\"@graph\":[{\"@type\":\"WebPage\",\"@id\":\"https:\\\/\\\/bodribor.hu\\\/en\\\/menus\\\/\",\"url\":\"https:\\\/\\\/bodribor.hu\\\/en\\\/menus\\\/\",\"name\":\"Menus - Bodri Pinc\u00e9szet, Szeksz\u00e1rd\",\"isPartOf\":{\"@id\":\"https:\\\/\\\/bodribor.hu\\\/#website\"},\"datePublished\":\"2020-01-03T12:06:02+00:00\",\"dateModified\":\"2026-01-29T11:06:08+00:00\",\"breadcrumb\":{\"@id\":\"https:\\\/\\\/bodribor.hu\\\/en\\\/menus\\\/#breadcrumb\"},\"inLanguage\":\"en-US\",\"potentialAction\":[{\"@type\":\"ReadAction\",\"target\":[\"https:\\\/\\\/bodribor.hu\\\/en\\\/menus\\\/\"]}]},{\"@type\":\"BreadcrumbList\",\"@id\":\"https:\\\/\\\/bodribor.hu\\\/en\\\/menus\\\/#breadcrumb\",\"itemListElement\":[{\"@type\":\"ListItem\",\"position\":1,\"name\":\"Bodribor\",\"item\":\"https:\\\/\\\/bodribor.hu\\\/en\\\/homepage-2\\\/\"},{\"@type\":\"ListItem\",\"position\":2,\"name\":\"Menus\"}]},{\"@type\":\"WebSite\",\"@id\":\"https:\\\/\\\/bodribor.hu\\\/#website\",\"url\":\"https:\\\/\\\/bodribor.hu\\\/\",\"name\":\"Bodri Pinc\u00e9szet, Szeksz\u00e1rd\",\"description\":\"Szeksz\u00e1rd d\u00e9li hat\u00e1r\u00e1ban, a fest\u0151i sz\u00e9ps\u00e9g\u0171 Faluhely-d\u0171l\u0151ben tal\u00e1lhat\u00f3 a Bodri Birtok, melyet egy \u00f6n\u00e1ll\u00f3 kis vil\u00e1gnak tekinthet\u00fcnk.\",\"potentialAction\":[{\"@type\":\"SearchAction\",\"target\":{\"@type\":\"EntryPoint\",\"urlTemplate\":\"https:\\\/\\\/bodribor.hu\\\/?s={search_term_string}\"},\"query-input\":{\"@type\":\"PropertyValueSpecification\",\"valueRequired\":true,\"valueName\":\"search_term_string\"}}],\"inLanguage\":\"en-US\"}]}<\/script>\n<!-- \/ Yoast SEO Premium plugin. -->","yoast_head_json":{"title":"Menus - Bodri Pinc\u00e9szet, Szeksz\u00e1rd","robots":{"index":"index","follow":"follow","max-snippet":"max-snippet:-1","max-image-preview":"max-image-preview:large","max-video-preview":"max-video-preview:-1"},"canonical":"https:\/\/bodribor.hu\/en\/menus\/","og_locale":"en_US","og_type":"article","og_title":"Menus","og_description":"[vc_row full_width=&#8221;stretch_row&#8221; el_class=&#8221;headersor&#8221; css=&#8221;.vc_custom_1662201873010{background-image: url(https:\/\/bodribor.hu\/wp-content\/uploads\/2022\/09\/allandoetlap.jpg?id=87173) !important;}&#8221;][vc_column][vc_column_text el_class=&#8221;alcim&#8221;] OPTIMUS RESTAURANT &#8211; MENU [\/vc_column_text][\/vc_column][\/vc_row][vc_row][vc_column][vc_column_text css=&#8221;&#8221;] COLD ENTR\u00c9ES \u201cFaluhely\u201d cheese selection (milk) Recommended wines: Sauvignon Blanc \/ White Cuv\u00e9e \u2018Bodrikutya\u2019 4650 Ft Mangalitsa sampler Recommended wines: Ros\u00e9 \u2018Rozi\u2019 \/ Chardonnay \u2018S\u00e1ri\u2019 4850 Ft [\/vc_column_text][vc_column_text css=&#8221;&#8221;] SOUPS Traditional Faluhely chicken soup with semolina dumplings 2650 Ft Bean soup with pork knuckle, pinched noodles, roasted Debrecen sausage and homemade sour cream 2750 Ft Warm apple and cinnamon cream soup with toasted almonds 2\u00a0250 Ft [\/vc_column_text][vc_column_text css=&#8221;&#8221;] MAIN COURSE Honey mustard chicken breast with saut\u00e9ed vegetables and rice Recommended wines: Chardonnay \u2018S\u00e1ri\u2019\/ Tramini \u2018Zs\u00f3fi\u2019 5150 Ft Crispy chicken thigh fillet with chilli honey and roasted potatoes Recommended wines: Chardonnay \u2018S\u00e1ri\u2019\/ Tramini \u2018Zs\u00f3fi\u2019 4950 Ft Spiced roasted pork neck with smoked cheese, ranch dressing and Hungarian potato dumplings (d\u00f6d\u00f6lle) Recommended wines: Bikav\u00e9r \/ K\u00e9kfrankos \u2018D\u0171l\u0151\u2019 Selection 5450 Ft Pork shoulder steak with peppered cream sauce and mashed potatoes Recommended wines: Syrah \u2018SYR\u2019 \/ Cuv\u00e9e \u2019D\u0171l\u0151\u2019 Selection 5450 Ft Beer-battered pork tenderloin with garlic sour cream and potato pancakes Recommended wines: White Cuv\u00e9e \u2018Bodrikutya\u2019 \/ Welschriesling \u2018D\u0171l\u0151\u2019 Selection 5850 Ft Pan-fried pike-perch fillet with lemon butter sauce and creamy mashed potatoes\u00a0 Recommended wine: Z\u00f6ldveltelini \u2019Manna\u2019 5650 Ft Pumpkin [\u2026]","og_url":"https:\/\/bodribor.hu\/en\/menus\/","og_site_name":"Bodri Pinc\u00e9szet, Szeksz\u00e1rd","article_modified_time":"2026-01-29T11:06:08+00:00","twitter_card":"summary_large_image","twitter_misc":{"Est. reading time":"3 minutes"},"schema":{"@context":"https:\/\/schema.org","@graph":[{"@type":"WebPage","@id":"https:\/\/bodribor.hu\/en\/menus\/","url":"https:\/\/bodribor.hu\/en\/menus\/","name":"Menus - Bodri Pinc\u00e9szet, Szeksz\u00e1rd","isPartOf":{"@id":"https:\/\/bodribor.hu\/#website"},"datePublished":"2020-01-03T12:06:02+00:00","dateModified":"2026-01-29T11:06:08+00:00","breadcrumb":{"@id":"https:\/\/bodribor.hu\/en\/menus\/#breadcrumb"},"inLanguage":"en-US","potentialAction":[{"@type":"ReadAction","target":["https:\/\/bodribor.hu\/en\/menus\/"]}]},{"@type":"BreadcrumbList","@id":"https:\/\/bodribor.hu\/en\/menus\/#breadcrumb","itemListElement":[{"@type":"ListItem","position":1,"name":"Bodribor","item":"https:\/\/bodribor.hu\/en\/homepage-2\/"},{"@type":"ListItem","position":2,"name":"Menus"}]},{"@type":"WebSite","@id":"https:\/\/bodribor.hu\/#website","url":"https:\/\/bodribor.hu\/","name":"Bodri Pinc\u00e9szet, Szeksz\u00e1rd","description":"Szeksz\u00e1rd d\u00e9li hat\u00e1r\u00e1ban, a fest\u0151i sz\u00e9ps\u00e9g\u0171 Faluhely-d\u0171l\u0151ben tal\u00e1lhat\u00f3 a Bodri Birtok, melyet egy \u00f6n\u00e1ll\u00f3 kis vil\u00e1gnak tekinthet\u00fcnk.","potentialAction":[{"@type":"SearchAction","target":{"@type":"EntryPoint","urlTemplate":"https:\/\/bodribor.hu\/?s={search_term_string}"},"query-input":{"@type":"PropertyValueSpecification","valueRequired":true,"valueName":"search_term_string"}}],"inLanguage":"en-US"}]}},"_links":{"self":[{"href":"https:\/\/bodribor.hu\/en\/wp-json\/wp\/v2\/pages\/49120","targetHints":{"allow":["GET"]}}],"collection":[{"href":"https:\/\/bodribor.hu\/en\/wp-json\/wp\/v2\/pages"}],"about":[{"href":"https:\/\/bodribor.hu\/en\/wp-json\/wp\/v2\/types\/page"}],"author":[{"embeddable":true,"href":"https:\/\/bodribor.hu\/en\/wp-json\/wp\/v2\/users\/2"}],"replies":[{"embeddable":true,"href":"https:\/\/bodribor.hu\/en\/wp-json\/wp\/v2\/comments?post=49120"}],"version-history":[{"count":3,"href":"https:\/\/bodribor.hu\/en\/wp-json\/wp\/v2\/pages\/49120\/revisions"}],"predecessor-version":[{"id":98046,"href":"https:\/\/bodribor.hu\/en\/wp-json\/wp\/v2\/pages\/49120\/revisions\/98046"}],"wp:featuredmedia":[{"embeddable":true,"href":"https:\/\/bodribor.hu\/en\/wp-json\/"}],"wp:attachment":[{"href":"https:\/\/bodribor.hu\/en\/wp-json\/wp\/v2\/media?parent=49120"}],"curies":[{"name":"wp","href":"https:\/\/api.w.org\/{rel}","templated":true}]}}