{"id":49455,"date":"2020-01-07T13:48:40","date_gmt":"2020-01-07T11:48:40","guid":{"rendered":"https:\/\/bodribor.hu\/?page_id=49455"},"modified":"2025-05-29T09:51:53","modified_gmt":"2025-05-29T07:51:53","slug":"child-menu","status":"publish","type":"page","link":"https:\/\/bodribor.hu\/en\/child-menu\/","title":{"rendered":"Child menu"},"content":{"rendered":"<div class=\"wpb-content-wrapper\"><p>[vc_row full_width=&#8221;stretch_row&#8221; el_class=&#8221;headersor&#8221; css=&#8221;.vc_custom_1662202250846{background-image: url(https:\/\/bodribor.hu\/wp-content\/uploads\/2019\/08\/gyereketlap.jpg?id=34805) !important;}&#8221;][vc_column][vc_column_text el_class=&#8221;alcim&#8221;]<\/p>\n<h1 style=\"text-align: center;\">CHILD MENU<\/h1>\n<p>[\/vc_column_text][\/vc_column][\/vc_row][vc_row el_class=&#8221;gombsor&#8221;][vc_column][vc_column_text]<\/p>\n<div class=\"szurkegomb kicsi jobb\"><a href=\"\/en\/menus\">MENU<\/a><\/div>\n<p>[\/vc_column_text][vc_column_text]<\/p>\n<div class=\"szurkegomb kicsi kozep\"><a href=\"\/en\/gourmet-menu\/\">GOURMET MENU<\/a><\/div>\n<p>[\/vc_column_text][vc_column_text]<\/p>\n<div class=\"szurkegomb kicsi kozep\"><a href=\"https:\/\/bodribor.hu\/en\/grill-etlap\/\">GRILL MENU<\/a><\/div>\n<p>[\/vc_column_text][\/vc_column][\/vc_row][vc_row css=&#8221;.vc_custom_1565182161116{margin-top: 60px !important;margin-bottom: 60px !important;}&#8221;][vc_column][vc_column_text]<\/p>\n<table style=\"width: 65.2182%;\">\n<tbody>\n<tr>\n<td style=\"width: 79.3375%;\"><strong>Children\u2019s menu<\/strong><\/td>\n<td style=\"width: 64.9152%;\"><\/td>\n<\/tr>\n<tr>\n<td style=\"width: 79.3375%;\"><strong>Peti&#8217;s favourite dish<\/strong><br \/>\nDeep-fried fish fingers with rice and tartar sauce<\/td>\n<td style=\"width: 64.9152%;\">1900 HUF<\/td>\n<\/tr>\n<tr>\n<td style=\"width: 79.3375%;\" width=\"453\"><strong>Emma&#8217;s favourite dish<\/strong><br \/>\nDeep-fried cheese with French fries and tartar sauce<\/td>\n<td style=\"width: 64.9152%;\">1900 HUF<\/td>\n<\/tr>\n<tr>\n<td style=\"width: 79.3375%;\"><strong>Zal\u00e1n&#8217;s favourite dish<\/strong><br \/>\nGrilled frankfurter with French fries and tomato-ketchup<\/td>\n<td style=\"width: 64.9152%;\">2200 HUF<\/td>\n<\/tr>\n<tr>\n<td style=\"width: 79.3375%;\"><strong>Z\u00e9ti&#8217;s favourite dish<\/strong><br \/>\nRoast turkey breast with mashed potatoes and apricot preserve<\/td>\n<td style=\"width: 64.9152%;\">2200 HUF<\/td>\n<\/tr>\n<tr>\n<td style=\"width: 79.3375%;\"><strong>Manna&#8217;s favourite dish<\/strong><br \/>\nSpaghetti Bolognese with grated cheese<\/td>\n<td style=\"width: 64.9152%;\">2200 HUF<\/td>\n<\/tr>\n<tr>\n<td style=\"width: 79.3375%;\"><strong>Misike&#8217;s favourite dish<\/strong><br \/>\nDeep-fried chicken breast with French fries and tomato-ketchup<\/td>\n<td style=\"width: 64.9152%;\">2200 HUF<\/td>\n<\/tr>\n<tr>\n<td style=\"width: 79.3375%;\"><strong>Med\u00e1rd&#8217;s favourite dish<\/strong><br \/>\nDumplings filled with chocolate hazelnut spread<\/td>\n<td style=\"width: 64.9152%;\">1900 HUF<\/td>\n<\/tr>\n<\/tbody>\n<\/table>\n<p>[\/vc_column_text][\/vc_column][\/vc_row][vc_row el_class=&#8221;gombsor&#8221;][vc_column][vc_column_text]<\/p>\n<div class=\"szurkegomb kicsi jobb\"><a href=\"\/en\/menus\">MENU<\/a><\/div>\n<p>[\/vc_column_text][vc_column_text]<\/p>\n<div class=\"szurkegomb kicsi bal\"><a href=\"\/en\/gourmet-menu\/\">GOURMET MENU<\/a><\/div>\n<p>[\/vc_column_text][\/vc_column][\/vc_row][vc_row][vc_column][vc_column_text el_class=&#8221;lentifekete&#8221;]<strong>OPENING HOURS OF THE BODRI OPTIMUS RESTAURANT:<\/strong><br \/>\n<strong>From Monday to Thursday and Sunday: 12:00- 22:00<\/strong><br \/>\n<strong>The kitchen closes 1 hour prior to the restaurant.<\/strong><br \/>\n<strong>Friday and Saturday : 12:00- 24:00<\/strong><\/p>\n<p><strong>The kitchen closes 1 hour prior to the restaurant.<em><br \/>\n<\/em><\/strong>For functions with more than 10 persons, please enquire by email or phone.<br \/>\nEnquiries: vendeglatas@bodribor.hu or + 36 74 67 67 00[\/vc_column_text][\/vc_column][\/vc_row]<\/p>\n<\/div>","protected":false},"excerpt":{"rendered":"<p>[vc_row full_width=&#8221;stretch_row&#8221; el_class=&#8221;headersor&#8221; css=&#8221;.vc_custom_1662202250846{background-image: url(https:\/\/bodribor.hu\/wp-content\/uploads\/2019\/08\/gyereketlap.jpg?id=34805) !important;}&#8221;][vc_column][vc_column_text el_class=&#8221;alcim&#8221;] CHILD MENU [\/vc_column_text][\/vc_column][\/vc_row][vc_row el_class=&#8221;gombsor&#8221;][vc_column][vc_column_text] MENU [\/vc_column_text][vc_column_text] GOURMET MENU [\/vc_column_text][vc_column_text] GRILL MENU [\/vc_column_text][\/vc_column][\/vc_row][vc_row css=&#8221;.vc_custom_1565182161116{margin-top: 60px !important;margin-bottom: 60px !important;}&#8221;][vc_column][vc_column_text] Children\u2019s menu Peti&#8217;s favourite dish Deep-fried fish fingers with rice and tartar sauce 1900 HUF Emma&#8217;s favourite dish Deep-fried cheese with French fries and tartar sauce 1900 HUF Zal\u00e1n&#8217;s favourite dish Grilled frankfurter with French fries and tomato-ketchup 2200 HUF Z\u00e9ti&#8217;s favourite dish Roast turkey breast with mashed potatoes and apricot preserve 2200 HUF Manna&#8217;s favourite dish Spaghetti Bolognese with grated cheese 2200 HUF Misike&#8217;s favourite dish Deep-fried chicken breast with French fries and tomato-ketchup 2200 HUF Med\u00e1rd&#8217;s favourite dish Dumplings filled with chocolate hazelnut spread 1900 HUF [\/vc_column_text][\/vc_column][\/vc_row][vc_row el_class=&#8221;gombsor&#8221;][vc_column][vc_column_text] MENU [\/vc_column_text][vc_column_text] GOURMET MENU [\/vc_column_text][\/vc_column][\/vc_row][vc_row][vc_column][vc_column_text el_class=&#8221;lentifekete&#8221;]OPENING HOURS OF THE BODRI OPTIMUS RESTAURANT: From Monday to Thursday and Sunday: 12:00- 22:00 The kitchen closes 1 hour prior to the restaurant. Friday and Saturday : 12:00- 24:00 The kitchen closes 1 hour prior to the restaurant. For functions with more than 10 persons, please enquire by email or phone. Enquiries: vendeglatas@bodribor.hu or + 36 74 67 67 00[\/vc_column_text][\/vc_column][\/vc_row]<\/p>\n","protected":false},"author":2,"featured_media":0,"parent":0,"menu_order":0,"comment_status":"closed","ping_status":"closed","template":"","meta":{"_acf_changed":false,"footnotes":""},"class_list":["post-49455","page","type-page","status-publish","hentry"],"acf":[],"yoast_head":"<!-- This site is optimized with the Yoast SEO Premium plugin v26.7 (Yoast SEO v27.0) - https:\/\/yoast.com\/product\/yoast-seo-premium-wordpress\/ -->\n<title>Child menu - Bodri Pinc\u00e9szet, Szeksz\u00e1rd<\/title>\n<meta name=\"robots\" content=\"index, follow, max-snippet:-1, max-image-preview:large, max-video-preview:-1\" \/>\n<link rel=\"canonical\" href=\"https:\/\/bodribor.hu\/en\/child-menu\/\" \/>\n<meta property=\"og:locale\" content=\"en_US\" \/>\n<meta property=\"og:type\" content=\"article\" \/>\n<meta property=\"og:title\" content=\"Child menu\" \/>\n<meta property=\"og:description\" content=\"[vc_row full_width=&#8221;stretch_row&#8221; el_class=&#8221;headersor&#8221; css=&#8221;.vc_custom_1662202250846{background-image: url(https:\/\/bodribor.hu\/wp-content\/uploads\/2019\/08\/gyereketlap.jpg?id=34805) !important;}&#8221;][vc_column][vc_column_text el_class=&#8221;alcim&#8221;] CHILD MENU [\/vc_column_text][\/vc_column][\/vc_row][vc_row el_class=&#8221;gombsor&#8221;][vc_column][vc_column_text] MENU [\/vc_column_text][vc_column_text] GOURMET MENU [\/vc_column_text][vc_column_text] GRILL MENU [\/vc_column_text][\/vc_column][\/vc_row][vc_row css=&#8221;.vc_custom_1565182161116{margin-top: 60px !important;margin-bottom: 60px !important;}&#8221;][vc_column][vc_column_text] Children\u2019s menu Peti&#8217;s favourite dish Deep-fried fish fingers with rice and tartar sauce 1900 HUF Emma&#8217;s favourite dish Deep-fried cheese with French fries and tartar sauce 1900 HUF Zal\u00e1n&#8217;s favourite dish Grilled frankfurter with French fries and tomato-ketchup 2200 HUF Z\u00e9ti&#8217;s favourite dish Roast turkey breast with mashed potatoes and apricot preserve 2200 HUF Manna&#8217;s favourite dish Spaghetti Bolognese with grated cheese 2200 HUF Misike&#8217;s favourite dish Deep-fried chicken breast with French fries and tomato-ketchup 2200 HUF Med\u00e1rd&#8217;s favourite dish Dumplings filled with chocolate hazelnut spread 1900 HUF [\/vc_column_text][\/vc_column][\/vc_row][vc_row el_class=&#8221;gombsor&#8221;][vc_column][vc_column_text] MENU [\/vc_column_text][vc_column_text] GOURMET MENU [\/vc_column_text][\/vc_column][\/vc_row][vc_row][vc_column][vc_column_text el_class=&#8221;lentifekete&#8221;]OPENING HOURS OF THE BODRI OPTIMUS RESTAURANT: From Monday to Thursday and Sunday: 12:00- 22:00 The kitchen closes 1 hour prior to the restaurant. Friday and Saturday : 12:00- 24:00 The kitchen closes 1 hour prior to the restaurant. For functions with more than 10 persons, please enquire by email or phone. Enquiries: vendeglatas@bodribor.hu or + 36 74 67 67 00[\/vc_column_text][\/vc_column][\/vc_row]\" \/>\n<meta property=\"og:url\" content=\"https:\/\/bodribor.hu\/en\/child-menu\/\" \/>\n<meta property=\"og:site_name\" content=\"Bodri Pinc\u00e9szet, Szeksz\u00e1rd\" \/>\n<meta property=\"article:modified_time\" content=\"2025-05-29T07:51:53+00:00\" \/>\n<meta name=\"twitter:card\" content=\"summary_large_image\" \/>\n<meta name=\"twitter:label1\" content=\"Est. reading time\" \/>\n\t<meta name=\"twitter:data1\" content=\"1 minute\" \/>\n<script type=\"application\/ld+json\" class=\"yoast-schema-graph\">{\"@context\":\"https:\/\/schema.org\",\"@graph\":[{\"@type\":\"WebPage\",\"@id\":\"https:\/\/bodribor.hu\/en\/child-menu\/\",\"url\":\"https:\/\/bodribor.hu\/en\/child-menu\/\",\"name\":\"Child menu - Bodri Pinc\u00e9szet, Szeksz\u00e1rd\",\"isPartOf\":{\"@id\":\"https:\/\/bodribor.hu\/#website\"},\"datePublished\":\"2020-01-07T11:48:40+00:00\",\"dateModified\":\"2025-05-29T07:51:53+00:00\",\"breadcrumb\":{\"@id\":\"https:\/\/bodribor.hu\/en\/child-menu\/#breadcrumb\"},\"inLanguage\":\"en-US\",\"potentialAction\":[{\"@type\":\"ReadAction\",\"target\":[\"https:\/\/bodribor.hu\/en\/child-menu\/\"]}]},{\"@type\":\"BreadcrumbList\",\"@id\":\"https:\/\/bodribor.hu\/en\/child-menu\/#breadcrumb\",\"itemListElement\":[{\"@type\":\"ListItem\",\"position\":1,\"name\":\"Bodribor\",\"item\":\"https:\/\/bodribor.hu\/en\/homepage-2\/\"},{\"@type\":\"ListItem\",\"position\":2,\"name\":\"Child menu\"}]},{\"@type\":\"WebSite\",\"@id\":\"https:\/\/bodribor.hu\/#website\",\"url\":\"https:\/\/bodribor.hu\/\",\"name\":\"Bodri Pinc\u00e9szet, Szeksz\u00e1rd\",\"description\":\"Szeksz\u00e1rd d\u00e9li hat\u00e1r\u00e1ban, a fest\u0151i sz\u00e9ps\u00e9g\u0171 Faluhely-d\u0171l\u0151ben tal\u00e1lhat\u00f3 a Bodri Birtok, melyet egy \u00f6n\u00e1ll\u00f3 kis vil\u00e1gnak tekinthet\u00fcnk.\",\"potentialAction\":[{\"@type\":\"SearchAction\",\"target\":{\"@type\":\"EntryPoint\",\"urlTemplate\":\"https:\/\/bodribor.hu\/?s={search_term_string}\"},\"query-input\":{\"@type\":\"PropertyValueSpecification\",\"valueRequired\":true,\"valueName\":\"search_term_string\"}}],\"inLanguage\":\"en-US\"}]}<\/script>\n<!-- \/ Yoast SEO Premium plugin. -->","yoast_head_json":{"title":"Child menu - Bodri Pinc\u00e9szet, Szeksz\u00e1rd","robots":{"index":"index","follow":"follow","max-snippet":"max-snippet:-1","max-image-preview":"max-image-preview:large","max-video-preview":"max-video-preview:-1"},"canonical":"https:\/\/bodribor.hu\/en\/child-menu\/","og_locale":"en_US","og_type":"article","og_title":"Child menu","og_description":"[vc_row full_width=&#8221;stretch_row&#8221; el_class=&#8221;headersor&#8221; css=&#8221;.vc_custom_1662202250846{background-image: url(https:\/\/bodribor.hu\/wp-content\/uploads\/2019\/08\/gyereketlap.jpg?id=34805) !important;}&#8221;][vc_column][vc_column_text el_class=&#8221;alcim&#8221;] CHILD MENU [\/vc_column_text][\/vc_column][\/vc_row][vc_row el_class=&#8221;gombsor&#8221;][vc_column][vc_column_text] MENU [\/vc_column_text][vc_column_text] GOURMET MENU [\/vc_column_text][vc_column_text] GRILL MENU [\/vc_column_text][\/vc_column][\/vc_row][vc_row css=&#8221;.vc_custom_1565182161116{margin-top: 60px !important;margin-bottom: 60px !important;}&#8221;][vc_column][vc_column_text] Children\u2019s menu Peti&#8217;s favourite dish Deep-fried fish fingers with rice and tartar sauce 1900 HUF Emma&#8217;s favourite dish Deep-fried cheese with French fries and tartar sauce 1900 HUF Zal\u00e1n&#8217;s favourite dish Grilled frankfurter with French fries and tomato-ketchup 2200 HUF Z\u00e9ti&#8217;s favourite dish Roast turkey breast with mashed potatoes and apricot preserve 2200 HUF Manna&#8217;s favourite dish Spaghetti Bolognese with grated cheese 2200 HUF Misike&#8217;s favourite dish Deep-fried chicken breast with French fries and tomato-ketchup 2200 HUF Med\u00e1rd&#8217;s favourite dish Dumplings filled with chocolate hazelnut spread 1900 HUF [\/vc_column_text][\/vc_column][\/vc_row][vc_row el_class=&#8221;gombsor&#8221;][vc_column][vc_column_text] MENU [\/vc_column_text][vc_column_text] GOURMET MENU [\/vc_column_text][\/vc_column][\/vc_row][vc_row][vc_column][vc_column_text el_class=&#8221;lentifekete&#8221;]OPENING HOURS OF THE BODRI OPTIMUS RESTAURANT: From Monday to Thursday and Sunday: 12:00- 22:00 The kitchen closes 1 hour prior to the restaurant. Friday and Saturday : 12:00- 24:00 The kitchen closes 1 hour prior to the restaurant. For functions with more than 10 persons, please enquire by email or phone. Enquiries: vendeglatas@bodribor.hu or + 36 74 67 67 00[\/vc_column_text][\/vc_column][\/vc_row]","og_url":"https:\/\/bodribor.hu\/en\/child-menu\/","og_site_name":"Bodri Pinc\u00e9szet, Szeksz\u00e1rd","article_modified_time":"2025-05-29T07:51:53+00:00","twitter_card":"summary_large_image","twitter_misc":{"Est. reading time":"1 minute"},"schema":{"@context":"https:\/\/schema.org","@graph":[{"@type":"WebPage","@id":"https:\/\/bodribor.hu\/en\/child-menu\/","url":"https:\/\/bodribor.hu\/en\/child-menu\/","name":"Child menu - Bodri Pinc\u00e9szet, Szeksz\u00e1rd","isPartOf":{"@id":"https:\/\/bodribor.hu\/#website"},"datePublished":"2020-01-07T11:48:40+00:00","dateModified":"2025-05-29T07:51:53+00:00","breadcrumb":{"@id":"https:\/\/bodribor.hu\/en\/child-menu\/#breadcrumb"},"inLanguage":"en-US","potentialAction":[{"@type":"ReadAction","target":["https:\/\/bodribor.hu\/en\/child-menu\/"]}]},{"@type":"BreadcrumbList","@id":"https:\/\/bodribor.hu\/en\/child-menu\/#breadcrumb","itemListElement":[{"@type":"ListItem","position":1,"name":"Bodribor","item":"https:\/\/bodribor.hu\/en\/homepage-2\/"},{"@type":"ListItem","position":2,"name":"Child menu"}]},{"@type":"WebSite","@id":"https:\/\/bodribor.hu\/#website","url":"https:\/\/bodribor.hu\/","name":"Bodri Pinc\u00e9szet, Szeksz\u00e1rd","description":"Szeksz\u00e1rd d\u00e9li hat\u00e1r\u00e1ban, a fest\u0151i sz\u00e9ps\u00e9g\u0171 Faluhely-d\u0171l\u0151ben tal\u00e1lhat\u00f3 a Bodri Birtok, melyet egy \u00f6n\u00e1ll\u00f3 kis vil\u00e1gnak tekinthet\u00fcnk.","potentialAction":[{"@type":"SearchAction","target":{"@type":"EntryPoint","urlTemplate":"https:\/\/bodribor.hu\/?s={search_term_string}"},"query-input":{"@type":"PropertyValueSpecification","valueRequired":true,"valueName":"search_term_string"}}],"inLanguage":"en-US"}]}},"_links":{"self":[{"href":"https:\/\/bodribor.hu\/en\/wp-json\/wp\/v2\/pages\/49455","targetHints":{"allow":["GET"]}}],"collection":[{"href":"https:\/\/bodribor.hu\/en\/wp-json\/wp\/v2\/pages"}],"about":[{"href":"https:\/\/bodribor.hu\/en\/wp-json\/wp\/v2\/types\/page"}],"author":[{"embeddable":true,"href":"https:\/\/bodribor.hu\/en\/wp-json\/wp\/v2\/users\/2"}],"replies":[{"embeddable":true,"href":"https:\/\/bodribor.hu\/en\/wp-json\/wp\/v2\/comments?post=49455"}],"version-history":[{"count":0,"href":"https:\/\/bodribor.hu\/en\/wp-json\/wp\/v2\/pages\/49455\/revisions"}],"wp:attachment":[{"href":"https:\/\/bodribor.hu\/en\/wp-json\/wp\/v2\/media?parent=49455"}],"curies":[{"name":"wp","href":"https:\/\/api.w.org\/{rel}","templated":true}]}}