{"id":85277,"date":"2022-01-24T06:33:29","date_gmt":"2022-01-24T04:33:29","guid":{"rendered":"https:\/\/bodribor.hu\/?page_id=85277"},"modified":"2022-02-16T17:21:55","modified_gmt":"2022-02-16T15:21:55","slug":"about-us","status":"publish","type":"page","link":"https:\/\/bodribor.hu\/en\/about-us\/","title":{"rendered":"About us"},"content":{"rendered":"<div class=\"wpb-content-wrapper\"><p>[vc_row bg_type=&#8221;image&#8221; el_class=&#8221;ismerjemeg&#8221; css=&#8221;.vc_custom_1641798494707{background-image: url(https:\/\/bodribor.hu\/wp-content\/uploads\/2022\/01\/bodricsalad.jpg?id=85028) !important;}&#8221;][vc_column][vc_column_text]<\/p>\n<h3 style=\"text-align: center;\">THE BODRIS &#8211; We are a family<\/h3>\n<p>[\/vc_column_text][\/vc_column][\/vc_row][vc_row][vc_column][vc_column_text el_class=&#8221;bevezeto&#8221;]<\/p>\n<p style=\"text-align: center;\">The love of vine and the tradition of wine making are hereditary in our family. Currently, three generations are working on the estate to produce precious specialty wines and to offer our visitors a perfect service.<\/p>\n<div class=\"szurkegomb\"><a href=\"\/en\/more-about-the-family\/\">More about the Bodris<\/a><\/div>\n<p>[\/vc_column_text][\/vc_column][\/vc_row][vc_row full_width=&#8221;stretch_row&#8221; bg_type=&#8221;image&#8221; css=&#8221;.vc_custom_1639490204961{background-image: url(https:\/\/bodribor.hu\/wp-content\/uploads\/2021\/12\/birtokesborok.jpg?id=84713) !important;}&#8221; el_class=&#8221;birtokboroksor&#8221;][vc_column el_class=&#8221;etterem&#8221;][vc_column_text]<\/p>\n<h3 style=\"text-align: center;\">The estate and wines<\/h3>\n<p>[\/vc_column_text][vc_column_text el_class=&#8221;lehuz&#8221;]<\/p>\n<p style=\"text-align: center;\">Unparalleled beauty of vineyards, great wines, a wonderful estate, a real wine tourism centre in the southern outskirts of Szeksz\u00e1rd.<\/p>\n<div class=\"szurkegomb\"><a href=\"\/en\/galleries\/the-bodri-estate\/\">Read more<\/a><\/div>\n<p>[\/vc_column_text][\/vc_column][\/vc_row][vc_row el_class=&#8221;hireksor&#8221;][vc_column][vc_column_text]<\/p>\n<h3 style=\"text-align: center;\">News, updates<\/h3>\n<p>[\/vc_column_text][vc_column_text][\/vc_column_text][\/vc_column][\/vc_row][vc_row full_width=&#8221;stretch_row&#8221; bg_type=&#8221;image&#8221; css=&#8221;.vc_custom_1639677828367{background-image: url(https:\/\/bodribor.hu\/wp-content\/uploads\/2021\/12\/programok.jpeg?id=84694) !important;}&#8221; el_class=&#8221;birtokboroksor elmenyek&#8221;][vc_column el_class=&#8221;etterem&#8221;][vc_column_text]<\/p>\n<h3 style=\"text-align: center;\">Experiences in pictures<\/h3>\n<p>[\/vc_column_text][vc_column_text el_class=&#8221;lehuz&#8221;]<\/p>\n<p style=\"text-align: center;\">All galleries in one place.<\/p>\n<div class=\"szurkegomb\"><a href=\"\/en\/galleries\/\">All galleries<\/a><\/div>\n<p>[\/vc_column_text][\/vc_column][\/vc_row][vc_row css=&#8221;.vc_custom_1639678271166{background-image: url(https:\/\/bodribor.hu\/wp-content\/uploads\/2021\/12\/projektjeink.jpg?id=84715) !important;}&#8221; el_class=&#8221;projektjeink&#8221;][vc_column][vc_column_text el_class=&#8221;projektjeinksav&#8221;]<\/p>\n<h3 style=\"text-align: center;\">Our projects<\/h3>\n<p>Development never stops<\/p>\n<div class=\"szurkegomb\"><a href=\"\/en\/projects\/\">Read more<\/a><\/div>\n<p>[\/vc_column_text][\/vc_column][\/vc_row][vc_row el_class=&#8221;insta&#8221;][vc_column][vc_column_text]#bodri<br \/>\n[elfsight_instagram_feed id=&#8221;1&#8243;] [\/vc_column_text][\/vc_column][\/vc_row]<\/p>\n<\/div>","protected":false},"excerpt":{"rendered":"<p>[vc_row bg_type=&#8221;image&#8221; el_class=&#8221;ismerjemeg&#8221; css=&#8221;.vc_custom_1641798494707{background-image: url(https:\/\/bodribor.hu\/wp-content\/uploads\/2022\/01\/bodricsalad.jpg?id=85028) !important;}&#8221;][vc_column][vc_column_text] THE BODRIS &#8211; We are a family [\/vc_column_text][\/vc_column][\/vc_row][vc_row][vc_column][vc_column_text el_class=&#8221;bevezeto&#8221;] The love of vine and the tradition of wine making are hereditary in our family. Currently, three generations are working on the estate to produce precious specialty wines and to offer our visitors a perfect service. More about the Bodris [\/vc_column_text][\/vc_column][\/vc_row][vc_row full_width=&#8221;stretch_row&#8221; bg_type=&#8221;image&#8221; css=&#8221;.vc_custom_1639490204961{background-image: url(https:\/\/bodribor.hu\/wp-content\/uploads\/2021\/12\/birtokesborok.jpg?id=84713) !important;}&#8221; el_class=&#8221;birtokboroksor&#8221;][vc_column el_class=&#8221;etterem&#8221;][vc_column_text] The estate and wines [\/vc_column_text][vc_column_text el_class=&#8221;lehuz&#8221;] Unparalleled beauty of vineyards, great wines, a wonderful estate, a real wine tourism centre in the southern outskirts of Szeksz\u00e1rd. Read more [\/vc_column_text][\/vc_column][\/vc_row][vc_row el_class=&#8221;hireksor&#8221;][vc_column][vc_column_text] News, updates [\/vc_column_text][vc_column_text][\/vc_column_text][\/vc_column][\/vc_row][vc_row full_width=&#8221;stretch_row&#8221; bg_type=&#8221;image&#8221; css=&#8221;.vc_custom_1639677828367{background-image: url(https:\/\/bodribor.hu\/wp-content\/uploads\/2021\/12\/programok.jpeg?id=84694) !important;}&#8221; el_class=&#8221;birtokboroksor elmenyek&#8221;][vc_column el_class=&#8221;etterem&#8221;][vc_column_text] Experiences in pictures [\/vc_column_text][vc_column_text el_class=&#8221;lehuz&#8221;] All galleries in one place. All galleries [\/vc_column_text][\/vc_column][\/vc_row][vc_row css=&#8221;.vc_custom_1639678271166{background-image: url(https:\/\/bodribor.hu\/wp-content\/uploads\/2021\/12\/projektjeink.jpg?id=84715) !important;}&#8221; el_class=&#8221;projektjeink&#8221;][vc_column][vc_column_text el_class=&#8221;projektjeinksav&#8221;] Our projects Development never stops Read more [\/vc_column_text][\/vc_column][\/vc_row][vc_row el_class=&#8221;insta&#8221;][vc_column][vc_column_text]#bodri [elfsight_instagram_feed id=&#8221;1&#8243;] [\/vc_column_text][\/vc_column][\/vc_row]<\/p>\n","protected":false},"author":2,"featured_media":0,"parent":0,"menu_order":0,"comment_status":"closed","ping_status":"closed","template":"","meta":{"_acf_changed":false,"footnotes":""},"class_list":["post-85277","page","type-page","status-publish","hentry"],"acf":[],"yoast_head":"<!-- This site is optimized with the Yoast SEO Premium plugin v26.7 (Yoast SEO v27.0) - https:\/\/yoast.com\/product\/yoast-seo-premium-wordpress\/ -->\n<title>About us - Bodri Pinc\u00e9szet, Szeksz\u00e1rd<\/title>\n<meta name=\"robots\" content=\"index, follow, max-snippet:-1, max-image-preview:large, max-video-preview:-1\" \/>\n<link rel=\"canonical\" href=\"https:\/\/bodribor.hu\/rolunk\/\" \/>\n<meta property=\"og:locale\" content=\"en_US\" \/>\n<meta property=\"og:type\" content=\"article\" \/>\n<meta property=\"og:title\" content=\"About us\" \/>\n<meta property=\"og:description\" content=\"[vc_row bg_type=&#8221;image&#8221; el_class=&#8221;ismerjemeg&#8221; css=&#8221;.vc_custom_1641798494707{background-image: url(https:\/\/bodribor.hu\/wp-content\/uploads\/2022\/01\/bodricsalad.jpg?id=85028) !important;}&#8221;][vc_column][vc_column_text] THE BODRIS &#8211; We are a family [\/vc_column_text][\/vc_column][\/vc_row][vc_row][vc_column][vc_column_text el_class=&#8221;bevezeto&#8221;] The love of vine and the tradition of wine making are hereditary in our family. Currently, three generations are working on the estate to produce precious specialty wines and to offer our visitors a perfect service. More about the Bodris [\/vc_column_text][\/vc_column][\/vc_row][vc_row full_width=&#8221;stretch_row&#8221; bg_type=&#8221;image&#8221; css=&#8221;.vc_custom_1639490204961{background-image: url(https:\/\/bodribor.hu\/wp-content\/uploads\/2021\/12\/birtokesborok.jpg?id=84713) !important;}&#8221; el_class=&#8221;birtokboroksor&#8221;][vc_column el_class=&#8221;etterem&#8221;][vc_column_text] The estate and wines [\/vc_column_text][vc_column_text el_class=&#8221;lehuz&#8221;] Unparalleled beauty of vineyards, great wines, a wonderful estate, a real wine tourism centre in the southern outskirts of Szeksz\u00e1rd. Read more [\/vc_column_text][\/vc_column][\/vc_row][vc_row el_class=&#8221;hireksor&#8221;][vc_column][vc_column_text] News, updates [\/vc_column_text][vc_column_text][\/vc_column_text][\/vc_column][\/vc_row][vc_row full_width=&#8221;stretch_row&#8221; bg_type=&#8221;image&#8221; css=&#8221;.vc_custom_1639677828367{background-image: url(https:\/\/bodribor.hu\/wp-content\/uploads\/2021\/12\/programok.jpeg?id=84694) !important;}&#8221; el_class=&#8221;birtokboroksor elmenyek&#8221;][vc_column el_class=&#8221;etterem&#8221;][vc_column_text] Experiences in pictures [\/vc_column_text][vc_column_text el_class=&#8221;lehuz&#8221;] All galleries in one place. All galleries [\/vc_column_text][\/vc_column][\/vc_row][vc_row css=&#8221;.vc_custom_1639678271166{background-image: url(https:\/\/bodribor.hu\/wp-content\/uploads\/2021\/12\/projektjeink.jpg?id=84715) !important;}&#8221; el_class=&#8221;projektjeink&#8221;][vc_column][vc_column_text el_class=&#8221;projektjeinksav&#8221;] Our projects Development never stops Read more [\/vc_column_text][\/vc_column][\/vc_row][vc_row el_class=&#8221;insta&#8221;][vc_column][vc_column_text]#bodri [elfsight_instagram_feed id=&#8221;1&#8243;] [\/vc_column_text][\/vc_column][\/vc_row]\" \/>\n<meta property=\"og:url\" content=\"https:\/\/bodribor.hu\/rolunk\/\" \/>\n<meta property=\"og:site_name\" content=\"Bodri Pinc\u00e9szet, Szeksz\u00e1rd\" \/>\n<meta property=\"article:modified_time\" content=\"2022-02-16T15:21:55+00:00\" \/>\n<meta name=\"twitter:card\" content=\"summary_large_image\" \/>\n<meta name=\"twitter:label1\" content=\"Est. reading time\" \/>\n\t<meta name=\"twitter:data1\" content=\"1 minute\" \/>\n<script type=\"application\/ld+json\" class=\"yoast-schema-graph\">{\"@context\":\"https:\/\/schema.org\",\"@graph\":[{\"@type\":\"WebPage\",\"@id\":\"https:\/\/bodribor.hu\/rolunk\/\",\"url\":\"https:\/\/bodribor.hu\/rolunk\/\",\"name\":\"About us - Bodri Pinc\u00e9szet, Szeksz\u00e1rd\",\"isPartOf\":{\"@id\":\"https:\/\/bodribor.hu\/#website\"},\"datePublished\":\"2022-01-24T04:33:29+00:00\",\"dateModified\":\"2022-02-16T15:21:55+00:00\",\"breadcrumb\":{\"@id\":\"https:\/\/bodribor.hu\/rolunk\/#breadcrumb\"},\"inLanguage\":\"en-US\",\"potentialAction\":[{\"@type\":\"ReadAction\",\"target\":[\"https:\/\/bodribor.hu\/rolunk\/\"]}]},{\"@type\":\"BreadcrumbList\",\"@id\":\"https:\/\/bodribor.hu\/rolunk\/#breadcrumb\",\"itemListElement\":[{\"@type\":\"ListItem\",\"position\":1,\"name\":\"Bodribor\",\"item\":\"https:\/\/bodribor.hu\/en\/homepage-2\/\"},{\"@type\":\"ListItem\",\"position\":2,\"name\":\"About us\"}]},{\"@type\":\"WebSite\",\"@id\":\"https:\/\/bodribor.hu\/#website\",\"url\":\"https:\/\/bodribor.hu\/\",\"name\":\"Bodri Pinc\u00e9szet, Szeksz\u00e1rd\",\"description\":\"Szeksz\u00e1rd d\u00e9li hat\u00e1r\u00e1ban, a fest\u0151i sz\u00e9ps\u00e9g\u0171 Faluhely-d\u0171l\u0151ben tal\u00e1lhat\u00f3 a Bodri Birtok, melyet egy \u00f6n\u00e1ll\u00f3 kis vil\u00e1gnak tekinthet\u00fcnk.\",\"potentialAction\":[{\"@type\":\"SearchAction\",\"target\":{\"@type\":\"EntryPoint\",\"urlTemplate\":\"https:\/\/bodribor.hu\/?s={search_term_string}\"},\"query-input\":{\"@type\":\"PropertyValueSpecification\",\"valueRequired\":true,\"valueName\":\"search_term_string\"}}],\"inLanguage\":\"en-US\"}]}<\/script>\n<!-- \/ Yoast SEO Premium plugin. -->","yoast_head_json":{"title":"About us - Bodri Pinc\u00e9szet, Szeksz\u00e1rd","robots":{"index":"index","follow":"follow","max-snippet":"max-snippet:-1","max-image-preview":"max-image-preview:large","max-video-preview":"max-video-preview:-1"},"canonical":"https:\/\/bodribor.hu\/rolunk\/","og_locale":"en_US","og_type":"article","og_title":"About us","og_description":"[vc_row bg_type=&#8221;image&#8221; el_class=&#8221;ismerjemeg&#8221; css=&#8221;.vc_custom_1641798494707{background-image: url(https:\/\/bodribor.hu\/wp-content\/uploads\/2022\/01\/bodricsalad.jpg?id=85028) !important;}&#8221;][vc_column][vc_column_text] THE BODRIS &#8211; We are a family [\/vc_column_text][\/vc_column][\/vc_row][vc_row][vc_column][vc_column_text el_class=&#8221;bevezeto&#8221;] The love of vine and the tradition of wine making are hereditary in our family. Currently, three generations are working on the estate to produce precious specialty wines and to offer our visitors a perfect service. More about the Bodris [\/vc_column_text][\/vc_column][\/vc_row][vc_row full_width=&#8221;stretch_row&#8221; bg_type=&#8221;image&#8221; css=&#8221;.vc_custom_1639490204961{background-image: url(https:\/\/bodribor.hu\/wp-content\/uploads\/2021\/12\/birtokesborok.jpg?id=84713) !important;}&#8221; el_class=&#8221;birtokboroksor&#8221;][vc_column el_class=&#8221;etterem&#8221;][vc_column_text] The estate and wines [\/vc_column_text][vc_column_text el_class=&#8221;lehuz&#8221;] Unparalleled beauty of vineyards, great wines, a wonderful estate, a real wine tourism centre in the southern outskirts of Szeksz\u00e1rd. Read more [\/vc_column_text][\/vc_column][\/vc_row][vc_row el_class=&#8221;hireksor&#8221;][vc_column][vc_column_text] News, updates [\/vc_column_text][vc_column_text][\/vc_column_text][\/vc_column][\/vc_row][vc_row full_width=&#8221;stretch_row&#8221; bg_type=&#8221;image&#8221; css=&#8221;.vc_custom_1639677828367{background-image: url(https:\/\/bodribor.hu\/wp-content\/uploads\/2021\/12\/programok.jpeg?id=84694) !important;}&#8221; el_class=&#8221;birtokboroksor elmenyek&#8221;][vc_column el_class=&#8221;etterem&#8221;][vc_column_text] Experiences in pictures [\/vc_column_text][vc_column_text el_class=&#8221;lehuz&#8221;] All galleries in one place. All galleries [\/vc_column_text][\/vc_column][\/vc_row][vc_row css=&#8221;.vc_custom_1639678271166{background-image: url(https:\/\/bodribor.hu\/wp-content\/uploads\/2021\/12\/projektjeink.jpg?id=84715) !important;}&#8221; el_class=&#8221;projektjeink&#8221;][vc_column][vc_column_text el_class=&#8221;projektjeinksav&#8221;] Our projects Development never stops Read more [\/vc_column_text][\/vc_column][\/vc_row][vc_row el_class=&#8221;insta&#8221;][vc_column][vc_column_text]#bodri [elfsight_instagram_feed id=&#8221;1&#8243;] [\/vc_column_text][\/vc_column][\/vc_row]","og_url":"https:\/\/bodribor.hu\/rolunk\/","og_site_name":"Bodri Pinc\u00e9szet, Szeksz\u00e1rd","article_modified_time":"2022-02-16T15:21:55+00:00","twitter_card":"summary_large_image","twitter_misc":{"Est. reading time":"1 minute"},"schema":{"@context":"https:\/\/schema.org","@graph":[{"@type":"WebPage","@id":"https:\/\/bodribor.hu\/rolunk\/","url":"https:\/\/bodribor.hu\/rolunk\/","name":"About us - Bodri Pinc\u00e9szet, Szeksz\u00e1rd","isPartOf":{"@id":"https:\/\/bodribor.hu\/#website"},"datePublished":"2022-01-24T04:33:29+00:00","dateModified":"2022-02-16T15:21:55+00:00","breadcrumb":{"@id":"https:\/\/bodribor.hu\/rolunk\/#breadcrumb"},"inLanguage":"en-US","potentialAction":[{"@type":"ReadAction","target":["https:\/\/bodribor.hu\/rolunk\/"]}]},{"@type":"BreadcrumbList","@id":"https:\/\/bodribor.hu\/rolunk\/#breadcrumb","itemListElement":[{"@type":"ListItem","position":1,"name":"Bodribor","item":"https:\/\/bodribor.hu\/en\/homepage-2\/"},{"@type":"ListItem","position":2,"name":"About us"}]},{"@type":"WebSite","@id":"https:\/\/bodribor.hu\/#website","url":"https:\/\/bodribor.hu\/","name":"Bodri Pinc\u00e9szet, Szeksz\u00e1rd","description":"Szeksz\u00e1rd d\u00e9li hat\u00e1r\u00e1ban, a fest\u0151i sz\u00e9ps\u00e9g\u0171 Faluhely-d\u0171l\u0151ben tal\u00e1lhat\u00f3 a Bodri Birtok, melyet egy \u00f6n\u00e1ll\u00f3 kis vil\u00e1gnak tekinthet\u00fcnk.","potentialAction":[{"@type":"SearchAction","target":{"@type":"EntryPoint","urlTemplate":"https:\/\/bodribor.hu\/?s={search_term_string}"},"query-input":{"@type":"PropertyValueSpecification","valueRequired":true,"valueName":"search_term_string"}}],"inLanguage":"en-US"}]}},"_links":{"self":[{"href":"https:\/\/bodribor.hu\/en\/wp-json\/wp\/v2\/pages\/85277","targetHints":{"allow":["GET"]}}],"collection":[{"href":"https:\/\/bodribor.hu\/en\/wp-json\/wp\/v2\/pages"}],"about":[{"href":"https:\/\/bodribor.hu\/en\/wp-json\/wp\/v2\/types\/page"}],"author":[{"embeddable":true,"href":"https:\/\/bodribor.hu\/en\/wp-json\/wp\/v2\/users\/2"}],"replies":[{"embeddable":true,"href":"https:\/\/bodribor.hu\/en\/wp-json\/wp\/v2\/comments?post=85277"}],"version-history":[{"count":0,"href":"https:\/\/bodribor.hu\/en\/wp-json\/wp\/v2\/pages\/85277\/revisions"}],"wp:attachment":[{"href":"https:\/\/bodribor.hu\/en\/wp-json\/wp\/v2\/media?parent=85277"}],"curies":[{"name":"wp","href":"https:\/\/api.w.org\/{rel}","templated":true}]}}