{"id":85281,"date":"2022-01-24T06:54:05","date_gmt":"2022-01-24T04:54:05","guid":{"rendered":"https:\/\/bodribor.hu\/?page_id=85281"},"modified":"2022-01-24T06:54:05","modified_gmt":"2022-01-24T04:54:05","slug":"optimus-hospitality","status":"publish","type":"page","link":"https:\/\/bodribor.hu\/en\/optimus-hospitality\/","title":{"rendered":"Optimus Hospitality"},"content":{"rendered":"<div class=\"wpb-content-wrapper\"><p>[vc_row full_width=&#8221;stretch_row&#8221; bg_type=&#8221;image&#8221; el_class=&#8221;ismerjemeg&#8221; css=&#8221;.vc_custom_1639728836017{background-image: url(https:\/\/bodribor.hu\/wp-content\/uploads\/2021\/12\/vendeglatas.jpg?id=84826) !important;}&#8221;][vc_column][vc_column_text]<\/p>\n<h3 style=\"text-align: center;\">BODRI Optimus<br \/>\nGastronomy and experience in all its flavours<\/h3>\n<p><img loading=\"lazy\" decoding=\"async\" class=\"wp-image-84678 size-full aligncenter\" src=\"https:\/\/bodribor.hu\/wp-content\/uploads\/2021\/12\/optimus.png\" alt=\"\" width=\"471\" height=\"265\" srcset=\"https:\/\/bodribor.hu\/wp-content\/uploads\/2021\/12\/optimus.png 471w, https:\/\/bodribor.hu\/wp-content\/uploads\/2021\/12\/optimus-260x146.png 260w, https:\/\/bodribor.hu\/wp-content\/uploads\/2021\/12\/optimus-50x28.png 50w, https:\/\/bodribor.hu\/wp-content\/uploads\/2021\/12\/optimus-133x75.png 133w\" sizes=\"auto, (max-width:767px) 471px, 471px\" \/>[\/vc_column_text][\/vc_column][\/vc_row][vc_row][vc_column][vc_column_text el_class=&#8221;bevezeto&#8221;]<\/p>\n<p style=\"text-align: center;\">The BODRI Optimus brand was created with the aim to offer trendsetting, outstanding and premium experiences in gastronomy, catering and event organisation. The name Optimus stands for high quality, delicious and sometimes eccentric taste, whether it is the food on your plate, a delicious Optimus Cuv\u00e9e, a great BodriBeer, a catering table set in our wine cellar or even an unforgettable weekend in the Bodri Optimus guest houses.<\/p>\n<p>[\/vc_column_text][\/vc_column][\/vc_row][vc_row full_width=&#8221;stretch_row&#8221; bg_type=&#8221;image&#8221; css=&#8221;.vc_custom_1641567905741{background-image: url(https:\/\/bodribor.hu\/wp-content\/uploads\/2022\/01\/eterem.jpg?id=85008) !important;}&#8221; el_class=&#8221;etteremsor&#8221;][vc_column el_class=&#8221;etterem&#8221;][vc_column_text]<\/p>\n<h3 style=\"text-align: center;\">Bodri Optimus Restaurant<\/h3>\n<p>[\/vc_column_text][vc_column_text el_class=&#8221;lehuz&#8221;]<\/p>\n<div class=\"szurkegomb\"><a href=\"\/en\/the-restaurant\/\">Read more<\/a><\/div>\n<p style=\"text-align: center;\">At the Bodri Estate we have always placed great emphasis on hospitality. Our Optimus Restaurant was the first of its kind in the wine region: a restaurant operating on the premises of a winery with a permanent a&#8217;la carte kitchen and regular, daily opening hours.<\/p>\n<p>[\/vc_column_text][\/vc_column][\/vc_row][vc_row full_width=&#8221;stretch_row&#8221; el_class=&#8221;szallassor&#8221;][vc_column width=&#8221;4\/12&#8243;][vc_column_text]<\/p>\n<h3>Accommodation<\/h3>\n<p>The Bodri estate currently offers twenty-five rooms, guest houses with all comforts, luxury apartments, a Roman bath with thermal water, a Jacuzzi and a sauna. Whether it&#8217;s a wedding, a corporate event or a family event, we offer you a comfortable and relaxing stay.<\/p>\n<p>For details and reservations click here:<\/p>\n<div class=\"szurkegomb\"><a href=\"\/en\/accommodation\/\">Accommodations<\/a><\/div>\n<p>[\/vc_column_text][\/vc_column][vc_column width=&#8221;8\/12&#8243; el_class=&#8221;kepeknegy&#8221;][vc_row_inner][vc_column_inner width=&#8221;1\/2&#8243;][vc_single_image image=&#8221;84690&#8243; img_size=&#8221;full&#8221;][\/vc_column_inner][vc_column_inner width=&#8221;1\/2&#8243;][vc_single_image image=&#8221;84688&#8243; img_size=&#8221;full&#8221;][\/vc_column_inner][\/vc_row_inner][vc_row_inner][vc_column_inner width=&#8221;1\/2&#8243;][vc_single_image image=&#8221;84686&#8243; img_size=&#8221;full&#8221;][\/vc_column_inner][vc_column_inner width=&#8221;1\/2&#8243;][vc_single_image image=&#8221;84692&#8243; img_size=&#8221;full&#8221;][\/vc_column_inner][\/vc_row_inner][\/vc_column][\/vc_row][vc_row full_width=&#8221;stretch_row&#8221; el_class=&#8221;birtokboroksor&#8221; css=&#8221;.vc_custom_1639681097157{background-image: url(https:\/\/bodribor.hu\/wp-content\/uploads\/2021\/12\/programok.jpeg?id=84694) !important;}&#8221;][vc_column][vc_column_text]<\/p>\n<h3>Programmes on the Estate<br \/>\nand in Szeksz\u00e1rd<\/h3>\n<div class=\"szurkegomb\"><a href=\"\/en\/programmes\/\">Read more<\/a><\/div>\n<p>[\/vc_column_text][\/vc_column][\/vc_row][vc_row el_class=&#8221;eskuvo&#8221;][vc_column][vc_column_text]<\/p>\n<h3 style=\"text-align: center;\">Wedding coming up?<br \/>\nWe will arrange everything&#8230;<\/h3>\n<div class=\"szurkegomb\"><a href=\"\/en\/wedding-menus\/\">Find out more<\/a><\/div>\n<p>[\/vc_column_text][\/vc_column][\/vc_row][vc_row full_width=&#8221;stretch_row&#8221; el_class=&#8221;eskuvosor&#8221;][vc_column][vc_single_image image=&#8221;84703&#8243; img_size=&#8221;full&#8221; alignment=&#8221;center&#8221;][\/vc_column][\/vc_row][vc_row full_width=&#8221;stretch_row&#8221; el_class=&#8221;cegessav&#8221; css=&#8221;.vc_custom_1639486604922{background-image: url(https:\/\/bodribor.hu\/wp-content\/uploads\/2021\/12\/cegeskonferencia.jpg?id=84697) !important;}&#8221;][vc_column][vc_column_text]<\/p>\n<h3>Are you coming with colleagues?<br \/>\nComplete conferences,<br \/>\nevents,<br \/>\nor team-building sessions<\/h3>\n<div class=\"szurkegomb\"><a href=\"\/rendezvenyek\/\">Read more<\/a><\/div>\n<p>[\/vc_column_text][\/vc_column][\/vc_row][vc_row el_class=&#8221;webshopsav&#8221;][vc_column][vc_column_text]<\/p>\n<h3 style=\"text-align: center;\">Optimus specialty products<\/h3>\n<p>[\/vc_column_text][vc_single_image image=&#8221;84699&#8243; img_size=&#8221;full&#8221; alignment=&#8221;center&#8221;][vc_column_text]<\/p>\n<div class=\"szurkegomb\"><a href=\"\/borshop\/\">Go to webshop<\/a><\/div>\n<p>[\/vc_column_text][\/vc_column][\/vc_row]<\/p>\n<\/div>","protected":false},"excerpt":{"rendered":"<p>[vc_row full_width=&#8221;stretch_row&#8221; bg_type=&#8221;image&#8221; el_class=&#8221;ismerjemeg&#8221; css=&#8221;.vc_custom_1639728836017{background-image: url(https:\/\/bodribor.hu\/wp-content\/uploads\/2021\/12\/vendeglatas.jpg?id=84826) !important;}&#8221;][vc_column][vc_column_text] BODRI Optimus Gastronomy and experience in all its flavours [\/vc_column_text][\/vc_column][\/vc_row][vc_row][vc_column][vc_column_text el_class=&#8221;bevezeto&#8221;] The BODRI Optimus brand was created with the aim to offer trendsetting, outstanding and premium experiences in gastronomy, catering and event organisation. The name Optimus stands for high quality, delicious and sometimes eccentric taste, whether it is the food on your plate, a delicious Optimus Cuv\u00e9e, a great BodriBeer, a catering table set in our wine cellar or even an unforgettable weekend in the Bodri Optimus guest houses. [\/vc_column_text][\/vc_column][\/vc_row][vc_row full_width=&#8221;stretch_row&#8221; bg_type=&#8221;image&#8221; css=&#8221;.vc_custom_1641567905741{background-image: url(https:\/\/bodribor.hu\/wp-content\/uploads\/2022\/01\/eterem.jpg?id=85008) !important;}&#8221; el_class=&#8221;etteremsor&#8221;][vc_column el_class=&#8221;etterem&#8221;][vc_column_text] Bodri Optimus Restaurant [\/vc_column_text][vc_column_text el_class=&#8221;lehuz&#8221;] Read more At the Bodri Estate we have always placed great emphasis on hospitality. Our Optimus Restaurant was the first of its kind in the wine region: a restaurant operating on the premises of a winery with a permanent a&#8217;la carte kitchen and regular, daily opening hours. [\/vc_column_text][\/vc_column][\/vc_row][vc_row full_width=&#8221;stretch_row&#8221; el_class=&#8221;szallassor&#8221;][vc_column width=&#8221;4\/12&#8243;][vc_column_text] Accommodation The Bodri estate currently offers twenty-five rooms, guest houses with all comforts, luxury apartments, a Roman bath with thermal water, a Jacuzzi and a sauna. Whether it&#8217;s a wedding, a corporate event or a family event, we offer you a comfortable and relaxing stay. For details and reservations click<span class=\"excerpt-hellip\"> [\u2026]<\/span><\/p>\n","protected":false},"author":2,"featured_media":0,"parent":0,"menu_order":0,"comment_status":"closed","ping_status":"closed","template":"","meta":{"_acf_changed":false,"footnotes":""},"class_list":["post-85281","page","type-page","status-publish","hentry"],"acf":[],"yoast_head":"<!-- This site is optimized with the Yoast SEO Premium plugin v26.7 (Yoast SEO v27.0) - https:\/\/yoast.com\/product\/yoast-seo-premium-wordpress\/ -->\n<title>Optimus Hospitality - Bodri Pinc\u00e9szet, Szeksz\u00e1rd<\/title>\n<meta name=\"robots\" content=\"index, follow, max-snippet:-1, max-image-preview:large, max-video-preview:-1\" \/>\n<link rel=\"canonical\" href=\"https:\/\/bodribor.hu\/vendeglatas\/\" \/>\n<meta property=\"og:locale\" content=\"en_US\" \/>\n<meta property=\"og:type\" content=\"article\" \/>\n<meta property=\"og:title\" content=\"Optimus Hospitality\" \/>\n<meta property=\"og:description\" content=\"[vc_row full_width=&#8221;stretch_row&#8221; bg_type=&#8221;image&#8221; el_class=&#8221;ismerjemeg&#8221; css=&#8221;.vc_custom_1639728836017{background-image: url(https:\/\/bodribor.hu\/wp-content\/uploads\/2021\/12\/vendeglatas.jpg?id=84826) !important;}&#8221;][vc_column][vc_column_text] BODRI Optimus Gastronomy and experience in all its flavours [\/vc_column_text][\/vc_column][\/vc_row][vc_row][vc_column][vc_column_text el_class=&#8221;bevezeto&#8221;] The BODRI Optimus brand was created with the aim to offer trendsetting, outstanding and premium experiences in gastronomy, catering and event organisation. The name Optimus stands for high quality, delicious and sometimes eccentric taste, whether it is the food on your plate, a delicious Optimus Cuv\u00e9e, a great BodriBeer, a catering table set in our wine cellar or even an unforgettable weekend in the Bodri Optimus guest houses. [\/vc_column_text][\/vc_column][\/vc_row][vc_row full_width=&#8221;stretch_row&#8221; bg_type=&#8221;image&#8221; css=&#8221;.vc_custom_1641567905741{background-image: url(https:\/\/bodribor.hu\/wp-content\/uploads\/2022\/01\/eterem.jpg?id=85008) !important;}&#8221; el_class=&#8221;etteremsor&#8221;][vc_column el_class=&#8221;etterem&#8221;][vc_column_text] Bodri Optimus Restaurant [\/vc_column_text][vc_column_text el_class=&#8221;lehuz&#8221;] Read more At the Bodri Estate we have always placed great emphasis on hospitality. Our Optimus Restaurant was the first of its kind in the wine region: a restaurant operating on the premises of a winery with a permanent a&#8217;la carte kitchen and regular, daily opening hours. [\/vc_column_text][\/vc_column][\/vc_row][vc_row full_width=&#8221;stretch_row&#8221; el_class=&#8221;szallassor&#8221;][vc_column width=&#8221;4\/12&#8243;][vc_column_text] Accommodation The Bodri estate currently offers twenty-five rooms, guest houses with all comforts, luxury apartments, a Roman bath with thermal water, a Jacuzzi and a sauna. Whether it&#8217;s a wedding, a corporate event or a family event, we offer you a comfortable and relaxing stay. For details and reservations click [\u2026]\" \/>\n<meta property=\"og:url\" content=\"https:\/\/bodribor.hu\/vendeglatas\/\" \/>\n<meta property=\"og:site_name\" content=\"Bodri Pinc\u00e9szet, Szeksz\u00e1rd\" \/>\n<meta property=\"og:image\" content=\"https:\/\/bodribor.hu\/wp-content\/uploads\/2021\/12\/optimus.png\" \/>\n<meta name=\"twitter:card\" content=\"summary_large_image\" \/>\n<meta name=\"twitter:label1\" content=\"Est. reading time\" \/>\n\t<meta name=\"twitter:data1\" content=\"2 minutes\" \/>\n<script type=\"application\/ld+json\" class=\"yoast-schema-graph\">{\"@context\":\"https:\/\/schema.org\",\"@graph\":[{\"@type\":\"WebPage\",\"@id\":\"https:\/\/bodribor.hu\/vendeglatas\/\",\"url\":\"https:\/\/bodribor.hu\/vendeglatas\/\",\"name\":\"Optimus Hospitality - Bodri Pinc\u00e9szet, Szeksz\u00e1rd\",\"isPartOf\":{\"@id\":\"https:\/\/bodribor.hu\/#website\"},\"primaryImageOfPage\":{\"@id\":\"https:\/\/bodribor.hu\/vendeglatas\/#primaryimage\"},\"image\":{\"@id\":\"https:\/\/bodribor.hu\/vendeglatas\/#primaryimage\"},\"thumbnailUrl\":\"https:\/\/bodribor.hu\/wp-content\/uploads\/2021\/12\/optimus.png\",\"datePublished\":\"2022-01-24T04:54:05+00:00\",\"breadcrumb\":{\"@id\":\"https:\/\/bodribor.hu\/vendeglatas\/#breadcrumb\"},\"inLanguage\":\"en-US\",\"potentialAction\":[{\"@type\":\"ReadAction\",\"target\":[\"https:\/\/bodribor.hu\/vendeglatas\/\"]}]},{\"@type\":\"ImageObject\",\"inLanguage\":\"en-US\",\"@id\":\"https:\/\/bodribor.hu\/vendeglatas\/#primaryimage\",\"url\":\"https:\/\/bodribor.hu\/wp-content\/uploads\/2021\/12\/optimus.png\",\"contentUrl\":\"https:\/\/bodribor.hu\/wp-content\/uploads\/2021\/12\/optimus.png\"},{\"@type\":\"BreadcrumbList\",\"@id\":\"https:\/\/bodribor.hu\/vendeglatas\/#breadcrumb\",\"itemListElement\":[{\"@type\":\"ListItem\",\"position\":1,\"name\":\"Bodribor\",\"item\":\"https:\/\/bodribor.hu\/en\/homepage-2\/\"},{\"@type\":\"ListItem\",\"position\":2,\"name\":\"Optimus Hospitality\"}]},{\"@type\":\"WebSite\",\"@id\":\"https:\/\/bodribor.hu\/#website\",\"url\":\"https:\/\/bodribor.hu\/\",\"name\":\"Bodri Pinc\u00e9szet, Szeksz\u00e1rd\",\"description\":\"Szeksz\u00e1rd d\u00e9li hat\u00e1r\u00e1ban, a fest\u0151i sz\u00e9ps\u00e9g\u0171 Faluhely-d\u0171l\u0151ben tal\u00e1lhat\u00f3 a Bodri Birtok, melyet egy \u00f6n\u00e1ll\u00f3 kis vil\u00e1gnak tekinthet\u00fcnk.\",\"potentialAction\":[{\"@type\":\"SearchAction\",\"target\":{\"@type\":\"EntryPoint\",\"urlTemplate\":\"https:\/\/bodribor.hu\/?s={search_term_string}\"},\"query-input\":{\"@type\":\"PropertyValueSpecification\",\"valueRequired\":true,\"valueName\":\"search_term_string\"}}],\"inLanguage\":\"en-US\"}]}<\/script>\n<!-- \/ Yoast SEO Premium plugin. -->","yoast_head_json":{"title":"Optimus Hospitality - Bodri Pinc\u00e9szet, Szeksz\u00e1rd","robots":{"index":"index","follow":"follow","max-snippet":"max-snippet:-1","max-image-preview":"max-image-preview:large","max-video-preview":"max-video-preview:-1"},"canonical":"https:\/\/bodribor.hu\/vendeglatas\/","og_locale":"en_US","og_type":"article","og_title":"Optimus Hospitality","og_description":"[vc_row full_width=&#8221;stretch_row&#8221; bg_type=&#8221;image&#8221; el_class=&#8221;ismerjemeg&#8221; css=&#8221;.vc_custom_1639728836017{background-image: url(https:\/\/bodribor.hu\/wp-content\/uploads\/2021\/12\/vendeglatas.jpg?id=84826) !important;}&#8221;][vc_column][vc_column_text] BODRI Optimus Gastronomy and experience in all its flavours [\/vc_column_text][\/vc_column][\/vc_row][vc_row][vc_column][vc_column_text el_class=&#8221;bevezeto&#8221;] The BODRI Optimus brand was created with the aim to offer trendsetting, outstanding and premium experiences in gastronomy, catering and event organisation. The name Optimus stands for high quality, delicious and sometimes eccentric taste, whether it is the food on your plate, a delicious Optimus Cuv\u00e9e, a great BodriBeer, a catering table set in our wine cellar or even an unforgettable weekend in the Bodri Optimus guest houses. [\/vc_column_text][\/vc_column][\/vc_row][vc_row full_width=&#8221;stretch_row&#8221; bg_type=&#8221;image&#8221; css=&#8221;.vc_custom_1641567905741{background-image: url(https:\/\/bodribor.hu\/wp-content\/uploads\/2022\/01\/eterem.jpg?id=85008) !important;}&#8221; el_class=&#8221;etteremsor&#8221;][vc_column el_class=&#8221;etterem&#8221;][vc_column_text] Bodri Optimus Restaurant [\/vc_column_text][vc_column_text el_class=&#8221;lehuz&#8221;] Read more At the Bodri Estate we have always placed great emphasis on hospitality. Our Optimus Restaurant was the first of its kind in the wine region: a restaurant operating on the premises of a winery with a permanent a&#8217;la carte kitchen and regular, daily opening hours. [\/vc_column_text][\/vc_column][\/vc_row][vc_row full_width=&#8221;stretch_row&#8221; el_class=&#8221;szallassor&#8221;][vc_column width=&#8221;4\/12&#8243;][vc_column_text] Accommodation The Bodri estate currently offers twenty-five rooms, guest houses with all comforts, luxury apartments, a Roman bath with thermal water, a Jacuzzi and a sauna. Whether it&#8217;s a wedding, a corporate event or a family event, we offer you a comfortable and relaxing stay. For details and reservations click [\u2026]","og_url":"https:\/\/bodribor.hu\/vendeglatas\/","og_site_name":"Bodri Pinc\u00e9szet, Szeksz\u00e1rd","og_image":[{"url":"https:\/\/bodribor.hu\/wp-content\/uploads\/2021\/12\/optimus.png","type":"","width":"","height":""}],"twitter_card":"summary_large_image","twitter_misc":{"Est. reading time":"2 minutes"},"schema":{"@context":"https:\/\/schema.org","@graph":[{"@type":"WebPage","@id":"https:\/\/bodribor.hu\/vendeglatas\/","url":"https:\/\/bodribor.hu\/vendeglatas\/","name":"Optimus Hospitality - Bodri Pinc\u00e9szet, Szeksz\u00e1rd","isPartOf":{"@id":"https:\/\/bodribor.hu\/#website"},"primaryImageOfPage":{"@id":"https:\/\/bodribor.hu\/vendeglatas\/#primaryimage"},"image":{"@id":"https:\/\/bodribor.hu\/vendeglatas\/#primaryimage"},"thumbnailUrl":"https:\/\/bodribor.hu\/wp-content\/uploads\/2021\/12\/optimus.png","datePublished":"2022-01-24T04:54:05+00:00","breadcrumb":{"@id":"https:\/\/bodribor.hu\/vendeglatas\/#breadcrumb"},"inLanguage":"en-US","potentialAction":[{"@type":"ReadAction","target":["https:\/\/bodribor.hu\/vendeglatas\/"]}]},{"@type":"ImageObject","inLanguage":"en-US","@id":"https:\/\/bodribor.hu\/vendeglatas\/#primaryimage","url":"https:\/\/bodribor.hu\/wp-content\/uploads\/2021\/12\/optimus.png","contentUrl":"https:\/\/bodribor.hu\/wp-content\/uploads\/2021\/12\/optimus.png"},{"@type":"BreadcrumbList","@id":"https:\/\/bodribor.hu\/vendeglatas\/#breadcrumb","itemListElement":[{"@type":"ListItem","position":1,"name":"Bodribor","item":"https:\/\/bodribor.hu\/en\/homepage-2\/"},{"@type":"ListItem","position":2,"name":"Optimus Hospitality"}]},{"@type":"WebSite","@id":"https:\/\/bodribor.hu\/#website","url":"https:\/\/bodribor.hu\/","name":"Bodri Pinc\u00e9szet, Szeksz\u00e1rd","description":"Szeksz\u00e1rd d\u00e9li hat\u00e1r\u00e1ban, a fest\u0151i sz\u00e9ps\u00e9g\u0171 Faluhely-d\u0171l\u0151ben tal\u00e1lhat\u00f3 a Bodri Birtok, melyet egy \u00f6n\u00e1ll\u00f3 kis vil\u00e1gnak tekinthet\u00fcnk.","potentialAction":[{"@type":"SearchAction","target":{"@type":"EntryPoint","urlTemplate":"https:\/\/bodribor.hu\/?s={search_term_string}"},"query-input":{"@type":"PropertyValueSpecification","valueRequired":true,"valueName":"search_term_string"}}],"inLanguage":"en-US"}]}},"_links":{"self":[{"href":"https:\/\/bodribor.hu\/en\/wp-json\/wp\/v2\/pages\/85281","targetHints":{"allow":["GET"]}}],"collection":[{"href":"https:\/\/bodribor.hu\/en\/wp-json\/wp\/v2\/pages"}],"about":[{"href":"https:\/\/bodribor.hu\/en\/wp-json\/wp\/v2\/types\/page"}],"author":[{"embeddable":true,"href":"https:\/\/bodribor.hu\/en\/wp-json\/wp\/v2\/users\/2"}],"replies":[{"embeddable":true,"href":"https:\/\/bodribor.hu\/en\/wp-json\/wp\/v2\/comments?post=85281"}],"version-history":[{"count":0,"href":"https:\/\/bodribor.hu\/en\/wp-json\/wp\/v2\/pages\/85281\/revisions"}],"wp:attachment":[{"href":"https:\/\/bodribor.hu\/en\/wp-json\/wp\/v2\/media?parent=85281"}],"curies":[{"name":"wp","href":"https:\/\/api.w.org\/{rel}","templated":true}]}}