{"id":87196,"date":"2022-09-03T12:18:28","date_gmt":"2022-09-03T10:18:28","guid":{"rendered":"https:\/\/bodribor.hu\/?page_id=87196"},"modified":"2022-09-03T12:38:55","modified_gmt":"2022-09-03T10:38:55","slug":"the-restaurant","status":"publish","type":"page","link":"https:\/\/bodribor.hu\/en\/the-restaurant\/","title":{"rendered":"The restaurant"},"content":{"rendered":"<div class=\"wpb-content-wrapper\"><p>[vc_row full_width=&#8221;stretch_row&#8221; content_placement=&#8221;bottom&#8221; bg_type=&#8221;image&#8221; css=&#8221;.vc_custom_1662104299420{background-image: url(https:\/\/bodribor.hu\/wp-content\/uploads\/2022\/09\/etterem.jpg?id=87136) !important;}&#8221; el_class=&#8221;headersor&#8221;][vc_column][vc_column_text]<\/p>\n<p style=\"text-align: center;\">CATERING HAS ALWAYS BEEN GREATLY EMPHASISED ON THE BODRI ESTATE. OUR OPTIMUS RESTAURANT WAS THE FIRST WINERY OPERATED RESTAURANT WAS THE FIRST WINERY OPERATED PERMANENT A\u2019 LA CARTE RESTAURANT WITH DAILY OPENING HOURS IN THE WINE REGION.<\/p>\n<p>[\/vc_column_text][\/vc_column][\/vc_row][vc_row el_class=&#8221;elsosor&#8221;][vc_column][vc_column_text el_class=&#8221;alcim&#8221;]<\/p>\n<h2>BODRI OPTIMUS \u00c9TTEREM!<\/h2>\n<p>[\/vc_column_text][vc_raw_html el_class=&#8221;bevez&#8221;]V0UlMjBQQVklMjBQQVJUSUNVTEFSJTIwQVRURU5USU9OJTIwVE8lMjBUSEUlMjBIQVJNT05ZJTIwQkVUV0VFTiUyMFdJTkUlMjBBTkQlMjBGT09EJTNCJTIwSEVOQ0UlMjBPVVIlMjBNQVJWRUxMT1VTJTIwQ0hFRiUyME5PUkJFUlQlMjBNQUtLJTJDJTIwV0hPJTIwSEFTJTIwQkVFTiUyMFdJVEglMjBVUyUyMFNJTkNFJTIwVEhFJTIwVkVSWSUyMEJFR0lOTklOR1MlMkMlMjBDUkVBVEVTJTIwRElTSEVTJTIwVEhBVCUyMFBBSVIlMjBXRUxMJTIwV0lUSCUyMEJPRFJJJTIwV0lORVMuJTIwVEhFJTIwTUFJTiUyMFRSRU5EJTIwSVMlMjBUTyUyMERFTU9OU1RSQVRFJTIwVEhFJTIwQ09MT1VSRlVMTE5FU1MlMjBPRiUyMFRIRSUyMEhVTkdBUklBTiUyMENVSVNJTkUlMkMlMjBJTiUyMEElMjBTT01FV0hBVCUyMFJFRk9STUVEJTIwQU5EJTIwTU9ERVJOSVNFRCUyMFdBWSUyQyUyMFlFVCUyMFNUSUxMJTIwRk9DVVNJTkclMjBPTiUyMEhVTkdBUklBTiUyMERJU0hFUyUyMCUzQ2RpdiUyMGNsYXNzJTNEJTIyc3p1cmtlZ29tYiUyMGtpY3NpJTIyJTNFJTNDYSUyMGhyZWYlM0QlMjIlMkZlbiUyRmJvZHJpLW9wdGltdXMtcmVzdGF1cmFudCUyRiUyMiUzRVJFQUQlMjBNT1JFJTNDJTJGYSUzRSUzQyUyRmRpdiUzRQ==[\/vc_raw_html][\/vc_column][\/vc_row][vc_row el_class=&#8221;masodikalcim kek&#8221;][vc_column][vc_column_text el_class=&#8221;alcim&#8221;]<\/p>\n<h2>RESTAURANT TERRACES<\/h2>\n<p>[\/vc_column_text][\/vc_column][\/vc_row][vc_row full_width=&#8221;stretch_row&#8221; equal_height=&#8221;yes&#8221; content_placement=&#8221;middle&#8221; css=&#8221;.vc_custom_1662108805058{background-color: #e1f1ff !important;}&#8221; el_class=&#8221;vilagos&#8221;][vc_column width=&#8221;1\/3&#8243;][vc_column_text]<\/p>\n<h3>GLASS-WALLED HEATED GRILL TERRACE<\/h3>\n<p>[\/vc_column_text][vc_column_text]The Grill Terrace in the forefront of the Optimus Restaurant can seat 40 people. It has been converted recently, so now this beautiful, rustic wing of the restaurant can be used throughout the whole year. In winter, the heated glass panes, in summer the air-conditioning guarantee the optimal temperature. In the spring-summer season, it also functions as an open kitchen where guests are welcome to taste dishes prepared in the wood-fired oven.[\/vc_column_text][\/vc_column][vc_column width=&#8221;2\/3&#8243;][vc_single_image image=&#8221;87123&#8243; img_size=&#8221;full&#8221; alignment=&#8221;right&#8221;][\/vc_column][\/vc_row][vc_row equal_height=&#8221;yes&#8221; content_placement=&#8221;middle&#8221;][vc_column width=&#8221;1\/3&#8243;][vc_column_text]<\/p>\n<h3>OPTIMUS COFFEE TERRACE<\/h3>\n<p>[\/vc_column_text][vc_column_text]The Coffee Terrace is right next to the restaurant. Guests can finish their meals with the coffee particularly composed in accordance with wine the terrace was named after while enjoying the beautiful view of the pond. The Optimus Lucky Cap blend \u2013 in harmony with the fruity, plum jam flavour of the wine \u2013 was created and chosen by a small \u201cdeveloping team\u201d led by S\u00e1ndor T\u00f3th, a barista. Visitors to the estate have been able to relish this wonderful specialty coffee since 2010.[\/vc_column_text][\/vc_column][vc_column width=&#8221;2\/3&#8243;][vc_single_image image=&#8221;87132&#8243; img_size=&#8221;full&#8221; alignment=&#8221;right&#8221;][\/vc_column][\/vc_row][vc_row full_width=&#8221;stretch_row&#8221; equal_height=&#8221;yes&#8221; content_placement=&#8221;middle&#8221; css=&#8221;.vc_custom_1662107505730{background-color: #e1f1ff !important;}&#8221; el_class=&#8221;vilagos&#8221;][vc_column width=&#8221;1\/3&#8243;][vc_column_text]<\/p>\n<h3>ROS\u00c9 TERRACE<\/h3>\n<p>[\/vc_column_text][vc_column_text]The Ros\u00e9 Terrace is located on the valley floor by the small pond. A glass of ros\u00e9 spritzer or sipping Bodri cocktails feels especially nice in the summer. In fact, due to its splendid surroundings, it is one of our most popular location for weddings. The 120-square-metre terrace is capable of accommodating 100 people. It is enisled with a wooden railing, and the Transylvanian furnishings and pieces of textile make it cosier.[\/vc_column_text][\/vc_column][vc_column width=&#8221;2\/3&#8243;][vc_single_image image=&#8221;87134&#8243; img_size=&#8221;full&#8221; alignment=&#8221;right&#8221;][\/vc_column][\/vc_row][vc_row equal_height=&#8221;yes&#8221; content_placement=&#8221;middle&#8221;][vc_column width=&#8221;1\/3&#8243;][vc_column_text]<\/p>\n<h3>TERRACE WITH A FOLDING COVER<\/h3>\n<p>[\/vc_column_text][vc_column_text]The Terrace with a Folding Cover is just outside the entrance to the Grand Cellar, in an area of 50 square metres, comfortably accommodating 40 people at a time. It also has a magnificent view over the pond and Faluhely Valley. You wouldn\u2019t find a better place for family get-togethers or just having a wine or two with your friends.[\/vc_column_text][\/vc_column][vc_column width=&#8221;2\/3&#8243;][vc_single_image image=&#8221;87128&#8243; img_size=&#8221;full&#8221; alignment=&#8221;right&#8221;][\/vc_column][\/vc_row][vc_row full_width=&#8221;stretch_row&#8221; equal_height=&#8221;yes&#8221; content_placement=&#8221;middle&#8221; css=&#8221;.vc_custom_1662107524490{background-color: #e1f1ff !important;}&#8221; el_class=&#8221;vilagos&#8221;][vc_column width=&#8221;1\/3&#8243;][vc_column_text]<\/p>\n<h3>PANORAMA TERRACE<\/h3>\n<p>[\/vc_column_text][vc_column_text]Towards the back end of the pond is the 130-square-metre covered, Panorama Terrace. It caters 100-150 people, and there is also a raised stage. Over the years it has become a popular venue for wedding ceremonies, concerts, family- and friend reunions because, as its name suggests, visitors may admire its picturesque view.[\/vc_column_text][\/vc_column][vc_column width=&#8221;2\/3&#8243;][vc_single_image image=&#8221;87130&#8243; img_size=&#8221;full&#8221; alignment=&#8221;right&#8221;][\/vc_column][\/vc_row][vc_row equal_height=&#8221;yes&#8221; content_placement=&#8221;middle&#8221;][vc_column width=&#8221;1\/3&#8243;][vc_column_text]<\/p>\n<h3>BUTCHER\u2019S STAGE TERRACE<\/h3>\n<p>[\/vc_column_text][vc_column_text]Do you wish to recall the spirit of the \u201cpig slaughter days\u201d from your childhood? Visit us on Saint Vincent\u2019 Day and take part in a weekend-long cru and cellar tour with the accompanying \u201cslaughter day\u201d event. Marvel about Faluhely in winter and savour the uplifting experience of wandering around the snow-covered vine stocks.[\/vc_column_text][\/vc_column][vc_column width=&#8221;2\/3&#8243;][vc_single_image image=&#8221;87141&#8243; img_size=&#8221;full&#8221; alignment=&#8221;right&#8221;][\/vc_column][\/vc_row][vc_row el_class=&#8221;etteremlab&#8221;][vc_column][vc_column_text el_class=&#8221;alcim&#8221;]<\/p>\n<h2>HAVE A LOOK AT OUR MENUS<\/h2>\n<p>[\/vc_column_text][vc_column_text el_class=&#8221;lentifekete&#8221;]<\/p>\n<div class=\"szurkegomb kicsi\"><a href=\"\/en\/menus\/\">MENUS HERE<\/a><\/div>\n<p><strong>OPENING HOURS OF THE BODRI OPTIMUS RESTAURANT:<\/strong><br \/>\n<strong>From Monday to Thursday and Sunday: 12:00- 22:00<\/strong><br \/>\n<strong>The kitchen closes 1 hour prior to the restaurant.<\/strong><br \/>\n<strong>Friday and Saturday : 12:00- 24:00<\/strong><\/p>\n<p><strong>The kitchen closes 1 hour prior to the restaurant.<em><br \/>\n<\/em><\/strong>For functions with more than 10 persons, please enquire by email or phone.<br \/>\nEnquiries: vendeglatas@bodribor.hu or + 36 74 67 67 00[\/vc_column_text][\/vc_column][\/vc_row]<\/p>\n<\/div>","protected":false},"excerpt":{"rendered":"<p>[vc_row full_width=&#8221;stretch_row&#8221; content_placement=&#8221;bottom&#8221; bg_type=&#8221;image&#8221; css=&#8221;.vc_custom_1662104299420{background-image: url(https:\/\/bodribor.hu\/wp-content\/uploads\/2022\/09\/etterem.jpg?id=87136) !important;}&#8221; el_class=&#8221;headersor&#8221;][vc_column][vc_column_text] CATERING HAS ALWAYS BEEN GREATLY EMPHASISED ON THE BODRI ESTATE. OUR OPTIMUS RESTAURANT WAS THE FIRST WINERY OPERATED RESTAURANT WAS THE FIRST WINERY OPERATED PERMANENT A\u2019 LA CARTE RESTAURANT WITH DAILY OPENING HOURS IN THE WINE REGION. [\/vc_column_text][\/vc_column][\/vc_row][vc_row el_class=&#8221;elsosor&#8221;][vc_column][vc_column_text el_class=&#8221;alcim&#8221;] BODRI OPTIMUS \u00c9TTEREM! [\/vc_column_text][vc_raw_html el_class=&#8221;bevez&#8221;]V0UlMjBQQVklMjBQQVJUSUNVTEFSJTIwQVRURU5USU9OJTIwVE8lMjBUSEUlMjBIQVJNT05ZJTIwQkVUV0VFTiUyMFdJTkUlMjBBTkQlMjBGT09EJTNCJTIwSEVOQ0UlMjBPVVIlMjBNQVJWRUxMT1VTJTIwQ0hFRiUyME5PUkJFUlQlMjBNQUtLJTJDJTIwV0hPJTIwSEFTJTIwQkVFTiUyMFdJVEglMjBVUyUyMFNJTkNFJTIwVEhFJTIwVkVSWSUyMEJFR0lOTklOR1MlMkMlMjBDUkVBVEVTJTIwRElTSEVTJTIwVEhBVCUyMFBBSVIlMjBXRUxMJTIwV0lUSCUyMEJPRFJJJTIwV0lORVMuJTIwVEhFJTIwTUFJTiUyMFRSRU5EJTIwSVMlMjBUTyUyMERFTU9OU1RSQVRFJTIwVEhFJTIwQ09MT1VSRlVMTE5FU1MlMjBPRiUyMFRIRSUyMEhVTkdBUklBTiUyMENVSVNJTkUlMkMlMjBJTiUyMEElMjBTT01FV0hBVCUyMFJFRk9STUVEJTIwQU5EJTIwTU9ERVJOSVNFRCUyMFdBWSUyQyUyMFlFVCUyMFNUSUxMJTIwRk9DVVNJTkclMjBPTiUyMEhVTkdBUklBTiUyMERJU0hFUyUyMCUzQ2RpdiUyMGNsYXNzJTNEJTIyc3p1cmtlZ29tYiUyMGtpY3NpJTIyJTNFJTNDYSUyMGhyZWYlM0QlMjIlMkZlbiUyRmJvZHJpLW9wdGltdXMtcmVzdGF1cmFudCUyRiUyMiUzRVJFQUQlMjBNT1JFJTNDJTJGYSUzRSUzQyUyRmRpdiUzRQ==[\/vc_raw_html][\/vc_column][\/vc_row][vc_row el_class=&#8221;masodikalcim kek&#8221;][vc_column][vc_column_text el_class=&#8221;alcim&#8221;] RESTAURANT TERRACES [\/vc_column_text][\/vc_column][\/vc_row][vc_row full_width=&#8221;stretch_row&#8221; equal_height=&#8221;yes&#8221; content_placement=&#8221;middle&#8221; css=&#8221;.vc_custom_1662108805058{background-color: #e1f1ff !important;}&#8221; el_class=&#8221;vilagos&#8221;][vc_column width=&#8221;1\/3&#8243;][vc_column_text] GLASS-WALLED HEATED GRILL TERRACE [\/vc_column_text][vc_column_text]The Grill Terrace in the forefront of the Optimus Restaurant can seat 40 people. It has been converted recently, so now this beautiful, rustic wing of the restaurant can be used throughout the whole year. In winter, the heated glass panes, in summer the air-conditioning guarantee the optimal temperature. In the spring-summer season, it also functions as an open kitchen where guests are welcome to taste dishes prepared in the wood-fired oven.[\/vc_column_text][\/vc_column][vc_column width=&#8221;2\/3&#8243;][vc_single_image image=&#8221;87123&#8243; img_size=&#8221;full&#8221; alignment=&#8221;right&#8221;][\/vc_column][\/vc_row][vc_row equal_height=&#8221;yes&#8221; content_placement=&#8221;middle&#8221;][vc_column width=&#8221;1\/3&#8243;][vc_column_text] OPTIMUS COFFEE TERRACE [\/vc_column_text][vc_column_text]The Coffee Terrace is right next to the restaurant. Guests can finish their meals with the coffee particularly composed in accordance with wine the terrace was named after while enjoying the beautiful view of the pond. The Optimus Lucky Cap blend \u2013 in harmony with the fruity,<span class=\"excerpt-hellip\"> [\u2026]<\/span><\/p>\n","protected":false},"author":2,"featured_media":0,"parent":0,"menu_order":0,"comment_status":"closed","ping_status":"closed","template":"","meta":{"_acf_changed":false,"footnotes":""},"class_list":["post-87196","page","type-page","status-publish","hentry"],"acf":[],"yoast_head":"<!-- This site is optimized with the Yoast SEO Premium plugin v26.7 (Yoast SEO v27.5) - https:\/\/yoast.com\/product\/yoast-seo-premium-wordpress\/ -->\n<title>The restaurant - Bodri Pinc\u00e9szet, Szeksz\u00e1rd<\/title>\n<meta name=\"robots\" content=\"index, follow, max-snippet:-1, max-image-preview:large, max-video-preview:-1\" \/>\n<link rel=\"canonical\" href=\"https:\/\/bodribor.hu\/en\/the-restaurant\/\" \/>\n<meta property=\"og:locale\" content=\"en_US\" \/>\n<meta property=\"og:type\" content=\"article\" \/>\n<meta property=\"og:title\" content=\"The restaurant\" \/>\n<meta property=\"og:description\" content=\"[vc_row full_width=&#8221;stretch_row&#8221; content_placement=&#8221;bottom&#8221; bg_type=&#8221;image&#8221; css=&#8221;.vc_custom_1662104299420{background-image: url(https:\/\/bodribor.hu\/wp-content\/uploads\/2022\/09\/etterem.jpg?id=87136) !important;}&#8221; el_class=&#8221;headersor&#8221;][vc_column][vc_column_text] CATERING HAS ALWAYS BEEN GREATLY EMPHASISED ON THE BODRI ESTATE. OUR OPTIMUS RESTAURANT WAS THE FIRST WINERY OPERATED RESTAURANT WAS THE FIRST WINERY OPERATED PERMANENT A\u2019 LA CARTE RESTAURANT WITH DAILY OPENING HOURS IN THE WINE REGION. [\/vc_column_text][\/vc_column][\/vc_row][vc_row el_class=&#8221;elsosor&#8221;][vc_column][vc_column_text el_class=&#8221;alcim&#8221;] BODRI OPTIMUS \u00c9TTEREM! [\/vc_column_text][vc_raw_html el_class=&#8221;bevez&#8221;]V0UlMjBQQVklMjBQQVJUSUNVTEFSJTIwQVRURU5USU9OJTIwVE8lMjBUSEUlMjBIQVJNT05ZJTIwQkVUV0VFTiUyMFdJTkUlMjBBTkQlMjBGT09EJTNCJTIwSEVOQ0UlMjBPVVIlMjBNQVJWRUxMT1VTJTIwQ0hFRiUyME5PUkJFUlQlMjBNQUtLJTJDJTIwV0hPJTIwSEFTJTIwQkVFTiUyMFdJVEglMjBVUyUyMFNJTkNFJTIwVEhFJTIwVkVSWSUyMEJFR0lOTklOR1MlMkMlMjBDUkVBVEVTJTIwRElTSEVTJTIwVEhBVCUyMFBBSVIlMjBXRUxMJTIwV0lUSCUyMEJPRFJJJTIwV0lORVMuJTIwVEhFJTIwTUFJTiUyMFRSRU5EJTIwSVMlMjBUTyUyMERFTU9OU1RSQVRFJTIwVEhFJTIwQ09MT1VSRlVMTE5FU1MlMjBPRiUyMFRIRSUyMEhVTkdBUklBTiUyMENVSVNJTkUlMkMlMjBJTiUyMEElMjBTT01FV0hBVCUyMFJFRk9STUVEJTIwQU5EJTIwTU9ERVJOSVNFRCUyMFdBWSUyQyUyMFlFVCUyMFNUSUxMJTIwRk9DVVNJTkclMjBPTiUyMEhVTkdBUklBTiUyMERJU0hFUyUyMCUzQ2RpdiUyMGNsYXNzJTNEJTIyc3p1cmtlZ29tYiUyMGtpY3NpJTIyJTNFJTNDYSUyMGhyZWYlM0QlMjIlMkZlbiUyRmJvZHJpLW9wdGltdXMtcmVzdGF1cmFudCUyRiUyMiUzRVJFQUQlMjBNT1JFJTNDJTJGYSUzRSUzQyUyRmRpdiUzRQ==[\/vc_raw_html][\/vc_column][\/vc_row][vc_row el_class=&#8221;masodikalcim kek&#8221;][vc_column][vc_column_text el_class=&#8221;alcim&#8221;] RESTAURANT TERRACES [\/vc_column_text][\/vc_column][\/vc_row][vc_row full_width=&#8221;stretch_row&#8221; equal_height=&#8221;yes&#8221; content_placement=&#8221;middle&#8221; css=&#8221;.vc_custom_1662108805058{background-color: #e1f1ff !important;}&#8221; el_class=&#8221;vilagos&#8221;][vc_column width=&#8221;1\/3&#8243;][vc_column_text] GLASS-WALLED HEATED GRILL TERRACE [\/vc_column_text][vc_column_text]The Grill Terrace in the forefront of the Optimus Restaurant can seat 40 people. It has been converted recently, so now this beautiful, rustic wing of the restaurant can be used throughout the whole year. In winter, the heated glass panes, in summer the air-conditioning guarantee the optimal temperature. In the spring-summer season, it also functions as an open kitchen where guests are welcome to taste dishes prepared in the wood-fired oven.[\/vc_column_text][\/vc_column][vc_column width=&#8221;2\/3&#8243;][vc_single_image image=&#8221;87123&#8243; img_size=&#8221;full&#8221; alignment=&#8221;right&#8221;][\/vc_column][\/vc_row][vc_row equal_height=&#8221;yes&#8221; content_placement=&#8221;middle&#8221;][vc_column width=&#8221;1\/3&#8243;][vc_column_text] OPTIMUS COFFEE TERRACE [\/vc_column_text][vc_column_text]The Coffee Terrace is right next to the restaurant. Guests can finish their meals with the coffee particularly composed in accordance with wine the terrace was named after while enjoying the beautiful view of the pond. The Optimus Lucky Cap blend \u2013 in harmony with the fruity, [\u2026]\" \/>\n<meta property=\"og:url\" content=\"https:\/\/bodribor.hu\/en\/the-restaurant\/\" \/>\n<meta property=\"og:site_name\" content=\"Bodri Pinc\u00e9szet, Szeksz\u00e1rd\" \/>\n<meta property=\"article:modified_time\" content=\"2022-09-03T10:38:55+00:00\" \/>\n<meta name=\"twitter:card\" content=\"summary_large_image\" \/>\n<meta name=\"twitter:label1\" content=\"Est. reading time\" \/>\n\t<meta name=\"twitter:data1\" content=\"4 minutes\" \/>\n<script type=\"application\/ld+json\" class=\"yoast-schema-graph\">{\"@context\":\"https:\\\/\\\/schema.org\",\"@graph\":[{\"@type\":\"WebPage\",\"@id\":\"https:\\\/\\\/bodribor.hu\\\/en\\\/the-restaurant\\\/\",\"url\":\"https:\\\/\\\/bodribor.hu\\\/en\\\/the-restaurant\\\/\",\"name\":\"The restaurant - Bodri Pinc\u00e9szet, Szeksz\u00e1rd\",\"isPartOf\":{\"@id\":\"https:\\\/\\\/bodribor.hu\\\/#website\"},\"datePublished\":\"2022-09-03T10:18:28+00:00\",\"dateModified\":\"2022-09-03T10:38:55+00:00\",\"breadcrumb\":{\"@id\":\"https:\\\/\\\/bodribor.hu\\\/en\\\/the-restaurant\\\/#breadcrumb\"},\"inLanguage\":\"en-US\",\"potentialAction\":[{\"@type\":\"ReadAction\",\"target\":[\"https:\\\/\\\/bodribor.hu\\\/en\\\/the-restaurant\\\/\"]}]},{\"@type\":\"BreadcrumbList\",\"@id\":\"https:\\\/\\\/bodribor.hu\\\/en\\\/the-restaurant\\\/#breadcrumb\",\"itemListElement\":[{\"@type\":\"ListItem\",\"position\":1,\"name\":\"Bodribor\",\"item\":\"https:\\\/\\\/bodribor.hu\\\/en\\\/homepage-2\\\/\"},{\"@type\":\"ListItem\",\"position\":2,\"name\":\"The restaurant\"}]},{\"@type\":\"WebSite\",\"@id\":\"https:\\\/\\\/bodribor.hu\\\/#website\",\"url\":\"https:\\\/\\\/bodribor.hu\\\/\",\"name\":\"Bodri Pinc\u00e9szet, Szeksz\u00e1rd\",\"description\":\"Szeksz\u00e1rd d\u00e9li hat\u00e1r\u00e1ban, a fest\u0151i sz\u00e9ps\u00e9g\u0171 Faluhely-d\u0171l\u0151ben tal\u00e1lhat\u00f3 a Bodri Birtok, melyet egy \u00f6n\u00e1ll\u00f3 kis vil\u00e1gnak tekinthet\u00fcnk.\",\"potentialAction\":[{\"@type\":\"SearchAction\",\"target\":{\"@type\":\"EntryPoint\",\"urlTemplate\":\"https:\\\/\\\/bodribor.hu\\\/?s={search_term_string}\"},\"query-input\":{\"@type\":\"PropertyValueSpecification\",\"valueRequired\":true,\"valueName\":\"search_term_string\"}}],\"inLanguage\":\"en-US\"}]}<\/script>\n<!-- \/ Yoast SEO Premium plugin. -->","yoast_head_json":{"title":"The restaurant - Bodri Pinc\u00e9szet, Szeksz\u00e1rd","robots":{"index":"index","follow":"follow","max-snippet":"max-snippet:-1","max-image-preview":"max-image-preview:large","max-video-preview":"max-video-preview:-1"},"canonical":"https:\/\/bodribor.hu\/en\/the-restaurant\/","og_locale":"en_US","og_type":"article","og_title":"The restaurant","og_description":"[vc_row full_width=&#8221;stretch_row&#8221; content_placement=&#8221;bottom&#8221; bg_type=&#8221;image&#8221; css=&#8221;.vc_custom_1662104299420{background-image: url(https:\/\/bodribor.hu\/wp-content\/uploads\/2022\/09\/etterem.jpg?id=87136) !important;}&#8221; el_class=&#8221;headersor&#8221;][vc_column][vc_column_text] CATERING HAS ALWAYS BEEN GREATLY EMPHASISED ON THE BODRI ESTATE. OUR OPTIMUS RESTAURANT WAS THE FIRST WINERY OPERATED RESTAURANT WAS THE FIRST WINERY OPERATED PERMANENT A\u2019 LA CARTE RESTAURANT WITH DAILY OPENING HOURS IN THE WINE REGION. [\/vc_column_text][\/vc_column][\/vc_row][vc_row el_class=&#8221;elsosor&#8221;][vc_column][vc_column_text el_class=&#8221;alcim&#8221;] BODRI OPTIMUS \u00c9TTEREM! [\/vc_column_text][vc_raw_html el_class=&#8221;bevez&#8221;]V0UlMjBQQVklMjBQQVJUSUNVTEFSJTIwQVRURU5USU9OJTIwVE8lMjBUSEUlMjBIQVJNT05ZJTIwQkVUV0VFTiUyMFdJTkUlMjBBTkQlMjBGT09EJTNCJTIwSEVOQ0UlMjBPVVIlMjBNQVJWRUxMT1VTJTIwQ0hFRiUyME5PUkJFUlQlMjBNQUtLJTJDJTIwV0hPJTIwSEFTJTIwQkVFTiUyMFdJVEglMjBVUyUyMFNJTkNFJTIwVEhFJTIwVkVSWSUyMEJFR0lOTklOR1MlMkMlMjBDUkVBVEVTJTIwRElTSEVTJTIwVEhBVCUyMFBBSVIlMjBXRUxMJTIwV0lUSCUyMEJPRFJJJTIwV0lORVMuJTIwVEhFJTIwTUFJTiUyMFRSRU5EJTIwSVMlMjBUTyUyMERFTU9OU1RSQVRFJTIwVEhFJTIwQ09MT1VSRlVMTE5FU1MlMjBPRiUyMFRIRSUyMEhVTkdBUklBTiUyMENVSVNJTkUlMkMlMjBJTiUyMEElMjBTT01FV0hBVCUyMFJFRk9STUVEJTIwQU5EJTIwTU9ERVJOSVNFRCUyMFdBWSUyQyUyMFlFVCUyMFNUSUxMJTIwRk9DVVNJTkclMjBPTiUyMEhVTkdBUklBTiUyMERJU0hFUyUyMCUzQ2RpdiUyMGNsYXNzJTNEJTIyc3p1cmtlZ29tYiUyMGtpY3NpJTIyJTNFJTNDYSUyMGhyZWYlM0QlMjIlMkZlbiUyRmJvZHJpLW9wdGltdXMtcmVzdGF1cmFudCUyRiUyMiUzRVJFQUQlMjBNT1JFJTNDJTJGYSUzRSUzQyUyRmRpdiUzRQ==[\/vc_raw_html][\/vc_column][\/vc_row][vc_row el_class=&#8221;masodikalcim kek&#8221;][vc_column][vc_column_text el_class=&#8221;alcim&#8221;] RESTAURANT TERRACES [\/vc_column_text][\/vc_column][\/vc_row][vc_row full_width=&#8221;stretch_row&#8221; equal_height=&#8221;yes&#8221; content_placement=&#8221;middle&#8221; css=&#8221;.vc_custom_1662108805058{background-color: #e1f1ff !important;}&#8221; el_class=&#8221;vilagos&#8221;][vc_column width=&#8221;1\/3&#8243;][vc_column_text] GLASS-WALLED HEATED GRILL TERRACE [\/vc_column_text][vc_column_text]The Grill Terrace in the forefront of the Optimus Restaurant can seat 40 people. It has been converted recently, so now this beautiful, rustic wing of the restaurant can be used throughout the whole year. In winter, the heated glass panes, in summer the air-conditioning guarantee the optimal temperature. In the spring-summer season, it also functions as an open kitchen where guests are welcome to taste dishes prepared in the wood-fired oven.[\/vc_column_text][\/vc_column][vc_column width=&#8221;2\/3&#8243;][vc_single_image image=&#8221;87123&#8243; img_size=&#8221;full&#8221; alignment=&#8221;right&#8221;][\/vc_column][\/vc_row][vc_row equal_height=&#8221;yes&#8221; content_placement=&#8221;middle&#8221;][vc_column width=&#8221;1\/3&#8243;][vc_column_text] OPTIMUS COFFEE TERRACE [\/vc_column_text][vc_column_text]The Coffee Terrace is right next to the restaurant. Guests can finish their meals with the coffee particularly composed in accordance with wine the terrace was named after while enjoying the beautiful view of the pond. The Optimus Lucky Cap blend \u2013 in harmony with the fruity, [\u2026]","og_url":"https:\/\/bodribor.hu\/en\/the-restaurant\/","og_site_name":"Bodri Pinc\u00e9szet, Szeksz\u00e1rd","article_modified_time":"2022-09-03T10:38:55+00:00","twitter_card":"summary_large_image","twitter_misc":{"Est. reading time":"4 minutes"},"schema":{"@context":"https:\/\/schema.org","@graph":[{"@type":"WebPage","@id":"https:\/\/bodribor.hu\/en\/the-restaurant\/","url":"https:\/\/bodribor.hu\/en\/the-restaurant\/","name":"The restaurant - Bodri Pinc\u00e9szet, Szeksz\u00e1rd","isPartOf":{"@id":"https:\/\/bodribor.hu\/#website"},"datePublished":"2022-09-03T10:18:28+00:00","dateModified":"2022-09-03T10:38:55+00:00","breadcrumb":{"@id":"https:\/\/bodribor.hu\/en\/the-restaurant\/#breadcrumb"},"inLanguage":"en-US","potentialAction":[{"@type":"ReadAction","target":["https:\/\/bodribor.hu\/en\/the-restaurant\/"]}]},{"@type":"BreadcrumbList","@id":"https:\/\/bodribor.hu\/en\/the-restaurant\/#breadcrumb","itemListElement":[{"@type":"ListItem","position":1,"name":"Bodribor","item":"https:\/\/bodribor.hu\/en\/homepage-2\/"},{"@type":"ListItem","position":2,"name":"The restaurant"}]},{"@type":"WebSite","@id":"https:\/\/bodribor.hu\/#website","url":"https:\/\/bodribor.hu\/","name":"Bodri Pinc\u00e9szet, Szeksz\u00e1rd","description":"Szeksz\u00e1rd d\u00e9li hat\u00e1r\u00e1ban, a fest\u0151i sz\u00e9ps\u00e9g\u0171 Faluhely-d\u0171l\u0151ben tal\u00e1lhat\u00f3 a Bodri Birtok, melyet egy \u00f6n\u00e1ll\u00f3 kis vil\u00e1gnak tekinthet\u00fcnk.","potentialAction":[{"@type":"SearchAction","target":{"@type":"EntryPoint","urlTemplate":"https:\/\/bodribor.hu\/?s={search_term_string}"},"query-input":{"@type":"PropertyValueSpecification","valueRequired":true,"valueName":"search_term_string"}}],"inLanguage":"en-US"}]}},"_links":{"self":[{"href":"https:\/\/bodribor.hu\/en\/wp-json\/wp\/v2\/pages\/87196","targetHints":{"allow":["GET"]}}],"collection":[{"href":"https:\/\/bodribor.hu\/en\/wp-json\/wp\/v2\/pages"}],"about":[{"href":"https:\/\/bodribor.hu\/en\/wp-json\/wp\/v2\/types\/page"}],"author":[{"embeddable":true,"href":"https:\/\/bodribor.hu\/en\/wp-json\/wp\/v2\/users\/2"}],"replies":[{"embeddable":true,"href":"https:\/\/bodribor.hu\/en\/wp-json\/wp\/v2\/comments?post=87196"}],"version-history":[{"count":0,"href":"https:\/\/bodribor.hu\/en\/wp-json\/wp\/v2\/pages\/87196\/revisions"}],"wp:attachment":[{"href":"https:\/\/bodribor.hu\/en\/wp-json\/wp\/v2\/media?parent=87196"}],"curies":[{"name":"wp","href":"https:\/\/api.w.org\/{rel}","templated":true}]}}