{"id":87205,"date":"2022-09-03T12:40:49","date_gmt":"2022-09-03T10:40:49","guid":{"rendered":"https:\/\/bodribor.hu\/?page_id=87205"},"modified":"2022-09-03T12:40:49","modified_gmt":"2022-09-03T10:40:49","slug":"bodri-optimus-restaurant","status":"publish","type":"page","link":"https:\/\/bodribor.hu\/en\/bodri-optimus-restaurant\/","title":{"rendered":"Bodri Optimus restaurant"},"content":{"rendered":"<div class=\"wpb-content-wrapper\"><p>[vc_row full_width=&#8221;stretch_row&#8221; css=&#8221;.vc_custom_1662115985312{background-image: url(https:\/\/bodribor.hu\/wp-content\/uploads\/2022\/09\/optimusetterem.jpg?id=87160) !important;}&#8221; el_class=&#8221;headersor&#8221;][vc_column][vc_column_text]<\/p>\n<h1 style=\"text-align: center;\">Bodri Optimus Restaurant<\/h1>\n<p>[\/vc_column_text][\/vc_column][\/vc_row][vc_row el_class=&#8221;kozeposzlop&#8221;][vc_column][vc_column_text el_class=&#8221;jobbramax&#8221;]Besides producing award-winning wines, we also place great emphasis on culinary services and dining experience. We are very proud of our Optimus Restaurant, which under the command of\u00a0<strong>Chef Norbert Makk<\/strong>\u00a0has achieved fame and importance in Hungarian gastronomy.<br \/>\nDuring the years, we have made it more varied with dishes prepared in a wood-fired oven, as well as introducing a grill- and open kitchen. The main trend is to demonstrate the colourfulness of the Hungarian Cuisine, in a somewhat reformed and modernised way, yet still focusing on Hungarian dishes. From May to October the traditional wood-fired oven or on grill dishes are cast the main role, while the winter season favours wine dinners.[\/vc_column_text][vc_single_image image=&#8221;87153&#8243; img_size=&#8221;full&#8221; alignment=&#8221;center&#8221;][vc_column_text el_class=&#8221;balramax&#8221;]For the fifth birthday of our restaurant, we created a Best of Optimus menu, which is a selection from the 400 dishes of our previous ten menus, and it perfectly reflects the taste of our guests. We pay particular attention to the harmony between wine and food; hence, our marvellous Chef Norbert Makk, who has been with us from the very beginning, creates dishes that pair well with Bodri wines. He planned and designed even the tiniest screw in the kitchen of the Optimus restaurant.[\/vc_column_text][\/vc_column][\/vc_row][vc_row full_width=&#8221;stretch_row_content_no_spaces&#8221; el_class=&#8221;nagysor&#8221;][vc_column width=&#8221;1\/3&#8243;][vc_column_text]he dishes on the menu are always unique, specialities that are only available to try in our restaurant as they are the brainchildren of our chef, Norbert Makk. We are all proud when any of his creations get the attention of his colleagues and then we may see them in Eger or around Sopron.<\/p>\n<p>We strive to produce more and more original products; therefore, we make our own syrups and jams. Everything that grows on the estate is used in the kitchen. Beside the elderberry syrup, rose-hip and sloe jam, and the homegrown herbs the estate\u2019s gastro-section has been enriched with a real curiosity. Last year a truffle deposit was discovered in the forest next to the estate, which, according to the genetical analysis, is a very valuable and special white truffle spices that cannot be found anywhere else in Hungary. Throughout the year, we offer guided tours to visit the truffle deposit, and we spice it with a truffle lunch or dinner, accompanied by a selection of Bodri wines.[\/vc_column_text][\/vc_column][vc_column width=&#8221;2\/3&#8243;][vc_single_image image=&#8221;87158&#8243; img_size=&#8221;full&#8221; alignment=&#8221;right&#8221;][\/vc_column][\/vc_row][vc_row el_class=&#8221;kozeposzlopnagy&#8221;][vc_column][vc_column_text el_class=&#8221;jobbramax&#8221;]The dishes on our menu are always unique.<br \/>\nThe restaurant can seat 40 people, and this number can be further extended by the seats available on our outdoor terraces. The capacity of the kitchen is big enough to serve a\u2019la cart guests even if there is full-house in the event centre. Although there is sophisticated technical equipment behind the scenes, guests may only experience a calm countryside atmosphere. The interior is furnished with pieces matching the feel of the estate: a countertop made out of a 200-year old beam, handcrafted lamps, oak tables and chair.[\/vc_column_text][vc_single_image image=&#8221;87155&#8243; img_size=&#8221;full&#8221; alignment=&#8221;center&#8221;][\/vc_column][\/vc_row][vc_row el_class=&#8221;kozeposzlop&#8221; css=&#8221;.vc_custom_1662116619278{margin-top: 40px !important;}&#8221;][vc_column][vc_column_text el_class=&#8221;alcim jobbramax&#8221;]<\/p>\n<h2 style=\"text-align: center;\">HAVE A LOOK AT OUR MENUS<\/h2>\n<p>[\/vc_column_text][vc_column_text el_class=&#8221;jobbramax lentifekete&#8221;]<\/p>\n<div class=\"szurkegomb kicsi\"><a href=\"\/en\/menus\/\">MENUS HERE<\/a><\/div>\n<p><strong>OPENING HOURS OF THE BODRI OPTIMUS RESTAURANT:<\/strong><br \/>\n<strong>From Monday to Thursday and Sunday: 12:00- 22:00<\/strong><br \/>\n<strong>The kitchen closes 1 hour prior to the restaurant.<\/strong><br \/>\n<strong>Friday and Saturday : 12:00- 24:00<\/strong><\/p>\n<p><strong>The kitchen closes 1 hour prior to the restaurant.<em><br \/>\n<\/em><\/strong>For functions with more than 10 persons, please enquire by email or phone.<br \/>\nEnquiries: vendeglatas@bodribor.hu or + 36 74 67 67 00[\/vc_column_text][\/vc_column][\/vc_row]<\/p>\n<\/div>","protected":false},"excerpt":{"rendered":"<p>[vc_row full_width=&#8221;stretch_row&#8221; css=&#8221;.vc_custom_1662115985312{background-image: url(https:\/\/bodribor.hu\/wp-content\/uploads\/2022\/09\/optimusetterem.jpg?id=87160) !important;}&#8221; el_class=&#8221;headersor&#8221;][vc_column][vc_column_text] Bodri Optimus Restaurant [\/vc_column_text][\/vc_column][\/vc_row][vc_row el_class=&#8221;kozeposzlop&#8221;][vc_column][vc_column_text el_class=&#8221;jobbramax&#8221;]Besides producing award-winning wines, we also place great emphasis on culinary services and dining experience. We are very proud of our Optimus Restaurant, which under the command of\u00a0Chef Norbert Makk\u00a0has achieved fame and importance in Hungarian gastronomy. During the years, we have made it more varied with dishes prepared in a wood-fired oven, as well as introducing a grill- and open kitchen. The main trend is to demonstrate the colourfulness of the Hungarian Cuisine, in a somewhat reformed and modernised way, yet still focusing on Hungarian dishes. From May to October the traditional wood-fired oven or on grill dishes are cast the main role, while the winter season favours wine dinners.[\/vc_column_text][vc_single_image image=&#8221;87153&#8243; img_size=&#8221;full&#8221; alignment=&#8221;center&#8221;][vc_column_text el_class=&#8221;balramax&#8221;]For the fifth birthday of our restaurant, we created a Best of Optimus menu, which is a selection from the 400 dishes of our previous ten menus, and it perfectly reflects the taste of our guests. We pay particular attention to the harmony between wine and food; hence, our marvellous Chef Norbert Makk, who has been with us from the very beginning, creates dishes that pair well with Bodri wines. He planned and designed even<span class=\"excerpt-hellip\"> [\u2026]<\/span><\/p>\n","protected":false},"author":2,"featured_media":0,"parent":0,"menu_order":0,"comment_status":"closed","ping_status":"closed","template":"","meta":{"_acf_changed":false,"footnotes":""},"class_list":["post-87205","page","type-page","status-publish","hentry"],"acf":[],"yoast_head":"<!-- This site is optimized with the Yoast SEO Premium plugin v26.7 (Yoast SEO v27.0) - https:\/\/yoast.com\/product\/yoast-seo-premium-wordpress\/ -->\n<title>Bodri Optimus restaurant - Bodri Pinc\u00e9szet, Szeksz\u00e1rd<\/title>\n<meta name=\"robots\" content=\"index, follow, max-snippet:-1, max-image-preview:large, max-video-preview:-1\" \/>\n<link rel=\"canonical\" href=\"https:\/\/bodribor.hu\/optimus-etterem\/\" \/>\n<meta property=\"og:locale\" content=\"en_US\" \/>\n<meta property=\"og:type\" content=\"article\" \/>\n<meta property=\"og:title\" content=\"Bodri Optimus restaurant\" \/>\n<meta property=\"og:description\" content=\"[vc_row full_width=&#8221;stretch_row&#8221; css=&#8221;.vc_custom_1662115985312{background-image: url(https:\/\/bodribor.hu\/wp-content\/uploads\/2022\/09\/optimusetterem.jpg?id=87160) !important;}&#8221; el_class=&#8221;headersor&#8221;][vc_column][vc_column_text] Bodri Optimus Restaurant [\/vc_column_text][\/vc_column][\/vc_row][vc_row el_class=&#8221;kozeposzlop&#8221;][vc_column][vc_column_text el_class=&#8221;jobbramax&#8221;]Besides producing award-winning wines, we also place great emphasis on culinary services and dining experience. We are very proud of our Optimus Restaurant, which under the command of\u00a0Chef Norbert Makk\u00a0has achieved fame and importance in Hungarian gastronomy. During the years, we have made it more varied with dishes prepared in a wood-fired oven, as well as introducing a grill- and open kitchen. The main trend is to demonstrate the colourfulness of the Hungarian Cuisine, in a somewhat reformed and modernised way, yet still focusing on Hungarian dishes. From May to October the traditional wood-fired oven or on grill dishes are cast the main role, while the winter season favours wine dinners.[\/vc_column_text][vc_single_image image=&#8221;87153&#8243; img_size=&#8221;full&#8221; alignment=&#8221;center&#8221;][vc_column_text el_class=&#8221;balramax&#8221;]For the fifth birthday of our restaurant, we created a Best of Optimus menu, which is a selection from the 400 dishes of our previous ten menus, and it perfectly reflects the taste of our guests. We pay particular attention to the harmony between wine and food; hence, our marvellous Chef Norbert Makk, who has been with us from the very beginning, creates dishes that pair well with Bodri wines. He planned and designed even [\u2026]\" \/>\n<meta property=\"og:url\" content=\"https:\/\/bodribor.hu\/optimus-etterem\/\" \/>\n<meta property=\"og:site_name\" content=\"Bodri Pinc\u00e9szet, Szeksz\u00e1rd\" \/>\n<meta name=\"twitter:card\" content=\"summary_large_image\" \/>\n<meta name=\"twitter:label1\" content=\"Est. reading time\" \/>\n\t<meta name=\"twitter:data1\" content=\"4 minutes\" \/>\n<script type=\"application\/ld+json\" class=\"yoast-schema-graph\">{\"@context\":\"https:\/\/schema.org\",\"@graph\":[{\"@type\":\"WebPage\",\"@id\":\"https:\/\/bodribor.hu\/optimus-etterem\/\",\"url\":\"https:\/\/bodribor.hu\/optimus-etterem\/\",\"name\":\"Bodri Optimus restaurant - Bodri Pinc\u00e9szet, Szeksz\u00e1rd\",\"isPartOf\":{\"@id\":\"https:\/\/bodribor.hu\/#website\"},\"datePublished\":\"2022-09-03T10:40:49+00:00\",\"breadcrumb\":{\"@id\":\"https:\/\/bodribor.hu\/optimus-etterem\/#breadcrumb\"},\"inLanguage\":\"en-US\",\"potentialAction\":[{\"@type\":\"ReadAction\",\"target\":[\"https:\/\/bodribor.hu\/optimus-etterem\/\"]}]},{\"@type\":\"BreadcrumbList\",\"@id\":\"https:\/\/bodribor.hu\/optimus-etterem\/#breadcrumb\",\"itemListElement\":[{\"@type\":\"ListItem\",\"position\":1,\"name\":\"Bodribor\",\"item\":\"https:\/\/bodribor.hu\/en\/homepage-2\/\"},{\"@type\":\"ListItem\",\"position\":2,\"name\":\"Bodri Optimus restaurant\"}]},{\"@type\":\"WebSite\",\"@id\":\"https:\/\/bodribor.hu\/#website\",\"url\":\"https:\/\/bodribor.hu\/\",\"name\":\"Bodri Pinc\u00e9szet, Szeksz\u00e1rd\",\"description\":\"Szeksz\u00e1rd d\u00e9li hat\u00e1r\u00e1ban, a fest\u0151i sz\u00e9ps\u00e9g\u0171 Faluhely-d\u0171l\u0151ben tal\u00e1lhat\u00f3 a Bodri Birtok, melyet egy \u00f6n\u00e1ll\u00f3 kis vil\u00e1gnak tekinthet\u00fcnk.\",\"potentialAction\":[{\"@type\":\"SearchAction\",\"target\":{\"@type\":\"EntryPoint\",\"urlTemplate\":\"https:\/\/bodribor.hu\/?s={search_term_string}\"},\"query-input\":{\"@type\":\"PropertyValueSpecification\",\"valueRequired\":true,\"valueName\":\"search_term_string\"}}],\"inLanguage\":\"en-US\"}]}<\/script>\n<!-- \/ Yoast SEO Premium plugin. -->","yoast_head_json":{"title":"Bodri Optimus restaurant - Bodri Pinc\u00e9szet, Szeksz\u00e1rd","robots":{"index":"index","follow":"follow","max-snippet":"max-snippet:-1","max-image-preview":"max-image-preview:large","max-video-preview":"max-video-preview:-1"},"canonical":"https:\/\/bodribor.hu\/optimus-etterem\/","og_locale":"en_US","og_type":"article","og_title":"Bodri Optimus restaurant","og_description":"[vc_row full_width=&#8221;stretch_row&#8221; css=&#8221;.vc_custom_1662115985312{background-image: url(https:\/\/bodribor.hu\/wp-content\/uploads\/2022\/09\/optimusetterem.jpg?id=87160) !important;}&#8221; el_class=&#8221;headersor&#8221;][vc_column][vc_column_text] Bodri Optimus Restaurant [\/vc_column_text][\/vc_column][\/vc_row][vc_row el_class=&#8221;kozeposzlop&#8221;][vc_column][vc_column_text el_class=&#8221;jobbramax&#8221;]Besides producing award-winning wines, we also place great emphasis on culinary services and dining experience. We are very proud of our Optimus Restaurant, which under the command of\u00a0Chef Norbert Makk\u00a0has achieved fame and importance in Hungarian gastronomy. During the years, we have made it more varied with dishes prepared in a wood-fired oven, as well as introducing a grill- and open kitchen. The main trend is to demonstrate the colourfulness of the Hungarian Cuisine, in a somewhat reformed and modernised way, yet still focusing on Hungarian dishes. From May to October the traditional wood-fired oven or on grill dishes are cast the main role, while the winter season favours wine dinners.[\/vc_column_text][vc_single_image image=&#8221;87153&#8243; img_size=&#8221;full&#8221; alignment=&#8221;center&#8221;][vc_column_text el_class=&#8221;balramax&#8221;]For the fifth birthday of our restaurant, we created a Best of Optimus menu, which is a selection from the 400 dishes of our previous ten menus, and it perfectly reflects the taste of our guests. We pay particular attention to the harmony between wine and food; hence, our marvellous Chef Norbert Makk, who has been with us from the very beginning, creates dishes that pair well with Bodri wines. He planned and designed even [\u2026]","og_url":"https:\/\/bodribor.hu\/optimus-etterem\/","og_site_name":"Bodri Pinc\u00e9szet, Szeksz\u00e1rd","twitter_card":"summary_large_image","twitter_misc":{"Est. reading time":"4 minutes"},"schema":{"@context":"https:\/\/schema.org","@graph":[{"@type":"WebPage","@id":"https:\/\/bodribor.hu\/optimus-etterem\/","url":"https:\/\/bodribor.hu\/optimus-etterem\/","name":"Bodri Optimus restaurant - Bodri Pinc\u00e9szet, Szeksz\u00e1rd","isPartOf":{"@id":"https:\/\/bodribor.hu\/#website"},"datePublished":"2022-09-03T10:40:49+00:00","breadcrumb":{"@id":"https:\/\/bodribor.hu\/optimus-etterem\/#breadcrumb"},"inLanguage":"en-US","potentialAction":[{"@type":"ReadAction","target":["https:\/\/bodribor.hu\/optimus-etterem\/"]}]},{"@type":"BreadcrumbList","@id":"https:\/\/bodribor.hu\/optimus-etterem\/#breadcrumb","itemListElement":[{"@type":"ListItem","position":1,"name":"Bodribor","item":"https:\/\/bodribor.hu\/en\/homepage-2\/"},{"@type":"ListItem","position":2,"name":"Bodri Optimus restaurant"}]},{"@type":"WebSite","@id":"https:\/\/bodribor.hu\/#website","url":"https:\/\/bodribor.hu\/","name":"Bodri Pinc\u00e9szet, Szeksz\u00e1rd","description":"Szeksz\u00e1rd d\u00e9li hat\u00e1r\u00e1ban, a fest\u0151i sz\u00e9ps\u00e9g\u0171 Faluhely-d\u0171l\u0151ben tal\u00e1lhat\u00f3 a Bodri Birtok, melyet egy \u00f6n\u00e1ll\u00f3 kis vil\u00e1gnak tekinthet\u00fcnk.","potentialAction":[{"@type":"SearchAction","target":{"@type":"EntryPoint","urlTemplate":"https:\/\/bodribor.hu\/?s={search_term_string}"},"query-input":{"@type":"PropertyValueSpecification","valueRequired":true,"valueName":"search_term_string"}}],"inLanguage":"en-US"}]}},"_links":{"self":[{"href":"https:\/\/bodribor.hu\/en\/wp-json\/wp\/v2\/pages\/87205","targetHints":{"allow":["GET"]}}],"collection":[{"href":"https:\/\/bodribor.hu\/en\/wp-json\/wp\/v2\/pages"}],"about":[{"href":"https:\/\/bodribor.hu\/en\/wp-json\/wp\/v2\/types\/page"}],"author":[{"embeddable":true,"href":"https:\/\/bodribor.hu\/en\/wp-json\/wp\/v2\/users\/2"}],"replies":[{"embeddable":true,"href":"https:\/\/bodribor.hu\/en\/wp-json\/wp\/v2\/comments?post=87205"}],"version-history":[{"count":0,"href":"https:\/\/bodribor.hu\/en\/wp-json\/wp\/v2\/pages\/87205\/revisions"}],"wp:attachment":[{"href":"https:\/\/bodribor.hu\/en\/wp-json\/wp\/v2\/media?parent=87205"}],"curies":[{"name":"wp","href":"https:\/\/api.w.org\/{rel}","templated":true}]}}