{"id":92827,"date":"2024-05-16T15:19:22","date_gmt":"2024-05-16T13:19:22","guid":{"rendered":"https:\/\/bodribor.hu\/?page_id=92827"},"modified":"2025-06-13T15:12:33","modified_gmt":"2025-06-13T13:12:33","slug":"grill-etlap","status":"publish","type":"page","link":"https:\/\/bodribor.hu\/en\/grill-etlap\/","title":{"rendered":"Grill menu"},"content":{"rendered":"<div class=\"wpb-content-wrapper\"><p>[vc_row][vc_column][vc_column_text el_class=&#8221;alcim&#8221;]<\/p>\n<h2 style=\"text-align: center;\"><strong><u>BODRI GRILL AND OPEN KITCHEN MENU<\/u><\/strong><\/h2>\n<p style=\"text-align: center;\"><strong><em>From 15th June 2025 until 15nd\u00a0 September 2025, on Wednesday and Sunday<\/em><\/strong><\/p>\n<p>[\/vc_column_text][\/vc_column][\/vc_row][vc_row][vc_column width=&#8221;1\/5&#8243;][\/vc_column][vc_column width=&#8221;1\/5&#8243;][vc_column_text]<\/p>\n<div class=\"szurkegomb kicsi jobb\"><a href=\"https:\/\/bodribor.hu\/en\/menus\/\">MENU<\/a><\/div>\n<p>[\/vc_column_text][\/vc_column][vc_column width=&#8221;1\/5&#8243;][vc_column_text]<\/p>\n<div class=\"szurkegomb kicsi kozep\"><a href=\"https:\/\/bodribor.hu\/en\/gourmet-menu\/\">GOURMET MENU<\/a><\/div>\n<p>[\/vc_column_text][\/vc_column][vc_column width=&#8221;1\/5&#8243;][vc_column_text]<\/p>\n<div class=\"szurkegomb kicsi bal\"><a href=\"https:\/\/bodribor.hu\/en\/child-menu\/\">CHILD MENU<\/a><\/div>\n<p>[\/vc_column_text][\/vc_column][vc_column width=&#8221;1\/5&#8243;][\/vc_column][\/vc_row][vc_row][vc_column][vc_column_text]<\/p>\n<table style=\"width: 95.242%; height: 1076px;\">\n<tbody>\n<tr style=\"height: 65px;\">\n<td style=\"height: 65px; width: 81.6955%;\"><strong><u>SOUPS<\/u><\/strong><\/td>\n<td style=\"height: 65px; width: 110.813%;\"><\/td>\n<\/tr>\n<tr style=\"height: 56px;\">\n<td style=\"height: 56px; width: 81.6955%;\">Chicken soup as \u201cGranny\u201d makes it (L)<\/td>\n<td style=\"height: 56px; width: 110.813%;\">2 450 Ft<\/td>\n<\/tr>\n<tr style=\"height: 56px;\">\n<td style=\"height: 56px; width: 81.6955%;\">Chilled fruit soup (from seasonal fruit) (G)<\/td>\n<td style=\"height: 56px; width: 110.813%;\">2 450 Ft<\/td>\n<\/tr>\n<tr style=\"height: 56px;\">\n<td style=\"height: 56px; width: 81.6955%;\">Porcini cappuccino (G), (L)<\/td>\n<td style=\"height: 56px; width: 110.813%;\">2 450 Ft<\/td>\n<\/tr>\n<tr style=\"height: 65px;\">\n<td style=\"height: 65px; width: 81.6955%;\"><strong><u>MAIN COURSES<\/u><\/strong><\/td>\n<td style=\"height: 65px; width: 110.813%;\"><\/td>\n<\/tr>\n<tr style=\"height: 56px;\">\n<td style=\"height: 56px; width: 81.6955%;\">BBQ chicken wings with baconnaise, baby potatoes and fresh salad (G), (L)<br \/>\n<em style=\"font-family: inherit; font-size: inherit;\">Recommended wines: Ros\u00e9 \u2018Rozi\u2019\/ Schiller \u2018Fuxli\u2019<\/em><\/td>\n<td style=\"height: 56px; width: 110.813%;\">4 250 Ft<\/td>\n<\/tr>\n<tr style=\"height: 65px;\">\n<td style=\"height: 65px; width: 81.6955%;\">Grilled pullet breast with jalape\u00f1o-nectarine salsa and feta cheese (G)<br \/>\n<em style=\"font-family: inherit; font-size: inherit;\">Recommended wines: Chardonnay \u2018S\u00e1ri\u2019\/ Sauvignon Blanc \u2018D\u0171l\u0151\u2019 Selection<\/em><\/td>\n<td style=\"height: 65px; width: 110.813%;\">4 950 Ft<\/td>\n<\/tr>\n<tr style=\"height: 48px;\">\n<td style=\"height: 48px; width: 81.6955%;\">Texas-style pork ribs with grilled corn, coleslaw and baby potatoe (G)<br \/>\n<em style=\"font-family: inherit; font-size: inherit;\">Recommended wines: Ros\u00e9 \u2018Rozi\u2019\/ Schiller \u2018Fuxli\u2019<\/em><\/td>\n<td style=\"height: 48px; width: 110.813%;\">5 950 Ft<\/td>\n<\/tr>\n<tr style=\"height: 48px;\">\n<td style=\"height: 48px; width: 81.6955%;\">\u00a0Pulled pork in flatbread with cheddar sauce and red onion jam<br \/>\n<em>Recommended wines:<\/em><em> Welschriesling \u2018D\u0171l\u0151\u2019 Selection \/ <\/em><em>Riesling \u2018Gurovica\u2019 Selection<\/em><\/td>\n<td style=\"height: 48px; width: 110.813%;\">4 950 Ft<\/td>\n<\/tr>\n<tr style=\"height: 48px;\">\n<td style=\"height: 48px; width: 81.6955%;\">Beef tenderloin steak with truffled mac &amp; cheese<br \/>\n<em>Recommended wines:<\/em><em> K\u00e9kfrankos<\/em><em> \u2018D\u0171l\u0151\u2019 Selection \/ <\/em><em>K\u00e9kfrankos<\/em> <em>\u2018Gurovica\u2019 Selection<\/em><\/td>\n<td style=\"height: 48px; width: 110.813%;\">8 900 Ft<\/td>\n<\/tr>\n<tr style=\"height: 48px;\">\n<td style=\"height: 48px; width: 81.6955%;\">Tuna steak with white bean salad and chimichurri (G), (L)<br \/>\n<em style=\"font-family: inherit; font-size: inherit;\">Recommended wine: Kadarka<\/em><\/td>\n<td style=\"height: 48px; width: 110.813%;\">4 950 Ft<\/td>\n<\/tr>\n<tr style=\"height: 48px;\">\n<td style=\"height: 48px; width: 81.6955%;\">Grilled swordfish, quinoa salad, citrus sauce<br \/>\n<em>Recommended wine: <\/em><em>Sauvignon Blanc <\/em><em>\u2018D\u0171l\u0151\u2019 Selection<\/em><\/td>\n<td style=\"height: 48px; width: 110.813%;\">5 450 Ft<\/td>\n<\/tr>\n<tr style=\"height: 48px;\">\n<td style=\"height: 48px; width: 81.6955%;\">Grilled homemade cheese with fresh salad and wood-fired roast potatoes (G)<br \/>\n<em style=\"font-family: inherit; font-size: inherit;\">Recommended wines: Sauvignon Blanc \/ Z\u00f6ldveltelini \u2018Manna\u2019<\/em><\/td>\n<td style=\"height: 48px; width: 110.813%;\">4 250 Ft<\/td>\n<\/tr>\n<tr style=\"height: 48px;\">\n<td style=\"height: 48px; width: 81.6955%;\"><strong><u>KID\u2019S GRILL<\/u><\/strong><\/td>\n<td style=\"height: 48px; width: 110.813%;\"><\/td>\n<\/tr>\n<tr style=\"height: 48px;\">\n<td style=\"height: 48px; width: 81.6955%;\">Gyerk\u0151c hotdog<\/td>\n<td style=\"height: 48px; width: 110.813%;\">1 950 Ft<\/td>\n<\/tr>\n<tr style=\"height: 48px;\">\n<td style=\"height: 48px; width: 81.6955%;\">Mac &amp; Cheese<\/td>\n<td style=\"height: 48px; width: 110.813%;\">\u00a0 2 200 Ft<\/td>\n<\/tr>\n<tr style=\"height: 50px;\">\n<td style=\"width: 81.6955%; height: 50px;\">Grilled chicken breast with baby potatoes (G), (L)<\/td>\n<td style=\"width: 110.813%; height: 50px;\">\u00a0 2 200 Ft<\/td>\n<\/tr>\n<tr style=\"height: 25px;\">\n<td style=\"width: 81.6955%; height: 25px;\"><strong><u>DESSERTS<\/u><\/strong><\/td>\n<td style=\"width: 110.813%; height: 25px;\"><\/td>\n<\/tr>\n<tr style=\"height: 25px;\">\n<td style=\"width: 81.6955%; height: 25px;\">Ice cream sundae \u2013 from the display counter<br \/>\n(1 serving:\u00a0 3 scoops)<\/td>\n<td style=\"width: 110.813%; height: 25px;\">2 850 Ft<\/td>\n<\/tr>\n<tr style=\"height: 25px;\">\n<td style=\"width: 81.6955%; height: 25px;\">Danube pastry<br \/>\n<em>Recommended wine: Dubicz Tramini<\/em><\/td>\n<td style=\"width: 110.813%; height: 25px;\">2 450 Ft<\/td>\n<\/tr>\n<tr style=\"height: 25px;\">\n<td style=\"width: 81.6955%; height: 25px;\">Szeksz\u00e1rd dessert bowl<br \/>\n<em>Recommended drink: <\/em><em>Optimus Cappuccino<\/em><\/td>\n<td style=\"width: 110.813%; height: 25px;\">2 450 Ft<\/td>\n<\/tr>\n<\/tbody>\n<\/table>\n<p><em>When ordering half portions, 70% of the full menu prices are charged.<br \/>\n<\/em><em>Takeaway box: 250 HUF\/piece<br \/>\n<\/em><strong><em>A 12% service charge is added to the final bill.<\/em><\/strong><\/p>\n<p>.[\/vc_column_text][\/vc_column][\/vc_row][vc_row][vc_column width=&#8221;1\/5&#8243;][\/vc_column][vc_column width=&#8221;1\/5&#8243;][vc_column_text]<\/p>\n<div class=\"szurkegomb kicsi jobb\"><a href=\"https:\/\/bodribor.hu\/en\/menus\/\">MENU<\/a><\/div>\n<p>[\/vc_column_text][\/vc_column][vc_column width=&#8221;1\/5&#8243;][vc_column_text]<\/p>\n<div class=\"szurkegomb kicsi kozep\"><a href=\"https:\/\/bodribor.hu\/en\/gourmet-menu\/\">GOURMET MENU<\/a><\/div>\n<p>[\/vc_column_text][\/vc_column][vc_column width=&#8221;1\/5&#8243;][vc_column_text]<\/p>\n<div class=\"szurkegomb kicsi bal\"><a href=\"https:\/\/bodribor.hu\/en\/child-menu\/\">CHILD MENU<\/a><\/div>\n<p>[\/vc_column_text][\/vc_column][vc_column width=&#8221;1\/5&#8243;][\/vc_column][\/vc_row][vc_row][vc_column][vc_column_text el_class=&#8221;lentifekete&#8221;]<strong>OPENING HOURS OF THE BODRI OPTIMUS RESTAURANT:<\/strong><br \/>\n<strong>From Monday to Thursday and Sunday: 12:00- 22:00<\/strong><br \/>\n<strong>The kitchen closes 1 hour prior to the restaurant.<\/strong><br \/>\n<strong>Friday and Saturday : 12:00- 24:00<br \/>\n<\/strong><strong>The kitchen closes 1 hour prior to the restaurant.<em><br \/>\n<\/em><\/strong>For functions with more than 10 persons, please enquire by email or phone.<br \/>\nEnquiries: vendeglatas@bodribor.hu or + 36 74 67 67 00[\/vc_column_text][\/vc_column][\/vc_row]<\/p>\n<\/div>","protected":false},"excerpt":{"rendered":"<p>[vc_row][vc_column][vc_column_text el_class=&#8221;alcim&#8221;] BODRI GRILL AND OPEN KITCHEN MENU From 15th June 2025 until 15nd\u00a0 September 2025, on Wednesday and Sunday [\/vc_column_text][\/vc_column][\/vc_row][vc_row][vc_column width=&#8221;1\/5&#8243;][\/vc_column][vc_column width=&#8221;1\/5&#8243;][vc_column_text] MENU [\/vc_column_text][\/vc_column][vc_column width=&#8221;1\/5&#8243;][vc_column_text] GOURMET MENU [\/vc_column_text][\/vc_column][vc_column width=&#8221;1\/5&#8243;][vc_column_text] CHILD MENU [\/vc_column_text][\/vc_column][vc_column width=&#8221;1\/5&#8243;][\/vc_column][\/vc_row][vc_row][vc_column][vc_column_text] SOUPS Chicken soup as \u201cGranny\u201d makes it (L) 2 450 Ft Chilled fruit soup (from seasonal fruit) (G) 2 450 Ft Porcini cappuccino (G), (L) 2 450 Ft MAIN COURSES BBQ chicken wings with baconnaise, baby potatoes and fresh salad (G), (L) Recommended wines: Ros\u00e9 \u2018Rozi\u2019\/ Schiller \u2018Fuxli\u2019 4 250 Ft Grilled pullet breast with jalape\u00f1o-nectarine salsa and feta cheese (G) Recommended wines: Chardonnay \u2018S\u00e1ri\u2019\/ Sauvignon Blanc \u2018D\u0171l\u0151\u2019 Selection 4 950 Ft Texas-style pork ribs with grilled corn, coleslaw and baby potatoe (G) Recommended wines: Ros\u00e9 \u2018Rozi\u2019\/ Schiller \u2018Fuxli\u2019 5 950 Ft \u00a0Pulled pork in flatbread with cheddar sauce and red onion jam Recommended wines: Welschriesling \u2018D\u0171l\u0151\u2019 Selection \/ Riesling \u2018Gurovica\u2019 Selection 4 950 Ft Beef tenderloin steak with truffled mac &amp; cheese Recommended wines: K\u00e9kfrankos \u2018D\u0171l\u0151\u2019 Selection \/ K\u00e9kfrankos \u2018Gurovica\u2019 Selection 8 900 Ft Tuna steak with white bean salad and chimichurri (G), (L) Recommended wine: Kadarka 4 950 Ft Grilled swordfish, quinoa salad, citrus sauce Recommended wine: Sauvignon Blanc \u2018D\u0171l\u0151\u2019 Selection 5 450 Ft<span class=\"excerpt-hellip\"> [\u2026]<\/span><\/p>\n","protected":false},"author":2,"featured_media":0,"parent":0,"menu_order":0,"comment_status":"closed","ping_status":"closed","template":"","meta":{"_acf_changed":false,"footnotes":""},"class_list":["post-92827","page","type-page","status-publish","hentry"],"acf":[],"yoast_head":"<!-- This site is optimized with the Yoast SEO Premium plugin v26.7 (Yoast SEO v27.0) - https:\/\/yoast.com\/product\/yoast-seo-premium-wordpress\/ -->\n<title>Grill menu - Bodri Pinc\u00e9szet, Szeksz\u00e1rd<\/title>\n<meta name=\"robots\" content=\"index, follow, max-snippet:-1, max-image-preview:large, max-video-preview:-1\" \/>\n<link rel=\"canonical\" href=\"https:\/\/bodribor.hu\/en\/grill-etlap\/\" \/>\n<meta property=\"og:locale\" content=\"en_US\" \/>\n<meta property=\"og:type\" content=\"article\" \/>\n<meta property=\"og:title\" content=\"Grill menu\" \/>\n<meta property=\"og:description\" content=\"[vc_row][vc_column][vc_column_text el_class=&#8221;alcim&#8221;] BODRI GRILL AND OPEN KITCHEN MENU From 15th June 2025 until 15nd\u00a0 September 2025, on Wednesday and Sunday [\/vc_column_text][\/vc_column][\/vc_row][vc_row][vc_column width=&#8221;1\/5&#8243;][\/vc_column][vc_column width=&#8221;1\/5&#8243;][vc_column_text] MENU [\/vc_column_text][\/vc_column][vc_column width=&#8221;1\/5&#8243;][vc_column_text] GOURMET MENU [\/vc_column_text][\/vc_column][vc_column width=&#8221;1\/5&#8243;][vc_column_text] CHILD MENU [\/vc_column_text][\/vc_column][vc_column width=&#8221;1\/5&#8243;][\/vc_column][\/vc_row][vc_row][vc_column][vc_column_text] SOUPS Chicken soup as \u201cGranny\u201d makes it (L) 2 450 Ft Chilled fruit soup (from seasonal fruit) (G) 2 450 Ft Porcini cappuccino (G), (L) 2 450 Ft MAIN COURSES BBQ chicken wings with baconnaise, baby potatoes and fresh salad (G), (L) Recommended wines: Ros\u00e9 \u2018Rozi\u2019\/ Schiller \u2018Fuxli\u2019 4 250 Ft Grilled pullet breast with jalape\u00f1o-nectarine salsa and feta cheese (G) Recommended wines: Chardonnay \u2018S\u00e1ri\u2019\/ Sauvignon Blanc \u2018D\u0171l\u0151\u2019 Selection 4 950 Ft Texas-style pork ribs with grilled corn, coleslaw and baby potatoe (G) Recommended wines: Ros\u00e9 \u2018Rozi\u2019\/ Schiller \u2018Fuxli\u2019 5 950 Ft \u00a0Pulled pork in flatbread with cheddar sauce and red onion jam Recommended wines: Welschriesling \u2018D\u0171l\u0151\u2019 Selection \/ Riesling \u2018Gurovica\u2019 Selection 4 950 Ft Beef tenderloin steak with truffled mac &amp; cheese Recommended wines: K\u00e9kfrankos \u2018D\u0171l\u0151\u2019 Selection \/ K\u00e9kfrankos \u2018Gurovica\u2019 Selection 8 900 Ft Tuna steak with white bean salad and chimichurri (G), (L) Recommended wine: Kadarka 4 950 Ft Grilled swordfish, quinoa salad, citrus sauce Recommended wine: Sauvignon Blanc \u2018D\u0171l\u0151\u2019 Selection 5 450 Ft [\u2026]\" \/>\n<meta property=\"og:url\" content=\"https:\/\/bodribor.hu\/en\/grill-etlap\/\" \/>\n<meta property=\"og:site_name\" content=\"Bodri Pinc\u00e9szet, Szeksz\u00e1rd\" \/>\n<meta property=\"article:modified_time\" content=\"2025-06-13T13:12:33+00:00\" \/>\n<meta name=\"twitter:card\" content=\"summary_large_image\" \/>\n<meta name=\"twitter:label1\" content=\"Est. reading time\" \/>\n\t<meta name=\"twitter:data1\" content=\"3 minutes\" \/>\n<script type=\"application\/ld+json\" class=\"yoast-schema-graph\">{\"@context\":\"https:\/\/schema.org\",\"@graph\":[{\"@type\":\"WebPage\",\"@id\":\"https:\/\/bodribor.hu\/en\/grill-etlap\/\",\"url\":\"https:\/\/bodribor.hu\/en\/grill-etlap\/\",\"name\":\"Grill menu - Bodri Pinc\u00e9szet, Szeksz\u00e1rd\",\"isPartOf\":{\"@id\":\"https:\/\/bodribor.hu\/#website\"},\"datePublished\":\"2024-05-16T13:19:22+00:00\",\"dateModified\":\"2025-06-13T13:12:33+00:00\",\"breadcrumb\":{\"@id\":\"https:\/\/bodribor.hu\/en\/grill-etlap\/#breadcrumb\"},\"inLanguage\":\"en-US\",\"potentialAction\":[{\"@type\":\"ReadAction\",\"target\":[\"https:\/\/bodribor.hu\/en\/grill-etlap\/\"]}]},{\"@type\":\"BreadcrumbList\",\"@id\":\"https:\/\/bodribor.hu\/en\/grill-etlap\/#breadcrumb\",\"itemListElement\":[{\"@type\":\"ListItem\",\"position\":1,\"name\":\"Bodribor\",\"item\":\"https:\/\/bodribor.hu\/en\/homepage-2\/\"},{\"@type\":\"ListItem\",\"position\":2,\"name\":\"Grill menu\"}]},{\"@type\":\"WebSite\",\"@id\":\"https:\/\/bodribor.hu\/#website\",\"url\":\"https:\/\/bodribor.hu\/\",\"name\":\"Bodri Pinc\u00e9szet, Szeksz\u00e1rd\",\"description\":\"Szeksz\u00e1rd d\u00e9li hat\u00e1r\u00e1ban, a fest\u0151i sz\u00e9ps\u00e9g\u0171 Faluhely-d\u0171l\u0151ben tal\u00e1lhat\u00f3 a Bodri Birtok, melyet egy \u00f6n\u00e1ll\u00f3 kis vil\u00e1gnak tekinthet\u00fcnk.\",\"potentialAction\":[{\"@type\":\"SearchAction\",\"target\":{\"@type\":\"EntryPoint\",\"urlTemplate\":\"https:\/\/bodribor.hu\/?s={search_term_string}\"},\"query-input\":{\"@type\":\"PropertyValueSpecification\",\"valueRequired\":true,\"valueName\":\"search_term_string\"}}],\"inLanguage\":\"en-US\"}]}<\/script>\n<!-- \/ Yoast SEO Premium plugin. -->","yoast_head_json":{"title":"Grill menu - Bodri Pinc\u00e9szet, Szeksz\u00e1rd","robots":{"index":"index","follow":"follow","max-snippet":"max-snippet:-1","max-image-preview":"max-image-preview:large","max-video-preview":"max-video-preview:-1"},"canonical":"https:\/\/bodribor.hu\/en\/grill-etlap\/","og_locale":"en_US","og_type":"article","og_title":"Grill menu","og_description":"[vc_row][vc_column][vc_column_text el_class=&#8221;alcim&#8221;] BODRI GRILL AND OPEN KITCHEN MENU From 15th June 2025 until 15nd\u00a0 September 2025, on Wednesday and Sunday [\/vc_column_text][\/vc_column][\/vc_row][vc_row][vc_column width=&#8221;1\/5&#8243;][\/vc_column][vc_column width=&#8221;1\/5&#8243;][vc_column_text] MENU [\/vc_column_text][\/vc_column][vc_column width=&#8221;1\/5&#8243;][vc_column_text] GOURMET MENU [\/vc_column_text][\/vc_column][vc_column width=&#8221;1\/5&#8243;][vc_column_text] CHILD MENU [\/vc_column_text][\/vc_column][vc_column width=&#8221;1\/5&#8243;][\/vc_column][\/vc_row][vc_row][vc_column][vc_column_text] SOUPS Chicken soup as \u201cGranny\u201d makes it (L) 2 450 Ft Chilled fruit soup (from seasonal fruit) (G) 2 450 Ft Porcini cappuccino (G), (L) 2 450 Ft MAIN COURSES BBQ chicken wings with baconnaise, baby potatoes and fresh salad (G), (L) Recommended wines: Ros\u00e9 \u2018Rozi\u2019\/ Schiller \u2018Fuxli\u2019 4 250 Ft Grilled pullet breast with jalape\u00f1o-nectarine salsa and feta cheese (G) Recommended wines: Chardonnay \u2018S\u00e1ri\u2019\/ Sauvignon Blanc \u2018D\u0171l\u0151\u2019 Selection 4 950 Ft Texas-style pork ribs with grilled corn, coleslaw and baby potatoe (G) Recommended wines: Ros\u00e9 \u2018Rozi\u2019\/ Schiller \u2018Fuxli\u2019 5 950 Ft \u00a0Pulled pork in flatbread with cheddar sauce and red onion jam Recommended wines: Welschriesling \u2018D\u0171l\u0151\u2019 Selection \/ Riesling \u2018Gurovica\u2019 Selection 4 950 Ft Beef tenderloin steak with truffled mac &amp; cheese Recommended wines: K\u00e9kfrankos \u2018D\u0171l\u0151\u2019 Selection \/ K\u00e9kfrankos \u2018Gurovica\u2019 Selection 8 900 Ft Tuna steak with white bean salad and chimichurri (G), (L) Recommended wine: Kadarka 4 950 Ft Grilled swordfish, quinoa salad, citrus sauce Recommended wine: Sauvignon Blanc \u2018D\u0171l\u0151\u2019 Selection 5 450 Ft [\u2026]","og_url":"https:\/\/bodribor.hu\/en\/grill-etlap\/","og_site_name":"Bodri Pinc\u00e9szet, Szeksz\u00e1rd","article_modified_time":"2025-06-13T13:12:33+00:00","twitter_card":"summary_large_image","twitter_misc":{"Est. reading time":"3 minutes"},"schema":{"@context":"https:\/\/schema.org","@graph":[{"@type":"WebPage","@id":"https:\/\/bodribor.hu\/en\/grill-etlap\/","url":"https:\/\/bodribor.hu\/en\/grill-etlap\/","name":"Grill menu - Bodri Pinc\u00e9szet, Szeksz\u00e1rd","isPartOf":{"@id":"https:\/\/bodribor.hu\/#website"},"datePublished":"2024-05-16T13:19:22+00:00","dateModified":"2025-06-13T13:12:33+00:00","breadcrumb":{"@id":"https:\/\/bodribor.hu\/en\/grill-etlap\/#breadcrumb"},"inLanguage":"en-US","potentialAction":[{"@type":"ReadAction","target":["https:\/\/bodribor.hu\/en\/grill-etlap\/"]}]},{"@type":"BreadcrumbList","@id":"https:\/\/bodribor.hu\/en\/grill-etlap\/#breadcrumb","itemListElement":[{"@type":"ListItem","position":1,"name":"Bodribor","item":"https:\/\/bodribor.hu\/en\/homepage-2\/"},{"@type":"ListItem","position":2,"name":"Grill menu"}]},{"@type":"WebSite","@id":"https:\/\/bodribor.hu\/#website","url":"https:\/\/bodribor.hu\/","name":"Bodri Pinc\u00e9szet, Szeksz\u00e1rd","description":"Szeksz\u00e1rd d\u00e9li hat\u00e1r\u00e1ban, a fest\u0151i sz\u00e9ps\u00e9g\u0171 Faluhely-d\u0171l\u0151ben tal\u00e1lhat\u00f3 a Bodri Birtok, melyet egy \u00f6n\u00e1ll\u00f3 kis vil\u00e1gnak tekinthet\u00fcnk.","potentialAction":[{"@type":"SearchAction","target":{"@type":"EntryPoint","urlTemplate":"https:\/\/bodribor.hu\/?s={search_term_string}"},"query-input":{"@type":"PropertyValueSpecification","valueRequired":true,"valueName":"search_term_string"}}],"inLanguage":"en-US"}]}},"_links":{"self":[{"href":"https:\/\/bodribor.hu\/en\/wp-json\/wp\/v2\/pages\/92827","targetHints":{"allow":["GET"]}}],"collection":[{"href":"https:\/\/bodribor.hu\/en\/wp-json\/wp\/v2\/pages"}],"about":[{"href":"https:\/\/bodribor.hu\/en\/wp-json\/wp\/v2\/types\/page"}],"author":[{"embeddable":true,"href":"https:\/\/bodribor.hu\/en\/wp-json\/wp\/v2\/users\/2"}],"replies":[{"embeddable":true,"href":"https:\/\/bodribor.hu\/en\/wp-json\/wp\/v2\/comments?post=92827"}],"version-history":[{"count":0,"href":"https:\/\/bodribor.hu\/en\/wp-json\/wp\/v2\/pages\/92827\/revisions"}],"wp:attachment":[{"href":"https:\/\/bodribor.hu\/en\/wp-json\/wp\/v2\/media?parent=92827"}],"curies":[{"name":"wp","href":"https:\/\/api.w.org\/{rel}","templated":true}]}}