{"id":2221,"date":"2018-05-16T23:08:34","date_gmt":"2018-05-16T23:08:34","guid":{"rendered":"https:\/\/bodribor.hu\/termek\/szekszardi-cabernet-sauvignon-valogatas-faluhely\/"},"modified":"2019-02-20T11:48:48","modified_gmt":"2019-02-20T11:48:48","slug":"szekszardi-cabernet-sauvignon-valogatas-faluhely","status":"publish","type":"product","link":"https:\/\/bodribor.hu\/en\/termek\/szekszardi-cabernet-sauvignon-valogatas-faluhely\/","title":{"rendered":"Szeksz\u00e1rdi Cabernet Sauvignon V\u00e1logat\u00e1s \u201eFaluhely\u201d"},"content":{"rendered":"","protected":false},"excerpt":{"rendered":"<p>A Faluhely-d\u0171l\u0151ben termett, v\u00e1logatott, kit\u0171n\u0151 min\u0151s\u00e9g\u0171 Cabernet Sauvignon. Karakteres megjelen\u00e9s\u0171, intenz\u00edv illatvil\u00e1g\u00fa bor, illat\u00e1ban erdei gy\u00fcm\u00f6lcs \u00e9s szilva domin\u00e1l, kr\u00e9mes fakt\u00far\u00e1j\u00fa, a hossz\u00fa ut\u00f3\u00edzben a paprik\u00e1s jegyeken t\u00fal az \u00e9rett gy\u00fcm\u00f6lcs\u00f6k illat- \u00e9s \u00edzjegyeit \u00e9rezni.\u00a0 Steak, b\u00e1r\u00e1ny camembert \u00e9s vad\u00e9telek kit\u0171n\u0151 t\u00e1rsa 16-19 \u00b0C fokon.<\/p>\n","protected":false},"featured_media":3024,"template":"","meta":{"_acf_changed":false},"product_brand":[],"product_cat":[88,66],"product_tag":[],"class_list":{"0":"post-2221","1":"product","2":"type-product","3":"status-publish","4":"has-post-thumbnail","6":"product_cat-valogatas-en","7":"product_cat-voros-borok-en","9":"first","10":"instock","11":"shipping-taxable","12":"purchasable","13":"product-type-simple"},"acf":[],"yoast_head":"<!-- This site is optimized with the Yoast SEO Premium plugin v26.7 (Yoast SEO v27.0) - https:\/\/yoast.com\/product\/yoast-seo-premium-wordpress\/ -->\n<title>Szeksz\u00e1rdi Cabernet Sauvignon V\u00e1logat\u00e1s \u201eFaluhely\u201d - Bodri Pinc\u00e9szet, Szeksz\u00e1rd<\/title>\n<meta name=\"robots\" content=\"index, follow, max-snippet:-1, max-image-preview:large, max-video-preview:-1\" \/>\n<link rel=\"canonical\" href=\"https:\/\/bodribor.hu\/en\/termek\/szekszardi-cabernet-sauvignon-valogatas-faluhely\/\" \/>\n<meta property=\"og:locale\" content=\"en_US\" \/>\n<meta property=\"og:type\" content=\"article\" \/>\n<meta property=\"og:title\" content=\"Szeksz\u00e1rdi Cabernet Sauvignon V\u00e1logat\u00e1s \u201eFaluhely\u201d\" \/>\n<meta property=\"og:description\" content=\"A Faluhely-d\u0171l\u0151ben termett, v\u00e1logatott, kit\u0171n\u0151 min\u0151s\u00e9g\u0171 Cabernet Sauvignon. Karakteres megjelen\u00e9s\u0171, intenz\u00edv illatvil\u00e1g\u00fa bor, illat\u00e1ban erdei gy\u00fcm\u00f6lcs \u00e9s szilva domin\u00e1l, kr\u00e9mes fakt\u00far\u00e1j\u00fa, a hossz\u00fa ut\u00f3\u00edzben a paprik\u00e1s jegyeken t\u00fal az \u00e9rett gy\u00fcm\u00f6lcs\u00f6k illat- \u00e9s \u00edzjegyeit \u00e9rezni.\u00a0 Steak, b\u00e1r\u00e1ny camembert \u00e9s vad\u00e9telek kit\u0171n\u0151 t\u00e1rsa 16-19 \u00b0C fokon.\" \/>\n<meta property=\"og:url\" content=\"https:\/\/bodribor.hu\/en\/termek\/szekszardi-cabernet-sauvignon-valogatas-faluhely\/\" \/>\n<meta property=\"og:site_name\" content=\"Bodri Pinc\u00e9szet, Szeksz\u00e1rd\" \/>\n<meta property=\"article:modified_time\" content=\"2019-02-20T11:48:48+00:00\" \/>\n<meta property=\"og:image\" content=\"https:\/\/bodribor.hu\/wp-content\/uploads\/2018\/12\/Szeksz\u00e1rdi-Cabernet-Sauvignon-V\u00e1logat\u00e1s-22Faluhely22.jpg\" \/>\n\t<meta property=\"og:image:width\" content=\"720\" \/>\n\t<meta property=\"og:image:height\" content=\"1184\" \/>\n\t<meta property=\"og:image:type\" content=\"image\/jpeg\" \/>\n<meta name=\"twitter:card\" content=\"summary_large_image\" \/>\n<script type=\"application\/ld+json\" class=\"yoast-schema-graph\">{\"@context\":\"https:\/\/schema.org\",\"@graph\":[{\"@type\":\"WebPage\",\"@id\":\"https:\/\/bodribor.hu\/en\/termek\/szekszardi-cabernet-sauvignon-valogatas-faluhely\/\",\"url\":\"https:\/\/bodribor.hu\/en\/termek\/szekszardi-cabernet-sauvignon-valogatas-faluhely\/\",\"name\":\"Szeksz\u00e1rdi Cabernet Sauvignon V\u00e1logat\u00e1s \u201eFaluhely\u201d - Bodri Pinc\u00e9szet, Szeksz\u00e1rd\",\"isPartOf\":{\"@id\":\"https:\/\/bodribor.hu\/#website\"},\"primaryImageOfPage\":{\"@id\":\"https:\/\/bodribor.hu\/en\/termek\/szekszardi-cabernet-sauvignon-valogatas-faluhely\/#primaryimage\"},\"image\":{\"@id\":\"https:\/\/bodribor.hu\/en\/termek\/szekszardi-cabernet-sauvignon-valogatas-faluhely\/#primaryimage\"},\"thumbnailUrl\":\"https:\/\/bodribor.hu\/wp-content\/uploads\/2018\/12\/Szeksz\u00e1rdi-Cabernet-Sauvignon-V\u00e1logat\u00e1s-22Faluhely22.jpg\",\"datePublished\":\"2018-05-16T23:08:34+00:00\",\"dateModified\":\"2019-02-20T11:48:48+00:00\",\"breadcrumb\":{\"@id\":\"https:\/\/bodribor.hu\/en\/termek\/szekszardi-cabernet-sauvignon-valogatas-faluhely\/#breadcrumb\"},\"inLanguage\":\"en-US\",\"potentialAction\":[{\"@type\":\"ReadAction\",\"target\":[\"https:\/\/bodribor.hu\/en\/termek\/szekszardi-cabernet-sauvignon-valogatas-faluhely\/\"]}]},{\"@type\":\"ImageObject\",\"inLanguage\":\"en-US\",\"@id\":\"https:\/\/bodribor.hu\/en\/termek\/szekszardi-cabernet-sauvignon-valogatas-faluhely\/#primaryimage\",\"url\":\"https:\/\/bodribor.hu\/wp-content\/uploads\/2018\/12\/Szeksz\u00e1rdi-Cabernet-Sauvignon-V\u00e1logat\u00e1s-22Faluhely22.jpg\",\"contentUrl\":\"https:\/\/bodribor.hu\/wp-content\/uploads\/2018\/12\/Szeksz\u00e1rdi-Cabernet-Sauvignon-V\u00e1logat\u00e1s-22Faluhely22.jpg\",\"width\":720,\"height\":1184},{\"@type\":\"BreadcrumbList\",\"@id\":\"https:\/\/bodribor.hu\/en\/termek\/szekszardi-cabernet-sauvignon-valogatas-faluhely\/#breadcrumb\",\"itemListElement\":[{\"@type\":\"ListItem\",\"position\":1,\"name\":\"Bodribor\",\"item\":\"https:\/\/bodribor.hu\/en\/homepage-2\/\"},{\"@type\":\"ListItem\",\"position\":2,\"name\":\"Webshop\",\"item\":\"https:\/\/bodribor.hu\/webshop\/\"},{\"@type\":\"ListItem\",\"position\":3,\"name\":\"Szeksz\u00e1rdi Cabernet Sauvignon V\u00e1logat\u00e1s \u201eFaluhely\u201d\"}]},{\"@type\":\"WebSite\",\"@id\":\"https:\/\/bodribor.hu\/#website\",\"url\":\"https:\/\/bodribor.hu\/\",\"name\":\"Bodri Pinc\u00e9szet, Szeksz\u00e1rd\",\"description\":\"Szeksz\u00e1rd d\u00e9li hat\u00e1r\u00e1ban, a fest\u0151i sz\u00e9ps\u00e9g\u0171 Faluhely-d\u0171l\u0151ben tal\u00e1lhat\u00f3 a Bodri Birtok, melyet egy \u00f6n\u00e1ll\u00f3 kis vil\u00e1gnak tekinthet\u00fcnk.\",\"potentialAction\":[{\"@type\":\"SearchAction\",\"target\":{\"@type\":\"EntryPoint\",\"urlTemplate\":\"https:\/\/bodribor.hu\/?s={search_term_string}\"},\"query-input\":{\"@type\":\"PropertyValueSpecification\",\"valueRequired\":true,\"valueName\":\"search_term_string\"}}],\"inLanguage\":\"en-US\"}]}<\/script>\n<!-- \/ Yoast SEO Premium plugin. -->","yoast_head_json":{"title":"Szeksz\u00e1rdi Cabernet Sauvignon V\u00e1logat\u00e1s \u201eFaluhely\u201d - Bodri Pinc\u00e9szet, Szeksz\u00e1rd","robots":{"index":"index","follow":"follow","max-snippet":"max-snippet:-1","max-image-preview":"max-image-preview:large","max-video-preview":"max-video-preview:-1"},"canonical":"https:\/\/bodribor.hu\/en\/termek\/szekszardi-cabernet-sauvignon-valogatas-faluhely\/","og_locale":"en_US","og_type":"article","og_title":"Szeksz\u00e1rdi Cabernet Sauvignon V\u00e1logat\u00e1s \u201eFaluhely\u201d","og_description":"A Faluhely-d\u0171l\u0151ben termett, v\u00e1logatott, kit\u0171n\u0151 min\u0151s\u00e9g\u0171 Cabernet Sauvignon. Karakteres megjelen\u00e9s\u0171, intenz\u00edv illatvil\u00e1g\u00fa bor, illat\u00e1ban erdei gy\u00fcm\u00f6lcs \u00e9s szilva domin\u00e1l, kr\u00e9mes fakt\u00far\u00e1j\u00fa, a hossz\u00fa ut\u00f3\u00edzben a paprik\u00e1s jegyeken t\u00fal az \u00e9rett gy\u00fcm\u00f6lcs\u00f6k illat- \u00e9s \u00edzjegyeit \u00e9rezni.\u00a0 Steak, b\u00e1r\u00e1ny camembert \u00e9s vad\u00e9telek kit\u0171n\u0151 t\u00e1rsa 16-19 \u00b0C fokon.","og_url":"https:\/\/bodribor.hu\/en\/termek\/szekszardi-cabernet-sauvignon-valogatas-faluhely\/","og_site_name":"Bodri Pinc\u00e9szet, Szeksz\u00e1rd","article_modified_time":"2019-02-20T11:48:48+00:00","og_image":[{"width":720,"height":1184,"url":"https:\/\/bodribor.hu\/wp-content\/uploads\/2018\/12\/Szeksz\u00e1rdi-Cabernet-Sauvignon-V\u00e1logat\u00e1s-22Faluhely22.jpg","type":"image\/jpeg"}],"twitter_card":"summary_large_image","schema":{"@context":"https:\/\/schema.org","@graph":[{"@type":"WebPage","@id":"https:\/\/bodribor.hu\/en\/termek\/szekszardi-cabernet-sauvignon-valogatas-faluhely\/","url":"https:\/\/bodribor.hu\/en\/termek\/szekszardi-cabernet-sauvignon-valogatas-faluhely\/","name":"Szeksz\u00e1rdi Cabernet Sauvignon V\u00e1logat\u00e1s \u201eFaluhely\u201d - Bodri Pinc\u00e9szet, Szeksz\u00e1rd","isPartOf":{"@id":"https:\/\/bodribor.hu\/#website"},"primaryImageOfPage":{"@id":"https:\/\/bodribor.hu\/en\/termek\/szekszardi-cabernet-sauvignon-valogatas-faluhely\/#primaryimage"},"image":{"@id":"https:\/\/bodribor.hu\/en\/termek\/szekszardi-cabernet-sauvignon-valogatas-faluhely\/#primaryimage"},"thumbnailUrl":"https:\/\/bodribor.hu\/wp-content\/uploads\/2018\/12\/Szeksz\u00e1rdi-Cabernet-Sauvignon-V\u00e1logat\u00e1s-22Faluhely22.jpg","datePublished":"2018-05-16T23:08:34+00:00","dateModified":"2019-02-20T11:48:48+00:00","breadcrumb":{"@id":"https:\/\/bodribor.hu\/en\/termek\/szekszardi-cabernet-sauvignon-valogatas-faluhely\/#breadcrumb"},"inLanguage":"en-US","potentialAction":[{"@type":"ReadAction","target":["https:\/\/bodribor.hu\/en\/termek\/szekszardi-cabernet-sauvignon-valogatas-faluhely\/"]}]},{"@type":"ImageObject","inLanguage":"en-US","@id":"https:\/\/bodribor.hu\/en\/termek\/szekszardi-cabernet-sauvignon-valogatas-faluhely\/#primaryimage","url":"https:\/\/bodribor.hu\/wp-content\/uploads\/2018\/12\/Szeksz\u00e1rdi-Cabernet-Sauvignon-V\u00e1logat\u00e1s-22Faluhely22.jpg","contentUrl":"https:\/\/bodribor.hu\/wp-content\/uploads\/2018\/12\/Szeksz\u00e1rdi-Cabernet-Sauvignon-V\u00e1logat\u00e1s-22Faluhely22.jpg","width":720,"height":1184},{"@type":"BreadcrumbList","@id":"https:\/\/bodribor.hu\/en\/termek\/szekszardi-cabernet-sauvignon-valogatas-faluhely\/#breadcrumb","itemListElement":[{"@type":"ListItem","position":1,"name":"Bodribor","item":"https:\/\/bodribor.hu\/en\/homepage-2\/"},{"@type":"ListItem","position":2,"name":"Webshop","item":"https:\/\/bodribor.hu\/webshop\/"},{"@type":"ListItem","position":3,"name":"Szeksz\u00e1rdi Cabernet Sauvignon V\u00e1logat\u00e1s \u201eFaluhely\u201d"}]},{"@type":"WebSite","@id":"https:\/\/bodribor.hu\/#website","url":"https:\/\/bodribor.hu\/","name":"Bodri Pinc\u00e9szet, Szeksz\u00e1rd","description":"Szeksz\u00e1rd d\u00e9li hat\u00e1r\u00e1ban, a fest\u0151i sz\u00e9ps\u00e9g\u0171 Faluhely-d\u0171l\u0151ben tal\u00e1lhat\u00f3 a Bodri Birtok, melyet egy \u00f6n\u00e1ll\u00f3 kis vil\u00e1gnak tekinthet\u00fcnk.","potentialAction":[{"@type":"SearchAction","target":{"@type":"EntryPoint","urlTemplate":"https:\/\/bodribor.hu\/?s={search_term_string}"},"query-input":{"@type":"PropertyValueSpecification","valueRequired":true,"valueName":"search_term_string"}}],"inLanguage":"en-US"}]}},"_links":{"self":[{"href":"https:\/\/bodribor.hu\/en\/wp-json\/wp\/v2\/product\/2221","targetHints":{"allow":["GET"]}}],"collection":[{"href":"https:\/\/bodribor.hu\/en\/wp-json\/wp\/v2\/product"}],"about":[{"href":"https:\/\/bodribor.hu\/en\/wp-json\/wp\/v2\/types\/product"}],"wp:featuredmedia":[{"embeddable":true,"href":"https:\/\/bodribor.hu\/en\/wp-json\/wp\/v2\/media\/3024"}],"wp:attachment":[{"href":"https:\/\/bodribor.hu\/en\/wp-json\/wp\/v2\/media?parent=2221"}],"wp:term":[{"taxonomy":"product_brand","embeddable":true,"href":"https:\/\/bodribor.hu\/en\/wp-json\/wp\/v2\/product_brand?post=2221"},{"taxonomy":"product_cat","embeddable":true,"href":"https:\/\/bodribor.hu\/en\/wp-json\/wp\/v2\/product_cat?post=2221"},{"taxonomy":"product_tag","embeddable":true,"href":"https:\/\/bodribor.hu\/en\/wp-json\/wp\/v2\/product_tag?post=2221"}],"curies":[{"name":"wp","href":"https:\/\/api.w.org\/{rel}","templated":true}]}}