{"id":2233,"date":"2018-05-16T22:07:30","date_gmt":"2018-05-16T22:07:30","guid":{"rendered":"https:\/\/bodribor.hu\/termek\/szekszardi-merlot-valogatas-gurovica\/"},"modified":"2019-02-20T11:49:06","modified_gmt":"2019-02-20T11:49:06","slug":"szekszardi-merlot-valogatas-gurovica","status":"publish","type":"product","link":"https:\/\/bodribor.hu\/en\/termek\/szekszardi-merlot-valogatas-gurovica\/","title":{"rendered":"Merlot V\u00e1logat\u00e1s \u201eGurovica\u201d"},"content":{"rendered":"","protected":false},"excerpt":{"rendered":"<p>A bor sz\u00edne nagyon m\u00e9ly, illata eleg\u00e1ns, vibr\u00e1l\u00f3an gy\u00fcm\u00f6lcs\u00f6s, legink\u00e1bb fekete ribizlire, csereszny\u00e9re \u00e9s szilv\u00e1ra eml\u00e9keztet. K\u00f3stolva enyhe f\u0171szeress\u00e9g, nagyon sok gy\u00fcm\u00f6lcs, valamint \u00e9dess\u00e9g \u00e1ramlik a sz\u00e1jba. Az \u00f6sszetett \u00edzk\u00e9phez, a kiv\u00e1l\u00f3 strukt\u00far\u00e1hoz a cs\u00facsmin\u0151s\u00e9g\u0171 \u00faj francia hord\u00f3k is hozz\u00e1j\u00e1rulnak. Fogyaszt\u00e1s\u00e1t 16-18 \u00b0C fokon aj\u00e1nljuk nagy \u00e9tkek \u00e9s nagy esem\u00e9nyek k\u00eds\u00e9r\u0151jek\u00e9nt.<\/p>\n","protected":false},"featured_media":3044,"template":"","meta":{"_acf_changed":false},"product_brand":[],"product_cat":[92,66],"product_tag":[],"class_list":{"0":"post-2233","1":"product","2":"type-product","3":"status-publish","4":"has-post-thumbnail","6":"product_cat-csucsborok-en","7":"product_cat-voros-borok-en","9":"first","10":"instock","11":"shipping-taxable","12":"purchasable","13":"product-type-simple"},"acf":[],"yoast_head":"<!-- This site is optimized with the Yoast SEO Premium plugin v26.7 (Yoast SEO v27.0) - https:\/\/yoast.com\/product\/yoast-seo-premium-wordpress\/ -->\n<title>Merlot V\u00e1logat\u00e1s \u201eGurovica\u201d - Bodri Pinc\u00e9szet, Szeksz\u00e1rd<\/title>\n<meta name=\"robots\" content=\"index, follow, max-snippet:-1, max-image-preview:large, max-video-preview:-1\" \/>\n<link rel=\"canonical\" href=\"https:\/\/bodribor.hu\/en\/termek\/szekszardi-merlot-valogatas-gurovica\/\" \/>\n<meta property=\"og:locale\" content=\"en_US\" \/>\n<meta property=\"og:type\" content=\"article\" \/>\n<meta property=\"og:title\" content=\"Merlot V\u00e1logat\u00e1s \u201eGurovica\u201d\" \/>\n<meta property=\"og:description\" content=\"A bor sz\u00edne nagyon m\u00e9ly, illata eleg\u00e1ns, vibr\u00e1l\u00f3an gy\u00fcm\u00f6lcs\u00f6s, legink\u00e1bb fekete ribizlire, csereszny\u00e9re \u00e9s szilv\u00e1ra eml\u00e9keztet. K\u00f3stolva enyhe f\u0171szeress\u00e9g, nagyon sok gy\u00fcm\u00f6lcs, valamint \u00e9dess\u00e9g \u00e1ramlik a sz\u00e1jba. Az \u00f6sszetett \u00edzk\u00e9phez, a kiv\u00e1l\u00f3 strukt\u00far\u00e1hoz a cs\u00facsmin\u0151s\u00e9g\u0171 \u00faj francia hord\u00f3k is hozz\u00e1j\u00e1rulnak. Fogyaszt\u00e1s\u00e1t 16-18 \u00b0C fokon aj\u00e1nljuk nagy \u00e9tkek \u00e9s nagy esem\u00e9nyek k\u00eds\u00e9r\u0151jek\u00e9nt.\" \/>\n<meta property=\"og:url\" content=\"https:\/\/bodribor.hu\/en\/termek\/szekszardi-merlot-valogatas-gurovica\/\" \/>\n<meta property=\"og:site_name\" content=\"Bodri Pinc\u00e9szet, Szeksz\u00e1rd\" \/>\n<meta property=\"article:modified_time\" content=\"2019-02-20T11:49:06+00:00\" \/>\n<meta property=\"og:image\" content=\"https:\/\/bodribor.hu\/wp-content\/uploads\/2018\/12\/Merlot-V\u00e1logat\u00e1s-22Gurovica22.jpg\" \/>\n\t<meta property=\"og:image:width\" content=\"720\" \/>\n\t<meta property=\"og:image:height\" content=\"1184\" \/>\n\t<meta property=\"og:image:type\" content=\"image\/jpeg\" \/>\n<meta name=\"twitter:card\" content=\"summary_large_image\" \/>\n<script type=\"application\/ld+json\" class=\"yoast-schema-graph\">{\"@context\":\"https:\/\/schema.org\",\"@graph\":[{\"@type\":\"WebPage\",\"@id\":\"https:\/\/bodribor.hu\/en\/termek\/szekszardi-merlot-valogatas-gurovica\/\",\"url\":\"https:\/\/bodribor.hu\/en\/termek\/szekszardi-merlot-valogatas-gurovica\/\",\"name\":\"Merlot V\u00e1logat\u00e1s \u201eGurovica\u201d - Bodri Pinc\u00e9szet, Szeksz\u00e1rd\",\"isPartOf\":{\"@id\":\"https:\/\/bodribor.hu\/#website\"},\"primaryImageOfPage\":{\"@id\":\"https:\/\/bodribor.hu\/en\/termek\/szekszardi-merlot-valogatas-gurovica\/#primaryimage\"},\"image\":{\"@id\":\"https:\/\/bodribor.hu\/en\/termek\/szekszardi-merlot-valogatas-gurovica\/#primaryimage\"},\"thumbnailUrl\":\"https:\/\/bodribor.hu\/wp-content\/uploads\/2018\/12\/Merlot-V\u00e1logat\u00e1s-22Gurovica22.jpg\",\"datePublished\":\"2018-05-16T22:07:30+00:00\",\"dateModified\":\"2019-02-20T11:49:06+00:00\",\"breadcrumb\":{\"@id\":\"https:\/\/bodribor.hu\/en\/termek\/szekszardi-merlot-valogatas-gurovica\/#breadcrumb\"},\"inLanguage\":\"en-US\",\"potentialAction\":[{\"@type\":\"ReadAction\",\"target\":[\"https:\/\/bodribor.hu\/en\/termek\/szekszardi-merlot-valogatas-gurovica\/\"]}]},{\"@type\":\"ImageObject\",\"inLanguage\":\"en-US\",\"@id\":\"https:\/\/bodribor.hu\/en\/termek\/szekszardi-merlot-valogatas-gurovica\/#primaryimage\",\"url\":\"https:\/\/bodribor.hu\/wp-content\/uploads\/2018\/12\/Merlot-V\u00e1logat\u00e1s-22Gurovica22.jpg\",\"contentUrl\":\"https:\/\/bodribor.hu\/wp-content\/uploads\/2018\/12\/Merlot-V\u00e1logat\u00e1s-22Gurovica22.jpg\",\"width\":720,\"height\":1184},{\"@type\":\"BreadcrumbList\",\"@id\":\"https:\/\/bodribor.hu\/en\/termek\/szekszardi-merlot-valogatas-gurovica\/#breadcrumb\",\"itemListElement\":[{\"@type\":\"ListItem\",\"position\":1,\"name\":\"Bodribor\",\"item\":\"https:\/\/bodribor.hu\/en\/homepage-2\/\"},{\"@type\":\"ListItem\",\"position\":2,\"name\":\"Webshop\",\"item\":\"https:\/\/bodribor.hu\/webshop\/\"},{\"@type\":\"ListItem\",\"position\":3,\"name\":\"Merlot V\u00e1logat\u00e1s \u201eGurovica\u201d\"}]},{\"@type\":\"WebSite\",\"@id\":\"https:\/\/bodribor.hu\/#website\",\"url\":\"https:\/\/bodribor.hu\/\",\"name\":\"Bodri Pinc\u00e9szet, Szeksz\u00e1rd\",\"description\":\"Szeksz\u00e1rd d\u00e9li hat\u00e1r\u00e1ban, a fest\u0151i sz\u00e9ps\u00e9g\u0171 Faluhely-d\u0171l\u0151ben tal\u00e1lhat\u00f3 a Bodri Birtok, melyet egy \u00f6n\u00e1ll\u00f3 kis vil\u00e1gnak tekinthet\u00fcnk.\",\"potentialAction\":[{\"@type\":\"SearchAction\",\"target\":{\"@type\":\"EntryPoint\",\"urlTemplate\":\"https:\/\/bodribor.hu\/?s={search_term_string}\"},\"query-input\":{\"@type\":\"PropertyValueSpecification\",\"valueRequired\":true,\"valueName\":\"search_term_string\"}}],\"inLanguage\":\"en-US\"}]}<\/script>\n<!-- \/ Yoast SEO Premium plugin. -->","yoast_head_json":{"title":"Merlot V\u00e1logat\u00e1s \u201eGurovica\u201d - Bodri Pinc\u00e9szet, Szeksz\u00e1rd","robots":{"index":"index","follow":"follow","max-snippet":"max-snippet:-1","max-image-preview":"max-image-preview:large","max-video-preview":"max-video-preview:-1"},"canonical":"https:\/\/bodribor.hu\/en\/termek\/szekszardi-merlot-valogatas-gurovica\/","og_locale":"en_US","og_type":"article","og_title":"Merlot V\u00e1logat\u00e1s \u201eGurovica\u201d","og_description":"A bor sz\u00edne nagyon m\u00e9ly, illata eleg\u00e1ns, vibr\u00e1l\u00f3an gy\u00fcm\u00f6lcs\u00f6s, legink\u00e1bb fekete ribizlire, csereszny\u00e9re \u00e9s szilv\u00e1ra eml\u00e9keztet. K\u00f3stolva enyhe f\u0171szeress\u00e9g, nagyon sok gy\u00fcm\u00f6lcs, valamint \u00e9dess\u00e9g \u00e1ramlik a sz\u00e1jba. Az \u00f6sszetett \u00edzk\u00e9phez, a kiv\u00e1l\u00f3 strukt\u00far\u00e1hoz a cs\u00facsmin\u0151s\u00e9g\u0171 \u00faj francia hord\u00f3k is hozz\u00e1j\u00e1rulnak. Fogyaszt\u00e1s\u00e1t 16-18 \u00b0C fokon aj\u00e1nljuk nagy \u00e9tkek \u00e9s nagy esem\u00e9nyek k\u00eds\u00e9r\u0151jek\u00e9nt.","og_url":"https:\/\/bodribor.hu\/en\/termek\/szekszardi-merlot-valogatas-gurovica\/","og_site_name":"Bodri Pinc\u00e9szet, Szeksz\u00e1rd","article_modified_time":"2019-02-20T11:49:06+00:00","og_image":[{"width":720,"height":1184,"url":"https:\/\/bodribor.hu\/wp-content\/uploads\/2018\/12\/Merlot-V\u00e1logat\u00e1s-22Gurovica22.jpg","type":"image\/jpeg"}],"twitter_card":"summary_large_image","schema":{"@context":"https:\/\/schema.org","@graph":[{"@type":"WebPage","@id":"https:\/\/bodribor.hu\/en\/termek\/szekszardi-merlot-valogatas-gurovica\/","url":"https:\/\/bodribor.hu\/en\/termek\/szekszardi-merlot-valogatas-gurovica\/","name":"Merlot V\u00e1logat\u00e1s \u201eGurovica\u201d - Bodri Pinc\u00e9szet, Szeksz\u00e1rd","isPartOf":{"@id":"https:\/\/bodribor.hu\/#website"},"primaryImageOfPage":{"@id":"https:\/\/bodribor.hu\/en\/termek\/szekszardi-merlot-valogatas-gurovica\/#primaryimage"},"image":{"@id":"https:\/\/bodribor.hu\/en\/termek\/szekszardi-merlot-valogatas-gurovica\/#primaryimage"},"thumbnailUrl":"https:\/\/bodribor.hu\/wp-content\/uploads\/2018\/12\/Merlot-V\u00e1logat\u00e1s-22Gurovica22.jpg","datePublished":"2018-05-16T22:07:30+00:00","dateModified":"2019-02-20T11:49:06+00:00","breadcrumb":{"@id":"https:\/\/bodribor.hu\/en\/termek\/szekszardi-merlot-valogatas-gurovica\/#breadcrumb"},"inLanguage":"en-US","potentialAction":[{"@type":"ReadAction","target":["https:\/\/bodribor.hu\/en\/termek\/szekszardi-merlot-valogatas-gurovica\/"]}]},{"@type":"ImageObject","inLanguage":"en-US","@id":"https:\/\/bodribor.hu\/en\/termek\/szekszardi-merlot-valogatas-gurovica\/#primaryimage","url":"https:\/\/bodribor.hu\/wp-content\/uploads\/2018\/12\/Merlot-V\u00e1logat\u00e1s-22Gurovica22.jpg","contentUrl":"https:\/\/bodribor.hu\/wp-content\/uploads\/2018\/12\/Merlot-V\u00e1logat\u00e1s-22Gurovica22.jpg","width":720,"height":1184},{"@type":"BreadcrumbList","@id":"https:\/\/bodribor.hu\/en\/termek\/szekszardi-merlot-valogatas-gurovica\/#breadcrumb","itemListElement":[{"@type":"ListItem","position":1,"name":"Bodribor","item":"https:\/\/bodribor.hu\/en\/homepage-2\/"},{"@type":"ListItem","position":2,"name":"Webshop","item":"https:\/\/bodribor.hu\/webshop\/"},{"@type":"ListItem","position":3,"name":"Merlot V\u00e1logat\u00e1s \u201eGurovica\u201d"}]},{"@type":"WebSite","@id":"https:\/\/bodribor.hu\/#website","url":"https:\/\/bodribor.hu\/","name":"Bodri Pinc\u00e9szet, Szeksz\u00e1rd","description":"Szeksz\u00e1rd d\u00e9li hat\u00e1r\u00e1ban, a fest\u0151i sz\u00e9ps\u00e9g\u0171 Faluhely-d\u0171l\u0151ben tal\u00e1lhat\u00f3 a Bodri Birtok, melyet egy \u00f6n\u00e1ll\u00f3 kis vil\u00e1gnak tekinthet\u00fcnk.","potentialAction":[{"@type":"SearchAction","target":{"@type":"EntryPoint","urlTemplate":"https:\/\/bodribor.hu\/?s={search_term_string}"},"query-input":{"@type":"PropertyValueSpecification","valueRequired":true,"valueName":"search_term_string"}}],"inLanguage":"en-US"}]}},"_links":{"self":[{"href":"https:\/\/bodribor.hu\/en\/wp-json\/wp\/v2\/product\/2233","targetHints":{"allow":["GET"]}}],"collection":[{"href":"https:\/\/bodribor.hu\/en\/wp-json\/wp\/v2\/product"}],"about":[{"href":"https:\/\/bodribor.hu\/en\/wp-json\/wp\/v2\/types\/product"}],"wp:featuredmedia":[{"embeddable":true,"href":"https:\/\/bodribor.hu\/en\/wp-json\/wp\/v2\/media\/3044"}],"wp:attachment":[{"href":"https:\/\/bodribor.hu\/en\/wp-json\/wp\/v2\/media?parent=2233"}],"wp:term":[{"taxonomy":"product_brand","embeddable":true,"href":"https:\/\/bodribor.hu\/en\/wp-json\/wp\/v2\/product_brand?post=2233"},{"taxonomy":"product_cat","embeddable":true,"href":"https:\/\/bodribor.hu\/en\/wp-json\/wp\/v2\/product_cat?post=2233"},{"taxonomy":"product_tag","embeddable":true,"href":"https:\/\/bodribor.hu\/en\/wp-json\/wp\/v2\/product_tag?post=2233"}],"curies":[{"name":"wp","href":"https:\/\/api.w.org\/{rel}","templated":true}]}}