{"id":2309,"date":"2018-05-16T21:05:46","date_gmt":"2018-05-16T21:05:46","guid":{"rendered":"https:\/\/bodribor.hu\/termek\/szekszardi-kadarka-feher-kati\/"},"modified":"2025-05-13T15:11:14","modified_gmt":"2025-05-13T13:11:14","slug":"szekszardi-kadarka-feher-kati","status":"publish","type":"product","link":"https:\/\/bodribor.hu\/en\/termek\/szekszardi-kadarka-feher-kati\/","title":{"rendered":"Szeksz\u00e1rdi Kadarka Feh\u00e9r \u201eKati\u201d (2023)"},"content":{"rendered":"","protected":false},"excerpt":{"rendered":"<p>K\u00e9ksz\u0151l\u0151b\u0151l k\u00e9sz\u00fclt feh\u00e9rbor speci\u00e1lis technol\u00f3gi\u00e1val. A bor illat\u00e1ban \u00e9s \u00edz\u00e9ben keverednek a feh\u00e9rborra utal\u00f3 \u00e9l\u00e9nk gy\u00fcm\u00f6lcs jegyek, valamint k\u00f3stolva felfedezhet\u0151 a kadarka f\u0171szeress\u00e9ge \u00e9s egy kis j\u00e1t\u00e9kos cseress\u00e9g is el\u0151bukkan. A bork\u00fcl\u00f6nlegess\u00e9gek kedvel\u0151inek aj\u00e1nljuk fogyaszt\u00e1s\u00e1t 8-10 \u00b0C fokon.<\/p>\n","protected":false},"featured_media":2954,"template":"","meta":{"_acf_changed":false},"product_brand":[],"product_cat":[97,97,80,80],"product_tag":[],"class_list":{"0":"post-2309","1":"product","2":"type-product","3":"status-publish","4":"has-post-thumbnail","6":"product_cat-feherborok-en-2","8":"product_cat-rozek-en","11":"first","12":"outofstock","13":"shipping-taxable","14":"purchasable","15":"product-type-simple"},"acf":[],"yoast_head":"<!-- This site is optimized with the Yoast SEO Premium plugin v26.7 (Yoast SEO v27.0) - https:\/\/yoast.com\/product\/yoast-seo-premium-wordpress\/ -->\n<title>Szeksz\u00e1rdi Kadarka Feh\u00e9r \u201eKati\u201d (2023) - Bodri Pinc\u00e9szet, Szeksz\u00e1rd<\/title>\n<meta name=\"robots\" content=\"index, follow, max-snippet:-1, max-image-preview:large, max-video-preview:-1\" \/>\n<link rel=\"canonical\" href=\"https:\/\/bodribor.hu\/en\/termek\/szekszardi-kadarka-feher-kati\/\" \/>\n<meta property=\"og:locale\" content=\"en_US\" \/>\n<meta property=\"og:type\" content=\"article\" \/>\n<meta property=\"og:title\" content=\"Szeksz\u00e1rdi Kadarka Feh\u00e9r \u201eKati\u201d (2023)\" \/>\n<meta property=\"og:description\" content=\"K\u00e9ksz\u0151l\u0151b\u0151l k\u00e9sz\u00fclt feh\u00e9rbor speci\u00e1lis technol\u00f3gi\u00e1val. A bor illat\u00e1ban \u00e9s \u00edz\u00e9ben keverednek a feh\u00e9rborra utal\u00f3 \u00e9l\u00e9nk gy\u00fcm\u00f6lcs jegyek, valamint k\u00f3stolva felfedezhet\u0151 a kadarka f\u0171szeress\u00e9ge \u00e9s egy kis j\u00e1t\u00e9kos cseress\u00e9g is el\u0151bukkan. A bork\u00fcl\u00f6nlegess\u00e9gek kedvel\u0151inek aj\u00e1nljuk fogyaszt\u00e1s\u00e1t 8-10 \u00b0C fokon.\" \/>\n<meta property=\"og:url\" content=\"https:\/\/bodribor.hu\/en\/termek\/szekszardi-kadarka-feher-kati\/\" \/>\n<meta property=\"og:site_name\" content=\"Bodri Pinc\u00e9szet, Szeksz\u00e1rd\" \/>\n<meta property=\"article:modified_time\" content=\"2025-05-13T13:11:14+00:00\" \/>\n<meta property=\"og:image\" content=\"https:\/\/bodribor.hu\/wp-content\/uploads\/2018\/12\/Szeksz\u00e1rdi-Kadarka-Feh\u00e9r-22Kati22.jpg\" \/>\n\t<meta property=\"og:image:width\" content=\"720\" \/>\n\t<meta property=\"og:image:height\" content=\"1184\" \/>\n\t<meta property=\"og:image:type\" content=\"image\/jpeg\" \/>\n<meta name=\"twitter:card\" content=\"summary_large_image\" \/>\n<meta name=\"twitter:label1\" content=\"Est. reading time\" \/>\n\t<meta name=\"twitter:data1\" content=\"1 minute\" \/>\n<script type=\"application\/ld+json\" class=\"yoast-schema-graph\">{\"@context\":\"https:\/\/schema.org\",\"@graph\":[{\"@type\":\"WebPage\",\"@id\":\"https:\/\/bodribor.hu\/en\/termek\/szekszardi-kadarka-feher-kati\/\",\"url\":\"https:\/\/bodribor.hu\/en\/termek\/szekszardi-kadarka-feher-kati\/\",\"name\":\"Szeksz\u00e1rdi Kadarka Feh\u00e9r \u201eKati\u201d (2023) - Bodri Pinc\u00e9szet, Szeksz\u00e1rd\",\"isPartOf\":{\"@id\":\"https:\/\/bodribor.hu\/#website\"},\"primaryImageOfPage\":{\"@id\":\"https:\/\/bodribor.hu\/en\/termek\/szekszardi-kadarka-feher-kati\/#primaryimage\"},\"image\":{\"@id\":\"https:\/\/bodribor.hu\/en\/termek\/szekszardi-kadarka-feher-kati\/#primaryimage\"},\"thumbnailUrl\":\"https:\/\/bodribor.hu\/wp-content\/uploads\/2018\/12\/Szeksz\u00e1rdi-Kadarka-Feh\u00e9r-22Kati22.jpg\",\"datePublished\":\"2018-05-16T21:05:46+00:00\",\"dateModified\":\"2025-05-13T13:11:14+00:00\",\"breadcrumb\":{\"@id\":\"https:\/\/bodribor.hu\/en\/termek\/szekszardi-kadarka-feher-kati\/#breadcrumb\"},\"inLanguage\":\"en-US\",\"potentialAction\":[{\"@type\":\"ReadAction\",\"target\":[\"https:\/\/bodribor.hu\/en\/termek\/szekszardi-kadarka-feher-kati\/\"]}]},{\"@type\":\"ImageObject\",\"inLanguage\":\"en-US\",\"@id\":\"https:\/\/bodribor.hu\/en\/termek\/szekszardi-kadarka-feher-kati\/#primaryimage\",\"url\":\"https:\/\/bodribor.hu\/wp-content\/uploads\/2018\/12\/Szeksz\u00e1rdi-Kadarka-Feh\u00e9r-22Kati22.jpg\",\"contentUrl\":\"https:\/\/bodribor.hu\/wp-content\/uploads\/2018\/12\/Szeksz\u00e1rdi-Kadarka-Feh\u00e9r-22Kati22.jpg\",\"width\":720,\"height\":1184},{\"@type\":\"BreadcrumbList\",\"@id\":\"https:\/\/bodribor.hu\/en\/termek\/szekszardi-kadarka-feher-kati\/#breadcrumb\",\"itemListElement\":[{\"@type\":\"ListItem\",\"position\":1,\"name\":\"Bodribor\",\"item\":\"https:\/\/bodribor.hu\/en\/homepage-2\/\"},{\"@type\":\"ListItem\",\"position\":2,\"name\":\"Webshop\",\"item\":\"https:\/\/bodribor.hu\/webshop\/\"},{\"@type\":\"ListItem\",\"position\":3,\"name\":\"Szeksz\u00e1rdi Kadarka Feh\u00e9r \u201eKati\u201d (2023)\"}]},{\"@type\":\"WebSite\",\"@id\":\"https:\/\/bodribor.hu\/#website\",\"url\":\"https:\/\/bodribor.hu\/\",\"name\":\"Bodri Pinc\u00e9szet, Szeksz\u00e1rd\",\"description\":\"Szeksz\u00e1rd d\u00e9li hat\u00e1r\u00e1ban, a fest\u0151i sz\u00e9ps\u00e9g\u0171 Faluhely-d\u0171l\u0151ben tal\u00e1lhat\u00f3 a Bodri Birtok, melyet egy \u00f6n\u00e1ll\u00f3 kis vil\u00e1gnak tekinthet\u00fcnk.\",\"potentialAction\":[{\"@type\":\"SearchAction\",\"target\":{\"@type\":\"EntryPoint\",\"urlTemplate\":\"https:\/\/bodribor.hu\/?s={search_term_string}\"},\"query-input\":{\"@type\":\"PropertyValueSpecification\",\"valueRequired\":true,\"valueName\":\"search_term_string\"}}],\"inLanguage\":\"en-US\"}]}<\/script>\n<!-- \/ Yoast SEO Premium plugin. -->","yoast_head_json":{"title":"Szeksz\u00e1rdi Kadarka Feh\u00e9r \u201eKati\u201d (2023) - Bodri Pinc\u00e9szet, Szeksz\u00e1rd","robots":{"index":"index","follow":"follow","max-snippet":"max-snippet:-1","max-image-preview":"max-image-preview:large","max-video-preview":"max-video-preview:-1"},"canonical":"https:\/\/bodribor.hu\/en\/termek\/szekszardi-kadarka-feher-kati\/","og_locale":"en_US","og_type":"article","og_title":"Szeksz\u00e1rdi Kadarka Feh\u00e9r \u201eKati\u201d (2023)","og_description":"K\u00e9ksz\u0151l\u0151b\u0151l k\u00e9sz\u00fclt feh\u00e9rbor speci\u00e1lis technol\u00f3gi\u00e1val. A bor illat\u00e1ban \u00e9s \u00edz\u00e9ben keverednek a feh\u00e9rborra utal\u00f3 \u00e9l\u00e9nk gy\u00fcm\u00f6lcs jegyek, valamint k\u00f3stolva felfedezhet\u0151 a kadarka f\u0171szeress\u00e9ge \u00e9s egy kis j\u00e1t\u00e9kos cseress\u00e9g is el\u0151bukkan. A bork\u00fcl\u00f6nlegess\u00e9gek kedvel\u0151inek aj\u00e1nljuk fogyaszt\u00e1s\u00e1t 8-10 \u00b0C fokon.","og_url":"https:\/\/bodribor.hu\/en\/termek\/szekszardi-kadarka-feher-kati\/","og_site_name":"Bodri Pinc\u00e9szet, Szeksz\u00e1rd","article_modified_time":"2025-05-13T13:11:14+00:00","og_image":[{"width":720,"height":1184,"url":"https:\/\/bodribor.hu\/wp-content\/uploads\/2018\/12\/Szeksz\u00e1rdi-Kadarka-Feh\u00e9r-22Kati22.jpg","type":"image\/jpeg"}],"twitter_card":"summary_large_image","twitter_misc":{"Est. reading time":"1 minute"},"schema":{"@context":"https:\/\/schema.org","@graph":[{"@type":"WebPage","@id":"https:\/\/bodribor.hu\/en\/termek\/szekszardi-kadarka-feher-kati\/","url":"https:\/\/bodribor.hu\/en\/termek\/szekszardi-kadarka-feher-kati\/","name":"Szeksz\u00e1rdi Kadarka Feh\u00e9r \u201eKati\u201d (2023) - Bodri Pinc\u00e9szet, Szeksz\u00e1rd","isPartOf":{"@id":"https:\/\/bodribor.hu\/#website"},"primaryImageOfPage":{"@id":"https:\/\/bodribor.hu\/en\/termek\/szekszardi-kadarka-feher-kati\/#primaryimage"},"image":{"@id":"https:\/\/bodribor.hu\/en\/termek\/szekszardi-kadarka-feher-kati\/#primaryimage"},"thumbnailUrl":"https:\/\/bodribor.hu\/wp-content\/uploads\/2018\/12\/Szeksz\u00e1rdi-Kadarka-Feh\u00e9r-22Kati22.jpg","datePublished":"2018-05-16T21:05:46+00:00","dateModified":"2025-05-13T13:11:14+00:00","breadcrumb":{"@id":"https:\/\/bodribor.hu\/en\/termek\/szekszardi-kadarka-feher-kati\/#breadcrumb"},"inLanguage":"en-US","potentialAction":[{"@type":"ReadAction","target":["https:\/\/bodribor.hu\/en\/termek\/szekszardi-kadarka-feher-kati\/"]}]},{"@type":"ImageObject","inLanguage":"en-US","@id":"https:\/\/bodribor.hu\/en\/termek\/szekszardi-kadarka-feher-kati\/#primaryimage","url":"https:\/\/bodribor.hu\/wp-content\/uploads\/2018\/12\/Szeksz\u00e1rdi-Kadarka-Feh\u00e9r-22Kati22.jpg","contentUrl":"https:\/\/bodribor.hu\/wp-content\/uploads\/2018\/12\/Szeksz\u00e1rdi-Kadarka-Feh\u00e9r-22Kati22.jpg","width":720,"height":1184},{"@type":"BreadcrumbList","@id":"https:\/\/bodribor.hu\/en\/termek\/szekszardi-kadarka-feher-kati\/#breadcrumb","itemListElement":[{"@type":"ListItem","position":1,"name":"Bodribor","item":"https:\/\/bodribor.hu\/en\/homepage-2\/"},{"@type":"ListItem","position":2,"name":"Webshop","item":"https:\/\/bodribor.hu\/webshop\/"},{"@type":"ListItem","position":3,"name":"Szeksz\u00e1rdi Kadarka Feh\u00e9r \u201eKati\u201d (2023)"}]},{"@type":"WebSite","@id":"https:\/\/bodribor.hu\/#website","url":"https:\/\/bodribor.hu\/","name":"Bodri Pinc\u00e9szet, Szeksz\u00e1rd","description":"Szeksz\u00e1rd d\u00e9li hat\u00e1r\u00e1ban, a fest\u0151i sz\u00e9ps\u00e9g\u0171 Faluhely-d\u0171l\u0151ben tal\u00e1lhat\u00f3 a Bodri Birtok, melyet egy \u00f6n\u00e1ll\u00f3 kis vil\u00e1gnak tekinthet\u00fcnk.","potentialAction":[{"@type":"SearchAction","target":{"@type":"EntryPoint","urlTemplate":"https:\/\/bodribor.hu\/?s={search_term_string}"},"query-input":{"@type":"PropertyValueSpecification","valueRequired":true,"valueName":"search_term_string"}}],"inLanguage":"en-US"}]}},"_links":{"self":[{"href":"https:\/\/bodribor.hu\/en\/wp-json\/wp\/v2\/product\/2309","targetHints":{"allow":["GET"]}}],"collection":[{"href":"https:\/\/bodribor.hu\/en\/wp-json\/wp\/v2\/product"}],"about":[{"href":"https:\/\/bodribor.hu\/en\/wp-json\/wp\/v2\/types\/product"}],"wp:featuredmedia":[{"embeddable":true,"href":"https:\/\/bodribor.hu\/en\/wp-json\/wp\/v2\/media\/2954"}],"wp:attachment":[{"href":"https:\/\/bodribor.hu\/en\/wp-json\/wp\/v2\/media?parent=2309"}],"wp:term":[{"taxonomy":"product_brand","embeddable":true,"href":"https:\/\/bodribor.hu\/en\/wp-json\/wp\/v2\/product_brand?post=2309"},{"taxonomy":"product_cat","embeddable":true,"href":"https:\/\/bodribor.hu\/en\/wp-json\/wp\/v2\/product_cat?post=2309"},{"taxonomy":"product_tag","embeddable":true,"href":"https:\/\/bodribor.hu\/en\/wp-json\/wp\/v2\/product_tag?post=2309"}],"curies":[{"name":"wp","href":"https:\/\/api.w.org\/{rel}","templated":true}]}}